{"id":200214,"date":"2025-03-22T17:54:11","date_gmt":"2025-03-22T16:54:11","guid":{"rendered":"https:\/\/www.voustensports.com\/c-p-company-typographic-logo-t-shirt-blanc-casse-40585\/"},"modified":"2026-02-05T12:26:33","modified_gmt":"2026-02-05T11:26:33","slug":"c-p-company-typographic-logo-t-shirt-blanc-casse-40585","status":"publish","type":"product","link":"https:\/\/www.voustensports.com\/fr\/c-p-company-typographic-logo-t-shirt-blanc-casse-40585\/","title":{"rendered":"C.P. Company &#8211; Typographic Logo T-shirt blanc cass\u00e9 (40585)"},"content":{"rendered":"<div>D\u00c9TAILS DU PRODUIT<\/div>\n<div>T-shirt confectionn\u00e9 en jersey torsad\u00e9 merceris\u00e9 30\/2. La mercerisation est un proc\u00e9d\u00e9 de finition qui donne un aspect plus brillant au tissu.<\/div>\n<div>\u2013 Coupe r\u00e9guli\u00e8re.<\/div>\n<div>\u2013 Encolure ronde c\u00f4tel\u00e9e<\/div>\n<div>Imprim\u00e9 graphique sur la poitrine<\/div>\n<div>\u2013 Coupe r\u00e9guli\u00e8re<\/div>\n<div>COMPOS\u00c9<\/div>\n<div>\u2013 Tissu ext\u00e9rieur : 100% coton<\/div>\n","protected":false},"excerpt":{"rendered":"<p>D\u00c9TAILS DU PRODUIT T-shirt confectionn\u00e9 en jersey torsad\u00e9 merceris\u00e9 30\/2. La mercerisation est un proc\u00e9d\u00e9 de finition qui donne un aspect plus brillant au tissu. \u2013 Coupe r\u00e9guli\u00e8re. \u2013 Encolure ronde c\u00f4tel\u00e9e Imprim\u00e9 graphique sur la poitrine \u2013 Coupe r\u00e9guli\u00e8re COMPOS\u00c9 \u2013 Tissu ext\u00e9rieur : 100% coton<\/p>\n","protected":false},"featured_media":200198,"comment_status":"open","ping_status":"closed","template":"","meta":{"rank_math_lock_modified_date":false},"product_cat":[462,486,490,438,446,450],"product_tag":[],"class_list":{"0":"post-200214","1":"product","2":"type-product","3":"status-publish","4":"has-post-thumbnail","6":"product_cat-vousten-sports-fr-2","7":"product_cat-shirt-fr-2","8":"product_cat-t-shirts-fr-2","9":"product_cat-cp-company-fr","10":"product_cat-kleding-fr","11":"product_cat-heren-fr","13":"first","14":"outofstock","15":"taxable","16":"shipping-taxable","17":"purchasable","18":"product-type-variable"},"acf":[],"yoast_head":"<!-- This site is optimized with the Yoast SEO plugin v23.9 - https:\/\/yoast.com\/wordpress\/plugins\/seo\/ -->\n<title>C.P. Company - Typographic Logo T-shirt blanc cass\u00e9 (40585) - Vousten Sports<\/title>\n<meta name=\"robots\" content=\"index, follow, max-snippet:-1, max-image-preview:large, max-video-preview:-1\" \/>\n<link rel=\"canonical\" href=\"https:\/\/www.voustensports.com\/fr\/c-p-company-typographic-logo-t-shirt-blanc-casse-40585\/\" \/>\n<meta property=\"og:locale\" content=\"fr_FR\" \/>\n<meta property=\"og:type\" content=\"article\" \/>\n<meta property=\"og:title\" content=\"C.P. Company - Typographic Logo T-shirt blanc cass\u00e9 (40585) - Vousten Sports\" \/>\n<meta property=\"og:description\" content=\"D\u00c9TAILS DU PRODUIT T-shirt confectionn\u00e9 en jersey torsad\u00e9 merceris\u00e9 30\/2. La mercerisation est un proc\u00e9d\u00e9 de finition qui donne un aspect plus brillant au tissu. \u2013 Coupe r\u00e9guli\u00e8re. \u2013 Encolure ronde c\u00f4tel\u00e9e Imprim\u00e9 graphique sur la poitrine \u2013 Coupe r\u00e9guli\u00e8re COMPOS\u00c9 \u2013 Tissu ext\u00e9rieur : 100% coton\" \/>\n<meta property=\"og:url\" content=\"https:\/\/www.voustensports.com\/fr\/c-p-company-typographic-logo-t-shirt-blanc-casse-40585\/\" \/>\n<meta property=\"og:site_name\" content=\"Vousten Sports\" \/>\n<meta property=\"article:modified_time\" content=\"2026-02-05T11:26:33+00:00\" \/>\n<meta property=\"og:image\" content=\"https:\/\/www.voustensports.com\/wp-content\/uploads\/2023\/06\/Typographic-Logo-T-shirt-off-white-405851.jpg\" \/>\n\t<meta property=\"og:image:width\" content=\"1638\" \/>\n\t<meta property=\"og:image:height\" content=\"2048\" \/>\n\t<meta property=\"og:image:type\" content=\"image\/jpeg\" \/>\n<meta name=\"twitter:card\" content=\"summary_large_image\" \/>\n<script type=\"application\/ld+json\" class=\"yoast-schema-graph\">{\"@context\":\"https:\/\/schema.org\",\"@graph\":[{\"@type\":\"WebPage\",\"@id\":\"https:\/\/www.voustensports.com\/fr\/c-p-company-typographic-logo-t-shirt-blanc-casse-40585\/\",\"url\":\"https:\/\/www.voustensports.com\/fr\/c-p-company-typographic-logo-t-shirt-blanc-casse-40585\/\",\"name\":\"C.P. Company - Typographic Logo T-shirt blanc cass\u00e9 (40585) - Vousten Sports\",\"isPartOf\":{\"@id\":\"https:\/\/www.voustensports.com\/nl\/#website\"},\"primaryImageOfPage\":{\"@id\":\"https:\/\/www.voustensports.com\/fr\/c-p-company-typographic-logo-t-shirt-blanc-casse-40585\/#primaryimage\"},\"image\":{\"@id\":\"https:\/\/www.voustensports.com\/fr\/c-p-company-typographic-logo-t-shirt-blanc-casse-40585\/#primaryimage\"},\"thumbnailUrl\":\"https:\/\/www.voustensports.com\/wp-content\/uploads\/2023\/06\/Typographic-Logo-T-shirt-off-white-405851.jpg\",\"datePublished\":\"2025-03-22T16:54:11+00:00\",\"dateModified\":\"2026-02-05T11:26:33+00:00\",\"breadcrumb\":{\"@id\":\"https:\/\/www.voustensports.com\/fr\/c-p-company-typographic-logo-t-shirt-blanc-casse-40585\/#breadcrumb\"},\"inLanguage\":\"fr-FR\",\"potentialAction\":[{\"@type\":\"ReadAction\",\"target\":[\"https:\/\/www.voustensports.com\/fr\/c-p-company-typographic-logo-t-shirt-blanc-casse-40585\/\"]}]},{\"@type\":\"ImageObject\",\"inLanguage\":\"fr-FR\",\"@id\":\"https:\/\/www.voustensports.com\/fr\/c-p-company-typographic-logo-t-shirt-blanc-casse-40585\/#primaryimage\",\"url\":\"https:\/\/www.voustensports.com\/wp-content\/uploads\/2023\/06\/Typographic-Logo-T-shirt-off-white-405851.jpg\",\"contentUrl\":\"https:\/\/www.voustensports.com\/wp-content\/uploads\/2023\/06\/Typographic-Logo-T-shirt-off-white-405851.jpg\",\"width\":1638,\"height\":2048},{\"@type\":\"BreadcrumbList\",\"@id\":\"https:\/\/www.voustensports.com\/fr\/c-p-company-typographic-logo-t-shirt-blanc-casse-40585\/#breadcrumb\",\"itemListElement\":[{\"@type\":\"ListItem\",\"position\":1,\"name\":\"Home\",\"item\":\"https:\/\/www.voustensports.com\/fr\/\"},{\"@type\":\"ListItem\",\"position\":2,\"name\":\"Boutique\",\"item\":\"https:\/\/www.voustensports.com\/fr\/shop\/\"},{\"@type\":\"ListItem\",\"position\":3,\"name\":\"C.P. Company &#8211; Typographic Logo T-shirt blanc cass\u00e9 (40585)\"}]},{\"@type\":\"WebSite\",\"@id\":\"https:\/\/www.voustensports.com\/nl\/#website\",\"url\":\"https:\/\/www.voustensports.com\/nl\/\",\"name\":\"Vousten Sports\",\"description\":\"\",\"potentialAction\":[{\"@type\":\"SearchAction\",\"target\":{\"@type\":\"EntryPoint\",\"urlTemplate\":\"https:\/\/www.voustensports.com\/nl\/?s={search_term_string}\"},\"query-input\":{\"@type\":\"PropertyValueSpecification\",\"valueRequired\":true,\"valueName\":\"search_term_string\"}}],\"inLanguage\":\"fr-FR\"}]}<\/script>\n<!-- \/ Yoast SEO plugin. -->","yoast_head_json":{"title":"C.P. Company - Typographic Logo T-shirt blanc cass\u00e9 (40585) - Vousten Sports","robots":{"index":"index","follow":"follow","max-snippet":"max-snippet:-1","max-image-preview":"max-image-preview:large","max-video-preview":"max-video-preview:-1"},"canonical":"https:\/\/www.voustensports.com\/fr\/c-p-company-typographic-logo-t-shirt-blanc-casse-40585\/","og_locale":"fr_FR","og_type":"article","og_title":"C.P. Company - Typographic Logo T-shirt blanc cass\u00e9 (40585) - Vousten Sports","og_description":"D\u00c9TAILS DU PRODUIT T-shirt confectionn\u00e9 en jersey torsad\u00e9 merceris\u00e9 30\/2. La mercerisation est un proc\u00e9d\u00e9 de finition qui donne un aspect plus brillant au tissu. \u2013 Coupe r\u00e9guli\u00e8re. \u2013 Encolure ronde c\u00f4tel\u00e9e Imprim\u00e9 graphique sur la poitrine \u2013 Coupe r\u00e9guli\u00e8re COMPOS\u00c9 \u2013 Tissu ext\u00e9rieur : 100% coton","og_url":"https:\/\/www.voustensports.com\/fr\/c-p-company-typographic-logo-t-shirt-blanc-casse-40585\/","og_site_name":"Vousten Sports","article_modified_time":"2026-02-05T11:26:33+00:00","og_image":[{"width":1638,"height":2048,"url":"https:\/\/www.voustensports.com\/wp-content\/uploads\/2023\/06\/Typographic-Logo-T-shirt-off-white-405851.jpg","type":"image\/jpeg"}],"twitter_card":"summary_large_image","schema":{"@context":"https:\/\/schema.org","@graph":[{"@type":"WebPage","@id":"https:\/\/www.voustensports.com\/fr\/c-p-company-typographic-logo-t-shirt-blanc-casse-40585\/","url":"https:\/\/www.voustensports.com\/fr\/c-p-company-typographic-logo-t-shirt-blanc-casse-40585\/","name":"C.P. Company - Typographic Logo T-shirt blanc cass\u00e9 (40585) - Vousten Sports","isPartOf":{"@id":"https:\/\/www.voustensports.com\/nl\/#website"},"primaryImageOfPage":{"@id":"https:\/\/www.voustensports.com\/fr\/c-p-company-typographic-logo-t-shirt-blanc-casse-40585\/#primaryimage"},"image":{"@id":"https:\/\/www.voustensports.com\/fr\/c-p-company-typographic-logo-t-shirt-blanc-casse-40585\/#primaryimage"},"thumbnailUrl":"https:\/\/www.voustensports.com\/wp-content\/uploads\/2023\/06\/Typographic-Logo-T-shirt-off-white-405851.jpg","datePublished":"2025-03-22T16:54:11+00:00","dateModified":"2026-02-05T11:26:33+00:00","breadcrumb":{"@id":"https:\/\/www.voustensports.com\/fr\/c-p-company-typographic-logo-t-shirt-blanc-casse-40585\/#breadcrumb"},"inLanguage":"fr-FR","potentialAction":[{"@type":"ReadAction","target":["https:\/\/www.voustensports.com\/fr\/c-p-company-typographic-logo-t-shirt-blanc-casse-40585\/"]}]},{"@type":"ImageObject","inLanguage":"fr-FR","@id":"https:\/\/www.voustensports.com\/fr\/c-p-company-typographic-logo-t-shirt-blanc-casse-40585\/#primaryimage","url":"https:\/\/www.voustensports.com\/wp-content\/uploads\/2023\/06\/Typographic-Logo-T-shirt-off-white-405851.jpg","contentUrl":"https:\/\/www.voustensports.com\/wp-content\/uploads\/2023\/06\/Typographic-Logo-T-shirt-off-white-405851.jpg","width":1638,"height":2048},{"@type":"BreadcrumbList","@id":"https:\/\/www.voustensports.com\/fr\/c-p-company-typographic-logo-t-shirt-blanc-casse-40585\/#breadcrumb","itemListElement":[{"@type":"ListItem","position":1,"name":"Home","item":"https:\/\/www.voustensports.com\/fr\/"},{"@type":"ListItem","position":2,"name":"Boutique","item":"https:\/\/www.voustensports.com\/fr\/shop\/"},{"@type":"ListItem","position":3,"name":"C.P. Company &#8211; Typographic Logo T-shirt blanc cass\u00e9 (40585)"}]},{"@type":"WebSite","@id":"https:\/\/www.voustensports.com\/nl\/#website","url":"https:\/\/www.voustensports.com\/nl\/","name":"Vousten Sports","description":"","potentialAction":[{"@type":"SearchAction","target":{"@type":"EntryPoint","urlTemplate":"https:\/\/www.voustensports.com\/nl\/?s={search_term_string}"},"query-input":{"@type":"PropertyValueSpecification","valueRequired":true,"valueName":"search_term_string"}}],"inLanguage":"fr-FR"}]}},"_links":{"self":[{"href":"https:\/\/www.voustensports.com\/fr\/wp-json\/wp\/v2\/product\/200214","targetHints":{"allow":["GET"]}}],"collection":[{"href":"https:\/\/www.voustensports.com\/fr\/wp-json\/wp\/v2\/product"}],"about":[{"href":"https:\/\/www.voustensports.com\/fr\/wp-json\/wp\/v2\/types\/product"}],"replies":[{"embeddable":true,"href":"https:\/\/www.voustensports.com\/fr\/wp-json\/wp\/v2\/comments?post=200214"}],"wp:featuredmedia":[{"embeddable":true,"href":"https:\/\/www.voustensports.com\/fr\/wp-json\/wp\/v2\/media\/200198"}],"wp:attachment":[{"href":"https:\/\/www.voustensports.com\/fr\/wp-json\/wp\/v2\/media?parent=200214"}],"wp:term":[{"taxonomy":"product_cat","embeddable":true,"href":"https:\/\/www.voustensports.com\/fr\/wp-json\/wp\/v2\/product_cat?post=200214"},{"taxonomy":"product_tag","embeddable":true,"href":"https:\/\/www.voustensports.com\/fr\/wp-json\/wp\/v2\/product_tag?post=200214"}],"curies":[{"name":"wp","href":"https:\/\/api.w.org\/{rel}","templated":true}]}}