{"id":200066,"date":"2025-03-22T15:20:43","date_gmt":"2025-03-22T14:20:43","guid":{"rendered":"https:\/\/www.voustensports.com\/pal-recreational-use-only-t-shirt-blanc-casse-40650\/"},"modified":"2026-04-01T15:15:06","modified_gmt":"2026-04-01T13:15:06","slug":"pal-recreational-use-only-t-shirt-blanc-casse-40650","status":"publish","type":"product","link":"https:\/\/www.voustensports.com\/fr\/pal-recreational-use-only-t-shirt-blanc-casse-40650\/","title":{"rendered":"PAL &#8211; Recreational Use Only T-shirt blanc cass\u00e9 (40650)"},"content":{"rendered":"<div>Recreational Use Only T-shirt blanc cass\u00e9<\/div>\n<ul>\n<li>Convient aux surdimensionn\u00e9s<\/li>\n<li>Mati\u00e8re : 100% coton<\/li>\n<\/ul>\n","protected":false},"excerpt":{"rendered":"<p>Recreational Use Only T-shirt blanc cass\u00e9 Convient aux surdimensionn\u00e9s Mati\u00e8re : 100% coton<\/p>\n","protected":false},"featured_media":200058,"comment_status":"open","ping_status":"closed","template":"","meta":{"rank_math_lock_modified_date":false},"product_cat":[446,450,462,486,490,1008],"product_tag":[],"class_list":{"0":"post-200066","1":"product","2":"type-product","3":"status-publish","4":"has-post-thumbnail","6":"product_cat-kleding-fr","7":"product_cat-heren-fr","8":"product_cat-vousten-sports-fr-2","9":"product_cat-shirt-fr-2","10":"product_cat-t-shirts-fr-2","11":"product_cat-pal-fr","13":"first","14":"instock","15":"taxable","16":"shipping-taxable","17":"purchasable","18":"product-type-variable"},"acf":[],"yoast_head":"<!-- This site is optimized with the Yoast SEO plugin v23.9 - https:\/\/yoast.com\/wordpress\/plugins\/seo\/ -->\n<title>PAL - Recreational Use Only T-shirt blanc cass\u00e9 (40650) - Vousten Sports<\/title>\n<meta name=\"robots\" content=\"index, follow, max-snippet:-1, max-image-preview:large, max-video-preview:-1\" \/>\n<link rel=\"canonical\" href=\"https:\/\/www.voustensports.com\/fr\/pal-recreational-use-only-t-shirt-blanc-casse-40650\/\" \/>\n<meta property=\"og:locale\" content=\"fr_FR\" \/>\n<meta property=\"og:type\" content=\"article\" \/>\n<meta property=\"og:title\" content=\"PAL - Recreational Use Only T-shirt blanc cass\u00e9 (40650) - Vousten Sports\" \/>\n<meta property=\"og:description\" content=\"Recreational Use Only T-shirt blanc cass\u00e9 Convient aux surdimensionn\u00e9s Mati\u00e8re : 100% coton\" \/>\n<meta property=\"og:url\" content=\"https:\/\/www.voustensports.com\/fr\/pal-recreational-use-only-t-shirt-blanc-casse-40650\/\" \/>\n<meta property=\"og:site_name\" content=\"Vousten Sports\" \/>\n<meta property=\"article:modified_time\" content=\"2026-04-01T13:15:06+00:00\" \/>\n<meta property=\"og:image\" content=\"https:\/\/www.voustensports.com\/wp-content\/uploads\/2023\/06\/Recreational-Use-Only-T-shirt-off-white-406511.png\" \/>\n\t<meta property=\"og:image:width\" content=\"2500\" \/>\n\t<meta property=\"og:image:height\" content=\"2500\" \/>\n\t<meta property=\"og:image:type\" content=\"image\/png\" \/>\n<meta name=\"twitter:card\" content=\"summary_large_image\" \/>\n<script type=\"application\/ld+json\" class=\"yoast-schema-graph\">{\"@context\":\"https:\/\/schema.org\",\"@graph\":[{\"@type\":\"WebPage\",\"@id\":\"https:\/\/www.voustensports.com\/fr\/pal-recreational-use-only-t-shirt-blanc-casse-40650\/\",\"url\":\"https:\/\/www.voustensports.com\/fr\/pal-recreational-use-only-t-shirt-blanc-casse-40650\/\",\"name\":\"PAL - Recreational Use Only T-shirt blanc cass\u00e9 (40650) - Vousten Sports\",\"isPartOf\":{\"@id\":\"https:\/\/www.voustensports.com\/nl\/#website\"},\"primaryImageOfPage\":{\"@id\":\"https:\/\/www.voustensports.com\/fr\/pal-recreational-use-only-t-shirt-blanc-casse-40650\/#primaryimage\"},\"image\":{\"@id\":\"https:\/\/www.voustensports.com\/fr\/pal-recreational-use-only-t-shirt-blanc-casse-40650\/#primaryimage\"},\"thumbnailUrl\":\"https:\/\/www.voustensports.com\/wp-content\/uploads\/2023\/06\/Recreational-Use-Only-T-shirt-off-white-406511.png\",\"datePublished\":\"2025-03-22T14:20:43+00:00\",\"dateModified\":\"2026-04-01T13:15:06+00:00\",\"breadcrumb\":{\"@id\":\"https:\/\/www.voustensports.com\/fr\/pal-recreational-use-only-t-shirt-blanc-casse-40650\/#breadcrumb\"},\"inLanguage\":\"fr-FR\",\"potentialAction\":[{\"@type\":\"ReadAction\",\"target\":[\"https:\/\/www.voustensports.com\/fr\/pal-recreational-use-only-t-shirt-blanc-casse-40650\/\"]}]},{\"@type\":\"ImageObject\",\"inLanguage\":\"fr-FR\",\"@id\":\"https:\/\/www.voustensports.com\/fr\/pal-recreational-use-only-t-shirt-blanc-casse-40650\/#primaryimage\",\"url\":\"https:\/\/www.voustensports.com\/wp-content\/uploads\/2023\/06\/Recreational-Use-Only-T-shirt-off-white-406511.png\",\"contentUrl\":\"https:\/\/www.voustensports.com\/wp-content\/uploads\/2023\/06\/Recreational-Use-Only-T-shirt-off-white-406511.png\",\"width\":2500,\"height\":2500},{\"@type\":\"BreadcrumbList\",\"@id\":\"https:\/\/www.voustensports.com\/fr\/pal-recreational-use-only-t-shirt-blanc-casse-40650\/#breadcrumb\",\"itemListElement\":[{\"@type\":\"ListItem\",\"position\":1,\"name\":\"Home\",\"item\":\"https:\/\/www.voustensports.com\/fr\/\"},{\"@type\":\"ListItem\",\"position\":2,\"name\":\"Boutique\",\"item\":\"https:\/\/www.voustensports.com\/fr\/shop\/\"},{\"@type\":\"ListItem\",\"position\":3,\"name\":\"PAL &#8211; Recreational Use Only T-shirt blanc cass\u00e9 (40650)\"}]},{\"@type\":\"WebSite\",\"@id\":\"https:\/\/www.voustensports.com\/nl\/#website\",\"url\":\"https:\/\/www.voustensports.com\/nl\/\",\"name\":\"Vousten Sports\",\"description\":\"\",\"potentialAction\":[{\"@type\":\"SearchAction\",\"target\":{\"@type\":\"EntryPoint\",\"urlTemplate\":\"https:\/\/www.voustensports.com\/nl\/?s={search_term_string}\"},\"query-input\":{\"@type\":\"PropertyValueSpecification\",\"valueRequired\":true,\"valueName\":\"search_term_string\"}}],\"inLanguage\":\"fr-FR\"}]}<\/script>\n<!-- \/ Yoast SEO plugin. -->","yoast_head_json":{"title":"PAL - Recreational Use Only T-shirt blanc cass\u00e9 (40650) - Vousten Sports","robots":{"index":"index","follow":"follow","max-snippet":"max-snippet:-1","max-image-preview":"max-image-preview:large","max-video-preview":"max-video-preview:-1"},"canonical":"https:\/\/www.voustensports.com\/fr\/pal-recreational-use-only-t-shirt-blanc-casse-40650\/","og_locale":"fr_FR","og_type":"article","og_title":"PAL - Recreational Use Only T-shirt blanc cass\u00e9 (40650) - Vousten Sports","og_description":"Recreational Use Only T-shirt blanc cass\u00e9 Convient aux surdimensionn\u00e9s Mati\u00e8re : 100% coton","og_url":"https:\/\/www.voustensports.com\/fr\/pal-recreational-use-only-t-shirt-blanc-casse-40650\/","og_site_name":"Vousten Sports","article_modified_time":"2026-04-01T13:15:06+00:00","og_image":[{"width":2500,"height":2500,"url":"https:\/\/www.voustensports.com\/wp-content\/uploads\/2023\/06\/Recreational-Use-Only-T-shirt-off-white-406511.png","type":"image\/png"}],"twitter_card":"summary_large_image","schema":{"@context":"https:\/\/schema.org","@graph":[{"@type":"WebPage","@id":"https:\/\/www.voustensports.com\/fr\/pal-recreational-use-only-t-shirt-blanc-casse-40650\/","url":"https:\/\/www.voustensports.com\/fr\/pal-recreational-use-only-t-shirt-blanc-casse-40650\/","name":"PAL - Recreational Use Only T-shirt blanc cass\u00e9 (40650) - Vousten Sports","isPartOf":{"@id":"https:\/\/www.voustensports.com\/nl\/#website"},"primaryImageOfPage":{"@id":"https:\/\/www.voustensports.com\/fr\/pal-recreational-use-only-t-shirt-blanc-casse-40650\/#primaryimage"},"image":{"@id":"https:\/\/www.voustensports.com\/fr\/pal-recreational-use-only-t-shirt-blanc-casse-40650\/#primaryimage"},"thumbnailUrl":"https:\/\/www.voustensports.com\/wp-content\/uploads\/2023\/06\/Recreational-Use-Only-T-shirt-off-white-406511.png","datePublished":"2025-03-22T14:20:43+00:00","dateModified":"2026-04-01T13:15:06+00:00","breadcrumb":{"@id":"https:\/\/www.voustensports.com\/fr\/pal-recreational-use-only-t-shirt-blanc-casse-40650\/#breadcrumb"},"inLanguage":"fr-FR","potentialAction":[{"@type":"ReadAction","target":["https:\/\/www.voustensports.com\/fr\/pal-recreational-use-only-t-shirt-blanc-casse-40650\/"]}]},{"@type":"ImageObject","inLanguage":"fr-FR","@id":"https:\/\/www.voustensports.com\/fr\/pal-recreational-use-only-t-shirt-blanc-casse-40650\/#primaryimage","url":"https:\/\/www.voustensports.com\/wp-content\/uploads\/2023\/06\/Recreational-Use-Only-T-shirt-off-white-406511.png","contentUrl":"https:\/\/www.voustensports.com\/wp-content\/uploads\/2023\/06\/Recreational-Use-Only-T-shirt-off-white-406511.png","width":2500,"height":2500},{"@type":"BreadcrumbList","@id":"https:\/\/www.voustensports.com\/fr\/pal-recreational-use-only-t-shirt-blanc-casse-40650\/#breadcrumb","itemListElement":[{"@type":"ListItem","position":1,"name":"Home","item":"https:\/\/www.voustensports.com\/fr\/"},{"@type":"ListItem","position":2,"name":"Boutique","item":"https:\/\/www.voustensports.com\/fr\/shop\/"},{"@type":"ListItem","position":3,"name":"PAL &#8211; Recreational Use Only T-shirt blanc cass\u00e9 (40650)"}]},{"@type":"WebSite","@id":"https:\/\/www.voustensports.com\/nl\/#website","url":"https:\/\/www.voustensports.com\/nl\/","name":"Vousten Sports","description":"","potentialAction":[{"@type":"SearchAction","target":{"@type":"EntryPoint","urlTemplate":"https:\/\/www.voustensports.com\/nl\/?s={search_term_string}"},"query-input":{"@type":"PropertyValueSpecification","valueRequired":true,"valueName":"search_term_string"}}],"inLanguage":"fr-FR"}]}},"_links":{"self":[{"href":"https:\/\/www.voustensports.com\/fr\/wp-json\/wp\/v2\/product\/200066","targetHints":{"allow":["GET"]}}],"collection":[{"href":"https:\/\/www.voustensports.com\/fr\/wp-json\/wp\/v2\/product"}],"about":[{"href":"https:\/\/www.voustensports.com\/fr\/wp-json\/wp\/v2\/types\/product"}],"replies":[{"embeddable":true,"href":"https:\/\/www.voustensports.com\/fr\/wp-json\/wp\/v2\/comments?post=200066"}],"wp:featuredmedia":[{"embeddable":true,"href":"https:\/\/www.voustensports.com\/fr\/wp-json\/wp\/v2\/media\/200058"}],"wp:attachment":[{"href":"https:\/\/www.voustensports.com\/fr\/wp-json\/wp\/v2\/media?parent=200066"}],"wp:term":[{"taxonomy":"product_cat","embeddable":true,"href":"https:\/\/www.voustensports.com\/fr\/wp-json\/wp\/v2\/product_cat?post=200066"},{"taxonomy":"product_tag","embeddable":true,"href":"https:\/\/www.voustensports.com\/fr\/wp-json\/wp\/v2\/product_tag?post=200066"}],"curies":[{"name":"wp","href":"https:\/\/api.w.org\/{rel}","templated":true}]}}