{"id":199303,"date":"2025-03-08T16:28:15","date_gmt":"2025-03-08T15:28:15","guid":{"rendered":"https:\/\/www.voustensports.com\/genti-polo-en-coton-glace-vert-40614\/"},"modified":"2026-02-05T12:27:20","modified_gmt":"2026-02-05T11:27:20","slug":"genti-polo-en-coton-glace-vert-40614","status":"publish","type":"product","link":"https:\/\/www.voustensports.com\/fr\/genti-polo-en-coton-glace-vert-40614\/","title":{"rendered":"GENTI &#8211; Polo en coton glac\u00e9 vert (40614)"},"content":{"rendered":"<div>\n<div>Un polo en coton glac\u00e9 vert avec boutons, fabriqu\u00e9 \u00e0 partir de coton extensible de haute qualit\u00e9, qui assure un confort de port optimal.<\/div>\n<ul>\n<li>Boutons<\/li>\n<li>Coton glac\u00e9<\/li>\n<li>Confort de port ultime<\/li>\n<li>Fabriqu\u00e9 au Portugal<\/li>\n<\/ul>\n<div>Mati\u00e8re : 93% coton, 7% \u00e9lasthanne<\/div>\n<\/div>\n<div><\/div>\n<div><\/div>\n<div><\/div>\n","protected":false},"excerpt":{"rendered":"<p>Un polo en coton glac\u00e9 vert avec boutons, fabriqu\u00e9 \u00e0 partir de coton extensible de haute qualit\u00e9, qui assure un confort de port optimal. Boutons Coton glac\u00e9 Confort de port ultime Fabriqu\u00e9 au Portugal Mati\u00e8re : 93% coton, 7% \u00e9lasthanne<\/p>\n","protected":false},"featured_media":199291,"comment_status":"open","ping_status":"closed","template":"","meta":{"rank_math_lock_modified_date":false},"product_cat":[446,450,462,478,486,710],"product_tag":[],"class_list":{"0":"post-199303","1":"product","2":"type-product","3":"status-publish","4":"has-post-thumbnail","6":"product_cat-kleding-fr","7":"product_cat-heren-fr","8":"product_cat-vousten-sports-fr-2","9":"product_cat-polos-fr-2","10":"product_cat-shirt-fr-2","11":"product_cat-genti-fr","13":"first","14":"outofstock","15":"taxable","16":"shipping-taxable","17":"purchasable","18":"product-type-variable"},"acf":[],"yoast_head":"<!-- This site is optimized with the Yoast SEO plugin v23.9 - https:\/\/yoast.com\/wordpress\/plugins\/seo\/ -->\n<title>GENTI - Polo en coton glac\u00e9 vert (40614) - Vousten Sports<\/title>\n<meta name=\"robots\" content=\"index, follow, max-snippet:-1, max-image-preview:large, max-video-preview:-1\" \/>\n<link rel=\"canonical\" href=\"https:\/\/www.voustensports.com\/fr\/genti-polo-en-coton-glace-vert-40614\/\" \/>\n<meta property=\"og:locale\" content=\"fr_FR\" \/>\n<meta property=\"og:type\" content=\"article\" \/>\n<meta property=\"og:title\" content=\"GENTI - Polo en coton glac\u00e9 vert (40614) - Vousten Sports\" \/>\n<meta property=\"og:description\" content=\"Un polo en coton glac\u00e9 vert avec boutons, fabriqu\u00e9 \u00e0 partir de coton extensible de haute qualit\u00e9, qui assure un confort de port optimal. Boutons Coton glac\u00e9 Confort de port ultime Fabriqu\u00e9 au Portugal Mati\u00e8re : 93% coton, 7% \u00e9lasthanne\" \/>\n<meta property=\"og:url\" content=\"https:\/\/www.voustensports.com\/fr\/genti-polo-en-coton-glace-vert-40614\/\" \/>\n<meta property=\"og:site_name\" content=\"Vousten Sports\" \/>\n<meta property=\"article:modified_time\" content=\"2026-02-05T11:27:20+00:00\" \/>\n<meta property=\"og:image\" content=\"https:\/\/www.voustensports.com\/wp-content\/uploads\/2023\/06\/Ice-Cotton-Polo-groen-406141-1.jpg\" \/>\n\t<meta property=\"og:image:width\" content=\"1365\" \/>\n\t<meta property=\"og:image:height\" content=\"2048\" \/>\n\t<meta property=\"og:image:type\" content=\"image\/jpeg\" \/>\n<meta name=\"twitter:card\" content=\"summary_large_image\" \/>\n<script type=\"application\/ld+json\" class=\"yoast-schema-graph\">{\"@context\":\"https:\/\/schema.org\",\"@graph\":[{\"@type\":\"WebPage\",\"@id\":\"https:\/\/www.voustensports.com\/fr\/genti-polo-en-coton-glace-vert-40614\/\",\"url\":\"https:\/\/www.voustensports.com\/fr\/genti-polo-en-coton-glace-vert-40614\/\",\"name\":\"GENTI - Polo en coton glac\u00e9 vert (40614) - Vousten Sports\",\"isPartOf\":{\"@id\":\"https:\/\/www.voustensports.com\/nl\/#website\"},\"primaryImageOfPage\":{\"@id\":\"https:\/\/www.voustensports.com\/fr\/genti-polo-en-coton-glace-vert-40614\/#primaryimage\"},\"image\":{\"@id\":\"https:\/\/www.voustensports.com\/fr\/genti-polo-en-coton-glace-vert-40614\/#primaryimage\"},\"thumbnailUrl\":\"https:\/\/www.voustensports.com\/wp-content\/uploads\/2023\/06\/Ice-Cotton-Polo-groen-406141-1.jpg\",\"datePublished\":\"2025-03-08T15:28:15+00:00\",\"dateModified\":\"2026-02-05T11:27:20+00:00\",\"breadcrumb\":{\"@id\":\"https:\/\/www.voustensports.com\/fr\/genti-polo-en-coton-glace-vert-40614\/#breadcrumb\"},\"inLanguage\":\"fr-FR\",\"potentialAction\":[{\"@type\":\"ReadAction\",\"target\":[\"https:\/\/www.voustensports.com\/fr\/genti-polo-en-coton-glace-vert-40614\/\"]}]},{\"@type\":\"ImageObject\",\"inLanguage\":\"fr-FR\",\"@id\":\"https:\/\/www.voustensports.com\/fr\/genti-polo-en-coton-glace-vert-40614\/#primaryimage\",\"url\":\"https:\/\/www.voustensports.com\/wp-content\/uploads\/2023\/06\/Ice-Cotton-Polo-groen-406141-1.jpg\",\"contentUrl\":\"https:\/\/www.voustensports.com\/wp-content\/uploads\/2023\/06\/Ice-Cotton-Polo-groen-406141-1.jpg\",\"width\":1365,\"height\":2048},{\"@type\":\"BreadcrumbList\",\"@id\":\"https:\/\/www.voustensports.com\/fr\/genti-polo-en-coton-glace-vert-40614\/#breadcrumb\",\"itemListElement\":[{\"@type\":\"ListItem\",\"position\":1,\"name\":\"Home\",\"item\":\"https:\/\/www.voustensports.com\/fr\/\"},{\"@type\":\"ListItem\",\"position\":2,\"name\":\"Boutique\",\"item\":\"https:\/\/www.voustensports.com\/fr\/shop\/\"},{\"@type\":\"ListItem\",\"position\":3,\"name\":\"GENTI &#8211; Polo en coton glac\u00e9 vert (40614)\"}]},{\"@type\":\"WebSite\",\"@id\":\"https:\/\/www.voustensports.com\/nl\/#website\",\"url\":\"https:\/\/www.voustensports.com\/nl\/\",\"name\":\"Vousten Sports\",\"description\":\"\",\"potentialAction\":[{\"@type\":\"SearchAction\",\"target\":{\"@type\":\"EntryPoint\",\"urlTemplate\":\"https:\/\/www.voustensports.com\/nl\/?s={search_term_string}\"},\"query-input\":{\"@type\":\"PropertyValueSpecification\",\"valueRequired\":true,\"valueName\":\"search_term_string\"}}],\"inLanguage\":\"fr-FR\"}]}<\/script>\n<!-- \/ Yoast SEO plugin. -->","yoast_head_json":{"title":"GENTI - Polo en coton glac\u00e9 vert (40614) - Vousten Sports","robots":{"index":"index","follow":"follow","max-snippet":"max-snippet:-1","max-image-preview":"max-image-preview:large","max-video-preview":"max-video-preview:-1"},"canonical":"https:\/\/www.voustensports.com\/fr\/genti-polo-en-coton-glace-vert-40614\/","og_locale":"fr_FR","og_type":"article","og_title":"GENTI - Polo en coton glac\u00e9 vert (40614) - Vousten Sports","og_description":"Un polo en coton glac\u00e9 vert avec boutons, fabriqu\u00e9 \u00e0 partir de coton extensible de haute qualit\u00e9, qui assure un confort de port optimal. Boutons Coton glac\u00e9 Confort de port ultime Fabriqu\u00e9 au Portugal Mati\u00e8re : 93% coton, 7% \u00e9lasthanne","og_url":"https:\/\/www.voustensports.com\/fr\/genti-polo-en-coton-glace-vert-40614\/","og_site_name":"Vousten Sports","article_modified_time":"2026-02-05T11:27:20+00:00","og_image":[{"width":1365,"height":2048,"url":"https:\/\/www.voustensports.com\/wp-content\/uploads\/2023\/06\/Ice-Cotton-Polo-groen-406141-1.jpg","type":"image\/jpeg"}],"twitter_card":"summary_large_image","schema":{"@context":"https:\/\/schema.org","@graph":[{"@type":"WebPage","@id":"https:\/\/www.voustensports.com\/fr\/genti-polo-en-coton-glace-vert-40614\/","url":"https:\/\/www.voustensports.com\/fr\/genti-polo-en-coton-glace-vert-40614\/","name":"GENTI - Polo en coton glac\u00e9 vert (40614) - Vousten Sports","isPartOf":{"@id":"https:\/\/www.voustensports.com\/nl\/#website"},"primaryImageOfPage":{"@id":"https:\/\/www.voustensports.com\/fr\/genti-polo-en-coton-glace-vert-40614\/#primaryimage"},"image":{"@id":"https:\/\/www.voustensports.com\/fr\/genti-polo-en-coton-glace-vert-40614\/#primaryimage"},"thumbnailUrl":"https:\/\/www.voustensports.com\/wp-content\/uploads\/2023\/06\/Ice-Cotton-Polo-groen-406141-1.jpg","datePublished":"2025-03-08T15:28:15+00:00","dateModified":"2026-02-05T11:27:20+00:00","breadcrumb":{"@id":"https:\/\/www.voustensports.com\/fr\/genti-polo-en-coton-glace-vert-40614\/#breadcrumb"},"inLanguage":"fr-FR","potentialAction":[{"@type":"ReadAction","target":["https:\/\/www.voustensports.com\/fr\/genti-polo-en-coton-glace-vert-40614\/"]}]},{"@type":"ImageObject","inLanguage":"fr-FR","@id":"https:\/\/www.voustensports.com\/fr\/genti-polo-en-coton-glace-vert-40614\/#primaryimage","url":"https:\/\/www.voustensports.com\/wp-content\/uploads\/2023\/06\/Ice-Cotton-Polo-groen-406141-1.jpg","contentUrl":"https:\/\/www.voustensports.com\/wp-content\/uploads\/2023\/06\/Ice-Cotton-Polo-groen-406141-1.jpg","width":1365,"height":2048},{"@type":"BreadcrumbList","@id":"https:\/\/www.voustensports.com\/fr\/genti-polo-en-coton-glace-vert-40614\/#breadcrumb","itemListElement":[{"@type":"ListItem","position":1,"name":"Home","item":"https:\/\/www.voustensports.com\/fr\/"},{"@type":"ListItem","position":2,"name":"Boutique","item":"https:\/\/www.voustensports.com\/fr\/shop\/"},{"@type":"ListItem","position":3,"name":"GENTI &#8211; Polo en coton glac\u00e9 vert (40614)"}]},{"@type":"WebSite","@id":"https:\/\/www.voustensports.com\/nl\/#website","url":"https:\/\/www.voustensports.com\/nl\/","name":"Vousten Sports","description":"","potentialAction":[{"@type":"SearchAction","target":{"@type":"EntryPoint","urlTemplate":"https:\/\/www.voustensports.com\/nl\/?s={search_term_string}"},"query-input":{"@type":"PropertyValueSpecification","valueRequired":true,"valueName":"search_term_string"}}],"inLanguage":"fr-FR"}]}},"_links":{"self":[{"href":"https:\/\/www.voustensports.com\/fr\/wp-json\/wp\/v2\/product\/199303","targetHints":{"allow":["GET"]}}],"collection":[{"href":"https:\/\/www.voustensports.com\/fr\/wp-json\/wp\/v2\/product"}],"about":[{"href":"https:\/\/www.voustensports.com\/fr\/wp-json\/wp\/v2\/types\/product"}],"replies":[{"embeddable":true,"href":"https:\/\/www.voustensports.com\/fr\/wp-json\/wp\/v2\/comments?post=199303"}],"wp:featuredmedia":[{"embeddable":true,"href":"https:\/\/www.voustensports.com\/fr\/wp-json\/wp\/v2\/media\/199291"}],"wp:attachment":[{"href":"https:\/\/www.voustensports.com\/fr\/wp-json\/wp\/v2\/media?parent=199303"}],"wp:term":[{"taxonomy":"product_cat","embeddable":true,"href":"https:\/\/www.voustensports.com\/fr\/wp-json\/wp\/v2\/product_cat?post=199303"},{"taxonomy":"product_tag","embeddable":true,"href":"https:\/\/www.voustensports.com\/fr\/wp-json\/wp\/v2\/product_tag?post=199303"}],"curies":[{"name":"wp","href":"https:\/\/api.w.org\/{rel}","templated":true}]}}