{"id":199063,"date":"2025-03-08T13:48:19","date_gmt":"2025-03-08T12:48:19","guid":{"rendered":"https:\/\/www.voustensports.com\/genti-polo-bleu-40615\/"},"modified":"2026-02-05T12:27:22","modified_gmt":"2026-02-05T11:27:22","slug":"genti-polo-bleu-40615","status":"publish","type":"product","link":"https:\/\/www.voustensports.com\/fr\/genti-polo-bleu-40615\/","title":{"rendered":"GENTI &#8211; Polo bleu (40615)"},"content":{"rendered":"<div>Un polo bleu avec une finition d\u00e9taill\u00e9e sur la manche. Ce polo est fabriqu\u00e9 en coton extensible de haute qualit\u00e9, ce qui assure un confort de port optimal. Parfait pour un look d\u00e9contract\u00e9 et \u00e9l\u00e9gant.<\/div>\n<ul>\n<li>Boutons<\/li>\n<li>D\u00e9tails sur la manche<\/li>\n<li>Confort de port ultime<\/li>\n<li>Fabriqu\u00e9 au Portugal<\/li>\n<\/ul>\n<div>Mati\u00e8re 96% coton, 4% \u00e9lasthanne<\/div>\n","protected":false},"excerpt":{"rendered":"<p>Un polo bleu avec une finition d\u00e9taill\u00e9e sur la manche. Ce polo est fabriqu\u00e9 en coton extensible de haute qualit\u00e9, ce qui assure un confort de port optimal. Parfait pour un look d\u00e9contract\u00e9 et \u00e9l\u00e9gant. Boutons D\u00e9tails sur la manche Confort de port ultime Fabriqu\u00e9 au Portugal Mati\u00e8re 96% coton, 4% \u00e9lasthanne<\/p>\n","protected":false},"featured_media":199043,"comment_status":"open","ping_status":"closed","template":"","meta":{"rank_math_lock_modified_date":false},"product_cat":[478,486,710,446,450,462],"product_tag":[],"class_list":{"0":"post-199063","1":"product","2":"type-product","3":"status-publish","4":"has-post-thumbnail","6":"product_cat-polos-fr-2","7":"product_cat-shirt-fr-2","8":"product_cat-genti-fr","9":"product_cat-kleding-fr","10":"product_cat-heren-fr","11":"product_cat-vousten-sports-fr-2","13":"first","14":"instock","15":"taxable","16":"shipping-taxable","17":"purchasable","18":"product-type-variable"},"acf":[],"yoast_head":"<!-- This site is optimized with the Yoast SEO plugin v23.9 - https:\/\/yoast.com\/wordpress\/plugins\/seo\/ -->\n<title>GENTI - Polo bleu (40615) - Vousten Sports<\/title>\n<meta name=\"robots\" content=\"index, follow, max-snippet:-1, max-image-preview:large, max-video-preview:-1\" \/>\n<link rel=\"canonical\" href=\"https:\/\/www.voustensports.com\/fr\/genti-polo-bleu-40615\/\" \/>\n<meta property=\"og:locale\" content=\"fr_FR\" \/>\n<meta property=\"og:type\" content=\"article\" \/>\n<meta property=\"og:title\" content=\"GENTI - Polo bleu (40615) - Vousten Sports\" \/>\n<meta property=\"og:description\" content=\"Un polo bleu avec une finition d\u00e9taill\u00e9e sur la manche. Ce polo est fabriqu\u00e9 en coton extensible de haute qualit\u00e9, ce qui assure un confort de port optimal. Parfait pour un look d\u00e9contract\u00e9 et \u00e9l\u00e9gant. Boutons D\u00e9tails sur la manche Confort de port ultime Fabriqu\u00e9 au Portugal Mati\u00e8re 96% coton, 4% \u00e9lasthanne\" \/>\n<meta property=\"og:url\" content=\"https:\/\/www.voustensports.com\/fr\/genti-polo-bleu-40615\/\" \/>\n<meta property=\"og:site_name\" content=\"Vousten Sports\" \/>\n<meta property=\"article:modified_time\" content=\"2026-02-05T11:27:22+00:00\" \/>\n<meta property=\"og:image\" content=\"https:\/\/www.voustensports.com\/wp-content\/uploads\/2023\/06\/Polo-blauw-406151.jpg\" \/>\n\t<meta property=\"og:image:width\" content=\"1365\" \/>\n\t<meta property=\"og:image:height\" content=\"2048\" \/>\n\t<meta property=\"og:image:type\" content=\"image\/jpeg\" \/>\n<meta name=\"twitter:card\" content=\"summary_large_image\" \/>\n<script type=\"application\/ld+json\" class=\"yoast-schema-graph\">{\"@context\":\"https:\/\/schema.org\",\"@graph\":[{\"@type\":\"WebPage\",\"@id\":\"https:\/\/www.voustensports.com\/fr\/genti-polo-bleu-40615\/\",\"url\":\"https:\/\/www.voustensports.com\/fr\/genti-polo-bleu-40615\/\",\"name\":\"GENTI - Polo bleu (40615) - Vousten Sports\",\"isPartOf\":{\"@id\":\"https:\/\/www.voustensports.com\/nl\/#website\"},\"primaryImageOfPage\":{\"@id\":\"https:\/\/www.voustensports.com\/fr\/genti-polo-bleu-40615\/#primaryimage\"},\"image\":{\"@id\":\"https:\/\/www.voustensports.com\/fr\/genti-polo-bleu-40615\/#primaryimage\"},\"thumbnailUrl\":\"https:\/\/www.voustensports.com\/wp-content\/uploads\/2023\/06\/Polo-blauw-406151.jpg\",\"datePublished\":\"2025-03-08T12:48:19+00:00\",\"dateModified\":\"2026-02-05T11:27:22+00:00\",\"breadcrumb\":{\"@id\":\"https:\/\/www.voustensports.com\/fr\/genti-polo-bleu-40615\/#breadcrumb\"},\"inLanguage\":\"fr-FR\",\"potentialAction\":[{\"@type\":\"ReadAction\",\"target\":[\"https:\/\/www.voustensports.com\/fr\/genti-polo-bleu-40615\/\"]}]},{\"@type\":\"ImageObject\",\"inLanguage\":\"fr-FR\",\"@id\":\"https:\/\/www.voustensports.com\/fr\/genti-polo-bleu-40615\/#primaryimage\",\"url\":\"https:\/\/www.voustensports.com\/wp-content\/uploads\/2023\/06\/Polo-blauw-406151.jpg\",\"contentUrl\":\"https:\/\/www.voustensports.com\/wp-content\/uploads\/2023\/06\/Polo-blauw-406151.jpg\",\"width\":1365,\"height\":2048},{\"@type\":\"BreadcrumbList\",\"@id\":\"https:\/\/www.voustensports.com\/fr\/genti-polo-bleu-40615\/#breadcrumb\",\"itemListElement\":[{\"@type\":\"ListItem\",\"position\":1,\"name\":\"Home\",\"item\":\"https:\/\/www.voustensports.com\/fr\/\"},{\"@type\":\"ListItem\",\"position\":2,\"name\":\"Boutique\",\"item\":\"https:\/\/www.voustensports.com\/fr\/shop\/\"},{\"@type\":\"ListItem\",\"position\":3,\"name\":\"GENTI &#8211; Polo bleu (40615)\"}]},{\"@type\":\"WebSite\",\"@id\":\"https:\/\/www.voustensports.com\/nl\/#website\",\"url\":\"https:\/\/www.voustensports.com\/nl\/\",\"name\":\"Vousten Sports\",\"description\":\"\",\"potentialAction\":[{\"@type\":\"SearchAction\",\"target\":{\"@type\":\"EntryPoint\",\"urlTemplate\":\"https:\/\/www.voustensports.com\/nl\/?s={search_term_string}\"},\"query-input\":{\"@type\":\"PropertyValueSpecification\",\"valueRequired\":true,\"valueName\":\"search_term_string\"}}],\"inLanguage\":\"fr-FR\"}]}<\/script>\n<!-- \/ Yoast SEO plugin. -->","yoast_head_json":{"title":"GENTI - Polo bleu (40615) - Vousten Sports","robots":{"index":"index","follow":"follow","max-snippet":"max-snippet:-1","max-image-preview":"max-image-preview:large","max-video-preview":"max-video-preview:-1"},"canonical":"https:\/\/www.voustensports.com\/fr\/genti-polo-bleu-40615\/","og_locale":"fr_FR","og_type":"article","og_title":"GENTI - Polo bleu (40615) - Vousten Sports","og_description":"Un polo bleu avec une finition d\u00e9taill\u00e9e sur la manche. Ce polo est fabriqu\u00e9 en coton extensible de haute qualit\u00e9, ce qui assure un confort de port optimal. Parfait pour un look d\u00e9contract\u00e9 et \u00e9l\u00e9gant. Boutons D\u00e9tails sur la manche Confort de port ultime Fabriqu\u00e9 au Portugal Mati\u00e8re 96% coton, 4% \u00e9lasthanne","og_url":"https:\/\/www.voustensports.com\/fr\/genti-polo-bleu-40615\/","og_site_name":"Vousten Sports","article_modified_time":"2026-02-05T11:27:22+00:00","og_image":[{"width":1365,"height":2048,"url":"https:\/\/www.voustensports.com\/wp-content\/uploads\/2023\/06\/Polo-blauw-406151.jpg","type":"image\/jpeg"}],"twitter_card":"summary_large_image","schema":{"@context":"https:\/\/schema.org","@graph":[{"@type":"WebPage","@id":"https:\/\/www.voustensports.com\/fr\/genti-polo-bleu-40615\/","url":"https:\/\/www.voustensports.com\/fr\/genti-polo-bleu-40615\/","name":"GENTI - Polo bleu (40615) - Vousten Sports","isPartOf":{"@id":"https:\/\/www.voustensports.com\/nl\/#website"},"primaryImageOfPage":{"@id":"https:\/\/www.voustensports.com\/fr\/genti-polo-bleu-40615\/#primaryimage"},"image":{"@id":"https:\/\/www.voustensports.com\/fr\/genti-polo-bleu-40615\/#primaryimage"},"thumbnailUrl":"https:\/\/www.voustensports.com\/wp-content\/uploads\/2023\/06\/Polo-blauw-406151.jpg","datePublished":"2025-03-08T12:48:19+00:00","dateModified":"2026-02-05T11:27:22+00:00","breadcrumb":{"@id":"https:\/\/www.voustensports.com\/fr\/genti-polo-bleu-40615\/#breadcrumb"},"inLanguage":"fr-FR","potentialAction":[{"@type":"ReadAction","target":["https:\/\/www.voustensports.com\/fr\/genti-polo-bleu-40615\/"]}]},{"@type":"ImageObject","inLanguage":"fr-FR","@id":"https:\/\/www.voustensports.com\/fr\/genti-polo-bleu-40615\/#primaryimage","url":"https:\/\/www.voustensports.com\/wp-content\/uploads\/2023\/06\/Polo-blauw-406151.jpg","contentUrl":"https:\/\/www.voustensports.com\/wp-content\/uploads\/2023\/06\/Polo-blauw-406151.jpg","width":1365,"height":2048},{"@type":"BreadcrumbList","@id":"https:\/\/www.voustensports.com\/fr\/genti-polo-bleu-40615\/#breadcrumb","itemListElement":[{"@type":"ListItem","position":1,"name":"Home","item":"https:\/\/www.voustensports.com\/fr\/"},{"@type":"ListItem","position":2,"name":"Boutique","item":"https:\/\/www.voustensports.com\/fr\/shop\/"},{"@type":"ListItem","position":3,"name":"GENTI &#8211; Polo bleu (40615)"}]},{"@type":"WebSite","@id":"https:\/\/www.voustensports.com\/nl\/#website","url":"https:\/\/www.voustensports.com\/nl\/","name":"Vousten Sports","description":"","potentialAction":[{"@type":"SearchAction","target":{"@type":"EntryPoint","urlTemplate":"https:\/\/www.voustensports.com\/nl\/?s={search_term_string}"},"query-input":{"@type":"PropertyValueSpecification","valueRequired":true,"valueName":"search_term_string"}}],"inLanguage":"fr-FR"}]}},"_links":{"self":[{"href":"https:\/\/www.voustensports.com\/fr\/wp-json\/wp\/v2\/product\/199063","targetHints":{"allow":["GET"]}}],"collection":[{"href":"https:\/\/www.voustensports.com\/fr\/wp-json\/wp\/v2\/product"}],"about":[{"href":"https:\/\/www.voustensports.com\/fr\/wp-json\/wp\/v2\/types\/product"}],"replies":[{"embeddable":true,"href":"https:\/\/www.voustensports.com\/fr\/wp-json\/wp\/v2\/comments?post=199063"}],"wp:featuredmedia":[{"embeddable":true,"href":"https:\/\/www.voustensports.com\/fr\/wp-json\/wp\/v2\/media\/199043"}],"wp:attachment":[{"href":"https:\/\/www.voustensports.com\/fr\/wp-json\/wp\/v2\/media?parent=199063"}],"wp:term":[{"taxonomy":"product_cat","embeddable":true,"href":"https:\/\/www.voustensports.com\/fr\/wp-json\/wp\/v2\/product_cat?post=199063"},{"taxonomy":"product_tag","embeddable":true,"href":"https:\/\/www.voustensports.com\/fr\/wp-json\/wp\/v2\/product_tag?post=199063"}],"curies":[{"name":"wp","href":"https:\/\/api.w.org\/{rel}","templated":true}]}}