{"id":199019,"date":"2025-03-08T13:14:16","date_gmt":"2025-03-08T12:14:16","guid":{"rendered":"https:\/\/www.voustensports.com\/genti-polo-zip-beige-40594-2\/"},"modified":"2026-02-05T12:26:46","modified_gmt":"2026-02-05T11:26:46","slug":"genti-polo-zip-beige-40594-2","status":"publish","type":"product","link":"https:\/\/www.voustensports.com\/fr\/genti-polo-zip-beige-40594-2\/","title":{"rendered":"GENTI &#8211; Polo Zip beige (40594)"},"content":{"rendered":"<div>Polo beige avec col zipp\u00e9, confectionn\u00e9 dans une qualit\u00e9 cool-dry. Cette mati\u00e8re technique et innovante offre du stretch et garantit un confort de port optimal.<\/div>\n<ul>\n<li>Frais et sec<\/li>\n<li>Ne se d\u00e9colore pas apr\u00e8s le lavage<\/li>\n<li>\u00c9quipement technique<\/li>\n<li>Extensible<\/li>\n<li>Polo zipp\u00e9<\/li>\n<li>Coupe ajust\u00e9e<\/li>\n<\/ul>\n<div>Mati\u00e8re : 65% Viscose 35% Nylon<\/div>\n","protected":false},"excerpt":{"rendered":"<p>Polo beige avec col zipp\u00e9, confectionn\u00e9 dans une qualit\u00e9 cool-dry. Cette mati\u00e8re technique et innovante offre du stretch et garantit un confort de port optimal. Frais et sec Ne se d\u00e9colore pas apr\u00e8s le lavage \u00c9quipement technique Extensible Polo zipp\u00e9 Coupe ajust\u00e9e Mati\u00e8re : 65% Viscose 35% Nylon<\/p>\n","protected":false},"featured_media":199007,"comment_status":"open","ping_status":"closed","template":"","meta":{"rank_math_lock_modified_date":false},"product_cat":[446,450,462,478,486,710],"product_tag":[],"class_list":{"0":"post-199019","1":"product","2":"type-product","3":"status-publish","4":"has-post-thumbnail","6":"product_cat-kleding-fr","7":"product_cat-heren-fr","8":"product_cat-vousten-sports-fr-2","9":"product_cat-polos-fr-2","10":"product_cat-shirt-fr-2","11":"product_cat-genti-fr","13":"first","14":"instock","15":"taxable","16":"shipping-taxable","17":"purchasable","18":"product-type-variable"},"acf":[],"yoast_head":"<!-- This site is optimized with the Yoast SEO plugin v23.9 - https:\/\/yoast.com\/wordpress\/plugins\/seo\/ -->\n<title>GENTI - Polo Zip beige (40594) - Vousten Sports<\/title>\n<meta name=\"robots\" content=\"index, follow, max-snippet:-1, max-image-preview:large, max-video-preview:-1\" \/>\n<link rel=\"canonical\" href=\"https:\/\/www.voustensports.com\/fr\/genti-polo-zip-beige-40594-2\/\" \/>\n<meta property=\"og:locale\" content=\"fr_FR\" \/>\n<meta property=\"og:type\" content=\"article\" \/>\n<meta property=\"og:title\" content=\"GENTI - Polo Zip beige (40594) - Vousten Sports\" \/>\n<meta property=\"og:description\" content=\"Polo beige avec col zipp\u00e9, confectionn\u00e9 dans une qualit\u00e9 cool-dry. Cette mati\u00e8re technique et innovante offre du stretch et garantit un confort de port optimal. Frais et sec Ne se d\u00e9colore pas apr\u00e8s le lavage \u00c9quipement technique Extensible Polo zipp\u00e9 Coupe ajust\u00e9e Mati\u00e8re : 65% Viscose 35% Nylon\" \/>\n<meta property=\"og:url\" content=\"https:\/\/www.voustensports.com\/fr\/genti-polo-zip-beige-40594-2\/\" \/>\n<meta property=\"og:site_name\" content=\"Vousten Sports\" \/>\n<meta property=\"article:modified_time\" content=\"2026-02-05T11:26:46+00:00\" \/>\n<meta property=\"og:image\" content=\"https:\/\/www.voustensports.com\/wp-content\/uploads\/2023\/06\/Polo-Zip-beige-405941.jpg\" \/>\n\t<meta property=\"og:image:width\" content=\"1365\" \/>\n\t<meta property=\"og:image:height\" content=\"2048\" \/>\n\t<meta property=\"og:image:type\" content=\"image\/jpeg\" \/>\n<meta name=\"twitter:card\" content=\"summary_large_image\" \/>\n<script type=\"application\/ld+json\" class=\"yoast-schema-graph\">{\"@context\":\"https:\/\/schema.org\",\"@graph\":[{\"@type\":\"WebPage\",\"@id\":\"https:\/\/www.voustensports.com\/fr\/genti-polo-zip-beige-40594-2\/\",\"url\":\"https:\/\/www.voustensports.com\/fr\/genti-polo-zip-beige-40594-2\/\",\"name\":\"GENTI - Polo Zip beige (40594) - Vousten Sports\",\"isPartOf\":{\"@id\":\"https:\/\/www.voustensports.com\/nl\/#website\"},\"primaryImageOfPage\":{\"@id\":\"https:\/\/www.voustensports.com\/fr\/genti-polo-zip-beige-40594-2\/#primaryimage\"},\"image\":{\"@id\":\"https:\/\/www.voustensports.com\/fr\/genti-polo-zip-beige-40594-2\/#primaryimage\"},\"thumbnailUrl\":\"https:\/\/www.voustensports.com\/wp-content\/uploads\/2023\/06\/Polo-Zip-beige-405941.jpg\",\"datePublished\":\"2025-03-08T12:14:16+00:00\",\"dateModified\":\"2026-02-05T11:26:46+00:00\",\"breadcrumb\":{\"@id\":\"https:\/\/www.voustensports.com\/fr\/genti-polo-zip-beige-40594-2\/#breadcrumb\"},\"inLanguage\":\"fr-FR\",\"potentialAction\":[{\"@type\":\"ReadAction\",\"target\":[\"https:\/\/www.voustensports.com\/fr\/genti-polo-zip-beige-40594-2\/\"]}]},{\"@type\":\"ImageObject\",\"inLanguage\":\"fr-FR\",\"@id\":\"https:\/\/www.voustensports.com\/fr\/genti-polo-zip-beige-40594-2\/#primaryimage\",\"url\":\"https:\/\/www.voustensports.com\/wp-content\/uploads\/2023\/06\/Polo-Zip-beige-405941.jpg\",\"contentUrl\":\"https:\/\/www.voustensports.com\/wp-content\/uploads\/2023\/06\/Polo-Zip-beige-405941.jpg\",\"width\":1365,\"height\":2048},{\"@type\":\"BreadcrumbList\",\"@id\":\"https:\/\/www.voustensports.com\/fr\/genti-polo-zip-beige-40594-2\/#breadcrumb\",\"itemListElement\":[{\"@type\":\"ListItem\",\"position\":1,\"name\":\"Home\",\"item\":\"https:\/\/www.voustensports.com\/fr\/\"},{\"@type\":\"ListItem\",\"position\":2,\"name\":\"Boutique\",\"item\":\"https:\/\/www.voustensports.com\/fr\/shop\/\"},{\"@type\":\"ListItem\",\"position\":3,\"name\":\"GENTI &#8211; Polo Zip beige (40594)\"}]},{\"@type\":\"WebSite\",\"@id\":\"https:\/\/www.voustensports.com\/nl\/#website\",\"url\":\"https:\/\/www.voustensports.com\/nl\/\",\"name\":\"Vousten Sports\",\"description\":\"\",\"potentialAction\":[{\"@type\":\"SearchAction\",\"target\":{\"@type\":\"EntryPoint\",\"urlTemplate\":\"https:\/\/www.voustensports.com\/nl\/?s={search_term_string}\"},\"query-input\":{\"@type\":\"PropertyValueSpecification\",\"valueRequired\":true,\"valueName\":\"search_term_string\"}}],\"inLanguage\":\"fr-FR\"}]}<\/script>\n<!-- \/ Yoast SEO plugin. -->","yoast_head_json":{"title":"GENTI - Polo Zip beige (40594) - Vousten Sports","robots":{"index":"index","follow":"follow","max-snippet":"max-snippet:-1","max-image-preview":"max-image-preview:large","max-video-preview":"max-video-preview:-1"},"canonical":"https:\/\/www.voustensports.com\/fr\/genti-polo-zip-beige-40594-2\/","og_locale":"fr_FR","og_type":"article","og_title":"GENTI - Polo Zip beige (40594) - Vousten Sports","og_description":"Polo beige avec col zipp\u00e9, confectionn\u00e9 dans une qualit\u00e9 cool-dry. Cette mati\u00e8re technique et innovante offre du stretch et garantit un confort de port optimal. Frais et sec Ne se d\u00e9colore pas apr\u00e8s le lavage \u00c9quipement technique Extensible Polo zipp\u00e9 Coupe ajust\u00e9e Mati\u00e8re : 65% Viscose 35% Nylon","og_url":"https:\/\/www.voustensports.com\/fr\/genti-polo-zip-beige-40594-2\/","og_site_name":"Vousten Sports","article_modified_time":"2026-02-05T11:26:46+00:00","og_image":[{"width":1365,"height":2048,"url":"https:\/\/www.voustensports.com\/wp-content\/uploads\/2023\/06\/Polo-Zip-beige-405941.jpg","type":"image\/jpeg"}],"twitter_card":"summary_large_image","schema":{"@context":"https:\/\/schema.org","@graph":[{"@type":"WebPage","@id":"https:\/\/www.voustensports.com\/fr\/genti-polo-zip-beige-40594-2\/","url":"https:\/\/www.voustensports.com\/fr\/genti-polo-zip-beige-40594-2\/","name":"GENTI - Polo Zip beige (40594) - Vousten Sports","isPartOf":{"@id":"https:\/\/www.voustensports.com\/nl\/#website"},"primaryImageOfPage":{"@id":"https:\/\/www.voustensports.com\/fr\/genti-polo-zip-beige-40594-2\/#primaryimage"},"image":{"@id":"https:\/\/www.voustensports.com\/fr\/genti-polo-zip-beige-40594-2\/#primaryimage"},"thumbnailUrl":"https:\/\/www.voustensports.com\/wp-content\/uploads\/2023\/06\/Polo-Zip-beige-405941.jpg","datePublished":"2025-03-08T12:14:16+00:00","dateModified":"2026-02-05T11:26:46+00:00","breadcrumb":{"@id":"https:\/\/www.voustensports.com\/fr\/genti-polo-zip-beige-40594-2\/#breadcrumb"},"inLanguage":"fr-FR","potentialAction":[{"@type":"ReadAction","target":["https:\/\/www.voustensports.com\/fr\/genti-polo-zip-beige-40594-2\/"]}]},{"@type":"ImageObject","inLanguage":"fr-FR","@id":"https:\/\/www.voustensports.com\/fr\/genti-polo-zip-beige-40594-2\/#primaryimage","url":"https:\/\/www.voustensports.com\/wp-content\/uploads\/2023\/06\/Polo-Zip-beige-405941.jpg","contentUrl":"https:\/\/www.voustensports.com\/wp-content\/uploads\/2023\/06\/Polo-Zip-beige-405941.jpg","width":1365,"height":2048},{"@type":"BreadcrumbList","@id":"https:\/\/www.voustensports.com\/fr\/genti-polo-zip-beige-40594-2\/#breadcrumb","itemListElement":[{"@type":"ListItem","position":1,"name":"Home","item":"https:\/\/www.voustensports.com\/fr\/"},{"@type":"ListItem","position":2,"name":"Boutique","item":"https:\/\/www.voustensports.com\/fr\/shop\/"},{"@type":"ListItem","position":3,"name":"GENTI &#8211; Polo Zip beige (40594)"}]},{"@type":"WebSite","@id":"https:\/\/www.voustensports.com\/nl\/#website","url":"https:\/\/www.voustensports.com\/nl\/","name":"Vousten Sports","description":"","potentialAction":[{"@type":"SearchAction","target":{"@type":"EntryPoint","urlTemplate":"https:\/\/www.voustensports.com\/nl\/?s={search_term_string}"},"query-input":{"@type":"PropertyValueSpecification","valueRequired":true,"valueName":"search_term_string"}}],"inLanguage":"fr-FR"}]}},"_links":{"self":[{"href":"https:\/\/www.voustensports.com\/fr\/wp-json\/wp\/v2\/product\/199019","targetHints":{"allow":["GET"]}}],"collection":[{"href":"https:\/\/www.voustensports.com\/fr\/wp-json\/wp\/v2\/product"}],"about":[{"href":"https:\/\/www.voustensports.com\/fr\/wp-json\/wp\/v2\/types\/product"}],"replies":[{"embeddable":true,"href":"https:\/\/www.voustensports.com\/fr\/wp-json\/wp\/v2\/comments?post=199019"}],"wp:featuredmedia":[{"embeddable":true,"href":"https:\/\/www.voustensports.com\/fr\/wp-json\/wp\/v2\/media\/199007"}],"wp:attachment":[{"href":"https:\/\/www.voustensports.com\/fr\/wp-json\/wp\/v2\/media?parent=199019"}],"wp:term":[{"taxonomy":"product_cat","embeddable":true,"href":"https:\/\/www.voustensports.com\/fr\/wp-json\/wp\/v2\/product_cat?post=199019"},{"taxonomy":"product_tag","embeddable":true,"href":"https:\/\/www.voustensports.com\/fr\/wp-json\/wp\/v2\/product_tag?post=199019"}],"curies":[{"name":"wp","href":"https:\/\/api.w.org\/{rel}","templated":true}]}}