{"id":198778,"date":"2025-03-07T21:16:10","date_gmt":"2025-03-07T20:16:10","guid":{"rendered":"https:\/\/www.voustensports.com\/stone-island-crewneck-jumper-donkerblauw-40787-2\/"},"modified":"2026-02-05T12:31:10","modified_gmt":"2026-02-05T11:31:10","slug":"stone-island-crewneck-jumper-donkerblauw-40787-2","status":"publish","type":"product","link":"https:\/\/www.voustensports.com\/fr\/stone-island-crewneck-jumper-donkerblauw-40787-2\/","title":{"rendered":"STONE ISLAND &#8211; PULL COL ROND BLEU FONC\u00c9 (40787)"},"content":{"rendered":"<div>D\u00c9TAILS DU PRODUIT<\/div>\n<div>Pull col rond tricot\u00e9 en coton biologique c\u00f4tel\u00e9 brut \u00e0 la main.<\/div>\n<div><\/div>\n<div>STYLE<\/div>\n<div>Encolure c\u00f4tel\u00e9e.<\/div>\n<div>Badge Stone Island sur la manche gauche.<\/div>\n<div>Poignets et bande inf\u00e9rieure c\u00f4tel\u00e9s.<\/div>\n<div>Coupe r\u00e9guli\u00e8re.<\/div>\n<div><\/div>\n<div>COMPOSITION<\/div>\n<div>100 % coton<\/div>\n<div>Num\u00e9ro Stone Island : 51000042<\/div>\n<div>Num\u00e9ro d&rsquo;identification : 40787<\/div>\n","protected":false},"excerpt":{"rendered":"<p>D\u00c9TAILS DU PRODUIT Pull col rond tricot\u00e9 en coton biologique c\u00f4tel\u00e9 brut \u00e0 la main. STYLE Encolure c\u00f4tel\u00e9e. Badge Stone Island sur la manche gauche. Poignets et bande inf\u00e9rieure c\u00f4tel\u00e9s. Coupe r\u00e9guli\u00e8re. COMPOSITION 100 % coton Num\u00e9ro Stone Island : 51000042 Num\u00e9ro d&rsquo;identification : 40787<\/p>\n","protected":false},"featured_media":198766,"comment_status":"open","ping_status":"closed","template":"","meta":{"rank_math_lock_modified_date":false},"product_cat":[697,446,450,462,482,534,538,694],"product_tag":[],"class_list":{"0":"post-198778","1":"product","2":"type-product","3":"status-publish","4":"has-post-thumbnail","6":"product_cat-sweaters-fr-2","7":"product_cat-kleding-fr","8":"product_cat-heren-fr","9":"product_cat-vousten-sports-fr-2","10":"product_cat-stone-island-fr-2","11":"product_cat-truien-fr-2","12":"product_cat-knitwear-fr","13":"product_cat-truien-vesten-fr-2","15":"first","16":"outofstock","17":"taxable","18":"shipping-taxable","19":"purchasable","20":"product-type-variable"},"acf":[],"yoast_head":"<!-- This site is optimized with the Yoast SEO plugin v23.9 - https:\/\/yoast.com\/wordpress\/plugins\/seo\/ -->\n<title>STONE ISLAND - PULL COL ROND BLEU FONC\u00c9 (40787) - Vousten Sports<\/title>\n<meta name=\"robots\" content=\"index, follow, max-snippet:-1, max-image-preview:large, max-video-preview:-1\" \/>\n<link rel=\"canonical\" href=\"https:\/\/www.voustensports.com\/fr\/stone-island-crewneck-jumper-donkerblauw-40787-2\/\" \/>\n<meta property=\"og:locale\" content=\"fr_FR\" \/>\n<meta property=\"og:type\" content=\"article\" \/>\n<meta property=\"og:title\" content=\"STONE ISLAND - PULL COL ROND BLEU FONC\u00c9 (40787) - Vousten Sports\" \/>\n<meta property=\"og:description\" content=\"D\u00c9TAILS DU PRODUIT Pull col rond tricot\u00e9 en coton biologique c\u00f4tel\u00e9 brut \u00e0 la main. STYLE Encolure c\u00f4tel\u00e9e. Badge Stone Island sur la manche gauche. Poignets et bande inf\u00e9rieure c\u00f4tel\u00e9s. Coupe r\u00e9guli\u00e8re. COMPOSITION 100 % coton Num\u00e9ro Stone Island : 51000042 Num\u00e9ro d&rsquo;identification : 40787\" \/>\n<meta property=\"og:url\" content=\"https:\/\/www.voustensports.com\/fr\/stone-island-crewneck-jumper-donkerblauw-40787-2\/\" \/>\n<meta property=\"og:site_name\" content=\"Vousten Sports\" \/>\n<meta property=\"article:modified_time\" content=\"2026-02-05T11:31:10+00:00\" \/>\n<meta property=\"og:image\" content=\"https:\/\/www.voustensports.com\/wp-content\/uploads\/2023\/06\/CREWNECK-JUMPER-DONKERBLAUW-407871.jpg\" \/>\n\t<meta property=\"og:image:width\" content=\"1365\" \/>\n\t<meta property=\"og:image:height\" content=\"2048\" \/>\n\t<meta property=\"og:image:type\" content=\"image\/jpeg\" \/>\n<meta name=\"twitter:card\" content=\"summary_large_image\" \/>\n<script type=\"application\/ld+json\" class=\"yoast-schema-graph\">{\"@context\":\"https:\/\/schema.org\",\"@graph\":[{\"@type\":\"WebPage\",\"@id\":\"https:\/\/www.voustensports.com\/fr\/stone-island-crewneck-jumper-donkerblauw-40787-2\/\",\"url\":\"https:\/\/www.voustensports.com\/fr\/stone-island-crewneck-jumper-donkerblauw-40787-2\/\",\"name\":\"STONE ISLAND - PULL COL ROND BLEU FONC\u00c9 (40787) - Vousten Sports\",\"isPartOf\":{\"@id\":\"https:\/\/www.voustensports.com\/nl\/#website\"},\"primaryImageOfPage\":{\"@id\":\"https:\/\/www.voustensports.com\/fr\/stone-island-crewneck-jumper-donkerblauw-40787-2\/#primaryimage\"},\"image\":{\"@id\":\"https:\/\/www.voustensports.com\/fr\/stone-island-crewneck-jumper-donkerblauw-40787-2\/#primaryimage\"},\"thumbnailUrl\":\"https:\/\/www.voustensports.com\/wp-content\/uploads\/2023\/06\/CREWNECK-JUMPER-DONKERBLAUW-407871.jpg\",\"datePublished\":\"2025-03-07T20:16:10+00:00\",\"dateModified\":\"2026-02-05T11:31:10+00:00\",\"breadcrumb\":{\"@id\":\"https:\/\/www.voustensports.com\/fr\/stone-island-crewneck-jumper-donkerblauw-40787-2\/#breadcrumb\"},\"inLanguage\":\"fr-FR\",\"potentialAction\":[{\"@type\":\"ReadAction\",\"target\":[\"https:\/\/www.voustensports.com\/fr\/stone-island-crewneck-jumper-donkerblauw-40787-2\/\"]}]},{\"@type\":\"ImageObject\",\"inLanguage\":\"fr-FR\",\"@id\":\"https:\/\/www.voustensports.com\/fr\/stone-island-crewneck-jumper-donkerblauw-40787-2\/#primaryimage\",\"url\":\"https:\/\/www.voustensports.com\/wp-content\/uploads\/2023\/06\/CREWNECK-JUMPER-DONKERBLAUW-407871.jpg\",\"contentUrl\":\"https:\/\/www.voustensports.com\/wp-content\/uploads\/2023\/06\/CREWNECK-JUMPER-DONKERBLAUW-407871.jpg\",\"width\":1365,\"height\":2048},{\"@type\":\"BreadcrumbList\",\"@id\":\"https:\/\/www.voustensports.com\/fr\/stone-island-crewneck-jumper-donkerblauw-40787-2\/#breadcrumb\",\"itemListElement\":[{\"@type\":\"ListItem\",\"position\":1,\"name\":\"Home\",\"item\":\"https:\/\/www.voustensports.com\/fr\/\"},{\"@type\":\"ListItem\",\"position\":2,\"name\":\"Boutique\",\"item\":\"https:\/\/www.voustensports.com\/fr\/shop\/\"},{\"@type\":\"ListItem\",\"position\":3,\"name\":\"STONE ISLAND &#8211; PULL COL ROND BLEU FONC\u00c9 (40787)\"}]},{\"@type\":\"WebSite\",\"@id\":\"https:\/\/www.voustensports.com\/nl\/#website\",\"url\":\"https:\/\/www.voustensports.com\/nl\/\",\"name\":\"Vousten Sports\",\"description\":\"\",\"potentialAction\":[{\"@type\":\"SearchAction\",\"target\":{\"@type\":\"EntryPoint\",\"urlTemplate\":\"https:\/\/www.voustensports.com\/nl\/?s={search_term_string}\"},\"query-input\":{\"@type\":\"PropertyValueSpecification\",\"valueRequired\":true,\"valueName\":\"search_term_string\"}}],\"inLanguage\":\"fr-FR\"}]}<\/script>\n<!-- \/ Yoast SEO plugin. -->","yoast_head_json":{"title":"STONE ISLAND - PULL COL ROND BLEU FONC\u00c9 (40787) - Vousten Sports","robots":{"index":"index","follow":"follow","max-snippet":"max-snippet:-1","max-image-preview":"max-image-preview:large","max-video-preview":"max-video-preview:-1"},"canonical":"https:\/\/www.voustensports.com\/fr\/stone-island-crewneck-jumper-donkerblauw-40787-2\/","og_locale":"fr_FR","og_type":"article","og_title":"STONE ISLAND - PULL COL ROND BLEU FONC\u00c9 (40787) - Vousten Sports","og_description":"D\u00c9TAILS DU PRODUIT Pull col rond tricot\u00e9 en coton biologique c\u00f4tel\u00e9 brut \u00e0 la main. STYLE Encolure c\u00f4tel\u00e9e. Badge Stone Island sur la manche gauche. Poignets et bande inf\u00e9rieure c\u00f4tel\u00e9s. Coupe r\u00e9guli\u00e8re. COMPOSITION 100 % coton Num\u00e9ro Stone Island : 51000042 Num\u00e9ro d&rsquo;identification : 40787","og_url":"https:\/\/www.voustensports.com\/fr\/stone-island-crewneck-jumper-donkerblauw-40787-2\/","og_site_name":"Vousten Sports","article_modified_time":"2026-02-05T11:31:10+00:00","og_image":[{"width":1365,"height":2048,"url":"https:\/\/www.voustensports.com\/wp-content\/uploads\/2023\/06\/CREWNECK-JUMPER-DONKERBLAUW-407871.jpg","type":"image\/jpeg"}],"twitter_card":"summary_large_image","schema":{"@context":"https:\/\/schema.org","@graph":[{"@type":"WebPage","@id":"https:\/\/www.voustensports.com\/fr\/stone-island-crewneck-jumper-donkerblauw-40787-2\/","url":"https:\/\/www.voustensports.com\/fr\/stone-island-crewneck-jumper-donkerblauw-40787-2\/","name":"STONE ISLAND - PULL COL ROND BLEU FONC\u00c9 (40787) - Vousten Sports","isPartOf":{"@id":"https:\/\/www.voustensports.com\/nl\/#website"},"primaryImageOfPage":{"@id":"https:\/\/www.voustensports.com\/fr\/stone-island-crewneck-jumper-donkerblauw-40787-2\/#primaryimage"},"image":{"@id":"https:\/\/www.voustensports.com\/fr\/stone-island-crewneck-jumper-donkerblauw-40787-2\/#primaryimage"},"thumbnailUrl":"https:\/\/www.voustensports.com\/wp-content\/uploads\/2023\/06\/CREWNECK-JUMPER-DONKERBLAUW-407871.jpg","datePublished":"2025-03-07T20:16:10+00:00","dateModified":"2026-02-05T11:31:10+00:00","breadcrumb":{"@id":"https:\/\/www.voustensports.com\/fr\/stone-island-crewneck-jumper-donkerblauw-40787-2\/#breadcrumb"},"inLanguage":"fr-FR","potentialAction":[{"@type":"ReadAction","target":["https:\/\/www.voustensports.com\/fr\/stone-island-crewneck-jumper-donkerblauw-40787-2\/"]}]},{"@type":"ImageObject","inLanguage":"fr-FR","@id":"https:\/\/www.voustensports.com\/fr\/stone-island-crewneck-jumper-donkerblauw-40787-2\/#primaryimage","url":"https:\/\/www.voustensports.com\/wp-content\/uploads\/2023\/06\/CREWNECK-JUMPER-DONKERBLAUW-407871.jpg","contentUrl":"https:\/\/www.voustensports.com\/wp-content\/uploads\/2023\/06\/CREWNECK-JUMPER-DONKERBLAUW-407871.jpg","width":1365,"height":2048},{"@type":"BreadcrumbList","@id":"https:\/\/www.voustensports.com\/fr\/stone-island-crewneck-jumper-donkerblauw-40787-2\/#breadcrumb","itemListElement":[{"@type":"ListItem","position":1,"name":"Home","item":"https:\/\/www.voustensports.com\/fr\/"},{"@type":"ListItem","position":2,"name":"Boutique","item":"https:\/\/www.voustensports.com\/fr\/shop\/"},{"@type":"ListItem","position":3,"name":"STONE ISLAND &#8211; PULL COL ROND BLEU FONC\u00c9 (40787)"}]},{"@type":"WebSite","@id":"https:\/\/www.voustensports.com\/nl\/#website","url":"https:\/\/www.voustensports.com\/nl\/","name":"Vousten Sports","description":"","potentialAction":[{"@type":"SearchAction","target":{"@type":"EntryPoint","urlTemplate":"https:\/\/www.voustensports.com\/nl\/?s={search_term_string}"},"query-input":{"@type":"PropertyValueSpecification","valueRequired":true,"valueName":"search_term_string"}}],"inLanguage":"fr-FR"}]}},"_links":{"self":[{"href":"https:\/\/www.voustensports.com\/fr\/wp-json\/wp\/v2\/product\/198778","targetHints":{"allow":["GET"]}}],"collection":[{"href":"https:\/\/www.voustensports.com\/fr\/wp-json\/wp\/v2\/product"}],"about":[{"href":"https:\/\/www.voustensports.com\/fr\/wp-json\/wp\/v2\/types\/product"}],"replies":[{"embeddable":true,"href":"https:\/\/www.voustensports.com\/fr\/wp-json\/wp\/v2\/comments?post=198778"}],"wp:featuredmedia":[{"embeddable":true,"href":"https:\/\/www.voustensports.com\/fr\/wp-json\/wp\/v2\/media\/198766"}],"wp:attachment":[{"href":"https:\/\/www.voustensports.com\/fr\/wp-json\/wp\/v2\/media?parent=198778"}],"wp:term":[{"taxonomy":"product_cat","embeddable":true,"href":"https:\/\/www.voustensports.com\/fr\/wp-json\/wp\/v2\/product_cat?post=198778"},{"taxonomy":"product_tag","embeddable":true,"href":"https:\/\/www.voustensports.com\/fr\/wp-json\/wp\/v2\/product_tag?post=198778"}],"curies":[{"name":"wp","href":"https:\/\/api.w.org\/{rel}","templated":true}]}}