{"id":198742,"date":"2025-03-07T19:16:19","date_gmt":"2025-03-07T18:16:19","guid":{"rendered":"https:\/\/www.voustensports.com\/stone-island-crewneck-sweatshirt-zwart-40791-2\/"},"modified":"2026-02-05T12:31:13","modified_gmt":"2026-02-05T11:31:13","slug":"stone-island-crewneck-sweatshirt-zwart-40791-2","status":"publish","type":"product","link":"https:\/\/www.voustensports.com\/fr\/stone-island-crewneck-sweatshirt-zwart-40791-2\/","title":{"rendered":"STONE ISLAND &#8211; SWEAT-SHIRT COL ROND NOIR (40791)"},"content":{"rendered":"<div>D\u00c9TAILS DU PRODUIT<\/div>\n<div>Sweat-shirt col rond en molleton de coton.<\/div>\n<div>Teint en pi\u00e8ce.<\/div>\n<div><\/div>\n<div>STYLE<\/div>\n<div>Applique en ruban de coton sur la poitrine avec passants.<\/div>\n<div>Sur la manche gauche, poche \u00e0 soufflet arrondie en coton avec fermeture zipp\u00e9e, orn\u00e9e du badge Stone Island. Coutures surjet\u00e9es sur les \u00e9paules, les emmanchures et les c\u00f4t\u00e9s.<\/div>\n<div>Poignets et bande inf\u00e9rieure c\u00f4tel\u00e9s. Coupe standard.<\/div>\n<div><\/div>\n<div>COMPOSITION<\/div>\n<div>Tissu ext\u00e9rieur : 100 % coton. Poche : 100 % coton. Bord-c\u00f4te : 98 % coton, 2 % \u00e9lasthanne\/\u00e9lasthanne<\/div>\n<div>Num\u00e9ro Stone Island : 6100003<\/div>\n<div>Num\u00e9ro d&rsquo;identification : 40791<\/div>\n","protected":false},"excerpt":{"rendered":"<p>D\u00c9TAILS DU PRODUIT Sweat-shirt col rond en molleton de coton. Teint en pi\u00e8ce. STYLE Applique en ruban de coton sur la poitrine avec passants. Sur la manche gauche, poche \u00e0 soufflet arrondie en coton avec fermeture zipp\u00e9e, orn\u00e9e du badge Stone Island. Coutures surjet\u00e9es sur les \u00e9paules, les emmanchures et les c\u00f4t\u00e9s. Poignets et bande [&#8230;]\n","protected":false},"featured_media":198730,"comment_status":"open","ping_status":"closed","template":"","meta":{"rank_math_lock_modified_date":false},"product_cat":[446,450,462,482,534,694,697],"product_tag":[],"class_list":{"0":"post-198742","1":"product","2":"type-product","3":"status-publish","4":"has-post-thumbnail","6":"product_cat-kleding-fr","7":"product_cat-heren-fr","8":"product_cat-vousten-sports-fr-2","9":"product_cat-stone-island-fr-2","10":"product_cat-truien-fr-2","11":"product_cat-truien-vesten-fr-2","12":"product_cat-sweaters-fr-2","14":"first","15":"outofstock","16":"taxable","17":"shipping-taxable","18":"purchasable","19":"product-type-variable"},"acf":[],"yoast_head":"<!-- This site is optimized with the Yoast SEO plugin v23.9 - https:\/\/yoast.com\/wordpress\/plugins\/seo\/ -->\n<title>STONE ISLAND - SWEAT-SHIRT COL ROND NOIR (40791) - Vousten Sports<\/title>\n<meta name=\"robots\" content=\"index, follow, max-snippet:-1, max-image-preview:large, max-video-preview:-1\" \/>\n<link rel=\"canonical\" href=\"https:\/\/www.voustensports.com\/fr\/stone-island-crewneck-sweatshirt-zwart-40791-2\/\" \/>\n<meta property=\"og:locale\" content=\"fr_FR\" \/>\n<meta property=\"og:type\" content=\"article\" \/>\n<meta property=\"og:title\" content=\"STONE ISLAND - SWEAT-SHIRT COL ROND NOIR (40791) - Vousten Sports\" \/>\n<meta property=\"og:description\" content=\"D\u00c9TAILS DU PRODUIT Sweat-shirt col rond en molleton de coton. Teint en pi\u00e8ce. STYLE Applique en ruban de coton sur la poitrine avec passants. Sur la manche gauche, poche \u00e0 soufflet arrondie en coton avec fermeture zipp\u00e9e, orn\u00e9e du badge Stone Island. Coutures surjet\u00e9es sur les \u00e9paules, les emmanchures et les c\u00f4t\u00e9s. Poignets et bande [...]\" \/>\n<meta property=\"og:url\" content=\"https:\/\/www.voustensports.com\/fr\/stone-island-crewneck-sweatshirt-zwart-40791-2\/\" \/>\n<meta property=\"og:site_name\" content=\"Vousten Sports\" \/>\n<meta property=\"article:modified_time\" content=\"2026-02-05T11:31:13+00:00\" \/>\n<meta property=\"og:image\" content=\"https:\/\/www.voustensports.com\/wp-content\/uploads\/2023\/06\/CREWNECK-SWEATSHIRT-ZWART-407911.jpg\" \/>\n\t<meta property=\"og:image:width\" content=\"1365\" \/>\n\t<meta property=\"og:image:height\" content=\"2048\" \/>\n\t<meta property=\"og:image:type\" content=\"image\/jpeg\" \/>\n<meta name=\"twitter:card\" content=\"summary_large_image\" \/>\n<script type=\"application\/ld+json\" class=\"yoast-schema-graph\">{\"@context\":\"https:\/\/schema.org\",\"@graph\":[{\"@type\":\"WebPage\",\"@id\":\"https:\/\/www.voustensports.com\/fr\/stone-island-crewneck-sweatshirt-zwart-40791-2\/\",\"url\":\"https:\/\/www.voustensports.com\/fr\/stone-island-crewneck-sweatshirt-zwart-40791-2\/\",\"name\":\"STONE ISLAND - SWEAT-SHIRT COL ROND NOIR (40791) - Vousten Sports\",\"isPartOf\":{\"@id\":\"https:\/\/www.voustensports.com\/nl\/#website\"},\"primaryImageOfPage\":{\"@id\":\"https:\/\/www.voustensports.com\/fr\/stone-island-crewneck-sweatshirt-zwart-40791-2\/#primaryimage\"},\"image\":{\"@id\":\"https:\/\/www.voustensports.com\/fr\/stone-island-crewneck-sweatshirt-zwart-40791-2\/#primaryimage\"},\"thumbnailUrl\":\"https:\/\/www.voustensports.com\/wp-content\/uploads\/2023\/06\/CREWNECK-SWEATSHIRT-ZWART-407911.jpg\",\"datePublished\":\"2025-03-07T18:16:19+00:00\",\"dateModified\":\"2026-02-05T11:31:13+00:00\",\"breadcrumb\":{\"@id\":\"https:\/\/www.voustensports.com\/fr\/stone-island-crewneck-sweatshirt-zwart-40791-2\/#breadcrumb\"},\"inLanguage\":\"fr-FR\",\"potentialAction\":[{\"@type\":\"ReadAction\",\"target\":[\"https:\/\/www.voustensports.com\/fr\/stone-island-crewneck-sweatshirt-zwart-40791-2\/\"]}]},{\"@type\":\"ImageObject\",\"inLanguage\":\"fr-FR\",\"@id\":\"https:\/\/www.voustensports.com\/fr\/stone-island-crewneck-sweatshirt-zwart-40791-2\/#primaryimage\",\"url\":\"https:\/\/www.voustensports.com\/wp-content\/uploads\/2023\/06\/CREWNECK-SWEATSHIRT-ZWART-407911.jpg\",\"contentUrl\":\"https:\/\/www.voustensports.com\/wp-content\/uploads\/2023\/06\/CREWNECK-SWEATSHIRT-ZWART-407911.jpg\",\"width\":1365,\"height\":2048},{\"@type\":\"BreadcrumbList\",\"@id\":\"https:\/\/www.voustensports.com\/fr\/stone-island-crewneck-sweatshirt-zwart-40791-2\/#breadcrumb\",\"itemListElement\":[{\"@type\":\"ListItem\",\"position\":1,\"name\":\"Home\",\"item\":\"https:\/\/www.voustensports.com\/fr\/\"},{\"@type\":\"ListItem\",\"position\":2,\"name\":\"Boutique\",\"item\":\"https:\/\/www.voustensports.com\/fr\/shop\/\"},{\"@type\":\"ListItem\",\"position\":3,\"name\":\"STONE ISLAND &#8211; SWEAT-SHIRT COL ROND NOIR (40791)\"}]},{\"@type\":\"WebSite\",\"@id\":\"https:\/\/www.voustensports.com\/nl\/#website\",\"url\":\"https:\/\/www.voustensports.com\/nl\/\",\"name\":\"Vousten Sports\",\"description\":\"\",\"potentialAction\":[{\"@type\":\"SearchAction\",\"target\":{\"@type\":\"EntryPoint\",\"urlTemplate\":\"https:\/\/www.voustensports.com\/nl\/?s={search_term_string}\"},\"query-input\":{\"@type\":\"PropertyValueSpecification\",\"valueRequired\":true,\"valueName\":\"search_term_string\"}}],\"inLanguage\":\"fr-FR\"}]}<\/script>\n<!-- \/ Yoast SEO plugin. -->","yoast_head_json":{"title":"STONE ISLAND - SWEAT-SHIRT COL ROND NOIR (40791) - Vousten Sports","robots":{"index":"index","follow":"follow","max-snippet":"max-snippet:-1","max-image-preview":"max-image-preview:large","max-video-preview":"max-video-preview:-1"},"canonical":"https:\/\/www.voustensports.com\/fr\/stone-island-crewneck-sweatshirt-zwart-40791-2\/","og_locale":"fr_FR","og_type":"article","og_title":"STONE ISLAND - SWEAT-SHIRT COL ROND NOIR (40791) - Vousten Sports","og_description":"D\u00c9TAILS DU PRODUIT Sweat-shirt col rond en molleton de coton. Teint en pi\u00e8ce. STYLE Applique en ruban de coton sur la poitrine avec passants. Sur la manche gauche, poche \u00e0 soufflet arrondie en coton avec fermeture zipp\u00e9e, orn\u00e9e du badge Stone Island. Coutures surjet\u00e9es sur les \u00e9paules, les emmanchures et les c\u00f4t\u00e9s. Poignets et bande [...]","og_url":"https:\/\/www.voustensports.com\/fr\/stone-island-crewneck-sweatshirt-zwart-40791-2\/","og_site_name":"Vousten Sports","article_modified_time":"2026-02-05T11:31:13+00:00","og_image":[{"width":1365,"height":2048,"url":"https:\/\/www.voustensports.com\/wp-content\/uploads\/2023\/06\/CREWNECK-SWEATSHIRT-ZWART-407911.jpg","type":"image\/jpeg"}],"twitter_card":"summary_large_image","schema":{"@context":"https:\/\/schema.org","@graph":[{"@type":"WebPage","@id":"https:\/\/www.voustensports.com\/fr\/stone-island-crewneck-sweatshirt-zwart-40791-2\/","url":"https:\/\/www.voustensports.com\/fr\/stone-island-crewneck-sweatshirt-zwart-40791-2\/","name":"STONE ISLAND - SWEAT-SHIRT COL ROND NOIR (40791) - Vousten Sports","isPartOf":{"@id":"https:\/\/www.voustensports.com\/nl\/#website"},"primaryImageOfPage":{"@id":"https:\/\/www.voustensports.com\/fr\/stone-island-crewneck-sweatshirt-zwart-40791-2\/#primaryimage"},"image":{"@id":"https:\/\/www.voustensports.com\/fr\/stone-island-crewneck-sweatshirt-zwart-40791-2\/#primaryimage"},"thumbnailUrl":"https:\/\/www.voustensports.com\/wp-content\/uploads\/2023\/06\/CREWNECK-SWEATSHIRT-ZWART-407911.jpg","datePublished":"2025-03-07T18:16:19+00:00","dateModified":"2026-02-05T11:31:13+00:00","breadcrumb":{"@id":"https:\/\/www.voustensports.com\/fr\/stone-island-crewneck-sweatshirt-zwart-40791-2\/#breadcrumb"},"inLanguage":"fr-FR","potentialAction":[{"@type":"ReadAction","target":["https:\/\/www.voustensports.com\/fr\/stone-island-crewneck-sweatshirt-zwart-40791-2\/"]}]},{"@type":"ImageObject","inLanguage":"fr-FR","@id":"https:\/\/www.voustensports.com\/fr\/stone-island-crewneck-sweatshirt-zwart-40791-2\/#primaryimage","url":"https:\/\/www.voustensports.com\/wp-content\/uploads\/2023\/06\/CREWNECK-SWEATSHIRT-ZWART-407911.jpg","contentUrl":"https:\/\/www.voustensports.com\/wp-content\/uploads\/2023\/06\/CREWNECK-SWEATSHIRT-ZWART-407911.jpg","width":1365,"height":2048},{"@type":"BreadcrumbList","@id":"https:\/\/www.voustensports.com\/fr\/stone-island-crewneck-sweatshirt-zwart-40791-2\/#breadcrumb","itemListElement":[{"@type":"ListItem","position":1,"name":"Home","item":"https:\/\/www.voustensports.com\/fr\/"},{"@type":"ListItem","position":2,"name":"Boutique","item":"https:\/\/www.voustensports.com\/fr\/shop\/"},{"@type":"ListItem","position":3,"name":"STONE ISLAND &#8211; SWEAT-SHIRT COL ROND NOIR (40791)"}]},{"@type":"WebSite","@id":"https:\/\/www.voustensports.com\/nl\/#website","url":"https:\/\/www.voustensports.com\/nl\/","name":"Vousten Sports","description":"","potentialAction":[{"@type":"SearchAction","target":{"@type":"EntryPoint","urlTemplate":"https:\/\/www.voustensports.com\/nl\/?s={search_term_string}"},"query-input":{"@type":"PropertyValueSpecification","valueRequired":true,"valueName":"search_term_string"}}],"inLanguage":"fr-FR"}]}},"_links":{"self":[{"href":"https:\/\/www.voustensports.com\/fr\/wp-json\/wp\/v2\/product\/198742","targetHints":{"allow":["GET"]}}],"collection":[{"href":"https:\/\/www.voustensports.com\/fr\/wp-json\/wp\/v2\/product"}],"about":[{"href":"https:\/\/www.voustensports.com\/fr\/wp-json\/wp\/v2\/types\/product"}],"replies":[{"embeddable":true,"href":"https:\/\/www.voustensports.com\/fr\/wp-json\/wp\/v2\/comments?post=198742"}],"wp:featuredmedia":[{"embeddable":true,"href":"https:\/\/www.voustensports.com\/fr\/wp-json\/wp\/v2\/media\/198730"}],"wp:attachment":[{"href":"https:\/\/www.voustensports.com\/fr\/wp-json\/wp\/v2\/media?parent=198742"}],"wp:term":[{"taxonomy":"product_cat","embeddable":true,"href":"https:\/\/www.voustensports.com\/fr\/wp-json\/wp\/v2\/product_cat?post=198742"},{"taxonomy":"product_tag","embeddable":true,"href":"https:\/\/www.voustensports.com\/fr\/wp-json\/wp\/v2\/product_tag?post=198742"}],"curies":[{"name":"wp","href":"https:\/\/api.w.org\/{rel}","templated":true}]}}