{"id":198714,"date":"2025-03-07T18:44:09","date_gmt":"2025-03-07T17:44:09","guid":{"rendered":"https:\/\/www.voustensports.com\/stone-island-surchemise-noire-40770\/"},"modified":"2026-02-05T12:30:49","modified_gmt":"2026-02-05T11:30:49","slug":"stone-island-surchemise-noire-40770","status":"publish","type":"product","link":"https:\/\/www.voustensports.com\/fr\/stone-island-surchemise-noire-40770\/","title":{"rendered":"STONE ISLAND &#8211; SURCHEMISE NOIRE (40770)"},"content":{"rendered":"<div>D\u00c9TAILS DU PRODUIT<\/div>\n<div>Surchemise en coton serg\u00e9 stretch biologique. Teinte en pi\u00e8ce avec le traitement &lsquo;OLD&rsquo;, un traitement de teinture exclusif et une d\u00e9coloration ult\u00e9rieure sur le v\u00eatement fini pour un aspect l\u00e9g\u00e8rement us\u00e9 et tridimensionnel.<\/div>\n<div><\/div>\n<div>STYLE<\/div>\n<div>Applique en ruban avec passants sur la poitrine.<\/div>\n<div><\/div>\n<div>Poches passepoil\u00e9es avec ruban et boutons-pression.<\/div>\n<div>Sur la manche gauche, poche \u00e0 soufflet arrondie avec fermeture zipp\u00e9e et badge Stone Island.<\/div>\n<div>Bouton-pression de serrage aux poignets.<\/div>\n<div>Empi\u00e8cement au dos.<\/div>\n<div>Fermeture zipp\u00e9e \u00e0 double sens.<\/div>\n<div>Coupe standard.<\/div>\n<div><\/div>\n<div>COMPOSITION<\/div>\n<div>Tissu ext\u00e9rieur : 98 % coton, 2 % \u00e9lasthanne\/\u00e9lasthanne. Doublure : 100 % coton<\/div>\n<div>Num\u00e9ro Stone Island : 1200003<\/div>\n<div>Num\u00e9ro d&rsquo;identification : 40770<\/div>\n","protected":false},"excerpt":{"rendered":"<p>D\u00c9TAILS DU PRODUIT Surchemise en coton serg\u00e9 stretch biologique. Teinte en pi\u00e8ce avec le traitement &lsquo;OLD&rsquo;, un traitement de teinture exclusif et une d\u00e9coloration ult\u00e9rieure sur le v\u00eatement fini pour un aspect l\u00e9g\u00e8rement us\u00e9 et tridimensionnel. STYLE Applique en ruban avec passants sur la poitrine. Poches passepoil\u00e9es avec ruban et boutons-pression. Sur la manche gauche, [&#8230;]\n","protected":false},"featured_media":198702,"comment_status":"open","ping_status":"closed","template":"","meta":{"rank_math_lock_modified_date":false},"product_cat":[446,450,462,482,486,739],"product_tag":[],"class_list":{"0":"post-198714","1":"product","2":"type-product","3":"status-publish","4":"has-post-thumbnail","6":"product_cat-kleding-fr","7":"product_cat-heren-fr","8":"product_cat-vousten-sports-fr-2","9":"product_cat-stone-island-fr-2","10":"product_cat-shirt-fr-2","11":"product_cat-overshirt-fr-2","13":"first","14":"outofstock","15":"taxable","16":"shipping-taxable","17":"purchasable","18":"product-type-variable"},"acf":[],"yoast_head":"<!-- This site is optimized with the Yoast SEO plugin v23.9 - https:\/\/yoast.com\/wordpress\/plugins\/seo\/ -->\n<title>STONE ISLAND - SURCHEMISE NOIRE (40770) - Vousten Sports<\/title>\n<meta name=\"robots\" content=\"index, follow, max-snippet:-1, max-image-preview:large, max-video-preview:-1\" \/>\n<link rel=\"canonical\" href=\"https:\/\/www.voustensports.com\/fr\/stone-island-surchemise-noire-40770\/\" \/>\n<meta property=\"og:locale\" content=\"fr_FR\" \/>\n<meta property=\"og:type\" content=\"article\" \/>\n<meta property=\"og:title\" content=\"STONE ISLAND - SURCHEMISE NOIRE (40770) - Vousten Sports\" \/>\n<meta property=\"og:description\" content=\"D\u00c9TAILS DU PRODUIT Surchemise en coton serg\u00e9 stretch biologique. Teinte en pi\u00e8ce avec le traitement &lsquo;OLD&rsquo;, un traitement de teinture exclusif et une d\u00e9coloration ult\u00e9rieure sur le v\u00eatement fini pour un aspect l\u00e9g\u00e8rement us\u00e9 et tridimensionnel. STYLE Applique en ruban avec passants sur la poitrine. Poches passepoil\u00e9es avec ruban et boutons-pression. Sur la manche gauche, [...]\" \/>\n<meta property=\"og:url\" content=\"https:\/\/www.voustensports.com\/fr\/stone-island-surchemise-noire-40770\/\" \/>\n<meta property=\"og:site_name\" content=\"Vousten Sports\" \/>\n<meta property=\"article:modified_time\" content=\"2026-02-05T11:30:49+00:00\" \/>\n<meta property=\"og:image\" content=\"https:\/\/www.voustensports.com\/wp-content\/uploads\/2023\/06\/OVERSHIRT-BLACK-407701.jpg\" \/>\n\t<meta property=\"og:image:width\" content=\"1365\" \/>\n\t<meta property=\"og:image:height\" content=\"2048\" \/>\n\t<meta property=\"og:image:type\" content=\"image\/jpeg\" \/>\n<meta name=\"twitter:card\" content=\"summary_large_image\" \/>\n<meta name=\"twitter:label1\" content=\"Est. reading time\" \/>\n\t<meta name=\"twitter:data1\" content=\"1 minute\" \/>\n<script type=\"application\/ld+json\" class=\"yoast-schema-graph\">{\"@context\":\"https:\/\/schema.org\",\"@graph\":[{\"@type\":\"WebPage\",\"@id\":\"https:\/\/www.voustensports.com\/fr\/stone-island-surchemise-noire-40770\/\",\"url\":\"https:\/\/www.voustensports.com\/fr\/stone-island-surchemise-noire-40770\/\",\"name\":\"STONE ISLAND - SURCHEMISE NOIRE (40770) - Vousten Sports\",\"isPartOf\":{\"@id\":\"https:\/\/www.voustensports.com\/nl\/#website\"},\"primaryImageOfPage\":{\"@id\":\"https:\/\/www.voustensports.com\/fr\/stone-island-surchemise-noire-40770\/#primaryimage\"},\"image\":{\"@id\":\"https:\/\/www.voustensports.com\/fr\/stone-island-surchemise-noire-40770\/#primaryimage\"},\"thumbnailUrl\":\"https:\/\/www.voustensports.com\/wp-content\/uploads\/2023\/06\/OVERSHIRT-BLACK-407701.jpg\",\"datePublished\":\"2025-03-07T17:44:09+00:00\",\"dateModified\":\"2026-02-05T11:30:49+00:00\",\"breadcrumb\":{\"@id\":\"https:\/\/www.voustensports.com\/fr\/stone-island-surchemise-noire-40770\/#breadcrumb\"},\"inLanguage\":\"fr-FR\",\"potentialAction\":[{\"@type\":\"ReadAction\",\"target\":[\"https:\/\/www.voustensports.com\/fr\/stone-island-surchemise-noire-40770\/\"]}]},{\"@type\":\"ImageObject\",\"inLanguage\":\"fr-FR\",\"@id\":\"https:\/\/www.voustensports.com\/fr\/stone-island-surchemise-noire-40770\/#primaryimage\",\"url\":\"https:\/\/www.voustensports.com\/wp-content\/uploads\/2023\/06\/OVERSHIRT-BLACK-407701.jpg\",\"contentUrl\":\"https:\/\/www.voustensports.com\/wp-content\/uploads\/2023\/06\/OVERSHIRT-BLACK-407701.jpg\",\"width\":1365,\"height\":2048},{\"@type\":\"BreadcrumbList\",\"@id\":\"https:\/\/www.voustensports.com\/fr\/stone-island-surchemise-noire-40770\/#breadcrumb\",\"itemListElement\":[{\"@type\":\"ListItem\",\"position\":1,\"name\":\"Home\",\"item\":\"https:\/\/www.voustensports.com\/fr\/\"},{\"@type\":\"ListItem\",\"position\":2,\"name\":\"Boutique\",\"item\":\"https:\/\/www.voustensports.com\/fr\/shop\/\"},{\"@type\":\"ListItem\",\"position\":3,\"name\":\"STONE ISLAND &#8211; SURCHEMISE NOIRE (40770)\"}]},{\"@type\":\"WebSite\",\"@id\":\"https:\/\/www.voustensports.com\/nl\/#website\",\"url\":\"https:\/\/www.voustensports.com\/nl\/\",\"name\":\"Vousten Sports\",\"description\":\"\",\"potentialAction\":[{\"@type\":\"SearchAction\",\"target\":{\"@type\":\"EntryPoint\",\"urlTemplate\":\"https:\/\/www.voustensports.com\/nl\/?s={search_term_string}\"},\"query-input\":{\"@type\":\"PropertyValueSpecification\",\"valueRequired\":true,\"valueName\":\"search_term_string\"}}],\"inLanguage\":\"fr-FR\"}]}<\/script>\n<!-- \/ Yoast SEO plugin. -->","yoast_head_json":{"title":"STONE ISLAND - SURCHEMISE NOIRE (40770) - Vousten Sports","robots":{"index":"index","follow":"follow","max-snippet":"max-snippet:-1","max-image-preview":"max-image-preview:large","max-video-preview":"max-video-preview:-1"},"canonical":"https:\/\/www.voustensports.com\/fr\/stone-island-surchemise-noire-40770\/","og_locale":"fr_FR","og_type":"article","og_title":"STONE ISLAND - SURCHEMISE NOIRE (40770) - Vousten Sports","og_description":"D\u00c9TAILS DU PRODUIT Surchemise en coton serg\u00e9 stretch biologique. Teinte en pi\u00e8ce avec le traitement &lsquo;OLD&rsquo;, un traitement de teinture exclusif et une d\u00e9coloration ult\u00e9rieure sur le v\u00eatement fini pour un aspect l\u00e9g\u00e8rement us\u00e9 et tridimensionnel. STYLE Applique en ruban avec passants sur la poitrine. Poches passepoil\u00e9es avec ruban et boutons-pression. Sur la manche gauche, [...]","og_url":"https:\/\/www.voustensports.com\/fr\/stone-island-surchemise-noire-40770\/","og_site_name":"Vousten Sports","article_modified_time":"2026-02-05T11:30:49+00:00","og_image":[{"width":1365,"height":2048,"url":"https:\/\/www.voustensports.com\/wp-content\/uploads\/2023\/06\/OVERSHIRT-BLACK-407701.jpg","type":"image\/jpeg"}],"twitter_card":"summary_large_image","twitter_misc":{"Est. reading time":"1 minute"},"schema":{"@context":"https:\/\/schema.org","@graph":[{"@type":"WebPage","@id":"https:\/\/www.voustensports.com\/fr\/stone-island-surchemise-noire-40770\/","url":"https:\/\/www.voustensports.com\/fr\/stone-island-surchemise-noire-40770\/","name":"STONE ISLAND - SURCHEMISE NOIRE (40770) - Vousten Sports","isPartOf":{"@id":"https:\/\/www.voustensports.com\/nl\/#website"},"primaryImageOfPage":{"@id":"https:\/\/www.voustensports.com\/fr\/stone-island-surchemise-noire-40770\/#primaryimage"},"image":{"@id":"https:\/\/www.voustensports.com\/fr\/stone-island-surchemise-noire-40770\/#primaryimage"},"thumbnailUrl":"https:\/\/www.voustensports.com\/wp-content\/uploads\/2023\/06\/OVERSHIRT-BLACK-407701.jpg","datePublished":"2025-03-07T17:44:09+00:00","dateModified":"2026-02-05T11:30:49+00:00","breadcrumb":{"@id":"https:\/\/www.voustensports.com\/fr\/stone-island-surchemise-noire-40770\/#breadcrumb"},"inLanguage":"fr-FR","potentialAction":[{"@type":"ReadAction","target":["https:\/\/www.voustensports.com\/fr\/stone-island-surchemise-noire-40770\/"]}]},{"@type":"ImageObject","inLanguage":"fr-FR","@id":"https:\/\/www.voustensports.com\/fr\/stone-island-surchemise-noire-40770\/#primaryimage","url":"https:\/\/www.voustensports.com\/wp-content\/uploads\/2023\/06\/OVERSHIRT-BLACK-407701.jpg","contentUrl":"https:\/\/www.voustensports.com\/wp-content\/uploads\/2023\/06\/OVERSHIRT-BLACK-407701.jpg","width":1365,"height":2048},{"@type":"BreadcrumbList","@id":"https:\/\/www.voustensports.com\/fr\/stone-island-surchemise-noire-40770\/#breadcrumb","itemListElement":[{"@type":"ListItem","position":1,"name":"Home","item":"https:\/\/www.voustensports.com\/fr\/"},{"@type":"ListItem","position":2,"name":"Boutique","item":"https:\/\/www.voustensports.com\/fr\/shop\/"},{"@type":"ListItem","position":3,"name":"STONE ISLAND &#8211; SURCHEMISE NOIRE (40770)"}]},{"@type":"WebSite","@id":"https:\/\/www.voustensports.com\/nl\/#website","url":"https:\/\/www.voustensports.com\/nl\/","name":"Vousten Sports","description":"","potentialAction":[{"@type":"SearchAction","target":{"@type":"EntryPoint","urlTemplate":"https:\/\/www.voustensports.com\/nl\/?s={search_term_string}"},"query-input":{"@type":"PropertyValueSpecification","valueRequired":true,"valueName":"search_term_string"}}],"inLanguage":"fr-FR"}]}},"_links":{"self":[{"href":"https:\/\/www.voustensports.com\/fr\/wp-json\/wp\/v2\/product\/198714","targetHints":{"allow":["GET"]}}],"collection":[{"href":"https:\/\/www.voustensports.com\/fr\/wp-json\/wp\/v2\/product"}],"about":[{"href":"https:\/\/www.voustensports.com\/fr\/wp-json\/wp\/v2\/types\/product"}],"replies":[{"embeddable":true,"href":"https:\/\/www.voustensports.com\/fr\/wp-json\/wp\/v2\/comments?post=198714"}],"wp:featuredmedia":[{"embeddable":true,"href":"https:\/\/www.voustensports.com\/fr\/wp-json\/wp\/v2\/media\/198702"}],"wp:attachment":[{"href":"https:\/\/www.voustensports.com\/fr\/wp-json\/wp\/v2\/media?parent=198714"}],"wp:term":[{"taxonomy":"product_cat","embeddable":true,"href":"https:\/\/www.voustensports.com\/fr\/wp-json\/wp\/v2\/product_cat?post=198714"},{"taxonomy":"product_tag","embeddable":true,"href":"https:\/\/www.voustensports.com\/fr\/wp-json\/wp\/v2\/product_tag?post=198714"}],"curies":[{"name":"wp","href":"https:\/\/api.w.org\/{rel}","templated":true}]}}