{"id":198679,"date":"2025-03-07T12:16:11","date_gmt":"2025-03-07T11:16:11","guid":{"rendered":"https:\/\/www.voustensports.com\/stone-island-ribbed-crewneck-jumper-ecru-40790-2\/"},"modified":"2026-02-05T12:31:12","modified_gmt":"2026-02-05T11:31:12","slug":"stone-island-ribbed-crewneck-jumper-ecru-40790-2","status":"publish","type":"product","link":"https:\/\/www.voustensports.com\/fr\/stone-island-ribbed-crewneck-jumper-ecru-40790-2\/","title":{"rendered":"STONE ISLAND &#8211; PULL COL ROND C\u00d4TEL\u00c9 \u00c9CRU (40790)"},"content":{"rendered":"<div>D\u00c9TAILS DU PRODUIT<\/div>\n<div>Le tricot \u00e0 col rond est en coton biologique doux et c\u00f4tel\u00e9.<\/div>\n<div><\/div>\n<div>STYLE<\/div>\n<div>Encolure c\u00f4tel\u00e9e. \u00c9cusson Stone Island sur la manche gauche. Poignets et bande inf\u00e9rieure finement c\u00f4tel\u00e9s avec motif surpiqu\u00e9.<\/div>\n<div>Coupe r\u00e9guli\u00e8re.<\/div>\n<div><\/div>\n<div>COMPOS\u00c9<\/div>\n<div>100% coton<\/div>\n<div>Num\u00e9ro de Stone Island : 5100054<\/div>\n<div>N\u00b0 d&rsquo;identification : 40790<\/div>\n","protected":false},"excerpt":{"rendered":"<p>D\u00c9TAILS DU PRODUIT Le tricot \u00e0 col rond est en coton biologique doux et c\u00f4tel\u00e9. STYLE Encolure c\u00f4tel\u00e9e. \u00c9cusson Stone Island sur la manche gauche. Poignets et bande inf\u00e9rieure finement c\u00f4tel\u00e9s avec motif surpiqu\u00e9. Coupe r\u00e9guli\u00e8re. COMPOS\u00c9 100% coton Num\u00e9ro de Stone Island : 5100054 N\u00b0 d&rsquo;identification : 40790<\/p>\n","protected":false},"featured_media":198667,"comment_status":"open","ping_status":"closed","template":"","meta":{"rank_math_lock_modified_date":false},"product_cat":[482,534,694,697,446,450,462],"product_tag":[],"class_list":{"0":"post-198679","1":"product","2":"type-product","3":"status-publish","4":"has-post-thumbnail","6":"product_cat-stone-island-fr-2","7":"product_cat-truien-fr-2","8":"product_cat-truien-vesten-fr-2","9":"product_cat-sweaters-fr-2","10":"product_cat-kleding-fr","11":"product_cat-heren-fr","12":"product_cat-vousten-sports-fr-2","14":"first","15":"instock","16":"taxable","17":"shipping-taxable","18":"purchasable","19":"product-type-variable"},"acf":[],"yoast_head":"<!-- This site is optimized with the Yoast SEO plugin v23.9 - https:\/\/yoast.com\/wordpress\/plugins\/seo\/ -->\n<title>STONE ISLAND - PULL COL ROND C\u00d4TEL\u00c9 \u00c9CRU (40790) - Vousten Sports<\/title>\n<meta name=\"robots\" content=\"index, follow, max-snippet:-1, max-image-preview:large, max-video-preview:-1\" \/>\n<link rel=\"canonical\" href=\"https:\/\/www.voustensports.com\/fr\/stone-island-ribbed-crewneck-jumper-ecru-40790-2\/\" \/>\n<meta property=\"og:locale\" content=\"fr_FR\" \/>\n<meta property=\"og:type\" content=\"article\" \/>\n<meta property=\"og:title\" content=\"STONE ISLAND - PULL COL ROND C\u00d4TEL\u00c9 \u00c9CRU (40790) - Vousten Sports\" \/>\n<meta property=\"og:description\" content=\"D\u00c9TAILS DU PRODUIT Le tricot \u00e0 col rond est en coton biologique doux et c\u00f4tel\u00e9. STYLE Encolure c\u00f4tel\u00e9e. \u00c9cusson Stone Island sur la manche gauche. Poignets et bande inf\u00e9rieure finement c\u00f4tel\u00e9s avec motif surpiqu\u00e9. Coupe r\u00e9guli\u00e8re. COMPOS\u00c9 100% coton Num\u00e9ro de Stone Island : 5100054 N\u00b0 d&rsquo;identification : 40790\" \/>\n<meta property=\"og:url\" content=\"https:\/\/www.voustensports.com\/fr\/stone-island-ribbed-crewneck-jumper-ecru-40790-2\/\" \/>\n<meta property=\"og:site_name\" content=\"Vousten Sports\" \/>\n<meta property=\"article:modified_time\" content=\"2026-02-05T11:31:12+00:00\" \/>\n<meta property=\"og:image\" content=\"https:\/\/www.voustensports.com\/wp-content\/uploads\/2023\/06\/RIBBED-CREWNECK-JUMPER-ECRU-407901.jpg\" \/>\n\t<meta property=\"og:image:width\" content=\"1365\" \/>\n\t<meta property=\"og:image:height\" content=\"2048\" \/>\n\t<meta property=\"og:image:type\" content=\"image\/jpeg\" \/>\n<meta name=\"twitter:card\" content=\"summary_large_image\" \/>\n<script type=\"application\/ld+json\" class=\"yoast-schema-graph\">{\"@context\":\"https:\/\/schema.org\",\"@graph\":[{\"@type\":\"WebPage\",\"@id\":\"https:\/\/www.voustensports.com\/fr\/stone-island-ribbed-crewneck-jumper-ecru-40790-2\/\",\"url\":\"https:\/\/www.voustensports.com\/fr\/stone-island-ribbed-crewneck-jumper-ecru-40790-2\/\",\"name\":\"STONE ISLAND - PULL COL ROND C\u00d4TEL\u00c9 \u00c9CRU (40790) - Vousten Sports\",\"isPartOf\":{\"@id\":\"https:\/\/www.voustensports.com\/nl\/#website\"},\"primaryImageOfPage\":{\"@id\":\"https:\/\/www.voustensports.com\/fr\/stone-island-ribbed-crewneck-jumper-ecru-40790-2\/#primaryimage\"},\"image\":{\"@id\":\"https:\/\/www.voustensports.com\/fr\/stone-island-ribbed-crewneck-jumper-ecru-40790-2\/#primaryimage\"},\"thumbnailUrl\":\"https:\/\/www.voustensports.com\/wp-content\/uploads\/2023\/06\/RIBBED-CREWNECK-JUMPER-ECRU-407901.jpg\",\"datePublished\":\"2025-03-07T11:16:11+00:00\",\"dateModified\":\"2026-02-05T11:31:12+00:00\",\"breadcrumb\":{\"@id\":\"https:\/\/www.voustensports.com\/fr\/stone-island-ribbed-crewneck-jumper-ecru-40790-2\/#breadcrumb\"},\"inLanguage\":\"fr-FR\",\"potentialAction\":[{\"@type\":\"ReadAction\",\"target\":[\"https:\/\/www.voustensports.com\/fr\/stone-island-ribbed-crewneck-jumper-ecru-40790-2\/\"]}]},{\"@type\":\"ImageObject\",\"inLanguage\":\"fr-FR\",\"@id\":\"https:\/\/www.voustensports.com\/fr\/stone-island-ribbed-crewneck-jumper-ecru-40790-2\/#primaryimage\",\"url\":\"https:\/\/www.voustensports.com\/wp-content\/uploads\/2023\/06\/RIBBED-CREWNECK-JUMPER-ECRU-407901.jpg\",\"contentUrl\":\"https:\/\/www.voustensports.com\/wp-content\/uploads\/2023\/06\/RIBBED-CREWNECK-JUMPER-ECRU-407901.jpg\",\"width\":1365,\"height\":2048},{\"@type\":\"BreadcrumbList\",\"@id\":\"https:\/\/www.voustensports.com\/fr\/stone-island-ribbed-crewneck-jumper-ecru-40790-2\/#breadcrumb\",\"itemListElement\":[{\"@type\":\"ListItem\",\"position\":1,\"name\":\"Home\",\"item\":\"https:\/\/www.voustensports.com\/fr\/\"},{\"@type\":\"ListItem\",\"position\":2,\"name\":\"Boutique\",\"item\":\"https:\/\/www.voustensports.com\/fr\/shop\/\"},{\"@type\":\"ListItem\",\"position\":3,\"name\":\"STONE ISLAND &#8211; PULL COL ROND C\u00d4TEL\u00c9 \u00c9CRU (40790)\"}]},{\"@type\":\"WebSite\",\"@id\":\"https:\/\/www.voustensports.com\/nl\/#website\",\"url\":\"https:\/\/www.voustensports.com\/nl\/\",\"name\":\"Vousten Sports\",\"description\":\"\",\"potentialAction\":[{\"@type\":\"SearchAction\",\"target\":{\"@type\":\"EntryPoint\",\"urlTemplate\":\"https:\/\/www.voustensports.com\/nl\/?s={search_term_string}\"},\"query-input\":{\"@type\":\"PropertyValueSpecification\",\"valueRequired\":true,\"valueName\":\"search_term_string\"}}],\"inLanguage\":\"fr-FR\"}]}<\/script>\n<!-- \/ Yoast SEO plugin. -->","yoast_head_json":{"title":"STONE ISLAND - PULL COL ROND C\u00d4TEL\u00c9 \u00c9CRU (40790) - Vousten Sports","robots":{"index":"index","follow":"follow","max-snippet":"max-snippet:-1","max-image-preview":"max-image-preview:large","max-video-preview":"max-video-preview:-1"},"canonical":"https:\/\/www.voustensports.com\/fr\/stone-island-ribbed-crewneck-jumper-ecru-40790-2\/","og_locale":"fr_FR","og_type":"article","og_title":"STONE ISLAND - PULL COL ROND C\u00d4TEL\u00c9 \u00c9CRU (40790) - Vousten Sports","og_description":"D\u00c9TAILS DU PRODUIT Le tricot \u00e0 col rond est en coton biologique doux et c\u00f4tel\u00e9. STYLE Encolure c\u00f4tel\u00e9e. \u00c9cusson Stone Island sur la manche gauche. Poignets et bande inf\u00e9rieure finement c\u00f4tel\u00e9s avec motif surpiqu\u00e9. Coupe r\u00e9guli\u00e8re. COMPOS\u00c9 100% coton Num\u00e9ro de Stone Island : 5100054 N\u00b0 d&rsquo;identification : 40790","og_url":"https:\/\/www.voustensports.com\/fr\/stone-island-ribbed-crewneck-jumper-ecru-40790-2\/","og_site_name":"Vousten Sports","article_modified_time":"2026-02-05T11:31:12+00:00","og_image":[{"width":1365,"height":2048,"url":"https:\/\/www.voustensports.com\/wp-content\/uploads\/2023\/06\/RIBBED-CREWNECK-JUMPER-ECRU-407901.jpg","type":"image\/jpeg"}],"twitter_card":"summary_large_image","schema":{"@context":"https:\/\/schema.org","@graph":[{"@type":"WebPage","@id":"https:\/\/www.voustensports.com\/fr\/stone-island-ribbed-crewneck-jumper-ecru-40790-2\/","url":"https:\/\/www.voustensports.com\/fr\/stone-island-ribbed-crewneck-jumper-ecru-40790-2\/","name":"STONE ISLAND - PULL COL ROND C\u00d4TEL\u00c9 \u00c9CRU (40790) - Vousten Sports","isPartOf":{"@id":"https:\/\/www.voustensports.com\/nl\/#website"},"primaryImageOfPage":{"@id":"https:\/\/www.voustensports.com\/fr\/stone-island-ribbed-crewneck-jumper-ecru-40790-2\/#primaryimage"},"image":{"@id":"https:\/\/www.voustensports.com\/fr\/stone-island-ribbed-crewneck-jumper-ecru-40790-2\/#primaryimage"},"thumbnailUrl":"https:\/\/www.voustensports.com\/wp-content\/uploads\/2023\/06\/RIBBED-CREWNECK-JUMPER-ECRU-407901.jpg","datePublished":"2025-03-07T11:16:11+00:00","dateModified":"2026-02-05T11:31:12+00:00","breadcrumb":{"@id":"https:\/\/www.voustensports.com\/fr\/stone-island-ribbed-crewneck-jumper-ecru-40790-2\/#breadcrumb"},"inLanguage":"fr-FR","potentialAction":[{"@type":"ReadAction","target":["https:\/\/www.voustensports.com\/fr\/stone-island-ribbed-crewneck-jumper-ecru-40790-2\/"]}]},{"@type":"ImageObject","inLanguage":"fr-FR","@id":"https:\/\/www.voustensports.com\/fr\/stone-island-ribbed-crewneck-jumper-ecru-40790-2\/#primaryimage","url":"https:\/\/www.voustensports.com\/wp-content\/uploads\/2023\/06\/RIBBED-CREWNECK-JUMPER-ECRU-407901.jpg","contentUrl":"https:\/\/www.voustensports.com\/wp-content\/uploads\/2023\/06\/RIBBED-CREWNECK-JUMPER-ECRU-407901.jpg","width":1365,"height":2048},{"@type":"BreadcrumbList","@id":"https:\/\/www.voustensports.com\/fr\/stone-island-ribbed-crewneck-jumper-ecru-40790-2\/#breadcrumb","itemListElement":[{"@type":"ListItem","position":1,"name":"Home","item":"https:\/\/www.voustensports.com\/fr\/"},{"@type":"ListItem","position":2,"name":"Boutique","item":"https:\/\/www.voustensports.com\/fr\/shop\/"},{"@type":"ListItem","position":3,"name":"STONE ISLAND &#8211; PULL COL ROND C\u00d4TEL\u00c9 \u00c9CRU (40790)"}]},{"@type":"WebSite","@id":"https:\/\/www.voustensports.com\/nl\/#website","url":"https:\/\/www.voustensports.com\/nl\/","name":"Vousten Sports","description":"","potentialAction":[{"@type":"SearchAction","target":{"@type":"EntryPoint","urlTemplate":"https:\/\/www.voustensports.com\/nl\/?s={search_term_string}"},"query-input":{"@type":"PropertyValueSpecification","valueRequired":true,"valueName":"search_term_string"}}],"inLanguage":"fr-FR"}]}},"_links":{"self":[{"href":"https:\/\/www.voustensports.com\/fr\/wp-json\/wp\/v2\/product\/198679","targetHints":{"allow":["GET"]}}],"collection":[{"href":"https:\/\/www.voustensports.com\/fr\/wp-json\/wp\/v2\/product"}],"about":[{"href":"https:\/\/www.voustensports.com\/fr\/wp-json\/wp\/v2\/types\/product"}],"replies":[{"embeddable":true,"href":"https:\/\/www.voustensports.com\/fr\/wp-json\/wp\/v2\/comments?post=198679"}],"wp:featuredmedia":[{"embeddable":true,"href":"https:\/\/www.voustensports.com\/fr\/wp-json\/wp\/v2\/media\/198667"}],"wp:attachment":[{"href":"https:\/\/www.voustensports.com\/fr\/wp-json\/wp\/v2\/media?parent=198679"}],"wp:term":[{"taxonomy":"product_cat","embeddable":true,"href":"https:\/\/www.voustensports.com\/fr\/wp-json\/wp\/v2\/product_cat?post=198679"},{"taxonomy":"product_tag","embeddable":true,"href":"https:\/\/www.voustensports.com\/fr\/wp-json\/wp\/v2\/product_tag?post=198679"}],"curies":[{"name":"wp","href":"https:\/\/api.w.org\/{rel}","templated":true}]}}