{"id":198613,"date":"2025-03-07T10:46:12","date_gmt":"2025-03-07T09:46:12","guid":{"rendered":"https:\/\/www.voustensports.com\/stone-island-veste-crinkle-reps-r-ny-bleu-fonce-40782\/"},"modified":"2026-02-05T12:31:03","modified_gmt":"2026-02-05T11:31:03","slug":"stone-island-veste-crinkle-reps-r-ny-bleu-fonce-40782","status":"publish","type":"product","link":"https:\/\/www.voustensports.com\/fr\/stone-island-veste-crinkle-reps-r-ny-bleu-fonce-40782\/","title":{"rendered":"STONE ISLAND &#8211; VESTE CRINKLE REPS R-NY BLEU FONC\u00c9 (40782)"},"content":{"rendered":"<div>D\u00c9TAILS DU PRODUIT<\/div>\n<div>Blouson r\u00e9alis\u00e9 en reps de nylon recycl\u00e9 l\u00e9ger avec une construction \u00e0 tissage ultra serr\u00e9. Le rev\u00eatement en r\u00e9sine de sa face int\u00e9rieure le rend r\u00e9sistant au vent et l\u00e9g\u00e8rement imperm\u00e9able. En raison du traitement \u00e0 la r\u00e9sine du mat\u00e9riau, la couleur p\u00e9n\u00e8tre de mani\u00e8re in\u00e9gale dans le mat\u00e9riau, donnant un aspect froiss\u00e9 \u00e0 la surface. L&rsquo;ajout d&rsquo;un agent sp\u00e9cial \u00e0 la formule de teinture rend la pi\u00e8ce anti-goutte. Doublure en maille de nylon technique.<\/div>\n<div><\/div>\n<div>STYLE<\/div>\n<div>Col montant, bord\u00e9 de ruban de nylon au dos, doubl\u00e9 en jersey de nylon c\u00f4tel\u00e9.<\/div>\n<div>Poches repose-mains debout bord\u00e9es de ruban de nylon, fermeture \u00e0 boutons.<\/div>\n<div>\u00c9cusson Stone Island sur la manche gauche. Empi\u00e8cement au dos. Poignets \u00e9lastiqu\u00e9s. Bande inf\u00e9rieure c\u00f4tel\u00e9e.<\/div>\n<div>Fermeture zipp\u00e9e \u00e0 double sens.<\/div>\n<div><\/div>\n<div>COMPOSITION<\/div>\n<div>Tissu ext\u00e9rieur : 100 % polyamide\/nylon. Rev\u00eatement : 100 % r\u00e9sine polyur\u00e9thane. Bord-c\u00f4te : 95 % polyamide\/nylon, 5 % \u00e9lasthanne\/\u00e9lasthanne. Doublure : 100 % polyamide\/nylon<\/div>\n<div>Num\u00e9ro Stone Island : 4100037 0020<\/div>\n<div>Num\u00e9ro d&rsquo;identification : 40782<\/div>\n","protected":false},"excerpt":{"rendered":"<p>D\u00c9TAILS DU PRODUIT Blouson r\u00e9alis\u00e9 en reps de nylon recycl\u00e9 l\u00e9ger avec une construction \u00e0 tissage ultra serr\u00e9. Le rev\u00eatement en r\u00e9sine de sa face int\u00e9rieure le rend r\u00e9sistant au vent et l\u00e9g\u00e8rement imperm\u00e9able. En raison du traitement \u00e0 la r\u00e9sine du mat\u00e9riau, la couleur p\u00e9n\u00e8tre de mani\u00e8re in\u00e9gale dans le mat\u00e9riau, donnant un aspect [&#8230;]\n","protected":false},"featured_media":198601,"comment_status":"open","ping_status":"closed","template":"","meta":{"rank_math_lock_modified_date":false},"product_cat":[446,450,462,482,542,701,705],"product_tag":[],"class_list":{"0":"post-198613","1":"product","2":"type-product","3":"status-publish","4":"has-post-thumbnail","6":"product_cat-kleding-fr","7":"product_cat-heren-fr","8":"product_cat-vousten-sports-fr-2","9":"product_cat-stone-island-fr-2","10":"product_cat-jassen-fr","11":"product_cat-jackets-fr","12":"product_cat-jassen-jacks-fr","14":"first","15":"instock","16":"taxable","17":"shipping-taxable","18":"purchasable","19":"product-type-variable"},"acf":[],"yoast_head":"<!-- This site is optimized with the Yoast SEO plugin v23.9 - https:\/\/yoast.com\/wordpress\/plugins\/seo\/ -->\n<title>STONE ISLAND - VESTE CRINKLE REPS R-NY BLEU FONC\u00c9 (40782) - Vousten Sports<\/title>\n<meta name=\"robots\" content=\"index, follow, max-snippet:-1, max-image-preview:large, max-video-preview:-1\" \/>\n<link rel=\"canonical\" href=\"https:\/\/www.voustensports.com\/fr\/stone-island-veste-crinkle-reps-r-ny-bleu-fonce-40782\/\" \/>\n<meta property=\"og:locale\" content=\"fr_FR\" \/>\n<meta property=\"og:type\" content=\"article\" \/>\n<meta property=\"og:title\" content=\"STONE ISLAND - VESTE CRINKLE REPS R-NY BLEU FONC\u00c9 (40782) - Vousten Sports\" \/>\n<meta property=\"og:description\" content=\"D\u00c9TAILS DU PRODUIT Blouson r\u00e9alis\u00e9 en reps de nylon recycl\u00e9 l\u00e9ger avec une construction \u00e0 tissage ultra serr\u00e9. Le rev\u00eatement en r\u00e9sine de sa face int\u00e9rieure le rend r\u00e9sistant au vent et l\u00e9g\u00e8rement imperm\u00e9able. En raison du traitement \u00e0 la r\u00e9sine du mat\u00e9riau, la couleur p\u00e9n\u00e8tre de mani\u00e8re in\u00e9gale dans le mat\u00e9riau, donnant un aspect [...]\" \/>\n<meta property=\"og:url\" content=\"https:\/\/www.voustensports.com\/fr\/stone-island-veste-crinkle-reps-r-ny-bleu-fonce-40782\/\" \/>\n<meta property=\"og:site_name\" content=\"Vousten Sports\" \/>\n<meta property=\"article:modified_time\" content=\"2026-02-05T11:31:03+00:00\" \/>\n<meta property=\"og:image\" content=\"https:\/\/www.voustensports.com\/wp-content\/uploads\/2023\/06\/CRINKLE-REPS-R-NY-JACKET-DONKERBLAUW-40782.jpg\" \/>\n\t<meta property=\"og:image:width\" content=\"1365\" \/>\n\t<meta property=\"og:image:height\" content=\"2048\" \/>\n\t<meta property=\"og:image:type\" content=\"image\/jpeg\" \/>\n<meta name=\"twitter:card\" content=\"summary_large_image\" \/>\n<meta name=\"twitter:label1\" content=\"Est. reading time\" \/>\n\t<meta name=\"twitter:data1\" content=\"1 minute\" \/>\n<script type=\"application\/ld+json\" class=\"yoast-schema-graph\">{\"@context\":\"https:\/\/schema.org\",\"@graph\":[{\"@type\":\"WebPage\",\"@id\":\"https:\/\/www.voustensports.com\/fr\/stone-island-veste-crinkle-reps-r-ny-bleu-fonce-40782\/\",\"url\":\"https:\/\/www.voustensports.com\/fr\/stone-island-veste-crinkle-reps-r-ny-bleu-fonce-40782\/\",\"name\":\"STONE ISLAND - VESTE CRINKLE REPS R-NY BLEU FONC\u00c9 (40782) - Vousten Sports\",\"isPartOf\":{\"@id\":\"https:\/\/www.voustensports.com\/nl\/#website\"},\"primaryImageOfPage\":{\"@id\":\"https:\/\/www.voustensports.com\/fr\/stone-island-veste-crinkle-reps-r-ny-bleu-fonce-40782\/#primaryimage\"},\"image\":{\"@id\":\"https:\/\/www.voustensports.com\/fr\/stone-island-veste-crinkle-reps-r-ny-bleu-fonce-40782\/#primaryimage\"},\"thumbnailUrl\":\"https:\/\/www.voustensports.com\/wp-content\/uploads\/2023\/06\/CRINKLE-REPS-R-NY-JACKET-DONKERBLAUW-40782.jpg\",\"datePublished\":\"2025-03-07T09:46:12+00:00\",\"dateModified\":\"2026-02-05T11:31:03+00:00\",\"breadcrumb\":{\"@id\":\"https:\/\/www.voustensports.com\/fr\/stone-island-veste-crinkle-reps-r-ny-bleu-fonce-40782\/#breadcrumb\"},\"inLanguage\":\"fr-FR\",\"potentialAction\":[{\"@type\":\"ReadAction\",\"target\":[\"https:\/\/www.voustensports.com\/fr\/stone-island-veste-crinkle-reps-r-ny-bleu-fonce-40782\/\"]}]},{\"@type\":\"ImageObject\",\"inLanguage\":\"fr-FR\",\"@id\":\"https:\/\/www.voustensports.com\/fr\/stone-island-veste-crinkle-reps-r-ny-bleu-fonce-40782\/#primaryimage\",\"url\":\"https:\/\/www.voustensports.com\/wp-content\/uploads\/2023\/06\/CRINKLE-REPS-R-NY-JACKET-DONKERBLAUW-40782.jpg\",\"contentUrl\":\"https:\/\/www.voustensports.com\/wp-content\/uploads\/2023\/06\/CRINKLE-REPS-R-NY-JACKET-DONKERBLAUW-40782.jpg\",\"width\":1365,\"height\":2048},{\"@type\":\"BreadcrumbList\",\"@id\":\"https:\/\/www.voustensports.com\/fr\/stone-island-veste-crinkle-reps-r-ny-bleu-fonce-40782\/#breadcrumb\",\"itemListElement\":[{\"@type\":\"ListItem\",\"position\":1,\"name\":\"Home\",\"item\":\"https:\/\/www.voustensports.com\/fr\/\"},{\"@type\":\"ListItem\",\"position\":2,\"name\":\"Boutique\",\"item\":\"https:\/\/www.voustensports.com\/fr\/shop\/\"},{\"@type\":\"ListItem\",\"position\":3,\"name\":\"STONE ISLAND &#8211; VESTE CRINKLE REPS R-NY BLEU FONC\u00c9 (40782)\"}]},{\"@type\":\"WebSite\",\"@id\":\"https:\/\/www.voustensports.com\/nl\/#website\",\"url\":\"https:\/\/www.voustensports.com\/nl\/\",\"name\":\"Vousten Sports\",\"description\":\"\",\"potentialAction\":[{\"@type\":\"SearchAction\",\"target\":{\"@type\":\"EntryPoint\",\"urlTemplate\":\"https:\/\/www.voustensports.com\/nl\/?s={search_term_string}\"},\"query-input\":{\"@type\":\"PropertyValueSpecification\",\"valueRequired\":true,\"valueName\":\"search_term_string\"}}],\"inLanguage\":\"fr-FR\"}]}<\/script>\n<!-- \/ Yoast SEO plugin. -->","yoast_head_json":{"title":"STONE ISLAND - VESTE CRINKLE REPS R-NY BLEU FONC\u00c9 (40782) - Vousten Sports","robots":{"index":"index","follow":"follow","max-snippet":"max-snippet:-1","max-image-preview":"max-image-preview:large","max-video-preview":"max-video-preview:-1"},"canonical":"https:\/\/www.voustensports.com\/fr\/stone-island-veste-crinkle-reps-r-ny-bleu-fonce-40782\/","og_locale":"fr_FR","og_type":"article","og_title":"STONE ISLAND - VESTE CRINKLE REPS R-NY BLEU FONC\u00c9 (40782) - Vousten Sports","og_description":"D\u00c9TAILS DU PRODUIT Blouson r\u00e9alis\u00e9 en reps de nylon recycl\u00e9 l\u00e9ger avec une construction \u00e0 tissage ultra serr\u00e9. Le rev\u00eatement en r\u00e9sine de sa face int\u00e9rieure le rend r\u00e9sistant au vent et l\u00e9g\u00e8rement imperm\u00e9able. En raison du traitement \u00e0 la r\u00e9sine du mat\u00e9riau, la couleur p\u00e9n\u00e8tre de mani\u00e8re in\u00e9gale dans le mat\u00e9riau, donnant un aspect [...]","og_url":"https:\/\/www.voustensports.com\/fr\/stone-island-veste-crinkle-reps-r-ny-bleu-fonce-40782\/","og_site_name":"Vousten Sports","article_modified_time":"2026-02-05T11:31:03+00:00","og_image":[{"width":1365,"height":2048,"url":"https:\/\/www.voustensports.com\/wp-content\/uploads\/2023\/06\/CRINKLE-REPS-R-NY-JACKET-DONKERBLAUW-40782.jpg","type":"image\/jpeg"}],"twitter_card":"summary_large_image","twitter_misc":{"Est. reading time":"1 minute"},"schema":{"@context":"https:\/\/schema.org","@graph":[{"@type":"WebPage","@id":"https:\/\/www.voustensports.com\/fr\/stone-island-veste-crinkle-reps-r-ny-bleu-fonce-40782\/","url":"https:\/\/www.voustensports.com\/fr\/stone-island-veste-crinkle-reps-r-ny-bleu-fonce-40782\/","name":"STONE ISLAND - VESTE CRINKLE REPS R-NY BLEU FONC\u00c9 (40782) - Vousten Sports","isPartOf":{"@id":"https:\/\/www.voustensports.com\/nl\/#website"},"primaryImageOfPage":{"@id":"https:\/\/www.voustensports.com\/fr\/stone-island-veste-crinkle-reps-r-ny-bleu-fonce-40782\/#primaryimage"},"image":{"@id":"https:\/\/www.voustensports.com\/fr\/stone-island-veste-crinkle-reps-r-ny-bleu-fonce-40782\/#primaryimage"},"thumbnailUrl":"https:\/\/www.voustensports.com\/wp-content\/uploads\/2023\/06\/CRINKLE-REPS-R-NY-JACKET-DONKERBLAUW-40782.jpg","datePublished":"2025-03-07T09:46:12+00:00","dateModified":"2026-02-05T11:31:03+00:00","breadcrumb":{"@id":"https:\/\/www.voustensports.com\/fr\/stone-island-veste-crinkle-reps-r-ny-bleu-fonce-40782\/#breadcrumb"},"inLanguage":"fr-FR","potentialAction":[{"@type":"ReadAction","target":["https:\/\/www.voustensports.com\/fr\/stone-island-veste-crinkle-reps-r-ny-bleu-fonce-40782\/"]}]},{"@type":"ImageObject","inLanguage":"fr-FR","@id":"https:\/\/www.voustensports.com\/fr\/stone-island-veste-crinkle-reps-r-ny-bleu-fonce-40782\/#primaryimage","url":"https:\/\/www.voustensports.com\/wp-content\/uploads\/2023\/06\/CRINKLE-REPS-R-NY-JACKET-DONKERBLAUW-40782.jpg","contentUrl":"https:\/\/www.voustensports.com\/wp-content\/uploads\/2023\/06\/CRINKLE-REPS-R-NY-JACKET-DONKERBLAUW-40782.jpg","width":1365,"height":2048},{"@type":"BreadcrumbList","@id":"https:\/\/www.voustensports.com\/fr\/stone-island-veste-crinkle-reps-r-ny-bleu-fonce-40782\/#breadcrumb","itemListElement":[{"@type":"ListItem","position":1,"name":"Home","item":"https:\/\/www.voustensports.com\/fr\/"},{"@type":"ListItem","position":2,"name":"Boutique","item":"https:\/\/www.voustensports.com\/fr\/shop\/"},{"@type":"ListItem","position":3,"name":"STONE ISLAND &#8211; VESTE CRINKLE REPS R-NY BLEU FONC\u00c9 (40782)"}]},{"@type":"WebSite","@id":"https:\/\/www.voustensports.com\/nl\/#website","url":"https:\/\/www.voustensports.com\/nl\/","name":"Vousten Sports","description":"","potentialAction":[{"@type":"SearchAction","target":{"@type":"EntryPoint","urlTemplate":"https:\/\/www.voustensports.com\/nl\/?s={search_term_string}"},"query-input":{"@type":"PropertyValueSpecification","valueRequired":true,"valueName":"search_term_string"}}],"inLanguage":"fr-FR"}]}},"_links":{"self":[{"href":"https:\/\/www.voustensports.com\/fr\/wp-json\/wp\/v2\/product\/198613","targetHints":{"allow":["GET"]}}],"collection":[{"href":"https:\/\/www.voustensports.com\/fr\/wp-json\/wp\/v2\/product"}],"about":[{"href":"https:\/\/www.voustensports.com\/fr\/wp-json\/wp\/v2\/types\/product"}],"replies":[{"embeddable":true,"href":"https:\/\/www.voustensports.com\/fr\/wp-json\/wp\/v2\/comments?post=198613"}],"wp:featuredmedia":[{"embeddable":true,"href":"https:\/\/www.voustensports.com\/fr\/wp-json\/wp\/v2\/media\/198601"}],"wp:attachment":[{"href":"https:\/\/www.voustensports.com\/fr\/wp-json\/wp\/v2\/media?parent=198613"}],"wp:term":[{"taxonomy":"product_cat","embeddable":true,"href":"https:\/\/www.voustensports.com\/fr\/wp-json\/wp\/v2\/product_cat?post=198613"},{"taxonomy":"product_tag","embeddable":true,"href":"https:\/\/www.voustensports.com\/fr\/wp-json\/wp\/v2\/product_tag?post=198613"}],"curies":[{"name":"wp","href":"https:\/\/api.w.org\/{rel}","templated":true}]}}