{"id":19850,"date":"2023-06-08T14:37:59","date_gmt":"2023-06-08T14:37:59","guid":{"rendered":"https:\/\/www.voustensports.com\/product\/dukes-caballo-4-cm-25009-2\/"},"modified":"2026-02-05T11:46:16","modified_gmt":"2026-02-05T10:46:16","slug":"dukes-caballo-4-cm-25009-2","status":"publish","type":"product","link":"https:\/\/www.voustensports.com\/fr\/dukes-caballo-4-cm-25009-2\/","title":{"rendered":"Dukes Caballo 4 cm (25009)"},"content":{"rendered":"<div style=\"color: #000000; font-family: Arial, Helvetica, Sans; font-size: 14px; background-image: none; background-attachment: initial; background-origin: initial; background-clip: initial; background-color: #ffffff; outline-width: 0px; outline-style: initial; outline-color: initial; vertical-align: baseline; line-height: 24px; width: 100%; text-align: left; padding: 0px; margin: 0px; border: 0px initial initial;\">\n<div style=\"color: #000000; font-family: Arial, Helvetica, Sans; font-size: 14px; background-image: none; background-attachment: initial; background-origin: initial; background-clip: initial; background-color: #ffffff; outline-width: 0px; outline-style: initial; outline-color: initial; vertical-align: baseline; line-height: 24px; width: 100%; text-align: left; padding: 0px; margin: 0px; border: 0px initial initial;\">\n<div style=\"outline-width: 0px; outline-style: initial; outline-color: initial; font-size: 14px; vertical-align: baseline; background-image: none; background-attachment: initial; background-origin: initial; background-clip: initial; background-color: #ffffff; color: #000000; font-family: Arial, Helvetica, Sans; line-height: 24px; width: 958px; text-align: left; background-position: initial initial; background-repeat: initial initial; padding: 0px; margin: 0px; border: 0px initial initial;\">\n<div style=\"outline-width: 0px; outline-style: initial; outline-color: initial; font-size: 14px; vertical-align: baseline; background-image: none; background-attachment: initial; background-origin: initial; background-clip: initial; background-color: #ffffff; color: #000000; font-family: Arial, Helvetica, Sans; line-height: 24px; width: 958px; text-align: left; background-position: initial initial; background-repeat: initial initial; padding: 0px; margin: 0px; border: 0px initial initial;\">\n<div style=\"outline-width: 0px; outline-style: initial; outline-color: initial; font-size: 14px; vertical-align: baseline; background-image: none; background-attachment: initial; background-origin: initial; background-clip: initial; background-color: #ffffff; color: #000000; font-family: Arial, Helvetica, Sans; line-height: 24px; width: 958px; text-align: left; background-position: initial initial; background-repeat: initial initial; padding: 0px; margin: 0px; border: 0px initial initial;\">\n<div style=\"outline-width: 0px; outline-style: initial; outline-color: initial; font-size: 14px; vertical-align: baseline; background-image: none; background-attachment: initial; background-origin: initial; background-clip: initial; background-color: #ffffff; color: #000000; font-family: Arial, Helvetica, Sans; line-height: 24px; width: 958px; text-align: left; background-position: initial initial; background-repeat: initial initial; padding: 0px; margin: 0px; border: 0px initial initial;\">\n<div style=\"outline-width: 0px; outline-style: initial; outline-color: initial; font-size: 14px; vertical-align: baseline; background-image: none; background-attachment: initial; background-origin: initial; background-clip: initial; background-color: #ffffff; color: #000000; font-family: Arial, Helvetica, Sans; line-height: 24px; width: 958px; text-align: left; background-position: initial initial; background-repeat: initial initial; padding: 0px; margin: 0px; border: 0px initial initial;\">\n<p>DUKES-ARTISAN Caballo: pour cela, la base est une ceinture militaire ancienne, \u00e2g\u00e9e d&rsquo;au moins 40 ans. Chaque ceinture d&rsquo;arm\u00e9e raconte par ses traces d&rsquo;utilisation, l&rsquo;odeur du pays d&rsquo;origine, les d\u00e9g\u00e2ts mineurs, sa propre histoire d&rsquo;aventure unique. De Pearl Harbor au Vietnam, de derri\u00e8re le rideau de fer \u00e0 l&rsquo;Afghanistan, chaque ceinture est remplie d&rsquo;exp\u00e9rience. Il obtient une seconde vie des artistes viennois, ils r\u00e9alisent une copie unique de chaque ceinture, un bijou, tamis\u00e9 de petits clous d&rsquo;argent ou exub\u00e9rant avec les plus belles peintures color\u00e9es uniques.<\/p>\n<p><strong>S<\/strong> (80\/95 cm) <strong>M<\/strong> (85\/100 cm) <strong>L<\/strong> (90\/105 cm) <strong>XL<\/strong> (95\/110 cm) <strong>XXL<\/strong> (100\/115 cm)<\/p>\n<\/div>\n<\/div>\n<\/div>\n<\/div>\n<\/div>\n<\/div>\n<\/div>\n","protected":false},"excerpt":{"rendered":"<p>DUKES-ARTISAN Caballo: pour cela, la base est une ceinture militaire ancienne, \u00e2g\u00e9e d&rsquo;au moins 40 ans. Chaque ceinture d&rsquo;arm\u00e9e raconte par ses traces d&rsquo;utilisation, l&rsquo;odeur du pays d&rsquo;origine, les d\u00e9g\u00e2ts mineurs, sa propre histoire d&rsquo;aventure unique. De Pearl Harbor au Vietnam, de derri\u00e8re le rideau de fer \u00e0 l&rsquo;Afghanistan, chaque ceinture est remplie d&rsquo;exp\u00e9rience. Il [&#8230;]\n","protected":false},"featured_media":19837,"comment_status":"open","ping_status":"closed","template":"","meta":{"rank_math_lock_modified_date":false},"product_cat":[450,495,505,512],"product_tag":[],"class_list":{"0":"post-19850","1":"product","2":"type-product","3":"status-publish","4":"has-post-thumbnail","6":"product_cat-heren-fr","7":"product_cat-accessoires-fr","8":"product_cat-dukes-artisan-belts-fr","9":"product_cat-riemen-fr-2","11":"first","12":"instock","13":"taxable","14":"shipping-taxable","15":"purchasable","16":"product-type-variable"},"acf":[],"yoast_head":"<!-- This site is optimized with the Yoast SEO plugin v23.9 - https:\/\/yoast.com\/wordpress\/plugins\/seo\/ -->\n<title>Dukes Caballo 4 cm (25009) - Vousten Sports<\/title>\n<meta name=\"robots\" content=\"index, follow, max-snippet:-1, max-image-preview:large, max-video-preview:-1\" \/>\n<link rel=\"canonical\" href=\"https:\/\/www.voustensports.com\/fr\/dukes-caballo-4-cm-25009-2\/\" \/>\n<meta property=\"og:locale\" content=\"fr_FR\" \/>\n<meta property=\"og:type\" content=\"article\" \/>\n<meta property=\"og:title\" content=\"Dukes Caballo 4 cm (25009) - Vousten Sports\" \/>\n<meta property=\"og:description\" content=\"DUKES-ARTISAN Caballo: pour cela, la base est une ceinture militaire ancienne, \u00e2g\u00e9e d&rsquo;au moins 40 ans. Chaque ceinture d&rsquo;arm\u00e9e raconte par ses traces d&rsquo;utilisation, l&rsquo;odeur du pays d&rsquo;origine, les d\u00e9g\u00e2ts mineurs, sa propre histoire d&rsquo;aventure unique. De Pearl Harbor au Vietnam, de derri\u00e8re le rideau de fer \u00e0 l&rsquo;Afghanistan, chaque ceinture est remplie d&rsquo;exp\u00e9rience. Il [...]\" \/>\n<meta property=\"og:url\" content=\"https:\/\/www.voustensports.com\/fr\/dukes-caballo-4-cm-25009-2\/\" \/>\n<meta property=\"og:site_name\" content=\"Vousten Sports\" \/>\n<meta property=\"article:modified_time\" content=\"2026-02-05T10:46:16+00:00\" \/>\n<meta property=\"og:image\" content=\"https:\/\/www.voustensports.com\/wp-content\/uploads\/2023\/03\/dsc_8863_0-crop.jpg\" \/>\n\t<meta property=\"og:image:width\" content=\"606\" \/>\n\t<meta property=\"og:image:height\" content=\"909\" \/>\n\t<meta property=\"og:image:type\" content=\"image\/jpeg\" \/>\n<meta name=\"twitter:card\" content=\"summary_large_image\" \/>\n<meta name=\"twitter:label1\" content=\"Est. reading time\" \/>\n\t<meta name=\"twitter:data1\" content=\"1 minute\" \/>\n<script type=\"application\/ld+json\" class=\"yoast-schema-graph\">{\"@context\":\"https:\/\/schema.org\",\"@graph\":[{\"@type\":\"WebPage\",\"@id\":\"https:\/\/www.voustensports.com\/fr\/dukes-caballo-4-cm-25009-2\/\",\"url\":\"https:\/\/www.voustensports.com\/fr\/dukes-caballo-4-cm-25009-2\/\",\"name\":\"Dukes Caballo 4 cm (25009) - Vousten Sports\",\"isPartOf\":{\"@id\":\"https:\/\/www.voustensports.com\/nl\/#website\"},\"primaryImageOfPage\":{\"@id\":\"https:\/\/www.voustensports.com\/fr\/dukes-caballo-4-cm-25009-2\/#primaryimage\"},\"image\":{\"@id\":\"https:\/\/www.voustensports.com\/fr\/dukes-caballo-4-cm-25009-2\/#primaryimage\"},\"thumbnailUrl\":\"https:\/\/www.voustensports.com\/wp-content\/uploads\/2023\/03\/dsc_8863_0-crop.jpg\",\"datePublished\":\"2023-06-08T14:37:59+00:00\",\"dateModified\":\"2026-02-05T10:46:16+00:00\",\"breadcrumb\":{\"@id\":\"https:\/\/www.voustensports.com\/fr\/dukes-caballo-4-cm-25009-2\/#breadcrumb\"},\"inLanguage\":\"fr-FR\",\"potentialAction\":[{\"@type\":\"ReadAction\",\"target\":[\"https:\/\/www.voustensports.com\/fr\/dukes-caballo-4-cm-25009-2\/\"]}]},{\"@type\":\"ImageObject\",\"inLanguage\":\"fr-FR\",\"@id\":\"https:\/\/www.voustensports.com\/fr\/dukes-caballo-4-cm-25009-2\/#primaryimage\",\"url\":\"https:\/\/www.voustensports.com\/wp-content\/uploads\/2023\/03\/dsc_8863_0-crop.jpg\",\"contentUrl\":\"https:\/\/www.voustensports.com\/wp-content\/uploads\/2023\/03\/dsc_8863_0-crop.jpg\",\"width\":606,\"height\":909},{\"@type\":\"BreadcrumbList\",\"@id\":\"https:\/\/www.voustensports.com\/fr\/dukes-caballo-4-cm-25009-2\/#breadcrumb\",\"itemListElement\":[{\"@type\":\"ListItem\",\"position\":1,\"name\":\"Home\",\"item\":\"https:\/\/www.voustensports.com\/fr\/\"},{\"@type\":\"ListItem\",\"position\":2,\"name\":\"Boutique\",\"item\":\"https:\/\/www.voustensports.com\/fr\/shop\/\"},{\"@type\":\"ListItem\",\"position\":3,\"name\":\"Dukes Caballo 4 cm (25009)\"}]},{\"@type\":\"WebSite\",\"@id\":\"https:\/\/www.voustensports.com\/nl\/#website\",\"url\":\"https:\/\/www.voustensports.com\/nl\/\",\"name\":\"Vousten Sports\",\"description\":\"\",\"potentialAction\":[{\"@type\":\"SearchAction\",\"target\":{\"@type\":\"EntryPoint\",\"urlTemplate\":\"https:\/\/www.voustensports.com\/nl\/?s={search_term_string}\"},\"query-input\":{\"@type\":\"PropertyValueSpecification\",\"valueRequired\":true,\"valueName\":\"search_term_string\"}}],\"inLanguage\":\"fr-FR\"}]}<\/script>\n<!-- \/ Yoast SEO plugin. -->","yoast_head_json":{"title":"Dukes Caballo 4 cm (25009) - Vousten Sports","robots":{"index":"index","follow":"follow","max-snippet":"max-snippet:-1","max-image-preview":"max-image-preview:large","max-video-preview":"max-video-preview:-1"},"canonical":"https:\/\/www.voustensports.com\/fr\/dukes-caballo-4-cm-25009-2\/","og_locale":"fr_FR","og_type":"article","og_title":"Dukes Caballo 4 cm (25009) - Vousten Sports","og_description":"DUKES-ARTISAN Caballo: pour cela, la base est une ceinture militaire ancienne, \u00e2g\u00e9e d&rsquo;au moins 40 ans. Chaque ceinture d&rsquo;arm\u00e9e raconte par ses traces d&rsquo;utilisation, l&rsquo;odeur du pays d&rsquo;origine, les d\u00e9g\u00e2ts mineurs, sa propre histoire d&rsquo;aventure unique. De Pearl Harbor au Vietnam, de derri\u00e8re le rideau de fer \u00e0 l&rsquo;Afghanistan, chaque ceinture est remplie d&rsquo;exp\u00e9rience. Il [...]","og_url":"https:\/\/www.voustensports.com\/fr\/dukes-caballo-4-cm-25009-2\/","og_site_name":"Vousten Sports","article_modified_time":"2026-02-05T10:46:16+00:00","og_image":[{"width":606,"height":909,"url":"https:\/\/www.voustensports.com\/wp-content\/uploads\/2023\/03\/dsc_8863_0-crop.jpg","type":"image\/jpeg"}],"twitter_card":"summary_large_image","twitter_misc":{"Est. reading time":"1 minute"},"schema":{"@context":"https:\/\/schema.org","@graph":[{"@type":"WebPage","@id":"https:\/\/www.voustensports.com\/fr\/dukes-caballo-4-cm-25009-2\/","url":"https:\/\/www.voustensports.com\/fr\/dukes-caballo-4-cm-25009-2\/","name":"Dukes Caballo 4 cm (25009) - Vousten Sports","isPartOf":{"@id":"https:\/\/www.voustensports.com\/nl\/#website"},"primaryImageOfPage":{"@id":"https:\/\/www.voustensports.com\/fr\/dukes-caballo-4-cm-25009-2\/#primaryimage"},"image":{"@id":"https:\/\/www.voustensports.com\/fr\/dukes-caballo-4-cm-25009-2\/#primaryimage"},"thumbnailUrl":"https:\/\/www.voustensports.com\/wp-content\/uploads\/2023\/03\/dsc_8863_0-crop.jpg","datePublished":"2023-06-08T14:37:59+00:00","dateModified":"2026-02-05T10:46:16+00:00","breadcrumb":{"@id":"https:\/\/www.voustensports.com\/fr\/dukes-caballo-4-cm-25009-2\/#breadcrumb"},"inLanguage":"fr-FR","potentialAction":[{"@type":"ReadAction","target":["https:\/\/www.voustensports.com\/fr\/dukes-caballo-4-cm-25009-2\/"]}]},{"@type":"ImageObject","inLanguage":"fr-FR","@id":"https:\/\/www.voustensports.com\/fr\/dukes-caballo-4-cm-25009-2\/#primaryimage","url":"https:\/\/www.voustensports.com\/wp-content\/uploads\/2023\/03\/dsc_8863_0-crop.jpg","contentUrl":"https:\/\/www.voustensports.com\/wp-content\/uploads\/2023\/03\/dsc_8863_0-crop.jpg","width":606,"height":909},{"@type":"BreadcrumbList","@id":"https:\/\/www.voustensports.com\/fr\/dukes-caballo-4-cm-25009-2\/#breadcrumb","itemListElement":[{"@type":"ListItem","position":1,"name":"Home","item":"https:\/\/www.voustensports.com\/fr\/"},{"@type":"ListItem","position":2,"name":"Boutique","item":"https:\/\/www.voustensports.com\/fr\/shop\/"},{"@type":"ListItem","position":3,"name":"Dukes Caballo 4 cm (25009)"}]},{"@type":"WebSite","@id":"https:\/\/www.voustensports.com\/nl\/#website","url":"https:\/\/www.voustensports.com\/nl\/","name":"Vousten Sports","description":"","potentialAction":[{"@type":"SearchAction","target":{"@type":"EntryPoint","urlTemplate":"https:\/\/www.voustensports.com\/nl\/?s={search_term_string}"},"query-input":{"@type":"PropertyValueSpecification","valueRequired":true,"valueName":"search_term_string"}}],"inLanguage":"fr-FR"}]}},"_links":{"self":[{"href":"https:\/\/www.voustensports.com\/fr\/wp-json\/wp\/v2\/product\/19850","targetHints":{"allow":["GET"]}}],"collection":[{"href":"https:\/\/www.voustensports.com\/fr\/wp-json\/wp\/v2\/product"}],"about":[{"href":"https:\/\/www.voustensports.com\/fr\/wp-json\/wp\/v2\/types\/product"}],"replies":[{"embeddable":true,"href":"https:\/\/www.voustensports.com\/fr\/wp-json\/wp\/v2\/comments?post=19850"}],"wp:featuredmedia":[{"embeddable":true,"href":"https:\/\/www.voustensports.com\/fr\/wp-json\/wp\/v2\/media\/19837"}],"wp:attachment":[{"href":"https:\/\/www.voustensports.com\/fr\/wp-json\/wp\/v2\/media?parent=19850"}],"wp:term":[{"taxonomy":"product_cat","embeddable":true,"href":"https:\/\/www.voustensports.com\/fr\/wp-json\/wp\/v2\/product_cat?post=19850"},{"taxonomy":"product_tag","embeddable":true,"href":"https:\/\/www.voustensports.com\/fr\/wp-json\/wp\/v2\/product_tag?post=19850"}],"curies":[{"name":"wp","href":"https:\/\/api.w.org\/{rel}","templated":true}]}}