{"id":198404,"date":"2025-02-27T17:52:10","date_gmt":"2025-02-27T16:52:10","guid":{"rendered":"https:\/\/www.voustensports.com\/herno-bodywarmer-brun-40661\/"},"modified":"2026-02-05T12:28:37","modified_gmt":"2026-02-05T11:28:37","slug":"herno-bodywarmer-brun-40661","status":"publish","type":"product","link":"https:\/\/www.voustensports.com\/fr\/herno-bodywarmer-brun-40661\/","title":{"rendered":"HERNO &#8211; BODYWARMER BRUN FONC\u00c9 (40661)"},"content":{"rendered":"<p>Bodywarmer fin en microfibre de nylon recycl\u00e9 combin\u00e9e \u00e0 un tissu scuba l\u00e9ger et imperm\u00e9able \u00e0 deux couches.<br \/>\nUn v\u00eatement polyvalent et sophistiqu\u00e9 \u00e0 porter sur un T-shirt ou une chemise au changement de saison, pour compl\u00e9ter votre look avec une touche Herno incomparable.<br \/>\nIl peut \u00e9galement \u00eatre port\u00e9 comme gilet sous un costume. Ce v\u00eatement fait partie de la nouvelle marque Herno Globe Lab, dont les v\u00eatements sont en partie fabriqu\u00e9s \u00e0 partir de mat\u00e9riaux durables.<\/p>\n<ul>\n<li>Coupe r\u00e9guli\u00e8re<\/li>\n<li>Col montant<\/li>\n<li>Poches avec bouton pression<\/li>\n<li>Logo Herno en m\u00e9tal au dos<\/li>\n<li>Fermeture \u00e0 glissi\u00e8re \u00e0 double sens<\/li>\n<li>Performance : Traitement d\u00e9perlant<\/li>\n<\/ul>\n","protected":false},"excerpt":{"rendered":"<p>Bodywarmer fin en microfibre de nylon recycl\u00e9 combin\u00e9e \u00e0 un tissu scuba l\u00e9ger et imperm\u00e9able \u00e0 deux couches. Un v\u00eatement polyvalent et sophistiqu\u00e9 \u00e0 porter sur un T-shirt ou une chemise au changement de saison, pour compl\u00e9ter votre look avec une touche Herno incomparable. Il peut \u00e9galement \u00eatre port\u00e9 comme gilet sous un costume. Ce [&#8230;]\n","protected":false},"featured_media":198396,"comment_status":"open","ping_status":"closed","template":"","meta":{"rank_math_lock_modified_date":false},"product_cat":[446,450,462,727,743,822],"product_tag":[],"class_list":{"0":"post-198404","1":"product","2":"type-product","3":"status-publish","4":"has-post-thumbnail","6":"product_cat-kleding-fr","7":"product_cat-heren-fr","8":"product_cat-vousten-sports-fr-2","9":"product_cat-herno-fr","10":"product_cat-bodywarmers-fr","11":"product_cat-bodywarmer-fr","13":"first","14":"instock","15":"taxable","16":"shipping-taxable","17":"purchasable","18":"product-type-variable"},"acf":[],"yoast_head":"<!-- This site is optimized with the Yoast SEO plugin v23.9 - https:\/\/yoast.com\/wordpress\/plugins\/seo\/ -->\n<title>HERNO - BODYWARMER BRUN FONC\u00c9 (40661) - Vousten Sports<\/title>\n<meta name=\"robots\" content=\"index, follow, max-snippet:-1, max-image-preview:large, max-video-preview:-1\" \/>\n<link rel=\"canonical\" href=\"https:\/\/www.voustensports.com\/fr\/herno-bodywarmer-brun-40661\/\" \/>\n<meta property=\"og:locale\" content=\"fr_FR\" \/>\n<meta property=\"og:type\" content=\"article\" \/>\n<meta property=\"og:title\" content=\"HERNO - BODYWARMER BRUN FONC\u00c9 (40661) - Vousten Sports\" \/>\n<meta property=\"og:description\" content=\"Bodywarmer fin en microfibre de nylon recycl\u00e9 combin\u00e9e \u00e0 un tissu scuba l\u00e9ger et imperm\u00e9able \u00e0 deux couches. Un v\u00eatement polyvalent et sophistiqu\u00e9 \u00e0 porter sur un T-shirt ou une chemise au changement de saison, pour compl\u00e9ter votre look avec une touche Herno incomparable. Il peut \u00e9galement \u00eatre port\u00e9 comme gilet sous un costume. Ce [...]\" \/>\n<meta property=\"og:url\" content=\"https:\/\/www.voustensports.com\/fr\/herno-bodywarmer-brun-40661\/\" \/>\n<meta property=\"og:site_name\" content=\"Vousten Sports\" \/>\n<meta property=\"article:modified_time\" content=\"2026-02-05T11:28:37+00:00\" \/>\n<meta property=\"og:image\" content=\"https:\/\/www.voustensports.com\/wp-content\/uploads\/2023\/06\/IMG_9334-scaled-1.jpeg\" \/>\n\t<meta property=\"og:image:width\" content=\"1631\" \/>\n\t<meta property=\"og:image:height\" content=\"2560\" \/>\n\t<meta property=\"og:image:type\" content=\"image\/jpeg\" \/>\n<meta name=\"twitter:card\" content=\"summary_large_image\" \/>\n<meta name=\"twitter:label1\" content=\"Est. reading time\" \/>\n\t<meta name=\"twitter:data1\" content=\"1 minute\" \/>\n<script type=\"application\/ld+json\" class=\"yoast-schema-graph\">{\"@context\":\"https:\/\/schema.org\",\"@graph\":[{\"@type\":\"WebPage\",\"@id\":\"https:\/\/www.voustensports.com\/fr\/herno-bodywarmer-brun-40661\/\",\"url\":\"https:\/\/www.voustensports.com\/fr\/herno-bodywarmer-brun-40661\/\",\"name\":\"HERNO - BODYWARMER BRUN FONC\u00c9 (40661) - Vousten Sports\",\"isPartOf\":{\"@id\":\"https:\/\/www.voustensports.com\/nl\/#website\"},\"primaryImageOfPage\":{\"@id\":\"https:\/\/www.voustensports.com\/fr\/herno-bodywarmer-brun-40661\/#primaryimage\"},\"image\":{\"@id\":\"https:\/\/www.voustensports.com\/fr\/herno-bodywarmer-brun-40661\/#primaryimage\"},\"thumbnailUrl\":\"https:\/\/www.voustensports.com\/wp-content\/uploads\/2023\/06\/IMG_9334-scaled-1.jpeg\",\"datePublished\":\"2025-02-27T16:52:10+00:00\",\"dateModified\":\"2026-02-05T11:28:37+00:00\",\"breadcrumb\":{\"@id\":\"https:\/\/www.voustensports.com\/fr\/herno-bodywarmer-brun-40661\/#breadcrumb\"},\"inLanguage\":\"fr-FR\",\"potentialAction\":[{\"@type\":\"ReadAction\",\"target\":[\"https:\/\/www.voustensports.com\/fr\/herno-bodywarmer-brun-40661\/\"]}]},{\"@type\":\"ImageObject\",\"inLanguage\":\"fr-FR\",\"@id\":\"https:\/\/www.voustensports.com\/fr\/herno-bodywarmer-brun-40661\/#primaryimage\",\"url\":\"https:\/\/www.voustensports.com\/wp-content\/uploads\/2023\/06\/IMG_9334-scaled-1.jpeg\",\"contentUrl\":\"https:\/\/www.voustensports.com\/wp-content\/uploads\/2023\/06\/IMG_9334-scaled-1.jpeg\",\"width\":1631,\"height\":2560},{\"@type\":\"BreadcrumbList\",\"@id\":\"https:\/\/www.voustensports.com\/fr\/herno-bodywarmer-brun-40661\/#breadcrumb\",\"itemListElement\":[{\"@type\":\"ListItem\",\"position\":1,\"name\":\"Home\",\"item\":\"https:\/\/www.voustensports.com\/fr\/\"},{\"@type\":\"ListItem\",\"position\":2,\"name\":\"Boutique\",\"item\":\"https:\/\/www.voustensports.com\/fr\/shop\/\"},{\"@type\":\"ListItem\",\"position\":3,\"name\":\"HERNO &#8211; BODYWARMER BRUN FONC\u00c9 (40661)\"}]},{\"@type\":\"WebSite\",\"@id\":\"https:\/\/www.voustensports.com\/nl\/#website\",\"url\":\"https:\/\/www.voustensports.com\/nl\/\",\"name\":\"Vousten Sports\",\"description\":\"\",\"potentialAction\":[{\"@type\":\"SearchAction\",\"target\":{\"@type\":\"EntryPoint\",\"urlTemplate\":\"https:\/\/www.voustensports.com\/nl\/?s={search_term_string}\"},\"query-input\":{\"@type\":\"PropertyValueSpecification\",\"valueRequired\":true,\"valueName\":\"search_term_string\"}}],\"inLanguage\":\"fr-FR\"}]}<\/script>\n<!-- \/ Yoast SEO plugin. -->","yoast_head_json":{"title":"HERNO - BODYWARMER BRUN FONC\u00c9 (40661) - Vousten Sports","robots":{"index":"index","follow":"follow","max-snippet":"max-snippet:-1","max-image-preview":"max-image-preview:large","max-video-preview":"max-video-preview:-1"},"canonical":"https:\/\/www.voustensports.com\/fr\/herno-bodywarmer-brun-40661\/","og_locale":"fr_FR","og_type":"article","og_title":"HERNO - BODYWARMER BRUN FONC\u00c9 (40661) - Vousten Sports","og_description":"Bodywarmer fin en microfibre de nylon recycl\u00e9 combin\u00e9e \u00e0 un tissu scuba l\u00e9ger et imperm\u00e9able \u00e0 deux couches. Un v\u00eatement polyvalent et sophistiqu\u00e9 \u00e0 porter sur un T-shirt ou une chemise au changement de saison, pour compl\u00e9ter votre look avec une touche Herno incomparable. Il peut \u00e9galement \u00eatre port\u00e9 comme gilet sous un costume. Ce [...]","og_url":"https:\/\/www.voustensports.com\/fr\/herno-bodywarmer-brun-40661\/","og_site_name":"Vousten Sports","article_modified_time":"2026-02-05T11:28:37+00:00","og_image":[{"width":1631,"height":2560,"url":"https:\/\/www.voustensports.com\/wp-content\/uploads\/2023\/06\/IMG_9334-scaled-1.jpeg","type":"image\/jpeg"}],"twitter_card":"summary_large_image","twitter_misc":{"Est. reading time":"1 minute"},"schema":{"@context":"https:\/\/schema.org","@graph":[{"@type":"WebPage","@id":"https:\/\/www.voustensports.com\/fr\/herno-bodywarmer-brun-40661\/","url":"https:\/\/www.voustensports.com\/fr\/herno-bodywarmer-brun-40661\/","name":"HERNO - BODYWARMER BRUN FONC\u00c9 (40661) - Vousten Sports","isPartOf":{"@id":"https:\/\/www.voustensports.com\/nl\/#website"},"primaryImageOfPage":{"@id":"https:\/\/www.voustensports.com\/fr\/herno-bodywarmer-brun-40661\/#primaryimage"},"image":{"@id":"https:\/\/www.voustensports.com\/fr\/herno-bodywarmer-brun-40661\/#primaryimage"},"thumbnailUrl":"https:\/\/www.voustensports.com\/wp-content\/uploads\/2023\/06\/IMG_9334-scaled-1.jpeg","datePublished":"2025-02-27T16:52:10+00:00","dateModified":"2026-02-05T11:28:37+00:00","breadcrumb":{"@id":"https:\/\/www.voustensports.com\/fr\/herno-bodywarmer-brun-40661\/#breadcrumb"},"inLanguage":"fr-FR","potentialAction":[{"@type":"ReadAction","target":["https:\/\/www.voustensports.com\/fr\/herno-bodywarmer-brun-40661\/"]}]},{"@type":"ImageObject","inLanguage":"fr-FR","@id":"https:\/\/www.voustensports.com\/fr\/herno-bodywarmer-brun-40661\/#primaryimage","url":"https:\/\/www.voustensports.com\/wp-content\/uploads\/2023\/06\/IMG_9334-scaled-1.jpeg","contentUrl":"https:\/\/www.voustensports.com\/wp-content\/uploads\/2023\/06\/IMG_9334-scaled-1.jpeg","width":1631,"height":2560},{"@type":"BreadcrumbList","@id":"https:\/\/www.voustensports.com\/fr\/herno-bodywarmer-brun-40661\/#breadcrumb","itemListElement":[{"@type":"ListItem","position":1,"name":"Home","item":"https:\/\/www.voustensports.com\/fr\/"},{"@type":"ListItem","position":2,"name":"Boutique","item":"https:\/\/www.voustensports.com\/fr\/shop\/"},{"@type":"ListItem","position":3,"name":"HERNO &#8211; BODYWARMER BRUN FONC\u00c9 (40661)"}]},{"@type":"WebSite","@id":"https:\/\/www.voustensports.com\/nl\/#website","url":"https:\/\/www.voustensports.com\/nl\/","name":"Vousten Sports","description":"","potentialAction":[{"@type":"SearchAction","target":{"@type":"EntryPoint","urlTemplate":"https:\/\/www.voustensports.com\/nl\/?s={search_term_string}"},"query-input":{"@type":"PropertyValueSpecification","valueRequired":true,"valueName":"search_term_string"}}],"inLanguage":"fr-FR"}]}},"_links":{"self":[{"href":"https:\/\/www.voustensports.com\/fr\/wp-json\/wp\/v2\/product\/198404","targetHints":{"allow":["GET"]}}],"collection":[{"href":"https:\/\/www.voustensports.com\/fr\/wp-json\/wp\/v2\/product"}],"about":[{"href":"https:\/\/www.voustensports.com\/fr\/wp-json\/wp\/v2\/types\/product"}],"replies":[{"embeddable":true,"href":"https:\/\/www.voustensports.com\/fr\/wp-json\/wp\/v2\/comments?post=198404"}],"wp:featuredmedia":[{"embeddable":true,"href":"https:\/\/www.voustensports.com\/fr\/wp-json\/wp\/v2\/media\/198396"}],"wp:attachment":[{"href":"https:\/\/www.voustensports.com\/fr\/wp-json\/wp\/v2\/media?parent=198404"}],"wp:term":[{"taxonomy":"product_cat","embeddable":true,"href":"https:\/\/www.voustensports.com\/fr\/wp-json\/wp\/v2\/product_cat?post=198404"},{"taxonomy":"product_tag","embeddable":true,"href":"https:\/\/www.voustensports.com\/fr\/wp-json\/wp\/v2\/product_tag?post=198404"}],"curies":[{"name":"wp","href":"https:\/\/api.w.org\/{rel}","templated":true}]}}