{"id":198248,"date":"2025-02-22T16:44:09","date_gmt":"2025-02-22T15:44:09","guid":{"rendered":"https:\/\/www.voustensports.com\/xacus-heren-chemise-active-vert-sauge-40707\/"},"modified":"2026-02-05T12:29:44","modified_gmt":"2026-02-05T11:29:44","slug":"xacus-heren-chemise-active-vert-sauge-40707","status":"publish","type":"product","link":"https:\/\/www.voustensports.com\/fr\/xacus-heren-chemise-active-vert-sauge-40707\/","title":{"rendered":"Xacus Heren &#8211; Chemise Active vert sauge (40707)"},"content":{"rendered":"<div>Chemise pour homme \u00e0 col italien, actualis\u00e9e et avec un design d&rsquo;une nouvelle dimension. La coupe sur mesure est la meilleure combinaison possible de confort et de volume actuel. Couture mono-aiguille \u00e0 7 points par centim\u00e8tre, soufflets sur le bas, raidisseurs et tiges amovibles avec fil de soie thermosoud\u00e9 pour chacun, bouton unique. Cette chemise est un incontournable du dressing masculin et peut \u00eatre port\u00e9e partout.<\/div>\n<div>COMPOSITION<\/div>\n<div>87% POLYAMIDE\/13% \u00c9LASTHANNE<\/div>\n","protected":false},"excerpt":{"rendered":"<p>Chemise pour homme \u00e0 col italien, actualis\u00e9e et avec un design d&rsquo;une nouvelle dimension. La coupe sur mesure est la meilleure combinaison possible de confort et de volume actuel. Couture mono-aiguille \u00e0 7 points par centim\u00e8tre, soufflets sur le bas, raidisseurs et tiges amovibles avec fil de soie thermosoud\u00e9 pour chacun, bouton unique. Cette chemise [&#8230;]\n","protected":false},"featured_media":198244,"comment_status":"open","ping_status":"closed","template":"","meta":{"rank_math_lock_modified_date":false},"product_cat":[446,450,462,486,891,1020],"product_tag":[],"class_list":{"0":"post-198248","1":"product","2":"type-product","3":"status-publish","4":"has-post-thumbnail","6":"product_cat-kleding-fr","7":"product_cat-heren-fr","8":"product_cat-vousten-sports-fr-2","9":"product_cat-shirt-fr-2","10":"product_cat-overhemd-blouse-fr","11":"product_cat-xacus-fr","13":"first","14":"instock","15":"taxable","16":"shipping-taxable","17":"purchasable","18":"product-type-variable"},"acf":[],"yoast_head":"<!-- This site is optimized with the Yoast SEO plugin v23.9 - https:\/\/yoast.com\/wordpress\/plugins\/seo\/ -->\n<title>Xacus Heren - Chemise Active vert sauge (40707) - Vousten Sports<\/title>\n<meta name=\"robots\" content=\"index, follow, max-snippet:-1, max-image-preview:large, max-video-preview:-1\" \/>\n<link rel=\"canonical\" href=\"https:\/\/www.voustensports.com\/fr\/xacus-heren-chemise-active-vert-sauge-40707\/\" \/>\n<meta property=\"og:locale\" content=\"fr_FR\" \/>\n<meta property=\"og:type\" content=\"article\" \/>\n<meta property=\"og:title\" content=\"Xacus Heren - Chemise Active vert sauge (40707) - Vousten Sports\" \/>\n<meta property=\"og:description\" content=\"Chemise pour homme \u00e0 col italien, actualis\u00e9e et avec un design d&rsquo;une nouvelle dimension. La coupe sur mesure est la meilleure combinaison possible de confort et de volume actuel. Couture mono-aiguille \u00e0 7 points par centim\u00e8tre, soufflets sur le bas, raidisseurs et tiges amovibles avec fil de soie thermosoud\u00e9 pour chacun, bouton unique. Cette chemise [...]\" \/>\n<meta property=\"og:url\" content=\"https:\/\/www.voustensports.com\/fr\/xacus-heren-chemise-active-vert-sauge-40707\/\" \/>\n<meta property=\"og:site_name\" content=\"Vousten Sports\" \/>\n<meta property=\"article:modified_time\" content=\"2026-02-05T11:29:44+00:00\" \/>\n<meta property=\"og:image\" content=\"https:\/\/www.voustensports.com\/wp-content\/uploads\/2023\/06\/Active-Shirt-sage-green-40707.png\" \/>\n\t<meta property=\"og:image:width\" content=\"1400\" \/>\n\t<meta property=\"og:image:height\" content=\"1800\" \/>\n\t<meta property=\"og:image:type\" content=\"image\/png\" \/>\n<meta name=\"twitter:card\" content=\"summary_large_image\" \/>\n<script type=\"application\/ld+json\" class=\"yoast-schema-graph\">{\"@context\":\"https:\/\/schema.org\",\"@graph\":[{\"@type\":\"WebPage\",\"@id\":\"https:\/\/www.voustensports.com\/fr\/xacus-heren-chemise-active-vert-sauge-40707\/\",\"url\":\"https:\/\/www.voustensports.com\/fr\/xacus-heren-chemise-active-vert-sauge-40707\/\",\"name\":\"Xacus Heren - Chemise Active vert sauge (40707) - Vousten Sports\",\"isPartOf\":{\"@id\":\"https:\/\/www.voustensports.com\/nl\/#website\"},\"primaryImageOfPage\":{\"@id\":\"https:\/\/www.voustensports.com\/fr\/xacus-heren-chemise-active-vert-sauge-40707\/#primaryimage\"},\"image\":{\"@id\":\"https:\/\/www.voustensports.com\/fr\/xacus-heren-chemise-active-vert-sauge-40707\/#primaryimage\"},\"thumbnailUrl\":\"https:\/\/www.voustensports.com\/wp-content\/uploads\/2023\/06\/Active-Shirt-sage-green-40707.png\",\"datePublished\":\"2025-02-22T15:44:09+00:00\",\"dateModified\":\"2026-02-05T11:29:44+00:00\",\"breadcrumb\":{\"@id\":\"https:\/\/www.voustensports.com\/fr\/xacus-heren-chemise-active-vert-sauge-40707\/#breadcrumb\"},\"inLanguage\":\"fr-FR\",\"potentialAction\":[{\"@type\":\"ReadAction\",\"target\":[\"https:\/\/www.voustensports.com\/fr\/xacus-heren-chemise-active-vert-sauge-40707\/\"]}]},{\"@type\":\"ImageObject\",\"inLanguage\":\"fr-FR\",\"@id\":\"https:\/\/www.voustensports.com\/fr\/xacus-heren-chemise-active-vert-sauge-40707\/#primaryimage\",\"url\":\"https:\/\/www.voustensports.com\/wp-content\/uploads\/2023\/06\/Active-Shirt-sage-green-40707.png\",\"contentUrl\":\"https:\/\/www.voustensports.com\/wp-content\/uploads\/2023\/06\/Active-Shirt-sage-green-40707.png\",\"width\":1400,\"height\":1800},{\"@type\":\"BreadcrumbList\",\"@id\":\"https:\/\/www.voustensports.com\/fr\/xacus-heren-chemise-active-vert-sauge-40707\/#breadcrumb\",\"itemListElement\":[{\"@type\":\"ListItem\",\"position\":1,\"name\":\"Home\",\"item\":\"https:\/\/www.voustensports.com\/fr\/\"},{\"@type\":\"ListItem\",\"position\":2,\"name\":\"Boutique\",\"item\":\"https:\/\/www.voustensports.com\/fr\/shop\/\"},{\"@type\":\"ListItem\",\"position\":3,\"name\":\"Xacus Heren &#8211; Chemise Active vert sauge (40707)\"}]},{\"@type\":\"WebSite\",\"@id\":\"https:\/\/www.voustensports.com\/nl\/#website\",\"url\":\"https:\/\/www.voustensports.com\/nl\/\",\"name\":\"Vousten Sports\",\"description\":\"\",\"potentialAction\":[{\"@type\":\"SearchAction\",\"target\":{\"@type\":\"EntryPoint\",\"urlTemplate\":\"https:\/\/www.voustensports.com\/nl\/?s={search_term_string}\"},\"query-input\":{\"@type\":\"PropertyValueSpecification\",\"valueRequired\":true,\"valueName\":\"search_term_string\"}}],\"inLanguage\":\"fr-FR\"}]}<\/script>\n<!-- \/ Yoast SEO plugin. -->","yoast_head_json":{"title":"Xacus Heren - Chemise Active vert sauge (40707) - Vousten Sports","robots":{"index":"index","follow":"follow","max-snippet":"max-snippet:-1","max-image-preview":"max-image-preview:large","max-video-preview":"max-video-preview:-1"},"canonical":"https:\/\/www.voustensports.com\/fr\/xacus-heren-chemise-active-vert-sauge-40707\/","og_locale":"fr_FR","og_type":"article","og_title":"Xacus Heren - Chemise Active vert sauge (40707) - Vousten Sports","og_description":"Chemise pour homme \u00e0 col italien, actualis\u00e9e et avec un design d&rsquo;une nouvelle dimension. La coupe sur mesure est la meilleure combinaison possible de confort et de volume actuel. Couture mono-aiguille \u00e0 7 points par centim\u00e8tre, soufflets sur le bas, raidisseurs et tiges amovibles avec fil de soie thermosoud\u00e9 pour chacun, bouton unique. Cette chemise [...]","og_url":"https:\/\/www.voustensports.com\/fr\/xacus-heren-chemise-active-vert-sauge-40707\/","og_site_name":"Vousten Sports","article_modified_time":"2026-02-05T11:29:44+00:00","og_image":[{"width":1400,"height":1800,"url":"https:\/\/www.voustensports.com\/wp-content\/uploads\/2023\/06\/Active-Shirt-sage-green-40707.png","type":"image\/png"}],"twitter_card":"summary_large_image","schema":{"@context":"https:\/\/schema.org","@graph":[{"@type":"WebPage","@id":"https:\/\/www.voustensports.com\/fr\/xacus-heren-chemise-active-vert-sauge-40707\/","url":"https:\/\/www.voustensports.com\/fr\/xacus-heren-chemise-active-vert-sauge-40707\/","name":"Xacus Heren - Chemise Active vert sauge (40707) - Vousten Sports","isPartOf":{"@id":"https:\/\/www.voustensports.com\/nl\/#website"},"primaryImageOfPage":{"@id":"https:\/\/www.voustensports.com\/fr\/xacus-heren-chemise-active-vert-sauge-40707\/#primaryimage"},"image":{"@id":"https:\/\/www.voustensports.com\/fr\/xacus-heren-chemise-active-vert-sauge-40707\/#primaryimage"},"thumbnailUrl":"https:\/\/www.voustensports.com\/wp-content\/uploads\/2023\/06\/Active-Shirt-sage-green-40707.png","datePublished":"2025-02-22T15:44:09+00:00","dateModified":"2026-02-05T11:29:44+00:00","breadcrumb":{"@id":"https:\/\/www.voustensports.com\/fr\/xacus-heren-chemise-active-vert-sauge-40707\/#breadcrumb"},"inLanguage":"fr-FR","potentialAction":[{"@type":"ReadAction","target":["https:\/\/www.voustensports.com\/fr\/xacus-heren-chemise-active-vert-sauge-40707\/"]}]},{"@type":"ImageObject","inLanguage":"fr-FR","@id":"https:\/\/www.voustensports.com\/fr\/xacus-heren-chemise-active-vert-sauge-40707\/#primaryimage","url":"https:\/\/www.voustensports.com\/wp-content\/uploads\/2023\/06\/Active-Shirt-sage-green-40707.png","contentUrl":"https:\/\/www.voustensports.com\/wp-content\/uploads\/2023\/06\/Active-Shirt-sage-green-40707.png","width":1400,"height":1800},{"@type":"BreadcrumbList","@id":"https:\/\/www.voustensports.com\/fr\/xacus-heren-chemise-active-vert-sauge-40707\/#breadcrumb","itemListElement":[{"@type":"ListItem","position":1,"name":"Home","item":"https:\/\/www.voustensports.com\/fr\/"},{"@type":"ListItem","position":2,"name":"Boutique","item":"https:\/\/www.voustensports.com\/fr\/shop\/"},{"@type":"ListItem","position":3,"name":"Xacus Heren &#8211; Chemise Active vert sauge (40707)"}]},{"@type":"WebSite","@id":"https:\/\/www.voustensports.com\/nl\/#website","url":"https:\/\/www.voustensports.com\/nl\/","name":"Vousten Sports","description":"","potentialAction":[{"@type":"SearchAction","target":{"@type":"EntryPoint","urlTemplate":"https:\/\/www.voustensports.com\/nl\/?s={search_term_string}"},"query-input":{"@type":"PropertyValueSpecification","valueRequired":true,"valueName":"search_term_string"}}],"inLanguage":"fr-FR"}]}},"_links":{"self":[{"href":"https:\/\/www.voustensports.com\/fr\/wp-json\/wp\/v2\/product\/198248","targetHints":{"allow":["GET"]}}],"collection":[{"href":"https:\/\/www.voustensports.com\/fr\/wp-json\/wp\/v2\/product"}],"about":[{"href":"https:\/\/www.voustensports.com\/fr\/wp-json\/wp\/v2\/types\/product"}],"replies":[{"embeddable":true,"href":"https:\/\/www.voustensports.com\/fr\/wp-json\/wp\/v2\/comments?post=198248"}],"wp:featuredmedia":[{"embeddable":true,"href":"https:\/\/www.voustensports.com\/fr\/wp-json\/wp\/v2\/media\/198244"}],"wp:attachment":[{"href":"https:\/\/www.voustensports.com\/fr\/wp-json\/wp\/v2\/media?parent=198248"}],"wp:term":[{"taxonomy":"product_cat","embeddable":true,"href":"https:\/\/www.voustensports.com\/fr\/wp-json\/wp\/v2\/product_cat?post=198248"},{"taxonomy":"product_tag","embeddable":true,"href":"https:\/\/www.voustensports.com\/fr\/wp-json\/wp\/v2\/product_tag?post=198248"}],"curies":[{"name":"wp","href":"https:\/\/api.w.org\/{rel}","templated":true}]}}