{"id":198044,"date":"2025-02-22T11:48:11","date_gmt":"2025-02-22T10:48:11","guid":{"rendered":"https:\/\/www.voustensports.com\/gran-sasso-short-de-bain-imprime-majolca-40764\/"},"modified":"2026-02-05T12:30:45","modified_gmt":"2026-02-05T11:30:45","slug":"gran-sasso-short-de-bain-imprime-majolca-40764","status":"publish","type":"product","link":"https:\/\/www.voustensports.com\/fr\/gran-sasso-short-de-bain-imprime-majolca-40764\/","title":{"rendered":"Gran Sasso &#8211; SHORT DE BAIN IMPRIM\u00c9 MAJOLCA (40764)"},"content":{"rendered":"<div>Short de bain imprim\u00e9 Majolica avec slip int\u00e9rieur en Microfibre Recycl\u00e9e, fil produit par le syst\u00e8me de recyclage Eco Circle, qui permet de r\u00e9duire d&rsquo;environ 50% la consommation d&rsquo;\u00e9nergie et les \u00e9missions de dioxyde de carbone. La particularit\u00e9 du maillot de bain est la poche : en plus d&rsquo;\u00eatre un accessoire utile, permettant de plier le boxer \u00e0 l&rsquo;int\u00e9rieur, elle devient une pochette confortable pour ranger facilement le maillot de bain. Parfait pour ceux qui ne veulent pas renoncer au style et au confort m\u00eame au bord de la mer.<\/div>\n<ul>\n<li>Fabriqu\u00e9 en Italie<\/li>\n<li>Mat\u00e9riel: 100% NYLON<\/li>\n<\/ul>\n","protected":false},"excerpt":{"rendered":"<p>Short de bain imprim\u00e9 Majolica avec slip int\u00e9rieur en Microfibre Recycl\u00e9e, fil produit par le syst\u00e8me de recyclage Eco Circle, qui permet de r\u00e9duire d&rsquo;environ 50% la consommation d&rsquo;\u00e9nergie et les \u00e9missions de dioxyde de carbone. La particularit\u00e9 du maillot de bain est la poche : en plus d&rsquo;\u00eatre un accessoire utile, permettant de plier [&#8230;]\n","protected":false},"featured_media":198032,"comment_status":"open","ping_status":"closed","template":"","meta":{"rank_math_lock_modified_date":false},"product_cat":[446,450,458,462,466,755,786,924],"product_tag":[],"class_list":{"0":"post-198044","1":"product","2":"type-product","3":"status-publish","4":"has-post-thumbnail","6":"product_cat-kleding-fr","7":"product_cat-heren-fr","8":"product_cat-shorts-fr-2","9":"product_cat-vousten-sports-fr-2","10":"product_cat-broeken-fr","11":"product_cat-zwembroeken-fr-2","12":"product_cat-broek-fr","13":"product_cat-gran-sasso-fr","15":"first","16":"instock","17":"taxable","18":"shipping-taxable","19":"purchasable","20":"product-type-variable"},"acf":[],"yoast_head":"<!-- This site is optimized with the Yoast SEO plugin v23.9 - https:\/\/yoast.com\/wordpress\/plugins\/seo\/ -->\n<title>Gran Sasso - SHORT DE BAIN IMPRIM\u00c9 MAJOLCA (40764) - Vousten Sports<\/title>\n<meta name=\"robots\" content=\"index, follow, max-snippet:-1, max-image-preview:large, max-video-preview:-1\" \/>\n<link rel=\"canonical\" href=\"https:\/\/www.voustensports.com\/fr\/gran-sasso-short-de-bain-imprime-majolca-40764\/\" \/>\n<meta property=\"og:locale\" content=\"fr_FR\" \/>\n<meta property=\"og:type\" content=\"article\" \/>\n<meta property=\"og:title\" content=\"Gran Sasso - SHORT DE BAIN IMPRIM\u00c9 MAJOLCA (40764) - Vousten Sports\" \/>\n<meta property=\"og:description\" content=\"Short de bain imprim\u00e9 Majolica avec slip int\u00e9rieur en Microfibre Recycl\u00e9e, fil produit par le syst\u00e8me de recyclage Eco Circle, qui permet de r\u00e9duire d&rsquo;environ 50% la consommation d&rsquo;\u00e9nergie et les \u00e9missions de dioxyde de carbone. La particularit\u00e9 du maillot de bain est la poche : en plus d&rsquo;\u00eatre un accessoire utile, permettant de plier [...]\" \/>\n<meta property=\"og:url\" content=\"https:\/\/www.voustensports.com\/fr\/gran-sasso-short-de-bain-imprime-majolca-40764\/\" \/>\n<meta property=\"og:site_name\" content=\"Vousten Sports\" \/>\n<meta property=\"article:modified_time\" content=\"2026-02-05T11:30:45+00:00\" \/>\n<meta property=\"og:image\" content=\"https:\/\/www.voustensports.com\/wp-content\/uploads\/2023\/06\/SWIM-SHORT-MAJOLCA-PRINT-407641.jpg\" \/>\n\t<meta property=\"og:image:width\" content=\"1365\" \/>\n\t<meta property=\"og:image:height\" content=\"2048\" \/>\n\t<meta property=\"og:image:type\" content=\"image\/jpeg\" \/>\n<meta name=\"twitter:card\" content=\"summary_large_image\" \/>\n<meta name=\"twitter:label1\" content=\"Est. reading time\" \/>\n\t<meta name=\"twitter:data1\" content=\"1 minute\" \/>\n<script type=\"application\/ld+json\" class=\"yoast-schema-graph\">{\"@context\":\"https:\/\/schema.org\",\"@graph\":[{\"@type\":\"WebPage\",\"@id\":\"https:\/\/www.voustensports.com\/fr\/gran-sasso-short-de-bain-imprime-majolca-40764\/\",\"url\":\"https:\/\/www.voustensports.com\/fr\/gran-sasso-short-de-bain-imprime-majolca-40764\/\",\"name\":\"Gran Sasso - SHORT DE BAIN IMPRIM\u00c9 MAJOLCA (40764) - Vousten Sports\",\"isPartOf\":{\"@id\":\"https:\/\/www.voustensports.com\/nl\/#website\"},\"primaryImageOfPage\":{\"@id\":\"https:\/\/www.voustensports.com\/fr\/gran-sasso-short-de-bain-imprime-majolca-40764\/#primaryimage\"},\"image\":{\"@id\":\"https:\/\/www.voustensports.com\/fr\/gran-sasso-short-de-bain-imprime-majolca-40764\/#primaryimage\"},\"thumbnailUrl\":\"https:\/\/www.voustensports.com\/wp-content\/uploads\/2023\/06\/SWIM-SHORT-MAJOLCA-PRINT-407641.jpg\",\"datePublished\":\"2025-02-22T10:48:11+00:00\",\"dateModified\":\"2026-02-05T11:30:45+00:00\",\"breadcrumb\":{\"@id\":\"https:\/\/www.voustensports.com\/fr\/gran-sasso-short-de-bain-imprime-majolca-40764\/#breadcrumb\"},\"inLanguage\":\"fr-FR\",\"potentialAction\":[{\"@type\":\"ReadAction\",\"target\":[\"https:\/\/www.voustensports.com\/fr\/gran-sasso-short-de-bain-imprime-majolca-40764\/\"]}]},{\"@type\":\"ImageObject\",\"inLanguage\":\"fr-FR\",\"@id\":\"https:\/\/www.voustensports.com\/fr\/gran-sasso-short-de-bain-imprime-majolca-40764\/#primaryimage\",\"url\":\"https:\/\/www.voustensports.com\/wp-content\/uploads\/2023\/06\/SWIM-SHORT-MAJOLCA-PRINT-407641.jpg\",\"contentUrl\":\"https:\/\/www.voustensports.com\/wp-content\/uploads\/2023\/06\/SWIM-SHORT-MAJOLCA-PRINT-407641.jpg\",\"width\":1365,\"height\":2048},{\"@type\":\"BreadcrumbList\",\"@id\":\"https:\/\/www.voustensports.com\/fr\/gran-sasso-short-de-bain-imprime-majolca-40764\/#breadcrumb\",\"itemListElement\":[{\"@type\":\"ListItem\",\"position\":1,\"name\":\"Home\",\"item\":\"https:\/\/www.voustensports.com\/fr\/\"},{\"@type\":\"ListItem\",\"position\":2,\"name\":\"Boutique\",\"item\":\"https:\/\/www.voustensports.com\/fr\/shop\/\"},{\"@type\":\"ListItem\",\"position\":3,\"name\":\"Gran Sasso &#8211; SHORT DE BAIN IMPRIM\u00c9 MAJOLCA (40764)\"}]},{\"@type\":\"WebSite\",\"@id\":\"https:\/\/www.voustensports.com\/nl\/#website\",\"url\":\"https:\/\/www.voustensports.com\/nl\/\",\"name\":\"Vousten Sports\",\"description\":\"\",\"potentialAction\":[{\"@type\":\"SearchAction\",\"target\":{\"@type\":\"EntryPoint\",\"urlTemplate\":\"https:\/\/www.voustensports.com\/nl\/?s={search_term_string}\"},\"query-input\":{\"@type\":\"PropertyValueSpecification\",\"valueRequired\":true,\"valueName\":\"search_term_string\"}}],\"inLanguage\":\"fr-FR\"}]}<\/script>\n<!-- \/ Yoast SEO plugin. -->","yoast_head_json":{"title":"Gran Sasso - SHORT DE BAIN IMPRIM\u00c9 MAJOLCA (40764) - Vousten Sports","robots":{"index":"index","follow":"follow","max-snippet":"max-snippet:-1","max-image-preview":"max-image-preview:large","max-video-preview":"max-video-preview:-1"},"canonical":"https:\/\/www.voustensports.com\/fr\/gran-sasso-short-de-bain-imprime-majolca-40764\/","og_locale":"fr_FR","og_type":"article","og_title":"Gran Sasso - SHORT DE BAIN IMPRIM\u00c9 MAJOLCA (40764) - Vousten Sports","og_description":"Short de bain imprim\u00e9 Majolica avec slip int\u00e9rieur en Microfibre Recycl\u00e9e, fil produit par le syst\u00e8me de recyclage Eco Circle, qui permet de r\u00e9duire d&rsquo;environ 50% la consommation d&rsquo;\u00e9nergie et les \u00e9missions de dioxyde de carbone. La particularit\u00e9 du maillot de bain est la poche : en plus d&rsquo;\u00eatre un accessoire utile, permettant de plier [...]","og_url":"https:\/\/www.voustensports.com\/fr\/gran-sasso-short-de-bain-imprime-majolca-40764\/","og_site_name":"Vousten Sports","article_modified_time":"2026-02-05T11:30:45+00:00","og_image":[{"width":1365,"height":2048,"url":"https:\/\/www.voustensports.com\/wp-content\/uploads\/2023\/06\/SWIM-SHORT-MAJOLCA-PRINT-407641.jpg","type":"image\/jpeg"}],"twitter_card":"summary_large_image","twitter_misc":{"Est. reading time":"1 minute"},"schema":{"@context":"https:\/\/schema.org","@graph":[{"@type":"WebPage","@id":"https:\/\/www.voustensports.com\/fr\/gran-sasso-short-de-bain-imprime-majolca-40764\/","url":"https:\/\/www.voustensports.com\/fr\/gran-sasso-short-de-bain-imprime-majolca-40764\/","name":"Gran Sasso - SHORT DE BAIN IMPRIM\u00c9 MAJOLCA (40764) - Vousten Sports","isPartOf":{"@id":"https:\/\/www.voustensports.com\/nl\/#website"},"primaryImageOfPage":{"@id":"https:\/\/www.voustensports.com\/fr\/gran-sasso-short-de-bain-imprime-majolca-40764\/#primaryimage"},"image":{"@id":"https:\/\/www.voustensports.com\/fr\/gran-sasso-short-de-bain-imprime-majolca-40764\/#primaryimage"},"thumbnailUrl":"https:\/\/www.voustensports.com\/wp-content\/uploads\/2023\/06\/SWIM-SHORT-MAJOLCA-PRINT-407641.jpg","datePublished":"2025-02-22T10:48:11+00:00","dateModified":"2026-02-05T11:30:45+00:00","breadcrumb":{"@id":"https:\/\/www.voustensports.com\/fr\/gran-sasso-short-de-bain-imprime-majolca-40764\/#breadcrumb"},"inLanguage":"fr-FR","potentialAction":[{"@type":"ReadAction","target":["https:\/\/www.voustensports.com\/fr\/gran-sasso-short-de-bain-imprime-majolca-40764\/"]}]},{"@type":"ImageObject","inLanguage":"fr-FR","@id":"https:\/\/www.voustensports.com\/fr\/gran-sasso-short-de-bain-imprime-majolca-40764\/#primaryimage","url":"https:\/\/www.voustensports.com\/wp-content\/uploads\/2023\/06\/SWIM-SHORT-MAJOLCA-PRINT-407641.jpg","contentUrl":"https:\/\/www.voustensports.com\/wp-content\/uploads\/2023\/06\/SWIM-SHORT-MAJOLCA-PRINT-407641.jpg","width":1365,"height":2048},{"@type":"BreadcrumbList","@id":"https:\/\/www.voustensports.com\/fr\/gran-sasso-short-de-bain-imprime-majolca-40764\/#breadcrumb","itemListElement":[{"@type":"ListItem","position":1,"name":"Home","item":"https:\/\/www.voustensports.com\/fr\/"},{"@type":"ListItem","position":2,"name":"Boutique","item":"https:\/\/www.voustensports.com\/fr\/shop\/"},{"@type":"ListItem","position":3,"name":"Gran Sasso &#8211; SHORT DE BAIN IMPRIM\u00c9 MAJOLCA (40764)"}]},{"@type":"WebSite","@id":"https:\/\/www.voustensports.com\/nl\/#website","url":"https:\/\/www.voustensports.com\/nl\/","name":"Vousten Sports","description":"","potentialAction":[{"@type":"SearchAction","target":{"@type":"EntryPoint","urlTemplate":"https:\/\/www.voustensports.com\/nl\/?s={search_term_string}"},"query-input":{"@type":"PropertyValueSpecification","valueRequired":true,"valueName":"search_term_string"}}],"inLanguage":"fr-FR"}]}},"_links":{"self":[{"href":"https:\/\/www.voustensports.com\/fr\/wp-json\/wp\/v2\/product\/198044","targetHints":{"allow":["GET"]}}],"collection":[{"href":"https:\/\/www.voustensports.com\/fr\/wp-json\/wp\/v2\/product"}],"about":[{"href":"https:\/\/www.voustensports.com\/fr\/wp-json\/wp\/v2\/types\/product"}],"replies":[{"embeddable":true,"href":"https:\/\/www.voustensports.com\/fr\/wp-json\/wp\/v2\/comments?post=198044"}],"wp:featuredmedia":[{"embeddable":true,"href":"https:\/\/www.voustensports.com\/fr\/wp-json\/wp\/v2\/media\/198032"}],"wp:attachment":[{"href":"https:\/\/www.voustensports.com\/fr\/wp-json\/wp\/v2\/media?parent=198044"}],"wp:term":[{"taxonomy":"product_cat","embeddable":true,"href":"https:\/\/www.voustensports.com\/fr\/wp-json\/wp\/v2\/product_cat?post=198044"},{"taxonomy":"product_tag","embeddable":true,"href":"https:\/\/www.voustensports.com\/fr\/wp-json\/wp\/v2\/product_tag?post=198044"}],"curies":[{"name":"wp","href":"https:\/\/api.w.org\/{rel}","templated":true}]}}