{"id":197980,"date":"2025-02-22T11:04:15","date_gmt":"2025-02-22T10:04:15","guid":{"rendered":"https:\/\/www.voustensports.com\/c-p-company-coquille-souple-gris-40572\/"},"modified":"2026-02-05T12:26:10","modified_gmt":"2026-02-05T11:26:10","slug":"c-p-company-coquille-souple-gris-40572","status":"publish","type":"product","link":"https:\/\/www.voustensports.com\/fr\/c-p-company-coquille-souple-gris-40572\/","title":{"rendered":"C.P. Company &#8211; Coquille souple gris (40572)"},"content":{"rendered":"<div>\n<div>D\u00c9TAILS DU PRODUIT<\/div>\n<div>Veste \u00e0 capuche fabriqu\u00e9e en C.P. Shell-R, un softshell multifilament extensible \u00e0 3 couches, fabriqu\u00e9 \u00e0 partir de fil de polyester recycl\u00e9. Certifi\u00e9 Global Recycled Standard (GRS). Coll\u00e9 pour colonne d&rsquo;eau de 5000mm. Traitement coupe-vent pour \u00e9viter les chutes. Coupe r\u00e9guli\u00e8re.<\/div>\n<div>\u2013 Capuche r\u00e9glable<\/div>\n<div>\u2013 Zip complet \u00e0 double sens<\/div>\n<div>\u2013 D\u00e9tail des verres<\/div>\n<div>\u2013 Poches lat\u00e9rales avec fermeture \u00e9clair<\/div>\n<div>\u2013 Poignets et ourlet \u00e9lastiques<\/div>\n<div>\u2013 Coupe r\u00e9guli\u00e8re<\/div>\n<div>COMPOS\u00c9<\/div>\n<div>\u2013 Doublure : 100% polyamide\/nylon<\/div>\n<div>\u2013 Tissu principal int\u00e9rieur : 100% polyester<\/div>\n<div>\u2013 Tissu principal externe : 92% polyester, 8% \u00e9lasthanne\/spandex<\/div>\n<\/div>\n<div><\/div>\n","protected":false},"excerpt":{"rendered":"<p>D\u00c9TAILS DU PRODUIT Veste \u00e0 capuche fabriqu\u00e9e en C.P. Shell-R, un softshell multifilament extensible \u00e0 3 couches, fabriqu\u00e9 \u00e0 partir de fil de polyester recycl\u00e9. Certifi\u00e9 Global Recycled Standard (GRS). Coll\u00e9 pour colonne d&rsquo;eau de 5000mm. Traitement coupe-vent pour \u00e9viter les chutes. Coupe r\u00e9guli\u00e8re. \u2013 Capuche r\u00e9glable \u2013 Zip complet \u00e0 double sens \u2013 D\u00e9tail [&#8230;]\n","protected":false},"featured_media":197960,"comment_status":"open","ping_status":"closed","template":"","meta":{"rank_math_lock_modified_date":false},"product_cat":[438,446,450,462,542,701,705],"product_tag":[],"class_list":{"0":"post-197980","1":"product","2":"type-product","3":"status-publish","4":"has-post-thumbnail","6":"product_cat-cp-company-fr","7":"product_cat-kleding-fr","8":"product_cat-heren-fr","9":"product_cat-vousten-sports-fr-2","10":"product_cat-jassen-fr","11":"product_cat-jackets-fr","12":"product_cat-jassen-jacks-fr","14":"first","15":"outofstock","16":"taxable","17":"shipping-taxable","18":"purchasable","19":"product-type-variable"},"acf":[],"yoast_head":"<!-- This site is optimized with the Yoast SEO plugin v23.9 - https:\/\/yoast.com\/wordpress\/plugins\/seo\/ -->\n<title>C.P. Company - Coquille souple gris (40572) - Vousten Sports<\/title>\n<meta name=\"robots\" content=\"index, follow, max-snippet:-1, max-image-preview:large, max-video-preview:-1\" \/>\n<link rel=\"canonical\" href=\"https:\/\/www.voustensports.com\/fr\/c-p-company-coquille-souple-gris-40572\/\" \/>\n<meta property=\"og:locale\" content=\"fr_FR\" \/>\n<meta property=\"og:type\" content=\"article\" \/>\n<meta property=\"og:title\" content=\"C.P. Company - Coquille souple gris (40572) - Vousten Sports\" \/>\n<meta property=\"og:description\" content=\"D\u00c9TAILS DU PRODUIT Veste \u00e0 capuche fabriqu\u00e9e en C.P. Shell-R, un softshell multifilament extensible \u00e0 3 couches, fabriqu\u00e9 \u00e0 partir de fil de polyester recycl\u00e9. Certifi\u00e9 Global Recycled Standard (GRS). Coll\u00e9 pour colonne d&rsquo;eau de 5000mm. Traitement coupe-vent pour \u00e9viter les chutes. Coupe r\u00e9guli\u00e8re. \u2013 Capuche r\u00e9glable \u2013 Zip complet \u00e0 double sens \u2013 D\u00e9tail [...]\" \/>\n<meta property=\"og:url\" content=\"https:\/\/www.voustensports.com\/fr\/c-p-company-coquille-souple-gris-40572\/\" \/>\n<meta property=\"og:site_name\" content=\"Vousten Sports\" \/>\n<meta property=\"article:modified_time\" content=\"2026-02-05T11:26:10+00:00\" \/>\n<meta property=\"og:image\" content=\"https:\/\/www.voustensports.com\/wp-content\/uploads\/2023\/06\/Soft-Shell-grijs-405721.jpg\" \/>\n\t<meta property=\"og:image:width\" content=\"1638\" \/>\n\t<meta property=\"og:image:height\" content=\"2048\" \/>\n\t<meta property=\"og:image:type\" content=\"image\/jpeg\" \/>\n<meta name=\"twitter:card\" content=\"summary_large_image\" \/>\n<script type=\"application\/ld+json\" class=\"yoast-schema-graph\">{\"@context\":\"https:\/\/schema.org\",\"@graph\":[{\"@type\":\"WebPage\",\"@id\":\"https:\/\/www.voustensports.com\/fr\/c-p-company-coquille-souple-gris-40572\/\",\"url\":\"https:\/\/www.voustensports.com\/fr\/c-p-company-coquille-souple-gris-40572\/\",\"name\":\"C.P. Company - Coquille souple gris (40572) - Vousten Sports\",\"isPartOf\":{\"@id\":\"https:\/\/www.voustensports.com\/nl\/#website\"},\"primaryImageOfPage\":{\"@id\":\"https:\/\/www.voustensports.com\/fr\/c-p-company-coquille-souple-gris-40572\/#primaryimage\"},\"image\":{\"@id\":\"https:\/\/www.voustensports.com\/fr\/c-p-company-coquille-souple-gris-40572\/#primaryimage\"},\"thumbnailUrl\":\"https:\/\/www.voustensports.com\/wp-content\/uploads\/2023\/06\/Soft-Shell-grijs-405721.jpg\",\"datePublished\":\"2025-02-22T10:04:15+00:00\",\"dateModified\":\"2026-02-05T11:26:10+00:00\",\"breadcrumb\":{\"@id\":\"https:\/\/www.voustensports.com\/fr\/c-p-company-coquille-souple-gris-40572\/#breadcrumb\"},\"inLanguage\":\"fr-FR\",\"potentialAction\":[{\"@type\":\"ReadAction\",\"target\":[\"https:\/\/www.voustensports.com\/fr\/c-p-company-coquille-souple-gris-40572\/\"]}]},{\"@type\":\"ImageObject\",\"inLanguage\":\"fr-FR\",\"@id\":\"https:\/\/www.voustensports.com\/fr\/c-p-company-coquille-souple-gris-40572\/#primaryimage\",\"url\":\"https:\/\/www.voustensports.com\/wp-content\/uploads\/2023\/06\/Soft-Shell-grijs-405721.jpg\",\"contentUrl\":\"https:\/\/www.voustensports.com\/wp-content\/uploads\/2023\/06\/Soft-Shell-grijs-405721.jpg\",\"width\":1638,\"height\":2048},{\"@type\":\"BreadcrumbList\",\"@id\":\"https:\/\/www.voustensports.com\/fr\/c-p-company-coquille-souple-gris-40572\/#breadcrumb\",\"itemListElement\":[{\"@type\":\"ListItem\",\"position\":1,\"name\":\"Home\",\"item\":\"https:\/\/www.voustensports.com\/fr\/\"},{\"@type\":\"ListItem\",\"position\":2,\"name\":\"Boutique\",\"item\":\"https:\/\/www.voustensports.com\/fr\/shop\/\"},{\"@type\":\"ListItem\",\"position\":3,\"name\":\"C.P. Company &#8211; Coquille souple gris (40572)\"}]},{\"@type\":\"WebSite\",\"@id\":\"https:\/\/www.voustensports.com\/nl\/#website\",\"url\":\"https:\/\/www.voustensports.com\/nl\/\",\"name\":\"Vousten Sports\",\"description\":\"\",\"potentialAction\":[{\"@type\":\"SearchAction\",\"target\":{\"@type\":\"EntryPoint\",\"urlTemplate\":\"https:\/\/www.voustensports.com\/nl\/?s={search_term_string}\"},\"query-input\":{\"@type\":\"PropertyValueSpecification\",\"valueRequired\":true,\"valueName\":\"search_term_string\"}}],\"inLanguage\":\"fr-FR\"}]}<\/script>\n<!-- \/ Yoast SEO plugin. -->","yoast_head_json":{"title":"C.P. Company - Coquille souple gris (40572) - Vousten Sports","robots":{"index":"index","follow":"follow","max-snippet":"max-snippet:-1","max-image-preview":"max-image-preview:large","max-video-preview":"max-video-preview:-1"},"canonical":"https:\/\/www.voustensports.com\/fr\/c-p-company-coquille-souple-gris-40572\/","og_locale":"fr_FR","og_type":"article","og_title":"C.P. Company - Coquille souple gris (40572) - Vousten Sports","og_description":"D\u00c9TAILS DU PRODUIT Veste \u00e0 capuche fabriqu\u00e9e en C.P. Shell-R, un softshell multifilament extensible \u00e0 3 couches, fabriqu\u00e9 \u00e0 partir de fil de polyester recycl\u00e9. Certifi\u00e9 Global Recycled Standard (GRS). Coll\u00e9 pour colonne d&rsquo;eau de 5000mm. Traitement coupe-vent pour \u00e9viter les chutes. Coupe r\u00e9guli\u00e8re. \u2013 Capuche r\u00e9glable \u2013 Zip complet \u00e0 double sens \u2013 D\u00e9tail [...]","og_url":"https:\/\/www.voustensports.com\/fr\/c-p-company-coquille-souple-gris-40572\/","og_site_name":"Vousten Sports","article_modified_time":"2026-02-05T11:26:10+00:00","og_image":[{"width":1638,"height":2048,"url":"https:\/\/www.voustensports.com\/wp-content\/uploads\/2023\/06\/Soft-Shell-grijs-405721.jpg","type":"image\/jpeg"}],"twitter_card":"summary_large_image","schema":{"@context":"https:\/\/schema.org","@graph":[{"@type":"WebPage","@id":"https:\/\/www.voustensports.com\/fr\/c-p-company-coquille-souple-gris-40572\/","url":"https:\/\/www.voustensports.com\/fr\/c-p-company-coquille-souple-gris-40572\/","name":"C.P. Company - Coquille souple gris (40572) - Vousten Sports","isPartOf":{"@id":"https:\/\/www.voustensports.com\/nl\/#website"},"primaryImageOfPage":{"@id":"https:\/\/www.voustensports.com\/fr\/c-p-company-coquille-souple-gris-40572\/#primaryimage"},"image":{"@id":"https:\/\/www.voustensports.com\/fr\/c-p-company-coquille-souple-gris-40572\/#primaryimage"},"thumbnailUrl":"https:\/\/www.voustensports.com\/wp-content\/uploads\/2023\/06\/Soft-Shell-grijs-405721.jpg","datePublished":"2025-02-22T10:04:15+00:00","dateModified":"2026-02-05T11:26:10+00:00","breadcrumb":{"@id":"https:\/\/www.voustensports.com\/fr\/c-p-company-coquille-souple-gris-40572\/#breadcrumb"},"inLanguage":"fr-FR","potentialAction":[{"@type":"ReadAction","target":["https:\/\/www.voustensports.com\/fr\/c-p-company-coquille-souple-gris-40572\/"]}]},{"@type":"ImageObject","inLanguage":"fr-FR","@id":"https:\/\/www.voustensports.com\/fr\/c-p-company-coquille-souple-gris-40572\/#primaryimage","url":"https:\/\/www.voustensports.com\/wp-content\/uploads\/2023\/06\/Soft-Shell-grijs-405721.jpg","contentUrl":"https:\/\/www.voustensports.com\/wp-content\/uploads\/2023\/06\/Soft-Shell-grijs-405721.jpg","width":1638,"height":2048},{"@type":"BreadcrumbList","@id":"https:\/\/www.voustensports.com\/fr\/c-p-company-coquille-souple-gris-40572\/#breadcrumb","itemListElement":[{"@type":"ListItem","position":1,"name":"Home","item":"https:\/\/www.voustensports.com\/fr\/"},{"@type":"ListItem","position":2,"name":"Boutique","item":"https:\/\/www.voustensports.com\/fr\/shop\/"},{"@type":"ListItem","position":3,"name":"C.P. Company &#8211; Coquille souple gris (40572)"}]},{"@type":"WebSite","@id":"https:\/\/www.voustensports.com\/nl\/#website","url":"https:\/\/www.voustensports.com\/nl\/","name":"Vousten Sports","description":"","potentialAction":[{"@type":"SearchAction","target":{"@type":"EntryPoint","urlTemplate":"https:\/\/www.voustensports.com\/nl\/?s={search_term_string}"},"query-input":{"@type":"PropertyValueSpecification","valueRequired":true,"valueName":"search_term_string"}}],"inLanguage":"fr-FR"}]}},"_links":{"self":[{"href":"https:\/\/www.voustensports.com\/fr\/wp-json\/wp\/v2\/product\/197980","targetHints":{"allow":["GET"]}}],"collection":[{"href":"https:\/\/www.voustensports.com\/fr\/wp-json\/wp\/v2\/product"}],"about":[{"href":"https:\/\/www.voustensports.com\/fr\/wp-json\/wp\/v2\/types\/product"}],"replies":[{"embeddable":true,"href":"https:\/\/www.voustensports.com\/fr\/wp-json\/wp\/v2\/comments?post=197980"}],"wp:featuredmedia":[{"embeddable":true,"href":"https:\/\/www.voustensports.com\/fr\/wp-json\/wp\/v2\/media\/197960"}],"wp:attachment":[{"href":"https:\/\/www.voustensports.com\/fr\/wp-json\/wp\/v2\/media?parent=197980"}],"wp:term":[{"taxonomy":"product_cat","embeddable":true,"href":"https:\/\/www.voustensports.com\/fr\/wp-json\/wp\/v2\/product_cat?post=197980"},{"taxonomy":"product_tag","embeddable":true,"href":"https:\/\/www.voustensports.com\/fr\/wp-json\/wp\/v2\/product_tag?post=197980"}],"curies":[{"name":"wp","href":"https:\/\/api.w.org\/{rel}","templated":true}]}}