{"id":197940,"date":"2025-02-21T20:10:13","date_gmt":"2025-02-21T19:10:13","guid":{"rendered":"https:\/\/www.voustensports.com\/c-p-company-coquille-souple-bleu-fonce-40573\/"},"modified":"2026-02-05T12:26:11","modified_gmt":"2026-02-05T11:26:11","slug":"c-p-company-coquille-souple-bleu-fonce-40573","status":"publish","type":"product","link":"https:\/\/www.voustensports.com\/fr\/c-p-company-coquille-souple-bleu-fonce-40573\/","title":{"rendered":"C.P. Company &#8211; Coquille souple bleu fonc\u00e9 (40573)"},"content":{"rendered":"<div>D\u00c9TAILS DU PRODUIT<\/div>\n<div>Veste \u00e0 capuche confectionn\u00e9e en C.P. Shell-R, un softshell multifilament extensible \u00e0 3 couches, fabriqu\u00e9 \u00e0 partir de fil de polyester recycl\u00e9. Certifi\u00e9 Global Recycled Standard (GRS). Li\u00e9 pour une colonne d\u2019eau de 5000 mm. Trait\u00e9 anti-chute coupe-vent. Coupe r\u00e9guli\u00e8re.<\/div>\n<div>&#8211; Capuche r\u00e9glable<\/div>\n<div>&#8211; Fermeture zipp\u00e9e int\u00e9grale \u00e0 double curseur<\/div>\n<div>&#8211; D\u00e9tail des verres<\/div>\n<div>&#8211; Poches lat\u00e9rales zipp\u00e9es<\/div>\n<div>&#8211; Poignets et ourlet \u00e9lastiqu\u00e9s<\/div>\n<div>&#8211; Coupe r\u00e9guli\u00e8re<\/div>\n<div>COMPOSITION<\/div>\n<div>&#8211; Doublure : 100% Polyamide \/ Nylon<\/div>\n<div>&#8211; Tissu principal int\u00e9rieur : 100% Polyester<\/div>\n<div>&#8211; Tissu principal externe : 92% Polyester, 8% \u00c9lasthanne\/Spandex<\/div>\n","protected":false},"excerpt":{"rendered":"<p>D\u00c9TAILS DU PRODUIT Veste \u00e0 capuche confectionn\u00e9e en C.P. Shell-R, un softshell multifilament extensible \u00e0 3 couches, fabriqu\u00e9 \u00e0 partir de fil de polyester recycl\u00e9. Certifi\u00e9 Global Recycled Standard (GRS). Li\u00e9 pour une colonne d\u2019eau de 5000 mm. Trait\u00e9 anti-chute coupe-vent. Coupe r\u00e9guli\u00e8re. &#8211; Capuche r\u00e9glable &#8211; Fermeture zipp\u00e9e int\u00e9grale \u00e0 double curseur &#8211; D\u00e9tail [&#8230;]\n","protected":false},"featured_media":197920,"comment_status":"open","ping_status":"closed","template":"","meta":{"rank_math_lock_modified_date":false},"product_cat":[438,446,450,462,542,701,705],"product_tag":[],"class_list":{"0":"post-197940","1":"product","2":"type-product","3":"status-publish","4":"has-post-thumbnail","6":"product_cat-cp-company-fr","7":"product_cat-kleding-fr","8":"product_cat-heren-fr","9":"product_cat-vousten-sports-fr-2","10":"product_cat-jassen-fr","11":"product_cat-jackets-fr","12":"product_cat-jassen-jacks-fr","14":"first","15":"outofstock","16":"taxable","17":"shipping-taxable","18":"purchasable","19":"product-type-variable"},"acf":[],"yoast_head":"<!-- This site is optimized with the Yoast SEO plugin v23.9 - https:\/\/yoast.com\/wordpress\/plugins\/seo\/ -->\n<title>C.P. Company - Coquille souple bleu fonc\u00e9 (40573) - Vousten Sports<\/title>\n<meta name=\"robots\" content=\"index, follow, max-snippet:-1, max-image-preview:large, max-video-preview:-1\" \/>\n<link rel=\"canonical\" href=\"https:\/\/www.voustensports.com\/fr\/c-p-company-coquille-souple-bleu-fonce-40573\/\" \/>\n<meta property=\"og:locale\" content=\"fr_FR\" \/>\n<meta property=\"og:type\" content=\"article\" \/>\n<meta property=\"og:title\" content=\"C.P. Company - Coquille souple bleu fonc\u00e9 (40573) - Vousten Sports\" \/>\n<meta property=\"og:description\" content=\"D\u00c9TAILS DU PRODUIT Veste \u00e0 capuche confectionn\u00e9e en C.P. Shell-R, un softshell multifilament extensible \u00e0 3 couches, fabriqu\u00e9 \u00e0 partir de fil de polyester recycl\u00e9. Certifi\u00e9 Global Recycled Standard (GRS). Li\u00e9 pour une colonne d\u2019eau de 5000 mm. Trait\u00e9 anti-chute coupe-vent. Coupe r\u00e9guli\u00e8re. &#8211; Capuche r\u00e9glable &#8211; Fermeture zipp\u00e9e int\u00e9grale \u00e0 double curseur &#8211; D\u00e9tail [...]\" \/>\n<meta property=\"og:url\" content=\"https:\/\/www.voustensports.com\/fr\/c-p-company-coquille-souple-bleu-fonce-40573\/\" \/>\n<meta property=\"og:site_name\" content=\"Vousten Sports\" \/>\n<meta property=\"article:modified_time\" content=\"2026-02-05T11:26:11+00:00\" \/>\n<meta property=\"og:image\" content=\"https:\/\/www.voustensports.com\/wp-content\/uploads\/2023\/06\/Soft-Shell-donkerblauw-405731.jpg\" \/>\n\t<meta property=\"og:image:width\" content=\"1638\" \/>\n\t<meta property=\"og:image:height\" content=\"2048\" \/>\n\t<meta property=\"og:image:type\" content=\"image\/jpeg\" \/>\n<meta name=\"twitter:card\" content=\"summary_large_image\" \/>\n<script type=\"application\/ld+json\" class=\"yoast-schema-graph\">{\"@context\":\"https:\/\/schema.org\",\"@graph\":[{\"@type\":\"WebPage\",\"@id\":\"https:\/\/www.voustensports.com\/fr\/c-p-company-coquille-souple-bleu-fonce-40573\/\",\"url\":\"https:\/\/www.voustensports.com\/fr\/c-p-company-coquille-souple-bleu-fonce-40573\/\",\"name\":\"C.P. Company - Coquille souple bleu fonc\u00e9 (40573) - Vousten Sports\",\"isPartOf\":{\"@id\":\"https:\/\/www.voustensports.com\/nl\/#website\"},\"primaryImageOfPage\":{\"@id\":\"https:\/\/www.voustensports.com\/fr\/c-p-company-coquille-souple-bleu-fonce-40573\/#primaryimage\"},\"image\":{\"@id\":\"https:\/\/www.voustensports.com\/fr\/c-p-company-coquille-souple-bleu-fonce-40573\/#primaryimage\"},\"thumbnailUrl\":\"https:\/\/www.voustensports.com\/wp-content\/uploads\/2023\/06\/Soft-Shell-donkerblauw-405731.jpg\",\"datePublished\":\"2025-02-21T19:10:13+00:00\",\"dateModified\":\"2026-02-05T11:26:11+00:00\",\"breadcrumb\":{\"@id\":\"https:\/\/www.voustensports.com\/fr\/c-p-company-coquille-souple-bleu-fonce-40573\/#breadcrumb\"},\"inLanguage\":\"fr-FR\",\"potentialAction\":[{\"@type\":\"ReadAction\",\"target\":[\"https:\/\/www.voustensports.com\/fr\/c-p-company-coquille-souple-bleu-fonce-40573\/\"]}]},{\"@type\":\"ImageObject\",\"inLanguage\":\"fr-FR\",\"@id\":\"https:\/\/www.voustensports.com\/fr\/c-p-company-coquille-souple-bleu-fonce-40573\/#primaryimage\",\"url\":\"https:\/\/www.voustensports.com\/wp-content\/uploads\/2023\/06\/Soft-Shell-donkerblauw-405731.jpg\",\"contentUrl\":\"https:\/\/www.voustensports.com\/wp-content\/uploads\/2023\/06\/Soft-Shell-donkerblauw-405731.jpg\",\"width\":1638,\"height\":2048},{\"@type\":\"BreadcrumbList\",\"@id\":\"https:\/\/www.voustensports.com\/fr\/c-p-company-coquille-souple-bleu-fonce-40573\/#breadcrumb\",\"itemListElement\":[{\"@type\":\"ListItem\",\"position\":1,\"name\":\"Home\",\"item\":\"https:\/\/www.voustensports.com\/fr\/\"},{\"@type\":\"ListItem\",\"position\":2,\"name\":\"Boutique\",\"item\":\"https:\/\/www.voustensports.com\/fr\/shop\/\"},{\"@type\":\"ListItem\",\"position\":3,\"name\":\"C.P. Company &#8211; Coquille souple bleu fonc\u00e9 (40573)\"}]},{\"@type\":\"WebSite\",\"@id\":\"https:\/\/www.voustensports.com\/nl\/#website\",\"url\":\"https:\/\/www.voustensports.com\/nl\/\",\"name\":\"Vousten Sports\",\"description\":\"\",\"potentialAction\":[{\"@type\":\"SearchAction\",\"target\":{\"@type\":\"EntryPoint\",\"urlTemplate\":\"https:\/\/www.voustensports.com\/nl\/?s={search_term_string}\"},\"query-input\":{\"@type\":\"PropertyValueSpecification\",\"valueRequired\":true,\"valueName\":\"search_term_string\"}}],\"inLanguage\":\"fr-FR\"}]}<\/script>\n<!-- \/ Yoast SEO plugin. -->","yoast_head_json":{"title":"C.P. Company - Coquille souple bleu fonc\u00e9 (40573) - Vousten Sports","robots":{"index":"index","follow":"follow","max-snippet":"max-snippet:-1","max-image-preview":"max-image-preview:large","max-video-preview":"max-video-preview:-1"},"canonical":"https:\/\/www.voustensports.com\/fr\/c-p-company-coquille-souple-bleu-fonce-40573\/","og_locale":"fr_FR","og_type":"article","og_title":"C.P. Company - Coquille souple bleu fonc\u00e9 (40573) - Vousten Sports","og_description":"D\u00c9TAILS DU PRODUIT Veste \u00e0 capuche confectionn\u00e9e en C.P. Shell-R, un softshell multifilament extensible \u00e0 3 couches, fabriqu\u00e9 \u00e0 partir de fil de polyester recycl\u00e9. Certifi\u00e9 Global Recycled Standard (GRS). Li\u00e9 pour une colonne d\u2019eau de 5000 mm. Trait\u00e9 anti-chute coupe-vent. Coupe r\u00e9guli\u00e8re. &#8211; Capuche r\u00e9glable &#8211; Fermeture zipp\u00e9e int\u00e9grale \u00e0 double curseur &#8211; D\u00e9tail [...]","og_url":"https:\/\/www.voustensports.com\/fr\/c-p-company-coquille-souple-bleu-fonce-40573\/","og_site_name":"Vousten Sports","article_modified_time":"2026-02-05T11:26:11+00:00","og_image":[{"width":1638,"height":2048,"url":"https:\/\/www.voustensports.com\/wp-content\/uploads\/2023\/06\/Soft-Shell-donkerblauw-405731.jpg","type":"image\/jpeg"}],"twitter_card":"summary_large_image","schema":{"@context":"https:\/\/schema.org","@graph":[{"@type":"WebPage","@id":"https:\/\/www.voustensports.com\/fr\/c-p-company-coquille-souple-bleu-fonce-40573\/","url":"https:\/\/www.voustensports.com\/fr\/c-p-company-coquille-souple-bleu-fonce-40573\/","name":"C.P. Company - Coquille souple bleu fonc\u00e9 (40573) - Vousten Sports","isPartOf":{"@id":"https:\/\/www.voustensports.com\/nl\/#website"},"primaryImageOfPage":{"@id":"https:\/\/www.voustensports.com\/fr\/c-p-company-coquille-souple-bleu-fonce-40573\/#primaryimage"},"image":{"@id":"https:\/\/www.voustensports.com\/fr\/c-p-company-coquille-souple-bleu-fonce-40573\/#primaryimage"},"thumbnailUrl":"https:\/\/www.voustensports.com\/wp-content\/uploads\/2023\/06\/Soft-Shell-donkerblauw-405731.jpg","datePublished":"2025-02-21T19:10:13+00:00","dateModified":"2026-02-05T11:26:11+00:00","breadcrumb":{"@id":"https:\/\/www.voustensports.com\/fr\/c-p-company-coquille-souple-bleu-fonce-40573\/#breadcrumb"},"inLanguage":"fr-FR","potentialAction":[{"@type":"ReadAction","target":["https:\/\/www.voustensports.com\/fr\/c-p-company-coquille-souple-bleu-fonce-40573\/"]}]},{"@type":"ImageObject","inLanguage":"fr-FR","@id":"https:\/\/www.voustensports.com\/fr\/c-p-company-coquille-souple-bleu-fonce-40573\/#primaryimage","url":"https:\/\/www.voustensports.com\/wp-content\/uploads\/2023\/06\/Soft-Shell-donkerblauw-405731.jpg","contentUrl":"https:\/\/www.voustensports.com\/wp-content\/uploads\/2023\/06\/Soft-Shell-donkerblauw-405731.jpg","width":1638,"height":2048},{"@type":"BreadcrumbList","@id":"https:\/\/www.voustensports.com\/fr\/c-p-company-coquille-souple-bleu-fonce-40573\/#breadcrumb","itemListElement":[{"@type":"ListItem","position":1,"name":"Home","item":"https:\/\/www.voustensports.com\/fr\/"},{"@type":"ListItem","position":2,"name":"Boutique","item":"https:\/\/www.voustensports.com\/fr\/shop\/"},{"@type":"ListItem","position":3,"name":"C.P. Company &#8211; Coquille souple bleu fonc\u00e9 (40573)"}]},{"@type":"WebSite","@id":"https:\/\/www.voustensports.com\/nl\/#website","url":"https:\/\/www.voustensports.com\/nl\/","name":"Vousten Sports","description":"","potentialAction":[{"@type":"SearchAction","target":{"@type":"EntryPoint","urlTemplate":"https:\/\/www.voustensports.com\/nl\/?s={search_term_string}"},"query-input":{"@type":"PropertyValueSpecification","valueRequired":true,"valueName":"search_term_string"}}],"inLanguage":"fr-FR"}]}},"_links":{"self":[{"href":"https:\/\/www.voustensports.com\/fr\/wp-json\/wp\/v2\/product\/197940","targetHints":{"allow":["GET"]}}],"collection":[{"href":"https:\/\/www.voustensports.com\/fr\/wp-json\/wp\/v2\/product"}],"about":[{"href":"https:\/\/www.voustensports.com\/fr\/wp-json\/wp\/v2\/types\/product"}],"replies":[{"embeddable":true,"href":"https:\/\/www.voustensports.com\/fr\/wp-json\/wp\/v2\/comments?post=197940"}],"wp:featuredmedia":[{"embeddable":true,"href":"https:\/\/www.voustensports.com\/fr\/wp-json\/wp\/v2\/media\/197920"}],"wp:attachment":[{"href":"https:\/\/www.voustensports.com\/fr\/wp-json\/wp\/v2\/media?parent=197940"}],"wp:term":[{"taxonomy":"product_cat","embeddable":true,"href":"https:\/\/www.voustensports.com\/fr\/wp-json\/wp\/v2\/product_cat?post=197940"},{"taxonomy":"product_tag","embeddable":true,"href":"https:\/\/www.voustensports.com\/fr\/wp-json\/wp\/v2\/product_tag?post=197940"}],"curies":[{"name":"wp","href":"https:\/\/api.w.org\/{rel}","templated":true}]}}