{"id":197355,"date":"2025-02-15T10:16:14","date_gmt":"2025-02-15T09:16:14","guid":{"rendered":"https:\/\/www.voustensports.com\/herno-pantalon-blanc-casse-40664\/"},"modified":"2026-04-28T02:48:06","modified_gmt":"2026-04-28T00:48:06","slug":"herno-pantalon-blanc-casse-40664","status":"publish","type":"product","link":"https:\/\/www.voustensports.com\/fr\/herno-pantalon-blanc-casse-40664\/","title":{"rendered":"HERNO &#8211; PANTALON BLANC CASS\u00c9 (40664)"},"content":{"rendered":"<div>D\u00c9TAILS DU PRODUIT<\/div>\n<div>Pantalon en gabardine de coton stretch d&rsquo;aspect naturel.<\/div>\n<div>Avec une coupe d\u00e9contract\u00e9e et des d\u00e9tails raffin\u00e9s, ce v\u00eatement est l&rsquo;incontournable sophistiqu\u00e9 d&rsquo;Herno qui apporte un luxe discret \u00e0 la garde-robe de tous les jours.<\/div>\n<div>Le mannequin mesure 186 cm, p\u00e8se 80 kg et porte une taille S.<br \/>\n<strong>Pensez \u00e0 commander une taille en dessous de votre taille habituelle.<\/strong><\/div>\n<div><\/div>\n<ul>\n<li>Empi\u00e8cement \u00e9lastique \u00e0 l&rsquo;arri\u00e8re de la taille<\/li>\n<li>Poches lat\u00e9rales<\/li>\n<li>Logo Herno en m\u00e9tal au dos<\/li>\n<li>Fermeture par zip et bouton dissimul\u00e9s<\/li>\n<li>Lacets \u00e0 l&rsquo;int\u00e9rieur<\/li>\n<li>Fabriqu\u00e9 en Italie<\/li>\n<\/ul>\n<div><\/div>\n<div>COMPOSITION<\/div>\n<div>98% CO &#8211; 2% EA &#8211; TISSU PRINCIPAL : 98% COTON 2% \u00c9LASTHANNE \/ D\u00c9TAILS SPANDEX DOUBLURE : 100% COTON<\/div>\n","protected":false},"excerpt":{"rendered":"<p>D\u00c9TAILS DU PRODUIT Pantalon en gabardine de coton stretch d&rsquo;aspect naturel. Avec une coupe d\u00e9contract\u00e9e et des d\u00e9tails raffin\u00e9s, ce v\u00eatement est l&rsquo;incontournable sophistiqu\u00e9 d&rsquo;Herno qui apporte un luxe discret \u00e0 la garde-robe de tous les jours. Le mannequin mesure 186 cm, p\u00e8se 80 kg et porte une taille S. Pensez \u00e0 commander une taille [&#8230;]\n","protected":false},"featured_media":197347,"comment_status":"open","ping_status":"closed","template":"","meta":{"rank_math_lock_modified_date":false},"product_cat":[446,450,462,466,727,786],"product_tag":[],"class_list":{"0":"post-197355","1":"product","2":"type-product","3":"status-publish","4":"has-post-thumbnail","6":"product_cat-kleding-fr","7":"product_cat-heren-fr","8":"product_cat-vousten-sports-fr-2","9":"product_cat-broeken-fr","10":"product_cat-herno-fr","11":"product_cat-broek-fr","13":"first","14":"instock","15":"taxable","16":"shipping-taxable","17":"purchasable","18":"product-type-variable"},"acf":[],"yoast_head":"<!-- This site is optimized with the Yoast SEO plugin v23.9 - https:\/\/yoast.com\/wordpress\/plugins\/seo\/ -->\n<title>HERNO - PANTALON BLANC CASS\u00c9 (40664) - Vousten Sports<\/title>\n<meta name=\"robots\" content=\"index, follow, max-snippet:-1, max-image-preview:large, max-video-preview:-1\" \/>\n<link rel=\"canonical\" href=\"https:\/\/www.voustensports.com\/fr\/herno-pantalon-blanc-casse-40664\/\" \/>\n<meta property=\"og:locale\" content=\"fr_FR\" \/>\n<meta property=\"og:type\" content=\"article\" \/>\n<meta property=\"og:title\" content=\"HERNO - PANTALON BLANC CASS\u00c9 (40664) - Vousten Sports\" \/>\n<meta property=\"og:description\" content=\"D\u00c9TAILS DU PRODUIT Pantalon en gabardine de coton stretch d&rsquo;aspect naturel. Avec une coupe d\u00e9contract\u00e9e et des d\u00e9tails raffin\u00e9s, ce v\u00eatement est l&rsquo;incontournable sophistiqu\u00e9 d&rsquo;Herno qui apporte un luxe discret \u00e0 la garde-robe de tous les jours. Le mannequin mesure 186 cm, p\u00e8se 80 kg et porte une taille S. Pensez \u00e0 commander une taille [...]\" \/>\n<meta property=\"og:url\" content=\"https:\/\/www.voustensports.com\/fr\/herno-pantalon-blanc-casse-40664\/\" \/>\n<meta property=\"og:site_name\" content=\"Vousten Sports\" \/>\n<meta property=\"article:modified_time\" content=\"2026-04-28T00:48:06+00:00\" \/>\n<meta property=\"og:image\" content=\"https:\/\/www.voustensports.com\/wp-content\/uploads\/2023\/06\/NATURAL-FEEL-TROUSERS-OFF-WHITE-406641.jpg\" \/>\n\t<meta property=\"og:image:width\" content=\"1609\" \/>\n\t<meta property=\"og:image:height\" content=\"2048\" \/>\n\t<meta property=\"og:image:type\" content=\"image\/jpeg\" \/>\n<meta name=\"twitter:card\" content=\"summary_large_image\" \/>\n<meta name=\"twitter:label1\" content=\"Est. reading time\" \/>\n\t<meta name=\"twitter:data1\" content=\"1 minute\" \/>\n<script type=\"application\/ld+json\" class=\"yoast-schema-graph\">{\"@context\":\"https:\/\/schema.org\",\"@graph\":[{\"@type\":\"WebPage\",\"@id\":\"https:\/\/www.voustensports.com\/fr\/herno-pantalon-blanc-casse-40664\/\",\"url\":\"https:\/\/www.voustensports.com\/fr\/herno-pantalon-blanc-casse-40664\/\",\"name\":\"HERNO - PANTALON BLANC CASS\u00c9 (40664) - Vousten Sports\",\"isPartOf\":{\"@id\":\"https:\/\/www.voustensports.com\/nl\/#website\"},\"primaryImageOfPage\":{\"@id\":\"https:\/\/www.voustensports.com\/fr\/herno-pantalon-blanc-casse-40664\/#primaryimage\"},\"image\":{\"@id\":\"https:\/\/www.voustensports.com\/fr\/herno-pantalon-blanc-casse-40664\/#primaryimage\"},\"thumbnailUrl\":\"https:\/\/www.voustensports.com\/wp-content\/uploads\/2023\/06\/NATURAL-FEEL-TROUSERS-OFF-WHITE-406641.jpg\",\"datePublished\":\"2025-02-15T09:16:14+00:00\",\"dateModified\":\"2026-04-28T00:48:06+00:00\",\"breadcrumb\":{\"@id\":\"https:\/\/www.voustensports.com\/fr\/herno-pantalon-blanc-casse-40664\/#breadcrumb\"},\"inLanguage\":\"fr-FR\",\"potentialAction\":[{\"@type\":\"ReadAction\",\"target\":[\"https:\/\/www.voustensports.com\/fr\/herno-pantalon-blanc-casse-40664\/\"]}]},{\"@type\":\"ImageObject\",\"inLanguage\":\"fr-FR\",\"@id\":\"https:\/\/www.voustensports.com\/fr\/herno-pantalon-blanc-casse-40664\/#primaryimage\",\"url\":\"https:\/\/www.voustensports.com\/wp-content\/uploads\/2023\/06\/NATURAL-FEEL-TROUSERS-OFF-WHITE-406641.jpg\",\"contentUrl\":\"https:\/\/www.voustensports.com\/wp-content\/uploads\/2023\/06\/NATURAL-FEEL-TROUSERS-OFF-WHITE-406641.jpg\",\"width\":1609,\"height\":2048},{\"@type\":\"BreadcrumbList\",\"@id\":\"https:\/\/www.voustensports.com\/fr\/herno-pantalon-blanc-casse-40664\/#breadcrumb\",\"itemListElement\":[{\"@type\":\"ListItem\",\"position\":1,\"name\":\"Home\",\"item\":\"https:\/\/www.voustensports.com\/fr\/\"},{\"@type\":\"ListItem\",\"position\":2,\"name\":\"Boutique\",\"item\":\"https:\/\/www.voustensports.com\/fr\/shop\/\"},{\"@type\":\"ListItem\",\"position\":3,\"name\":\"HERNO &#8211; PANTALON BLANC CASS\u00c9 (40664)\"}]},{\"@type\":\"WebSite\",\"@id\":\"https:\/\/www.voustensports.com\/nl\/#website\",\"url\":\"https:\/\/www.voustensports.com\/nl\/\",\"name\":\"Vousten Sports\",\"description\":\"\",\"potentialAction\":[{\"@type\":\"SearchAction\",\"target\":{\"@type\":\"EntryPoint\",\"urlTemplate\":\"https:\/\/www.voustensports.com\/nl\/?s={search_term_string}\"},\"query-input\":{\"@type\":\"PropertyValueSpecification\",\"valueRequired\":true,\"valueName\":\"search_term_string\"}}],\"inLanguage\":\"fr-FR\"}]}<\/script>\n<!-- \/ Yoast SEO plugin. -->","yoast_head_json":{"title":"HERNO - PANTALON BLANC CASS\u00c9 (40664) - Vousten Sports","robots":{"index":"index","follow":"follow","max-snippet":"max-snippet:-1","max-image-preview":"max-image-preview:large","max-video-preview":"max-video-preview:-1"},"canonical":"https:\/\/www.voustensports.com\/fr\/herno-pantalon-blanc-casse-40664\/","og_locale":"fr_FR","og_type":"article","og_title":"HERNO - PANTALON BLANC CASS\u00c9 (40664) - Vousten Sports","og_description":"D\u00c9TAILS DU PRODUIT Pantalon en gabardine de coton stretch d&rsquo;aspect naturel. Avec une coupe d\u00e9contract\u00e9e et des d\u00e9tails raffin\u00e9s, ce v\u00eatement est l&rsquo;incontournable sophistiqu\u00e9 d&rsquo;Herno qui apporte un luxe discret \u00e0 la garde-robe de tous les jours. Le mannequin mesure 186 cm, p\u00e8se 80 kg et porte une taille S. Pensez \u00e0 commander une taille [...]","og_url":"https:\/\/www.voustensports.com\/fr\/herno-pantalon-blanc-casse-40664\/","og_site_name":"Vousten Sports","article_modified_time":"2026-04-28T00:48:06+00:00","og_image":[{"width":1609,"height":2048,"url":"https:\/\/www.voustensports.com\/wp-content\/uploads\/2023\/06\/NATURAL-FEEL-TROUSERS-OFF-WHITE-406641.jpg","type":"image\/jpeg"}],"twitter_card":"summary_large_image","twitter_misc":{"Est. reading time":"1 minute"},"schema":{"@context":"https:\/\/schema.org","@graph":[{"@type":"WebPage","@id":"https:\/\/www.voustensports.com\/fr\/herno-pantalon-blanc-casse-40664\/","url":"https:\/\/www.voustensports.com\/fr\/herno-pantalon-blanc-casse-40664\/","name":"HERNO - PANTALON BLANC CASS\u00c9 (40664) - Vousten Sports","isPartOf":{"@id":"https:\/\/www.voustensports.com\/nl\/#website"},"primaryImageOfPage":{"@id":"https:\/\/www.voustensports.com\/fr\/herno-pantalon-blanc-casse-40664\/#primaryimage"},"image":{"@id":"https:\/\/www.voustensports.com\/fr\/herno-pantalon-blanc-casse-40664\/#primaryimage"},"thumbnailUrl":"https:\/\/www.voustensports.com\/wp-content\/uploads\/2023\/06\/NATURAL-FEEL-TROUSERS-OFF-WHITE-406641.jpg","datePublished":"2025-02-15T09:16:14+00:00","dateModified":"2026-04-28T00:48:06+00:00","breadcrumb":{"@id":"https:\/\/www.voustensports.com\/fr\/herno-pantalon-blanc-casse-40664\/#breadcrumb"},"inLanguage":"fr-FR","potentialAction":[{"@type":"ReadAction","target":["https:\/\/www.voustensports.com\/fr\/herno-pantalon-blanc-casse-40664\/"]}]},{"@type":"ImageObject","inLanguage":"fr-FR","@id":"https:\/\/www.voustensports.com\/fr\/herno-pantalon-blanc-casse-40664\/#primaryimage","url":"https:\/\/www.voustensports.com\/wp-content\/uploads\/2023\/06\/NATURAL-FEEL-TROUSERS-OFF-WHITE-406641.jpg","contentUrl":"https:\/\/www.voustensports.com\/wp-content\/uploads\/2023\/06\/NATURAL-FEEL-TROUSERS-OFF-WHITE-406641.jpg","width":1609,"height":2048},{"@type":"BreadcrumbList","@id":"https:\/\/www.voustensports.com\/fr\/herno-pantalon-blanc-casse-40664\/#breadcrumb","itemListElement":[{"@type":"ListItem","position":1,"name":"Home","item":"https:\/\/www.voustensports.com\/fr\/"},{"@type":"ListItem","position":2,"name":"Boutique","item":"https:\/\/www.voustensports.com\/fr\/shop\/"},{"@type":"ListItem","position":3,"name":"HERNO &#8211; PANTALON BLANC CASS\u00c9 (40664)"}]},{"@type":"WebSite","@id":"https:\/\/www.voustensports.com\/nl\/#website","url":"https:\/\/www.voustensports.com\/nl\/","name":"Vousten Sports","description":"","potentialAction":[{"@type":"SearchAction","target":{"@type":"EntryPoint","urlTemplate":"https:\/\/www.voustensports.com\/nl\/?s={search_term_string}"},"query-input":{"@type":"PropertyValueSpecification","valueRequired":true,"valueName":"search_term_string"}}],"inLanguage":"fr-FR"}]}},"_links":{"self":[{"href":"https:\/\/www.voustensports.com\/fr\/wp-json\/wp\/v2\/product\/197355","targetHints":{"allow":["GET"]}}],"collection":[{"href":"https:\/\/www.voustensports.com\/fr\/wp-json\/wp\/v2\/product"}],"about":[{"href":"https:\/\/www.voustensports.com\/fr\/wp-json\/wp\/v2\/types\/product"}],"replies":[{"embeddable":true,"href":"https:\/\/www.voustensports.com\/fr\/wp-json\/wp\/v2\/comments?post=197355"}],"wp:featuredmedia":[{"embeddable":true,"href":"https:\/\/www.voustensports.com\/fr\/wp-json\/wp\/v2\/media\/197347"}],"wp:attachment":[{"href":"https:\/\/www.voustensports.com\/fr\/wp-json\/wp\/v2\/media?parent=197355"}],"wp:term":[{"taxonomy":"product_cat","embeddable":true,"href":"https:\/\/www.voustensports.com\/fr\/wp-json\/wp\/v2\/product_cat?post=197355"},{"taxonomy":"product_tag","embeddable":true,"href":"https:\/\/www.voustensports.com\/fr\/wp-json\/wp\/v2\/product_tag?post=197355"}],"curies":[{"name":"wp","href":"https:\/\/api.w.org\/{rel}","templated":true}]}}