{"id":197291,"date":"2025-02-14T18:38:12","date_gmt":"2025-02-14T17:38:12","guid":{"rendered":"https:\/\/www.voustensports.com\/valenza-short-ange-blue-40675\/"},"modified":"2026-03-24T04:18:08","modified_gmt":"2026-03-24T03:18:08","slug":"valenza-short-ange-blue-40675","status":"publish","type":"product","link":"https:\/\/www.voustensports.com\/fr\/valenza-short-ange-blue-40675\/","title":{"rendered":"VALENZA &#8211; Short ange blue\u00a0 (40675)"},"content":{"rendered":"<div>Informations sur le produit :<\/div>\n<ul>\n<li>Coupe d\u00e9contract\u00e9e<\/li>\n<li>Short de sport avec fermeture \u00e0 lacets sur le devant<\/li>\n<li>Fermeture \u00e9clair en nylon sur la poche arri\u00e8re<\/li>\n<li>Mat\u00e9riau : coton Supima interlock<\/li>\n<li>Fabriqu\u00e9 en Italie<\/li>\n<li>Composition : 100% coton<\/li>\n<\/ul>\n","protected":false},"excerpt":{"rendered":"<p>Informations sur le produit : Coupe d\u00e9contract\u00e9e Short de sport avec fermeture \u00e0 lacets sur le devant Fermeture \u00e9clair en nylon sur la poche arri\u00e8re Mat\u00e9riau : coton Supima interlock Fabriqu\u00e9 en Italie Composition : 100% coton<\/p>\n","protected":false},"featured_media":197283,"comment_status":"open","ping_status":"closed","template":"","meta":{"rank_math_lock_modified_date":false},"product_cat":[446,450,458,462,466,778,786],"product_tag":[],"class_list":{"0":"post-197291","1":"product","2":"type-product","3":"status-publish","4":"has-post-thumbnail","6":"product_cat-kleding-fr","7":"product_cat-heren-fr","8":"product_cat-shorts-fr-2","9":"product_cat-vousten-sports-fr-2","10":"product_cat-broeken-fr","11":"product_cat-valenza-fr","12":"product_cat-broek-fr","14":"first","15":"instock","16":"taxable","17":"shipping-taxable","18":"purchasable","19":"product-type-variable"},"acf":[],"yoast_head":"<!-- This site is optimized with the Yoast SEO plugin v23.9 - https:\/\/yoast.com\/wordpress\/plugins\/seo\/ -->\n<title>VALENZA - Short ange blue\u00a0 (40675) - Vousten Sports<\/title>\n<meta name=\"robots\" content=\"index, follow, max-snippet:-1, max-image-preview:large, max-video-preview:-1\" \/>\n<link rel=\"canonical\" href=\"https:\/\/www.voustensports.com\/fr\/valenza-short-ange-blue-40675\/\" \/>\n<meta property=\"og:locale\" content=\"fr_FR\" \/>\n<meta property=\"og:type\" content=\"article\" \/>\n<meta property=\"og:title\" content=\"VALENZA - Short ange blue\u00a0 (40675) - Vousten Sports\" \/>\n<meta property=\"og:description\" content=\"Informations sur le produit : Coupe d\u00e9contract\u00e9e Short de sport avec fermeture \u00e0 lacets sur le devant Fermeture \u00e9clair en nylon sur la poche arri\u00e8re Mat\u00e9riau : coton Supima interlock Fabriqu\u00e9 en Italie Composition : 100% coton\" \/>\n<meta property=\"og:url\" content=\"https:\/\/www.voustensports.com\/fr\/valenza-short-ange-blue-40675\/\" \/>\n<meta property=\"og:site_name\" content=\"Vousten Sports\" \/>\n<meta property=\"article:modified_time\" content=\"2026-03-24T03:18:08+00:00\" \/>\n<meta property=\"og:image\" content=\"https:\/\/www.voustensports.com\/wp-content\/uploads\/2023\/06\/Short-angel-blue-406751.jpg\" \/>\n\t<meta property=\"og:image:width\" content=\"1536\" \/>\n\t<meta property=\"og:image:height\" content=\"2048\" \/>\n\t<meta property=\"og:image:type\" content=\"image\/jpeg\" \/>\n<meta name=\"twitter:card\" content=\"summary_large_image\" \/>\n<script type=\"application\/ld+json\" class=\"yoast-schema-graph\">{\"@context\":\"https:\/\/schema.org\",\"@graph\":[{\"@type\":\"WebPage\",\"@id\":\"https:\/\/www.voustensports.com\/fr\/valenza-short-ange-blue-40675\/\",\"url\":\"https:\/\/www.voustensports.com\/fr\/valenza-short-ange-blue-40675\/\",\"name\":\"VALENZA - Short ange blue\u00a0 (40675) - Vousten Sports\",\"isPartOf\":{\"@id\":\"https:\/\/www.voustensports.com\/nl\/#website\"},\"primaryImageOfPage\":{\"@id\":\"https:\/\/www.voustensports.com\/fr\/valenza-short-ange-blue-40675\/#primaryimage\"},\"image\":{\"@id\":\"https:\/\/www.voustensports.com\/fr\/valenza-short-ange-blue-40675\/#primaryimage\"},\"thumbnailUrl\":\"https:\/\/www.voustensports.com\/wp-content\/uploads\/2023\/06\/Short-angel-blue-406751.jpg\",\"datePublished\":\"2025-02-14T17:38:12+00:00\",\"dateModified\":\"2026-03-24T03:18:08+00:00\",\"breadcrumb\":{\"@id\":\"https:\/\/www.voustensports.com\/fr\/valenza-short-ange-blue-40675\/#breadcrumb\"},\"inLanguage\":\"fr-FR\",\"potentialAction\":[{\"@type\":\"ReadAction\",\"target\":[\"https:\/\/www.voustensports.com\/fr\/valenza-short-ange-blue-40675\/\"]}]},{\"@type\":\"ImageObject\",\"inLanguage\":\"fr-FR\",\"@id\":\"https:\/\/www.voustensports.com\/fr\/valenza-short-ange-blue-40675\/#primaryimage\",\"url\":\"https:\/\/www.voustensports.com\/wp-content\/uploads\/2023\/06\/Short-angel-blue-406751.jpg\",\"contentUrl\":\"https:\/\/www.voustensports.com\/wp-content\/uploads\/2023\/06\/Short-angel-blue-406751.jpg\",\"width\":1536,\"height\":2048},{\"@type\":\"BreadcrumbList\",\"@id\":\"https:\/\/www.voustensports.com\/fr\/valenza-short-ange-blue-40675\/#breadcrumb\",\"itemListElement\":[{\"@type\":\"ListItem\",\"position\":1,\"name\":\"Home\",\"item\":\"https:\/\/www.voustensports.com\/fr\/\"},{\"@type\":\"ListItem\",\"position\":2,\"name\":\"Boutique\",\"item\":\"https:\/\/www.voustensports.com\/fr\/shop\/\"},{\"@type\":\"ListItem\",\"position\":3,\"name\":\"VALENZA &#8211; Short ange blue\u00a0 (40675)\"}]},{\"@type\":\"WebSite\",\"@id\":\"https:\/\/www.voustensports.com\/nl\/#website\",\"url\":\"https:\/\/www.voustensports.com\/nl\/\",\"name\":\"Vousten Sports\",\"description\":\"\",\"potentialAction\":[{\"@type\":\"SearchAction\",\"target\":{\"@type\":\"EntryPoint\",\"urlTemplate\":\"https:\/\/www.voustensports.com\/nl\/?s={search_term_string}\"},\"query-input\":{\"@type\":\"PropertyValueSpecification\",\"valueRequired\":true,\"valueName\":\"search_term_string\"}}],\"inLanguage\":\"fr-FR\"}]}<\/script>\n<!-- \/ Yoast SEO plugin. -->","yoast_head_json":{"title":"VALENZA - Short ange blue\u00a0 (40675) - Vousten Sports","robots":{"index":"index","follow":"follow","max-snippet":"max-snippet:-1","max-image-preview":"max-image-preview:large","max-video-preview":"max-video-preview:-1"},"canonical":"https:\/\/www.voustensports.com\/fr\/valenza-short-ange-blue-40675\/","og_locale":"fr_FR","og_type":"article","og_title":"VALENZA - Short ange blue\u00a0 (40675) - Vousten Sports","og_description":"Informations sur le produit : Coupe d\u00e9contract\u00e9e Short de sport avec fermeture \u00e0 lacets sur le devant Fermeture \u00e9clair en nylon sur la poche arri\u00e8re Mat\u00e9riau : coton Supima interlock Fabriqu\u00e9 en Italie Composition : 100% coton","og_url":"https:\/\/www.voustensports.com\/fr\/valenza-short-ange-blue-40675\/","og_site_name":"Vousten Sports","article_modified_time":"2026-03-24T03:18:08+00:00","og_image":[{"width":1536,"height":2048,"url":"https:\/\/www.voustensports.com\/wp-content\/uploads\/2023\/06\/Short-angel-blue-406751.jpg","type":"image\/jpeg"}],"twitter_card":"summary_large_image","schema":{"@context":"https:\/\/schema.org","@graph":[{"@type":"WebPage","@id":"https:\/\/www.voustensports.com\/fr\/valenza-short-ange-blue-40675\/","url":"https:\/\/www.voustensports.com\/fr\/valenza-short-ange-blue-40675\/","name":"VALENZA - Short ange blue\u00a0 (40675) - Vousten Sports","isPartOf":{"@id":"https:\/\/www.voustensports.com\/nl\/#website"},"primaryImageOfPage":{"@id":"https:\/\/www.voustensports.com\/fr\/valenza-short-ange-blue-40675\/#primaryimage"},"image":{"@id":"https:\/\/www.voustensports.com\/fr\/valenza-short-ange-blue-40675\/#primaryimage"},"thumbnailUrl":"https:\/\/www.voustensports.com\/wp-content\/uploads\/2023\/06\/Short-angel-blue-406751.jpg","datePublished":"2025-02-14T17:38:12+00:00","dateModified":"2026-03-24T03:18:08+00:00","breadcrumb":{"@id":"https:\/\/www.voustensports.com\/fr\/valenza-short-ange-blue-40675\/#breadcrumb"},"inLanguage":"fr-FR","potentialAction":[{"@type":"ReadAction","target":["https:\/\/www.voustensports.com\/fr\/valenza-short-ange-blue-40675\/"]}]},{"@type":"ImageObject","inLanguage":"fr-FR","@id":"https:\/\/www.voustensports.com\/fr\/valenza-short-ange-blue-40675\/#primaryimage","url":"https:\/\/www.voustensports.com\/wp-content\/uploads\/2023\/06\/Short-angel-blue-406751.jpg","contentUrl":"https:\/\/www.voustensports.com\/wp-content\/uploads\/2023\/06\/Short-angel-blue-406751.jpg","width":1536,"height":2048},{"@type":"BreadcrumbList","@id":"https:\/\/www.voustensports.com\/fr\/valenza-short-ange-blue-40675\/#breadcrumb","itemListElement":[{"@type":"ListItem","position":1,"name":"Home","item":"https:\/\/www.voustensports.com\/fr\/"},{"@type":"ListItem","position":2,"name":"Boutique","item":"https:\/\/www.voustensports.com\/fr\/shop\/"},{"@type":"ListItem","position":3,"name":"VALENZA &#8211; Short ange blue\u00a0 (40675)"}]},{"@type":"WebSite","@id":"https:\/\/www.voustensports.com\/nl\/#website","url":"https:\/\/www.voustensports.com\/nl\/","name":"Vousten Sports","description":"","potentialAction":[{"@type":"SearchAction","target":{"@type":"EntryPoint","urlTemplate":"https:\/\/www.voustensports.com\/nl\/?s={search_term_string}"},"query-input":{"@type":"PropertyValueSpecification","valueRequired":true,"valueName":"search_term_string"}}],"inLanguage":"fr-FR"}]}},"_links":{"self":[{"href":"https:\/\/www.voustensports.com\/fr\/wp-json\/wp\/v2\/product\/197291","targetHints":{"allow":["GET"]}}],"collection":[{"href":"https:\/\/www.voustensports.com\/fr\/wp-json\/wp\/v2\/product"}],"about":[{"href":"https:\/\/www.voustensports.com\/fr\/wp-json\/wp\/v2\/types\/product"}],"replies":[{"embeddable":true,"href":"https:\/\/www.voustensports.com\/fr\/wp-json\/wp\/v2\/comments?post=197291"}],"wp:featuredmedia":[{"embeddable":true,"href":"https:\/\/www.voustensports.com\/fr\/wp-json\/wp\/v2\/media\/197283"}],"wp:attachment":[{"href":"https:\/\/www.voustensports.com\/fr\/wp-json\/wp\/v2\/media?parent=197291"}],"wp:term":[{"taxonomy":"product_cat","embeddable":true,"href":"https:\/\/www.voustensports.com\/fr\/wp-json\/wp\/v2\/product_cat?post=197291"},{"taxonomy":"product_tag","embeddable":true,"href":"https:\/\/www.voustensports.com\/fr\/wp-json\/wp\/v2\/product_tag?post=197291"}],"curies":[{"name":"wp","href":"https:\/\/api.w.org\/{rel}","templated":true}]}}