{"id":196555,"date":"2025-02-08T12:02:15","date_gmt":"2025-02-08T11:02:15","guid":{"rendered":"https:\/\/www.voustensports.com\/hogan-dames-hogan-sneaker-hi-fi-denim-bleu-clair-40544\/"},"modified":"2026-04-01T11:15:14","modified_gmt":"2026-04-01T09:15:14","slug":"hogan-dames-hogan-sneaker-hi-fi-denim-bleu-clair-40544","status":"publish","type":"product","link":"https:\/\/www.voustensports.com\/fr\/hogan-dames-hogan-sneaker-hi-fi-denim-bleu-clair-40544\/","title":{"rendered":"HOGAN Dames &#8211; Hogan Sneaker Hi-Fi Denim bleu clair (40544)"},"content":{"rendered":"<div>Les baskets Hogan Hi-Fi apportent une touche f\u00e9minine \u00e0 la semelle ext\u00e9rieure clout\u00e9e Hyperlight, avec une plateforme sur\u00e9lev\u00e9e pour plus de hauteur et d&rsquo;\u00e9l\u00e9gance. Rappelant l&rsquo;iconographie sportive des ann\u00e9es 80 avec leurs finitions techniques et leur vocation urbaine, ils pr\u00e9sentent une combinaison de lignes douces et vives. La tige est ici confectionn\u00e9e en denim, avec un passepoil \u00e0 franges et un maxi H sur la bande lat\u00e9rale. Un style athleisure \u00e9nergique, avec une semelle int\u00e9rieure en mousse \u00e0 m\u00e9moire de forme pour garantir un confort suppl\u00e9mentaire et un ajustement rembourr\u00e9.<\/div>\n<ul>\n<li>Baskets Hi-Fi Hogan femme<\/li>\n<li>Fabriqu\u00e9 en Italie<\/li>\n<li>Tige en coton<\/li>\n<li>C\u00f4t\u00e9 H frang\u00e9 et passepoil<\/li>\n<li>Semelle int\u00e9rieure en mousse \u00e0 m\u00e9moire de forme 8 mm<\/li>\n<li>Semelle ext\u00e9rieure en caoutchouc<\/li>\n<li>Hauteur totale 6,5 cm<\/li>\n<li>Cartes d&rsquo;entretien et de soins incluses<\/li>\n<li>Dustbag en tissu inclus<\/li>\n<li>Lacets suppl\u00e9mentaires inclus<\/li>\n<\/ul>\n","protected":false},"excerpt":{"rendered":"<p>Les baskets Hogan Hi-Fi apportent une touche f\u00e9minine \u00e0 la semelle ext\u00e9rieure clout\u00e9e Hyperlight, avec une plateforme sur\u00e9lev\u00e9e pour plus de hauteur et d&rsquo;\u00e9l\u00e9gance. Rappelant l&rsquo;iconographie sportive des ann\u00e9es 80 avec leurs finitions techniques et leur vocation urbaine, ils pr\u00e9sentent une combinaison de lignes douces et vives. La tige est ici confectionn\u00e9e en denim, avec [&#8230;]\n","protected":false},"featured_media":196539,"comment_status":"open","ping_status":"closed","template":"","meta":{"rank_math_lock_modified_date":false},"product_cat":[446,462,518,522,526,637,887,916],"product_tag":[],"class_list":{"0":"post-196555","1":"product","2":"type-product","3":"status-publish","4":"has-post-thumbnail","6":"product_cat-kleding-fr","7":"product_cat-vousten-sports-fr-2","8":"product_cat-hogan-fr","9":"product_cat-schoenen-fr-2","10":"product_cat-sneakers-fr-2","11":"product_cat-dames-fr","12":"product_cat-damesschoenen-fr","13":"product_cat-veterschoenen-fr","15":"first","16":"outofstock","17":"taxable","18":"shipping-taxable","19":"purchasable","20":"product-type-variable"},"acf":[],"yoast_head":"<!-- This site is optimized with the Yoast SEO plugin v23.9 - https:\/\/yoast.com\/wordpress\/plugins\/seo\/ -->\n<title>HOGAN Dames - Hogan Sneaker Hi-Fi Denim bleu clair (40544) - Vousten Sports<\/title>\n<meta name=\"robots\" content=\"index, follow, max-snippet:-1, max-image-preview:large, max-video-preview:-1\" \/>\n<link rel=\"canonical\" href=\"https:\/\/www.voustensports.com\/fr\/hogan-dames-hogan-sneaker-hi-fi-denim-bleu-clair-40544\/\" \/>\n<meta property=\"og:locale\" content=\"fr_FR\" \/>\n<meta property=\"og:type\" content=\"article\" \/>\n<meta property=\"og:title\" content=\"HOGAN Dames - Hogan Sneaker Hi-Fi Denim bleu clair (40544) - Vousten Sports\" \/>\n<meta property=\"og:description\" content=\"Les baskets Hogan Hi-Fi apportent une touche f\u00e9minine \u00e0 la semelle ext\u00e9rieure clout\u00e9e Hyperlight, avec une plateforme sur\u00e9lev\u00e9e pour plus de hauteur et d&rsquo;\u00e9l\u00e9gance. Rappelant l&rsquo;iconographie sportive des ann\u00e9es 80 avec leurs finitions techniques et leur vocation urbaine, ils pr\u00e9sentent une combinaison de lignes douces et vives. La tige est ici confectionn\u00e9e en denim, avec [...]\" \/>\n<meta property=\"og:url\" content=\"https:\/\/www.voustensports.com\/fr\/hogan-dames-hogan-sneaker-hi-fi-denim-bleu-clair-40544\/\" \/>\n<meta property=\"og:site_name\" content=\"Vousten Sports\" \/>\n<meta property=\"article:modified_time\" content=\"2026-04-01T09:15:14+00:00\" \/>\n<meta property=\"og:image\" content=\"https:\/\/www.voustensports.com\/wp-content\/uploads\/2023\/06\/Hogan-Sneaker-Hi-Fi-Denim-lichtblauw-405441.png\" \/>\n\t<meta property=\"og:image:width\" content=\"2000\" \/>\n\t<meta property=\"og:image:height\" content=\"2000\" \/>\n\t<meta property=\"og:image:type\" content=\"image\/png\" \/>\n<meta name=\"twitter:card\" content=\"summary_large_image\" \/>\n<meta name=\"twitter:label1\" content=\"Est. reading time\" \/>\n\t<meta name=\"twitter:data1\" content=\"1 minute\" \/>\n<script type=\"application\/ld+json\" class=\"yoast-schema-graph\">{\"@context\":\"https:\/\/schema.org\",\"@graph\":[{\"@type\":\"WebPage\",\"@id\":\"https:\/\/www.voustensports.com\/fr\/hogan-dames-hogan-sneaker-hi-fi-denim-bleu-clair-40544\/\",\"url\":\"https:\/\/www.voustensports.com\/fr\/hogan-dames-hogan-sneaker-hi-fi-denim-bleu-clair-40544\/\",\"name\":\"HOGAN Dames - Hogan Sneaker Hi-Fi Denim bleu clair (40544) - Vousten Sports\",\"isPartOf\":{\"@id\":\"https:\/\/www.voustensports.com\/nl\/#website\"},\"primaryImageOfPage\":{\"@id\":\"https:\/\/www.voustensports.com\/fr\/hogan-dames-hogan-sneaker-hi-fi-denim-bleu-clair-40544\/#primaryimage\"},\"image\":{\"@id\":\"https:\/\/www.voustensports.com\/fr\/hogan-dames-hogan-sneaker-hi-fi-denim-bleu-clair-40544\/#primaryimage\"},\"thumbnailUrl\":\"https:\/\/www.voustensports.com\/wp-content\/uploads\/2023\/06\/Hogan-Sneaker-Hi-Fi-Denim-lichtblauw-405441.png\",\"datePublished\":\"2025-02-08T11:02:15+00:00\",\"dateModified\":\"2026-04-01T09:15:14+00:00\",\"breadcrumb\":{\"@id\":\"https:\/\/www.voustensports.com\/fr\/hogan-dames-hogan-sneaker-hi-fi-denim-bleu-clair-40544\/#breadcrumb\"},\"inLanguage\":\"fr-FR\",\"potentialAction\":[{\"@type\":\"ReadAction\",\"target\":[\"https:\/\/www.voustensports.com\/fr\/hogan-dames-hogan-sneaker-hi-fi-denim-bleu-clair-40544\/\"]}]},{\"@type\":\"ImageObject\",\"inLanguage\":\"fr-FR\",\"@id\":\"https:\/\/www.voustensports.com\/fr\/hogan-dames-hogan-sneaker-hi-fi-denim-bleu-clair-40544\/#primaryimage\",\"url\":\"https:\/\/www.voustensports.com\/wp-content\/uploads\/2023\/06\/Hogan-Sneaker-Hi-Fi-Denim-lichtblauw-405441.png\",\"contentUrl\":\"https:\/\/www.voustensports.com\/wp-content\/uploads\/2023\/06\/Hogan-Sneaker-Hi-Fi-Denim-lichtblauw-405441.png\",\"width\":2000,\"height\":2000},{\"@type\":\"BreadcrumbList\",\"@id\":\"https:\/\/www.voustensports.com\/fr\/hogan-dames-hogan-sneaker-hi-fi-denim-bleu-clair-40544\/#breadcrumb\",\"itemListElement\":[{\"@type\":\"ListItem\",\"position\":1,\"name\":\"Home\",\"item\":\"https:\/\/www.voustensports.com\/fr\/\"},{\"@type\":\"ListItem\",\"position\":2,\"name\":\"Boutique\",\"item\":\"https:\/\/www.voustensports.com\/fr\/shop\/\"},{\"@type\":\"ListItem\",\"position\":3,\"name\":\"HOGAN Dames &#8211; Hogan Sneaker Hi-Fi Denim bleu clair (40544)\"}]},{\"@type\":\"WebSite\",\"@id\":\"https:\/\/www.voustensports.com\/nl\/#website\",\"url\":\"https:\/\/www.voustensports.com\/nl\/\",\"name\":\"Vousten Sports\",\"description\":\"\",\"potentialAction\":[{\"@type\":\"SearchAction\",\"target\":{\"@type\":\"EntryPoint\",\"urlTemplate\":\"https:\/\/www.voustensports.com\/nl\/?s={search_term_string}\"},\"query-input\":{\"@type\":\"PropertyValueSpecification\",\"valueRequired\":true,\"valueName\":\"search_term_string\"}}],\"inLanguage\":\"fr-FR\"}]}<\/script>\n<!-- \/ Yoast SEO plugin. -->","yoast_head_json":{"title":"HOGAN Dames - Hogan Sneaker Hi-Fi Denim bleu clair (40544) - Vousten Sports","robots":{"index":"index","follow":"follow","max-snippet":"max-snippet:-1","max-image-preview":"max-image-preview:large","max-video-preview":"max-video-preview:-1"},"canonical":"https:\/\/www.voustensports.com\/fr\/hogan-dames-hogan-sneaker-hi-fi-denim-bleu-clair-40544\/","og_locale":"fr_FR","og_type":"article","og_title":"HOGAN Dames - Hogan Sneaker Hi-Fi Denim bleu clair (40544) - Vousten Sports","og_description":"Les baskets Hogan Hi-Fi apportent une touche f\u00e9minine \u00e0 la semelle ext\u00e9rieure clout\u00e9e Hyperlight, avec une plateforme sur\u00e9lev\u00e9e pour plus de hauteur et d&rsquo;\u00e9l\u00e9gance. Rappelant l&rsquo;iconographie sportive des ann\u00e9es 80 avec leurs finitions techniques et leur vocation urbaine, ils pr\u00e9sentent une combinaison de lignes douces et vives. La tige est ici confectionn\u00e9e en denim, avec [...]","og_url":"https:\/\/www.voustensports.com\/fr\/hogan-dames-hogan-sneaker-hi-fi-denim-bleu-clair-40544\/","og_site_name":"Vousten Sports","article_modified_time":"2026-04-01T09:15:14+00:00","og_image":[{"width":2000,"height":2000,"url":"https:\/\/www.voustensports.com\/wp-content\/uploads\/2023\/06\/Hogan-Sneaker-Hi-Fi-Denim-lichtblauw-405441.png","type":"image\/png"}],"twitter_card":"summary_large_image","twitter_misc":{"Est. reading time":"1 minute"},"schema":{"@context":"https:\/\/schema.org","@graph":[{"@type":"WebPage","@id":"https:\/\/www.voustensports.com\/fr\/hogan-dames-hogan-sneaker-hi-fi-denim-bleu-clair-40544\/","url":"https:\/\/www.voustensports.com\/fr\/hogan-dames-hogan-sneaker-hi-fi-denim-bleu-clair-40544\/","name":"HOGAN Dames - Hogan Sneaker Hi-Fi Denim bleu clair (40544) - Vousten Sports","isPartOf":{"@id":"https:\/\/www.voustensports.com\/nl\/#website"},"primaryImageOfPage":{"@id":"https:\/\/www.voustensports.com\/fr\/hogan-dames-hogan-sneaker-hi-fi-denim-bleu-clair-40544\/#primaryimage"},"image":{"@id":"https:\/\/www.voustensports.com\/fr\/hogan-dames-hogan-sneaker-hi-fi-denim-bleu-clair-40544\/#primaryimage"},"thumbnailUrl":"https:\/\/www.voustensports.com\/wp-content\/uploads\/2023\/06\/Hogan-Sneaker-Hi-Fi-Denim-lichtblauw-405441.png","datePublished":"2025-02-08T11:02:15+00:00","dateModified":"2026-04-01T09:15:14+00:00","breadcrumb":{"@id":"https:\/\/www.voustensports.com\/fr\/hogan-dames-hogan-sneaker-hi-fi-denim-bleu-clair-40544\/#breadcrumb"},"inLanguage":"fr-FR","potentialAction":[{"@type":"ReadAction","target":["https:\/\/www.voustensports.com\/fr\/hogan-dames-hogan-sneaker-hi-fi-denim-bleu-clair-40544\/"]}]},{"@type":"ImageObject","inLanguage":"fr-FR","@id":"https:\/\/www.voustensports.com\/fr\/hogan-dames-hogan-sneaker-hi-fi-denim-bleu-clair-40544\/#primaryimage","url":"https:\/\/www.voustensports.com\/wp-content\/uploads\/2023\/06\/Hogan-Sneaker-Hi-Fi-Denim-lichtblauw-405441.png","contentUrl":"https:\/\/www.voustensports.com\/wp-content\/uploads\/2023\/06\/Hogan-Sneaker-Hi-Fi-Denim-lichtblauw-405441.png","width":2000,"height":2000},{"@type":"BreadcrumbList","@id":"https:\/\/www.voustensports.com\/fr\/hogan-dames-hogan-sneaker-hi-fi-denim-bleu-clair-40544\/#breadcrumb","itemListElement":[{"@type":"ListItem","position":1,"name":"Home","item":"https:\/\/www.voustensports.com\/fr\/"},{"@type":"ListItem","position":2,"name":"Boutique","item":"https:\/\/www.voustensports.com\/fr\/shop\/"},{"@type":"ListItem","position":3,"name":"HOGAN Dames &#8211; Hogan Sneaker Hi-Fi Denim bleu clair (40544)"}]},{"@type":"WebSite","@id":"https:\/\/www.voustensports.com\/nl\/#website","url":"https:\/\/www.voustensports.com\/nl\/","name":"Vousten Sports","description":"","potentialAction":[{"@type":"SearchAction","target":{"@type":"EntryPoint","urlTemplate":"https:\/\/www.voustensports.com\/nl\/?s={search_term_string}"},"query-input":{"@type":"PropertyValueSpecification","valueRequired":true,"valueName":"search_term_string"}}],"inLanguage":"fr-FR"}]}},"_links":{"self":[{"href":"https:\/\/www.voustensports.com\/fr\/wp-json\/wp\/v2\/product\/196555","targetHints":{"allow":["GET"]}}],"collection":[{"href":"https:\/\/www.voustensports.com\/fr\/wp-json\/wp\/v2\/product"}],"about":[{"href":"https:\/\/www.voustensports.com\/fr\/wp-json\/wp\/v2\/types\/product"}],"replies":[{"embeddable":true,"href":"https:\/\/www.voustensports.com\/fr\/wp-json\/wp\/v2\/comments?post=196555"}],"wp:featuredmedia":[{"embeddable":true,"href":"https:\/\/www.voustensports.com\/fr\/wp-json\/wp\/v2\/media\/196539"}],"wp:attachment":[{"href":"https:\/\/www.voustensports.com\/fr\/wp-json\/wp\/v2\/media?parent=196555"}],"wp:term":[{"taxonomy":"product_cat","embeddable":true,"href":"https:\/\/www.voustensports.com\/fr\/wp-json\/wp\/v2\/product_cat?post=196555"},{"taxonomy":"product_tag","embeddable":true,"href":"https:\/\/www.voustensports.com\/fr\/wp-json\/wp\/v2\/product_tag?post=196555"}],"curies":[{"name":"wp","href":"https:\/\/api.w.org\/{rel}","templated":true}]}}