{"id":196499,"date":"2025-02-08T11:16:23","date_gmt":"2025-02-08T10:16:23","guid":{"rendered":"https:\/\/www.voustensports.com\/hogan-dames-hogan-sneaker-cool-argent-beige-40543\/"},"modified":"2026-04-16T00:30:20","modified_gmt":"2026-04-15T22:30:20","slug":"hogan-dames-hogan-sneaker-cool-argent-beige-40543","status":"publish","type":"product","link":"https:\/\/www.voustensports.com\/fr\/hogan-dames-hogan-sneaker-cool-argent-beige-40543\/","title":{"rendered":"HOGAN Dames &#8211; Hogan Sneaker Cool argent \/ beige (40543)"},"content":{"rendered":"<div>M\u00e9lange parfait d&rsquo;\u00e9l\u00e9ments r\u00e9tro et de lignes contemporaines, les Hogan Cool Sneakers se caract\u00e9risent par un look sobre et raffin\u00e9. Dot\u00e9e d&rsquo;une languette rembourr\u00e9e, la tige est ici confectionn\u00e9e en cuir m\u00e9tallis\u00e9, avec un H lat\u00e9ral dentel\u00e9 en nubuck. R\u00e9interpr\u00e9tation du mod\u00e8le historique H327, la semelle ext\u00e9rieure rappelle le monogramme inclin\u00e9 sur la bande de roulement. La semelle int\u00e9rieure en mousse \u00e0 m\u00e9moire de forme assure un ajustement rembourr\u00e9.<\/div>\n<ul>\n<li>Baskets Hogan Cool pour femme<\/li>\n<li>Tige en cuir m\u00e9tallis\u00e9<\/li>\n<li>Empi\u00e8cements en cuir nappa<\/li>\n<li>Nubuck c\u00f4t\u00e9 H<\/li>\n<li>Semelle int\u00e9rieure en mousse \u00e0 m\u00e9moire de forme 5 mm<\/li>\n<li>Semelle cuvette en caoutchouc (TPU)<\/li>\n<li>Hauteur totale 3,2 cm<\/li>\n<li>Cartes d&rsquo;entretien et de soins incluses<\/li>\n<li>Sac \u00e0 poussi\u00e8re en tissu inclus<\/li>\n<li>Lacets suppl\u00e9mentaires inclus<\/li>\n<\/ul>\n","protected":false},"excerpt":{"rendered":"<p>M\u00e9lange parfait d&rsquo;\u00e9l\u00e9ments r\u00e9tro et de lignes contemporaines, les Hogan Cool Sneakers se caract\u00e9risent par un look sobre et raffin\u00e9. Dot\u00e9e d&rsquo;une languette rembourr\u00e9e, la tige est ici confectionn\u00e9e en cuir m\u00e9tallis\u00e9, avec un H lat\u00e9ral dentel\u00e9 en nubuck. R\u00e9interpr\u00e9tation du mod\u00e8le historique H327, la semelle ext\u00e9rieure rappelle le monogramme inclin\u00e9 sur la bande de [&#8230;]\n","protected":false},"featured_media":196479,"comment_status":"open","ping_status":"closed","template":"","meta":{"rank_math_lock_modified_date":false},"product_cat":[446,462,522,526,637,887,916],"product_tag":[],"class_list":{"0":"post-196499","1":"product","2":"type-product","3":"status-publish","4":"has-post-thumbnail","6":"product_cat-kleding-fr","7":"product_cat-vousten-sports-fr-2","8":"product_cat-schoenen-fr-2","9":"product_cat-sneakers-fr-2","10":"product_cat-dames-fr","11":"product_cat-damesschoenen-fr","12":"product_cat-veterschoenen-fr","14":"first","15":"instock","16":"taxable","17":"shipping-taxable","18":"purchasable","19":"product-type-variable"},"acf":[],"yoast_head":"<!-- This site is optimized with the Yoast SEO plugin v23.9 - https:\/\/yoast.com\/wordpress\/plugins\/seo\/ -->\n<title>HOGAN Dames - Hogan Sneaker Cool argent \/ beige (40543) - Vousten Sports<\/title>\n<meta name=\"robots\" content=\"index, follow, max-snippet:-1, max-image-preview:large, max-video-preview:-1\" \/>\n<link rel=\"canonical\" href=\"https:\/\/www.voustensports.com\/fr\/hogan-dames-hogan-sneaker-cool-argent-beige-40543\/\" \/>\n<meta property=\"og:locale\" content=\"fr_FR\" \/>\n<meta property=\"og:type\" content=\"article\" \/>\n<meta property=\"og:title\" content=\"HOGAN Dames - Hogan Sneaker Cool argent \/ beige (40543) - Vousten Sports\" \/>\n<meta property=\"og:description\" content=\"M\u00e9lange parfait d&rsquo;\u00e9l\u00e9ments r\u00e9tro et de lignes contemporaines, les Hogan Cool Sneakers se caract\u00e9risent par un look sobre et raffin\u00e9. Dot\u00e9e d&rsquo;une languette rembourr\u00e9e, la tige est ici confectionn\u00e9e en cuir m\u00e9tallis\u00e9, avec un H lat\u00e9ral dentel\u00e9 en nubuck. R\u00e9interpr\u00e9tation du mod\u00e8le historique H327, la semelle ext\u00e9rieure rappelle le monogramme inclin\u00e9 sur la bande de [...]\" \/>\n<meta property=\"og:url\" content=\"https:\/\/www.voustensports.com\/fr\/hogan-dames-hogan-sneaker-cool-argent-beige-40543\/\" \/>\n<meta property=\"og:site_name\" content=\"Vousten Sports\" \/>\n<meta property=\"article:modified_time\" content=\"2026-04-15T22:30:20+00:00\" \/>\n<meta property=\"og:image\" content=\"https:\/\/www.voustensports.com\/wp-content\/uploads\/2023\/06\/Hogan-Sneaker-Cool-zilver-beige-405431.png\" \/>\n\t<meta property=\"og:image:width\" content=\"2000\" \/>\n\t<meta property=\"og:image:height\" content=\"2000\" \/>\n\t<meta property=\"og:image:type\" content=\"image\/png\" \/>\n<meta name=\"twitter:card\" content=\"summary_large_image\" \/>\n<meta name=\"twitter:label1\" content=\"Est. reading time\" \/>\n\t<meta name=\"twitter:data1\" content=\"1 minute\" \/>\n<script type=\"application\/ld+json\" class=\"yoast-schema-graph\">{\"@context\":\"https:\/\/schema.org\",\"@graph\":[{\"@type\":\"WebPage\",\"@id\":\"https:\/\/www.voustensports.com\/fr\/hogan-dames-hogan-sneaker-cool-argent-beige-40543\/\",\"url\":\"https:\/\/www.voustensports.com\/fr\/hogan-dames-hogan-sneaker-cool-argent-beige-40543\/\",\"name\":\"HOGAN Dames - Hogan Sneaker Cool argent \/ beige (40543) - Vousten Sports\",\"isPartOf\":{\"@id\":\"https:\/\/www.voustensports.com\/nl\/#website\"},\"primaryImageOfPage\":{\"@id\":\"https:\/\/www.voustensports.com\/fr\/hogan-dames-hogan-sneaker-cool-argent-beige-40543\/#primaryimage\"},\"image\":{\"@id\":\"https:\/\/www.voustensports.com\/fr\/hogan-dames-hogan-sneaker-cool-argent-beige-40543\/#primaryimage\"},\"thumbnailUrl\":\"https:\/\/www.voustensports.com\/wp-content\/uploads\/2023\/06\/Hogan-Sneaker-Cool-zilver-beige-405431.png\",\"datePublished\":\"2025-02-08T10:16:23+00:00\",\"dateModified\":\"2026-04-15T22:30:20+00:00\",\"breadcrumb\":{\"@id\":\"https:\/\/www.voustensports.com\/fr\/hogan-dames-hogan-sneaker-cool-argent-beige-40543\/#breadcrumb\"},\"inLanguage\":\"fr-FR\",\"potentialAction\":[{\"@type\":\"ReadAction\",\"target\":[\"https:\/\/www.voustensports.com\/fr\/hogan-dames-hogan-sneaker-cool-argent-beige-40543\/\"]}]},{\"@type\":\"ImageObject\",\"inLanguage\":\"fr-FR\",\"@id\":\"https:\/\/www.voustensports.com\/fr\/hogan-dames-hogan-sneaker-cool-argent-beige-40543\/#primaryimage\",\"url\":\"https:\/\/www.voustensports.com\/wp-content\/uploads\/2023\/06\/Hogan-Sneaker-Cool-zilver-beige-405431.png\",\"contentUrl\":\"https:\/\/www.voustensports.com\/wp-content\/uploads\/2023\/06\/Hogan-Sneaker-Cool-zilver-beige-405431.png\",\"width\":2000,\"height\":2000},{\"@type\":\"BreadcrumbList\",\"@id\":\"https:\/\/www.voustensports.com\/fr\/hogan-dames-hogan-sneaker-cool-argent-beige-40543\/#breadcrumb\",\"itemListElement\":[{\"@type\":\"ListItem\",\"position\":1,\"name\":\"Home\",\"item\":\"https:\/\/www.voustensports.com\/fr\/\"},{\"@type\":\"ListItem\",\"position\":2,\"name\":\"Boutique\",\"item\":\"https:\/\/www.voustensports.com\/fr\/shop\/\"},{\"@type\":\"ListItem\",\"position\":3,\"name\":\"HOGAN Dames &#8211; Hogan Sneaker Cool argent \/ beige (40543)\"}]},{\"@type\":\"WebSite\",\"@id\":\"https:\/\/www.voustensports.com\/nl\/#website\",\"url\":\"https:\/\/www.voustensports.com\/nl\/\",\"name\":\"Vousten Sports\",\"description\":\"\",\"potentialAction\":[{\"@type\":\"SearchAction\",\"target\":{\"@type\":\"EntryPoint\",\"urlTemplate\":\"https:\/\/www.voustensports.com\/nl\/?s={search_term_string}\"},\"query-input\":{\"@type\":\"PropertyValueSpecification\",\"valueRequired\":true,\"valueName\":\"search_term_string\"}}],\"inLanguage\":\"fr-FR\"}]}<\/script>\n<!-- \/ Yoast SEO plugin. -->","yoast_head_json":{"title":"HOGAN Dames - Hogan Sneaker Cool argent \/ beige (40543) - Vousten Sports","robots":{"index":"index","follow":"follow","max-snippet":"max-snippet:-1","max-image-preview":"max-image-preview:large","max-video-preview":"max-video-preview:-1"},"canonical":"https:\/\/www.voustensports.com\/fr\/hogan-dames-hogan-sneaker-cool-argent-beige-40543\/","og_locale":"fr_FR","og_type":"article","og_title":"HOGAN Dames - Hogan Sneaker Cool argent \/ beige (40543) - Vousten Sports","og_description":"M\u00e9lange parfait d&rsquo;\u00e9l\u00e9ments r\u00e9tro et de lignes contemporaines, les Hogan Cool Sneakers se caract\u00e9risent par un look sobre et raffin\u00e9. Dot\u00e9e d&rsquo;une languette rembourr\u00e9e, la tige est ici confectionn\u00e9e en cuir m\u00e9tallis\u00e9, avec un H lat\u00e9ral dentel\u00e9 en nubuck. R\u00e9interpr\u00e9tation du mod\u00e8le historique H327, la semelle ext\u00e9rieure rappelle le monogramme inclin\u00e9 sur la bande de [...]","og_url":"https:\/\/www.voustensports.com\/fr\/hogan-dames-hogan-sneaker-cool-argent-beige-40543\/","og_site_name":"Vousten Sports","article_modified_time":"2026-04-15T22:30:20+00:00","og_image":[{"width":2000,"height":2000,"url":"https:\/\/www.voustensports.com\/wp-content\/uploads\/2023\/06\/Hogan-Sneaker-Cool-zilver-beige-405431.png","type":"image\/png"}],"twitter_card":"summary_large_image","twitter_misc":{"Est. reading time":"1 minute"},"schema":{"@context":"https:\/\/schema.org","@graph":[{"@type":"WebPage","@id":"https:\/\/www.voustensports.com\/fr\/hogan-dames-hogan-sneaker-cool-argent-beige-40543\/","url":"https:\/\/www.voustensports.com\/fr\/hogan-dames-hogan-sneaker-cool-argent-beige-40543\/","name":"HOGAN Dames - Hogan Sneaker Cool argent \/ beige (40543) - Vousten Sports","isPartOf":{"@id":"https:\/\/www.voustensports.com\/nl\/#website"},"primaryImageOfPage":{"@id":"https:\/\/www.voustensports.com\/fr\/hogan-dames-hogan-sneaker-cool-argent-beige-40543\/#primaryimage"},"image":{"@id":"https:\/\/www.voustensports.com\/fr\/hogan-dames-hogan-sneaker-cool-argent-beige-40543\/#primaryimage"},"thumbnailUrl":"https:\/\/www.voustensports.com\/wp-content\/uploads\/2023\/06\/Hogan-Sneaker-Cool-zilver-beige-405431.png","datePublished":"2025-02-08T10:16:23+00:00","dateModified":"2026-04-15T22:30:20+00:00","breadcrumb":{"@id":"https:\/\/www.voustensports.com\/fr\/hogan-dames-hogan-sneaker-cool-argent-beige-40543\/#breadcrumb"},"inLanguage":"fr-FR","potentialAction":[{"@type":"ReadAction","target":["https:\/\/www.voustensports.com\/fr\/hogan-dames-hogan-sneaker-cool-argent-beige-40543\/"]}]},{"@type":"ImageObject","inLanguage":"fr-FR","@id":"https:\/\/www.voustensports.com\/fr\/hogan-dames-hogan-sneaker-cool-argent-beige-40543\/#primaryimage","url":"https:\/\/www.voustensports.com\/wp-content\/uploads\/2023\/06\/Hogan-Sneaker-Cool-zilver-beige-405431.png","contentUrl":"https:\/\/www.voustensports.com\/wp-content\/uploads\/2023\/06\/Hogan-Sneaker-Cool-zilver-beige-405431.png","width":2000,"height":2000},{"@type":"BreadcrumbList","@id":"https:\/\/www.voustensports.com\/fr\/hogan-dames-hogan-sneaker-cool-argent-beige-40543\/#breadcrumb","itemListElement":[{"@type":"ListItem","position":1,"name":"Home","item":"https:\/\/www.voustensports.com\/fr\/"},{"@type":"ListItem","position":2,"name":"Boutique","item":"https:\/\/www.voustensports.com\/fr\/shop\/"},{"@type":"ListItem","position":3,"name":"HOGAN Dames &#8211; Hogan Sneaker Cool argent \/ beige (40543)"}]},{"@type":"WebSite","@id":"https:\/\/www.voustensports.com\/nl\/#website","url":"https:\/\/www.voustensports.com\/nl\/","name":"Vousten Sports","description":"","potentialAction":[{"@type":"SearchAction","target":{"@type":"EntryPoint","urlTemplate":"https:\/\/www.voustensports.com\/nl\/?s={search_term_string}"},"query-input":{"@type":"PropertyValueSpecification","valueRequired":true,"valueName":"search_term_string"}}],"inLanguage":"fr-FR"}]}},"_links":{"self":[{"href":"https:\/\/www.voustensports.com\/fr\/wp-json\/wp\/v2\/product\/196499","targetHints":{"allow":["GET"]}}],"collection":[{"href":"https:\/\/www.voustensports.com\/fr\/wp-json\/wp\/v2\/product"}],"about":[{"href":"https:\/\/www.voustensports.com\/fr\/wp-json\/wp\/v2\/types\/product"}],"replies":[{"embeddable":true,"href":"https:\/\/www.voustensports.com\/fr\/wp-json\/wp\/v2\/comments?post=196499"}],"wp:featuredmedia":[{"embeddable":true,"href":"https:\/\/www.voustensports.com\/fr\/wp-json\/wp\/v2\/media\/196479"}],"wp:attachment":[{"href":"https:\/\/www.voustensports.com\/fr\/wp-json\/wp\/v2\/media?parent=196499"}],"wp:term":[{"taxonomy":"product_cat","embeddable":true,"href":"https:\/\/www.voustensports.com\/fr\/wp-json\/wp\/v2\/product_cat?post=196499"},{"taxonomy":"product_tag","embeddable":true,"href":"https:\/\/www.voustensports.com\/fr\/wp-json\/wp\/v2\/product_tag?post=196499"}],"curies":[{"name":"wp","href":"https:\/\/api.w.org\/{rel}","templated":true}]}}