{"id":196255,"date":"2025-02-01T12:02:17","date_gmt":"2025-02-01T11:02:17","guid":{"rendered":"https:\/\/www.voustensports.com\/jacob-cohen-t-shirt-col-rond-en-jersey-de-coton-beige-40408\/"},"modified":"2026-02-05T12:23:27","modified_gmt":"2026-02-05T11:23:27","slug":"jacob-cohen-t-shirt-col-rond-en-jersey-de-coton-beige-40408","status":"publish","type":"product","link":"https:\/\/www.voustensports.com\/fr\/jacob-cohen-t-shirt-col-rond-en-jersey-de-coton-beige-40408\/","title":{"rendered":"Jacob Cohen &#8211; T-shirt col rond en jersey de coton beige (40408)"},"content":{"rendered":"<div>T-shirt col rond \u00e0 manches courtes<\/div>\n<ul>\n<li>Jersey pur coton beige<\/li>\n<li>Logo sur le devant<\/li>\n<li>FABRIQU\u00c9 EN ITALIE<\/li>\n<li>Composition: 100% coton<\/li>\n<li>Num\u00e9ro d&rsquo;article : M4530 L1 D34<\/li>\n<\/ul>\n","protected":false},"excerpt":{"rendered":"<p>T-shirt col rond \u00e0 manches courtes Jersey pur coton beige Logo sur le devant FABRIQU\u00c9 EN ITALIE Composition: 100% coton Num\u00e9ro d&rsquo;article : M4530 L1 D34<\/p>\n","protected":false},"featured_media":196251,"comment_status":"open","ping_status":"closed","template":"","meta":{"rank_math_lock_modified_date":false},"product_cat":[446,450,462,486,490,1016],"product_tag":[],"class_list":{"0":"post-196255","1":"product","2":"type-product","3":"status-publish","4":"has-post-thumbnail","6":"product_cat-kleding-fr","7":"product_cat-heren-fr","8":"product_cat-vousten-sports-fr-2","9":"product_cat-shirt-fr-2","10":"product_cat-t-shirts-fr-2","11":"product_cat-jacob-cohen-fr","13":"first","14":"instock","15":"taxable","16":"shipping-taxable","17":"purchasable","18":"product-type-variable"},"acf":[],"yoast_head":"<!-- This site is optimized with the Yoast SEO plugin v23.9 - https:\/\/yoast.com\/wordpress\/plugins\/seo\/ -->\n<title>Jacob Cohen - T-shirt col rond en jersey de coton beige (40408) - Vousten Sports<\/title>\n<meta name=\"robots\" content=\"index, follow, max-snippet:-1, max-image-preview:large, max-video-preview:-1\" \/>\n<link rel=\"canonical\" href=\"https:\/\/www.voustensports.com\/fr\/jacob-cohen-t-shirt-col-rond-en-jersey-de-coton-beige-40408\/\" \/>\n<meta property=\"og:locale\" content=\"fr_FR\" \/>\n<meta property=\"og:type\" content=\"article\" \/>\n<meta property=\"og:title\" content=\"Jacob Cohen - T-shirt col rond en jersey de coton beige (40408) - Vousten Sports\" \/>\n<meta property=\"og:description\" content=\"T-shirt col rond \u00e0 manches courtes Jersey pur coton beige Logo sur le devant FABRIQU\u00c9 EN ITALIE Composition: 100% coton Num\u00e9ro d&rsquo;article : M4530 L1 D34\" \/>\n<meta property=\"og:url\" content=\"https:\/\/www.voustensports.com\/fr\/jacob-cohen-t-shirt-col-rond-en-jersey-de-coton-beige-40408\/\" \/>\n<meta property=\"og:site_name\" content=\"Vousten Sports\" \/>\n<meta property=\"article:modified_time\" content=\"2026-02-05T11:23:27+00:00\" \/>\n<meta property=\"og:image\" content=\"https:\/\/www.voustensports.com\/wp-content\/uploads\/2023\/06\/Cotton-Jersey-Crewneck-T-shirt-beige-40408.png\" \/>\n\t<meta property=\"og:image:width\" content=\"1500\" \/>\n\t<meta property=\"og:image:height\" content=\"2250\" \/>\n\t<meta property=\"og:image:type\" content=\"image\/png\" \/>\n<meta name=\"twitter:card\" content=\"summary_large_image\" \/>\n<script type=\"application\/ld+json\" class=\"yoast-schema-graph\">{\"@context\":\"https:\/\/schema.org\",\"@graph\":[{\"@type\":\"WebPage\",\"@id\":\"https:\/\/www.voustensports.com\/fr\/jacob-cohen-t-shirt-col-rond-en-jersey-de-coton-beige-40408\/\",\"url\":\"https:\/\/www.voustensports.com\/fr\/jacob-cohen-t-shirt-col-rond-en-jersey-de-coton-beige-40408\/\",\"name\":\"Jacob Cohen - T-shirt col rond en jersey de coton beige (40408) - Vousten Sports\",\"isPartOf\":{\"@id\":\"https:\/\/www.voustensports.com\/nl\/#website\"},\"primaryImageOfPage\":{\"@id\":\"https:\/\/www.voustensports.com\/fr\/jacob-cohen-t-shirt-col-rond-en-jersey-de-coton-beige-40408\/#primaryimage\"},\"image\":{\"@id\":\"https:\/\/www.voustensports.com\/fr\/jacob-cohen-t-shirt-col-rond-en-jersey-de-coton-beige-40408\/#primaryimage\"},\"thumbnailUrl\":\"https:\/\/www.voustensports.com\/wp-content\/uploads\/2023\/06\/Cotton-Jersey-Crewneck-T-shirt-beige-40408.png\",\"datePublished\":\"2025-02-01T11:02:17+00:00\",\"dateModified\":\"2026-02-05T11:23:27+00:00\",\"breadcrumb\":{\"@id\":\"https:\/\/www.voustensports.com\/fr\/jacob-cohen-t-shirt-col-rond-en-jersey-de-coton-beige-40408\/#breadcrumb\"},\"inLanguage\":\"fr-FR\",\"potentialAction\":[{\"@type\":\"ReadAction\",\"target\":[\"https:\/\/www.voustensports.com\/fr\/jacob-cohen-t-shirt-col-rond-en-jersey-de-coton-beige-40408\/\"]}]},{\"@type\":\"ImageObject\",\"inLanguage\":\"fr-FR\",\"@id\":\"https:\/\/www.voustensports.com\/fr\/jacob-cohen-t-shirt-col-rond-en-jersey-de-coton-beige-40408\/#primaryimage\",\"url\":\"https:\/\/www.voustensports.com\/wp-content\/uploads\/2023\/06\/Cotton-Jersey-Crewneck-T-shirt-beige-40408.png\",\"contentUrl\":\"https:\/\/www.voustensports.com\/wp-content\/uploads\/2023\/06\/Cotton-Jersey-Crewneck-T-shirt-beige-40408.png\",\"width\":1500,\"height\":2250},{\"@type\":\"BreadcrumbList\",\"@id\":\"https:\/\/www.voustensports.com\/fr\/jacob-cohen-t-shirt-col-rond-en-jersey-de-coton-beige-40408\/#breadcrumb\",\"itemListElement\":[{\"@type\":\"ListItem\",\"position\":1,\"name\":\"Home\",\"item\":\"https:\/\/www.voustensports.com\/fr\/\"},{\"@type\":\"ListItem\",\"position\":2,\"name\":\"Boutique\",\"item\":\"https:\/\/www.voustensports.com\/fr\/shop\/\"},{\"@type\":\"ListItem\",\"position\":3,\"name\":\"Jacob Cohen &#8211; T-shirt col rond en jersey de coton beige (40408)\"}]},{\"@type\":\"WebSite\",\"@id\":\"https:\/\/www.voustensports.com\/nl\/#website\",\"url\":\"https:\/\/www.voustensports.com\/nl\/\",\"name\":\"Vousten Sports\",\"description\":\"\",\"potentialAction\":[{\"@type\":\"SearchAction\",\"target\":{\"@type\":\"EntryPoint\",\"urlTemplate\":\"https:\/\/www.voustensports.com\/nl\/?s={search_term_string}\"},\"query-input\":{\"@type\":\"PropertyValueSpecification\",\"valueRequired\":true,\"valueName\":\"search_term_string\"}}],\"inLanguage\":\"fr-FR\"}]}<\/script>\n<!-- \/ Yoast SEO plugin. -->","yoast_head_json":{"title":"Jacob Cohen - T-shirt col rond en jersey de coton beige (40408) - Vousten Sports","robots":{"index":"index","follow":"follow","max-snippet":"max-snippet:-1","max-image-preview":"max-image-preview:large","max-video-preview":"max-video-preview:-1"},"canonical":"https:\/\/www.voustensports.com\/fr\/jacob-cohen-t-shirt-col-rond-en-jersey-de-coton-beige-40408\/","og_locale":"fr_FR","og_type":"article","og_title":"Jacob Cohen - T-shirt col rond en jersey de coton beige (40408) - Vousten Sports","og_description":"T-shirt col rond \u00e0 manches courtes Jersey pur coton beige Logo sur le devant FABRIQU\u00c9 EN ITALIE Composition: 100% coton Num\u00e9ro d&rsquo;article : M4530 L1 D34","og_url":"https:\/\/www.voustensports.com\/fr\/jacob-cohen-t-shirt-col-rond-en-jersey-de-coton-beige-40408\/","og_site_name":"Vousten Sports","article_modified_time":"2026-02-05T11:23:27+00:00","og_image":[{"width":1500,"height":2250,"url":"https:\/\/www.voustensports.com\/wp-content\/uploads\/2023\/06\/Cotton-Jersey-Crewneck-T-shirt-beige-40408.png","type":"image\/png"}],"twitter_card":"summary_large_image","schema":{"@context":"https:\/\/schema.org","@graph":[{"@type":"WebPage","@id":"https:\/\/www.voustensports.com\/fr\/jacob-cohen-t-shirt-col-rond-en-jersey-de-coton-beige-40408\/","url":"https:\/\/www.voustensports.com\/fr\/jacob-cohen-t-shirt-col-rond-en-jersey-de-coton-beige-40408\/","name":"Jacob Cohen - T-shirt col rond en jersey de coton beige (40408) - Vousten Sports","isPartOf":{"@id":"https:\/\/www.voustensports.com\/nl\/#website"},"primaryImageOfPage":{"@id":"https:\/\/www.voustensports.com\/fr\/jacob-cohen-t-shirt-col-rond-en-jersey-de-coton-beige-40408\/#primaryimage"},"image":{"@id":"https:\/\/www.voustensports.com\/fr\/jacob-cohen-t-shirt-col-rond-en-jersey-de-coton-beige-40408\/#primaryimage"},"thumbnailUrl":"https:\/\/www.voustensports.com\/wp-content\/uploads\/2023\/06\/Cotton-Jersey-Crewneck-T-shirt-beige-40408.png","datePublished":"2025-02-01T11:02:17+00:00","dateModified":"2026-02-05T11:23:27+00:00","breadcrumb":{"@id":"https:\/\/www.voustensports.com\/fr\/jacob-cohen-t-shirt-col-rond-en-jersey-de-coton-beige-40408\/#breadcrumb"},"inLanguage":"fr-FR","potentialAction":[{"@type":"ReadAction","target":["https:\/\/www.voustensports.com\/fr\/jacob-cohen-t-shirt-col-rond-en-jersey-de-coton-beige-40408\/"]}]},{"@type":"ImageObject","inLanguage":"fr-FR","@id":"https:\/\/www.voustensports.com\/fr\/jacob-cohen-t-shirt-col-rond-en-jersey-de-coton-beige-40408\/#primaryimage","url":"https:\/\/www.voustensports.com\/wp-content\/uploads\/2023\/06\/Cotton-Jersey-Crewneck-T-shirt-beige-40408.png","contentUrl":"https:\/\/www.voustensports.com\/wp-content\/uploads\/2023\/06\/Cotton-Jersey-Crewneck-T-shirt-beige-40408.png","width":1500,"height":2250},{"@type":"BreadcrumbList","@id":"https:\/\/www.voustensports.com\/fr\/jacob-cohen-t-shirt-col-rond-en-jersey-de-coton-beige-40408\/#breadcrumb","itemListElement":[{"@type":"ListItem","position":1,"name":"Home","item":"https:\/\/www.voustensports.com\/fr\/"},{"@type":"ListItem","position":2,"name":"Boutique","item":"https:\/\/www.voustensports.com\/fr\/shop\/"},{"@type":"ListItem","position":3,"name":"Jacob Cohen &#8211; T-shirt col rond en jersey de coton beige (40408)"}]},{"@type":"WebSite","@id":"https:\/\/www.voustensports.com\/nl\/#website","url":"https:\/\/www.voustensports.com\/nl\/","name":"Vousten Sports","description":"","potentialAction":[{"@type":"SearchAction","target":{"@type":"EntryPoint","urlTemplate":"https:\/\/www.voustensports.com\/nl\/?s={search_term_string}"},"query-input":{"@type":"PropertyValueSpecification","valueRequired":true,"valueName":"search_term_string"}}],"inLanguage":"fr-FR"}]}},"_links":{"self":[{"href":"https:\/\/www.voustensports.com\/fr\/wp-json\/wp\/v2\/product\/196255","targetHints":{"allow":["GET"]}}],"collection":[{"href":"https:\/\/www.voustensports.com\/fr\/wp-json\/wp\/v2\/product"}],"about":[{"href":"https:\/\/www.voustensports.com\/fr\/wp-json\/wp\/v2\/types\/product"}],"replies":[{"embeddable":true,"href":"https:\/\/www.voustensports.com\/fr\/wp-json\/wp\/v2\/comments?post=196255"}],"wp:featuredmedia":[{"embeddable":true,"href":"https:\/\/www.voustensports.com\/fr\/wp-json\/wp\/v2\/media\/196251"}],"wp:attachment":[{"href":"https:\/\/www.voustensports.com\/fr\/wp-json\/wp\/v2\/media?parent=196255"}],"wp:term":[{"taxonomy":"product_cat","embeddable":true,"href":"https:\/\/www.voustensports.com\/fr\/wp-json\/wp\/v2\/product_cat?post=196255"},{"taxonomy":"product_tag","embeddable":true,"href":"https:\/\/www.voustensports.com\/fr\/wp-json\/wp\/v2\/product_tag?post=196255"}],"curies":[{"name":"wp","href":"https:\/\/api.w.org\/{rel}","templated":true}]}}