{"id":196111,"date":"2025-01-31T20:48:13","date_gmt":"2025-01-31T19:48:13","guid":{"rendered":"https:\/\/www.voustensports.com\/john-miller-chemise-hyperstretch-vert-fonce-40494\/"},"modified":"2026-02-05T12:24:42","modified_gmt":"2026-02-05T11:24:42","slug":"john-miller-chemise-hyperstretch-vert-fonce-40494","status":"publish","type":"product","link":"https:\/\/www.voustensports.com\/fr\/john-miller-chemise-hyperstretch-vert-fonce-40494\/","title":{"rendered":"JOHN MILLER &#8211; Chemise Hyperstretch vert fonc\u00e9 (40494)\u00a0"},"content":{"rendered":"<div>Cette chemise coupe slim est con\u00e7ue dans une qualit\u00e9 hyperstretch. Les chemises John Miller Slim Fit sont coup\u00e9es slim et mettent ainsi en valeur le corps. La qualit\u00e9 hyperstretch du tissu vous offre un confort de port \u00e9l\u00e9gant. Ce tricot italien a fait ses preuves depuis des saisons comme l&rsquo;une des qualit\u00e9s les plus vendues au sein des collections John Miller. L&rsquo;aspect mat du tissu est parfait pour un look business d\u00e9contract\u00e9, les boutons en nacre compl\u00e9tant l&rsquo;ensemble. La chemise a un col italien tendance avec les pointes du col d\u00e9coup\u00e9es \u00e0 l&rsquo;arri\u00e8re. Le poignet gauche pr\u00e9sente un subtil logo brod\u00e9.<\/div>\n<ul>\n<li>Coupe : Coupe ajust\u00e9e<\/li>\n<li>Couleur : Vert fonc\u00e9<\/li>\n<li>Conception: Plaine<\/li>\n<li>Manche : Manches longues<\/li>\n<li>Planche : Pan coup\u00e9<\/li>\n<li>Manchette : manchette de cheville<\/li>\n<li>Composition du tissu : 89% Polyamide 11% \u00c9lasthanne<\/li>\n<li>Propri\u00e9t\u00e9 du tissu : Hyperstretch<\/li>\n<li>Poche poitrine : Non<\/li>\n<li>Code produit :<\/li>\n<li>5142035-590<\/li>\n<\/ul>\n<div><\/div>\n","protected":false},"excerpt":{"rendered":"<p>Cette chemise coupe slim est con\u00e7ue dans une qualit\u00e9 hyperstretch. Les chemises John Miller Slim Fit sont coup\u00e9es slim et mettent ainsi en valeur le corps. La qualit\u00e9 hyperstretch du tissu vous offre un confort de port \u00e9l\u00e9gant. Ce tricot italien a fait ses preuves depuis des saisons comme l&rsquo;une des qualit\u00e9s les plus vendues [&#8230;]\n","protected":false},"featured_media":196107,"comment_status":"open","ping_status":"closed","template":"","meta":{"rank_math_lock_modified_date":false},"product_cat":[446,450,462,891,920],"product_tag":[],"class_list":{"0":"post-196111","1":"product","2":"type-product","3":"status-publish","4":"has-post-thumbnail","6":"product_cat-kleding-fr","7":"product_cat-heren-fr","8":"product_cat-vousten-sports-fr-2","9":"product_cat-overhemd-blouse-fr","10":"product_cat-john-miller-fr","12":"first","13":"outofstock","14":"taxable","15":"shipping-taxable","16":"purchasable","17":"product-type-variable"},"acf":[],"yoast_head":"<!-- This site is optimized with the Yoast SEO plugin v23.9 - https:\/\/yoast.com\/wordpress\/plugins\/seo\/ -->\n<title>JOHN MILLER - Chemise Hyperstretch vert fonc\u00e9 (40494)\u00a0 - Vousten Sports<\/title>\n<meta name=\"robots\" content=\"index, follow, max-snippet:-1, max-image-preview:large, max-video-preview:-1\" \/>\n<link rel=\"canonical\" href=\"https:\/\/www.voustensports.com\/fr\/john-miller-chemise-hyperstretch-vert-fonce-40494\/\" \/>\n<meta property=\"og:locale\" content=\"fr_FR\" \/>\n<meta property=\"og:type\" content=\"article\" \/>\n<meta property=\"og:title\" content=\"JOHN MILLER - Chemise Hyperstretch vert fonc\u00e9 (40494)\u00a0 - Vousten Sports\" \/>\n<meta property=\"og:description\" content=\"Cette chemise coupe slim est con\u00e7ue dans une qualit\u00e9 hyperstretch. Les chemises John Miller Slim Fit sont coup\u00e9es slim et mettent ainsi en valeur le corps. La qualit\u00e9 hyperstretch du tissu vous offre un confort de port \u00e9l\u00e9gant. Ce tricot italien a fait ses preuves depuis des saisons comme l&rsquo;une des qualit\u00e9s les plus vendues [...]\" \/>\n<meta property=\"og:url\" content=\"https:\/\/www.voustensports.com\/fr\/john-miller-chemise-hyperstretch-vert-fonce-40494\/\" \/>\n<meta property=\"og:site_name\" content=\"Vousten Sports\" \/>\n<meta property=\"article:modified_time\" content=\"2026-02-05T11:24:42+00:00\" \/>\n<meta property=\"og:image\" content=\"https:\/\/www.voustensports.com\/wp-content\/uploads\/2023\/06\/Hyperstretch-Overhemd-donkergroen-40494-1.png\" \/>\n\t<meta property=\"og:image:width\" content=\"2056\" \/>\n\t<meta property=\"og:image:height\" content=\"2048\" \/>\n\t<meta property=\"og:image:type\" content=\"image\/png\" \/>\n<meta name=\"twitter:card\" content=\"summary_large_image\" \/>\n<meta name=\"twitter:label1\" content=\"Est. reading time\" \/>\n\t<meta name=\"twitter:data1\" content=\"1 minute\" \/>\n<script type=\"application\/ld+json\" class=\"yoast-schema-graph\">{\"@context\":\"https:\/\/schema.org\",\"@graph\":[{\"@type\":\"WebPage\",\"@id\":\"https:\/\/www.voustensports.com\/fr\/john-miller-chemise-hyperstretch-vert-fonce-40494\/\",\"url\":\"https:\/\/www.voustensports.com\/fr\/john-miller-chemise-hyperstretch-vert-fonce-40494\/\",\"name\":\"JOHN MILLER - Chemise Hyperstretch vert fonc\u00e9 (40494)\u00a0 - Vousten Sports\",\"isPartOf\":{\"@id\":\"https:\/\/www.voustensports.com\/nl\/#website\"},\"primaryImageOfPage\":{\"@id\":\"https:\/\/www.voustensports.com\/fr\/john-miller-chemise-hyperstretch-vert-fonce-40494\/#primaryimage\"},\"image\":{\"@id\":\"https:\/\/www.voustensports.com\/fr\/john-miller-chemise-hyperstretch-vert-fonce-40494\/#primaryimage\"},\"thumbnailUrl\":\"https:\/\/www.voustensports.com\/wp-content\/uploads\/2023\/06\/Hyperstretch-Overhemd-donkergroen-40494-1.png\",\"datePublished\":\"2025-01-31T19:48:13+00:00\",\"dateModified\":\"2026-02-05T11:24:42+00:00\",\"breadcrumb\":{\"@id\":\"https:\/\/www.voustensports.com\/fr\/john-miller-chemise-hyperstretch-vert-fonce-40494\/#breadcrumb\"},\"inLanguage\":\"fr-FR\",\"potentialAction\":[{\"@type\":\"ReadAction\",\"target\":[\"https:\/\/www.voustensports.com\/fr\/john-miller-chemise-hyperstretch-vert-fonce-40494\/\"]}]},{\"@type\":\"ImageObject\",\"inLanguage\":\"fr-FR\",\"@id\":\"https:\/\/www.voustensports.com\/fr\/john-miller-chemise-hyperstretch-vert-fonce-40494\/#primaryimage\",\"url\":\"https:\/\/www.voustensports.com\/wp-content\/uploads\/2023\/06\/Hyperstretch-Overhemd-donkergroen-40494-1.png\",\"contentUrl\":\"https:\/\/www.voustensports.com\/wp-content\/uploads\/2023\/06\/Hyperstretch-Overhemd-donkergroen-40494-1.png\",\"width\":2056,\"height\":2048},{\"@type\":\"BreadcrumbList\",\"@id\":\"https:\/\/www.voustensports.com\/fr\/john-miller-chemise-hyperstretch-vert-fonce-40494\/#breadcrumb\",\"itemListElement\":[{\"@type\":\"ListItem\",\"position\":1,\"name\":\"Home\",\"item\":\"https:\/\/www.voustensports.com\/fr\/\"},{\"@type\":\"ListItem\",\"position\":2,\"name\":\"Boutique\",\"item\":\"https:\/\/www.voustensports.com\/fr\/shop\/\"},{\"@type\":\"ListItem\",\"position\":3,\"name\":\"JOHN MILLER &#8211; Chemise Hyperstretch vert fonc\u00e9 (40494)\u00a0\"}]},{\"@type\":\"WebSite\",\"@id\":\"https:\/\/www.voustensports.com\/nl\/#website\",\"url\":\"https:\/\/www.voustensports.com\/nl\/\",\"name\":\"Vousten Sports\",\"description\":\"\",\"potentialAction\":[{\"@type\":\"SearchAction\",\"target\":{\"@type\":\"EntryPoint\",\"urlTemplate\":\"https:\/\/www.voustensports.com\/nl\/?s={search_term_string}\"},\"query-input\":{\"@type\":\"PropertyValueSpecification\",\"valueRequired\":true,\"valueName\":\"search_term_string\"}}],\"inLanguage\":\"fr-FR\"}]}<\/script>\n<!-- \/ Yoast SEO plugin. -->","yoast_head_json":{"title":"JOHN MILLER - Chemise Hyperstretch vert fonc\u00e9 (40494)\u00a0 - Vousten Sports","robots":{"index":"index","follow":"follow","max-snippet":"max-snippet:-1","max-image-preview":"max-image-preview:large","max-video-preview":"max-video-preview:-1"},"canonical":"https:\/\/www.voustensports.com\/fr\/john-miller-chemise-hyperstretch-vert-fonce-40494\/","og_locale":"fr_FR","og_type":"article","og_title":"JOHN MILLER - Chemise Hyperstretch vert fonc\u00e9 (40494)\u00a0 - Vousten Sports","og_description":"Cette chemise coupe slim est con\u00e7ue dans une qualit\u00e9 hyperstretch. Les chemises John Miller Slim Fit sont coup\u00e9es slim et mettent ainsi en valeur le corps. La qualit\u00e9 hyperstretch du tissu vous offre un confort de port \u00e9l\u00e9gant. Ce tricot italien a fait ses preuves depuis des saisons comme l&rsquo;une des qualit\u00e9s les plus vendues [...]","og_url":"https:\/\/www.voustensports.com\/fr\/john-miller-chemise-hyperstretch-vert-fonce-40494\/","og_site_name":"Vousten Sports","article_modified_time":"2026-02-05T11:24:42+00:00","og_image":[{"width":2056,"height":2048,"url":"https:\/\/www.voustensports.com\/wp-content\/uploads\/2023\/06\/Hyperstretch-Overhemd-donkergroen-40494-1.png","type":"image\/png"}],"twitter_card":"summary_large_image","twitter_misc":{"Est. reading time":"1 minute"},"schema":{"@context":"https:\/\/schema.org","@graph":[{"@type":"WebPage","@id":"https:\/\/www.voustensports.com\/fr\/john-miller-chemise-hyperstretch-vert-fonce-40494\/","url":"https:\/\/www.voustensports.com\/fr\/john-miller-chemise-hyperstretch-vert-fonce-40494\/","name":"JOHN MILLER - Chemise Hyperstretch vert fonc\u00e9 (40494)\u00a0 - Vousten Sports","isPartOf":{"@id":"https:\/\/www.voustensports.com\/nl\/#website"},"primaryImageOfPage":{"@id":"https:\/\/www.voustensports.com\/fr\/john-miller-chemise-hyperstretch-vert-fonce-40494\/#primaryimage"},"image":{"@id":"https:\/\/www.voustensports.com\/fr\/john-miller-chemise-hyperstretch-vert-fonce-40494\/#primaryimage"},"thumbnailUrl":"https:\/\/www.voustensports.com\/wp-content\/uploads\/2023\/06\/Hyperstretch-Overhemd-donkergroen-40494-1.png","datePublished":"2025-01-31T19:48:13+00:00","dateModified":"2026-02-05T11:24:42+00:00","breadcrumb":{"@id":"https:\/\/www.voustensports.com\/fr\/john-miller-chemise-hyperstretch-vert-fonce-40494\/#breadcrumb"},"inLanguage":"fr-FR","potentialAction":[{"@type":"ReadAction","target":["https:\/\/www.voustensports.com\/fr\/john-miller-chemise-hyperstretch-vert-fonce-40494\/"]}]},{"@type":"ImageObject","inLanguage":"fr-FR","@id":"https:\/\/www.voustensports.com\/fr\/john-miller-chemise-hyperstretch-vert-fonce-40494\/#primaryimage","url":"https:\/\/www.voustensports.com\/wp-content\/uploads\/2023\/06\/Hyperstretch-Overhemd-donkergroen-40494-1.png","contentUrl":"https:\/\/www.voustensports.com\/wp-content\/uploads\/2023\/06\/Hyperstretch-Overhemd-donkergroen-40494-1.png","width":2056,"height":2048},{"@type":"BreadcrumbList","@id":"https:\/\/www.voustensports.com\/fr\/john-miller-chemise-hyperstretch-vert-fonce-40494\/#breadcrumb","itemListElement":[{"@type":"ListItem","position":1,"name":"Home","item":"https:\/\/www.voustensports.com\/fr\/"},{"@type":"ListItem","position":2,"name":"Boutique","item":"https:\/\/www.voustensports.com\/fr\/shop\/"},{"@type":"ListItem","position":3,"name":"JOHN MILLER &#8211; Chemise Hyperstretch vert fonc\u00e9 (40494)\u00a0"}]},{"@type":"WebSite","@id":"https:\/\/www.voustensports.com\/nl\/#website","url":"https:\/\/www.voustensports.com\/nl\/","name":"Vousten Sports","description":"","potentialAction":[{"@type":"SearchAction","target":{"@type":"EntryPoint","urlTemplate":"https:\/\/www.voustensports.com\/nl\/?s={search_term_string}"},"query-input":{"@type":"PropertyValueSpecification","valueRequired":true,"valueName":"search_term_string"}}],"inLanguage":"fr-FR"}]}},"_links":{"self":[{"href":"https:\/\/www.voustensports.com\/fr\/wp-json\/wp\/v2\/product\/196111","targetHints":{"allow":["GET"]}}],"collection":[{"href":"https:\/\/www.voustensports.com\/fr\/wp-json\/wp\/v2\/product"}],"about":[{"href":"https:\/\/www.voustensports.com\/fr\/wp-json\/wp\/v2\/types\/product"}],"replies":[{"embeddable":true,"href":"https:\/\/www.voustensports.com\/fr\/wp-json\/wp\/v2\/comments?post=196111"}],"wp:featuredmedia":[{"embeddable":true,"href":"https:\/\/www.voustensports.com\/fr\/wp-json\/wp\/v2\/media\/196107"}],"wp:attachment":[{"href":"https:\/\/www.voustensports.com\/fr\/wp-json\/wp\/v2\/media?parent=196111"}],"wp:term":[{"taxonomy":"product_cat","embeddable":true,"href":"https:\/\/www.voustensports.com\/fr\/wp-json\/wp\/v2\/product_cat?post=196111"},{"taxonomy":"product_tag","embeddable":true,"href":"https:\/\/www.voustensports.com\/fr\/wp-json\/wp\/v2\/product_tag?post=196111"}],"curies":[{"name":"wp","href":"https:\/\/api.w.org\/{rel}","templated":true}]}}