{"id":195951,"date":"2025-01-31T17:16:13","date_gmt":"2025-01-31T16:16:13","guid":{"rendered":"https:\/\/www.voustensports.com\/c-p-company-chemise-a-lentilles-en-gabardine-bio-kaki-40579\/"},"modified":"2026-02-05T12:26:20","modified_gmt":"2026-02-05T11:26:20","slug":"c-p-company-chemise-a-lentilles-en-gabardine-bio-kaki-40579","status":"publish","type":"product","link":"https:\/\/www.voustensports.com\/fr\/c-p-company-chemise-a-lentilles-en-gabardine-bio-kaki-40579\/","title":{"rendered":"C.P. Company &#8211; Chemise \u00e0 lentilles en gabardine bio kaki (40579)"},"content":{"rendered":"<div>Chemise confectionn\u00e9e en gabardine 100% coton biologique teinte en pi\u00e8ce. Certifi\u00e9 Global Organic Textile Standard (GOTS).<\/div>\n<div>&#8211; Col classique avec patte de boutonnage<\/div>\n<div>&#8211; Fermeture enti\u00e8rement boutonn\u00e9e<\/div>\n<div>&#8211; Poches \u00e0 bouton-pression \u00e0 rabat sur la poitrine<\/div>\n<div>&#8211; D\u00e9tail des verres<\/div>\n<div>&#8211; Poignets boutonn\u00e9s r\u00e9glables<\/div>\n<div>&#8211; Teint en pi\u00e8ce<\/div>\n<div>&#8211; Coupe r\u00e9guli\u00e8re<\/div>\n<div>Composition:<\/div>\n<div>\u00a0&#8211; Tissu ext\u00e9rieur : 100% Coton<\/div>\n","protected":false},"excerpt":{"rendered":"<p>Chemise confectionn\u00e9e en gabardine 100% coton biologique teinte en pi\u00e8ce. Certifi\u00e9 Global Organic Textile Standard (GOTS). &#8211; Col classique avec patte de boutonnage &#8211; Fermeture enti\u00e8rement boutonn\u00e9e &#8211; Poches \u00e0 bouton-pression \u00e0 rabat sur la poitrine &#8211; D\u00e9tail des verres &#8211; Poignets boutonn\u00e9s r\u00e9glables &#8211; Teint en pi\u00e8ce &#8211; Coupe r\u00e9guli\u00e8re Composition: \u00a0&#8211; Tissu ext\u00e9rieur [&#8230;]\n","protected":false},"featured_media":195931,"comment_status":"open","ping_status":"closed","template":"","meta":{"rank_math_lock_modified_date":false},"product_cat":[438,446,450,462,486,739],"product_tag":[],"class_list":{"0":"post-195951","1":"product","2":"type-product","3":"status-publish","4":"has-post-thumbnail","6":"product_cat-cp-company-fr","7":"product_cat-kleding-fr","8":"product_cat-heren-fr","9":"product_cat-vousten-sports-fr-2","10":"product_cat-shirt-fr-2","11":"product_cat-overshirt-fr-2","13":"first","14":"instock","15":"taxable","16":"shipping-taxable","17":"purchasable","18":"product-type-variable"},"acf":[],"yoast_head":"<!-- This site is optimized with the Yoast SEO plugin v23.9 - https:\/\/yoast.com\/wordpress\/plugins\/seo\/ -->\n<title>C.P. Company - Chemise \u00e0 lentilles en gabardine bio kaki (40579) - Vousten Sports<\/title>\n<meta name=\"robots\" content=\"index, follow, max-snippet:-1, max-image-preview:large, max-video-preview:-1\" \/>\n<link rel=\"canonical\" href=\"https:\/\/www.voustensports.com\/fr\/c-p-company-chemise-a-lentilles-en-gabardine-bio-kaki-40579\/\" \/>\n<meta property=\"og:locale\" content=\"fr_FR\" \/>\n<meta property=\"og:type\" content=\"article\" \/>\n<meta property=\"og:title\" content=\"C.P. Company - Chemise \u00e0 lentilles en gabardine bio kaki (40579) - Vousten Sports\" \/>\n<meta property=\"og:description\" content=\"Chemise confectionn\u00e9e en gabardine 100% coton biologique teinte en pi\u00e8ce. Certifi\u00e9 Global Organic Textile Standard (GOTS). &#8211; Col classique avec patte de boutonnage &#8211; Fermeture enti\u00e8rement boutonn\u00e9e &#8211; Poches \u00e0 bouton-pression \u00e0 rabat sur la poitrine &#8211; D\u00e9tail des verres &#8211; Poignets boutonn\u00e9s r\u00e9glables &#8211; Teint en pi\u00e8ce &#8211; Coupe r\u00e9guli\u00e8re Composition: \u00a0&#8211; Tissu ext\u00e9rieur [...]\" \/>\n<meta property=\"og:url\" content=\"https:\/\/www.voustensports.com\/fr\/c-p-company-chemise-a-lentilles-en-gabardine-bio-kaki-40579\/\" \/>\n<meta property=\"og:site_name\" content=\"Vousten Sports\" \/>\n<meta property=\"article:modified_time\" content=\"2026-02-05T11:26:20+00:00\" \/>\n<meta property=\"og:image\" content=\"https:\/\/www.voustensports.com\/wp-content\/uploads\/2023\/06\/Organic-Gabardine-Lens-Shirt-khaki-405791.jpg\" \/>\n\t<meta property=\"og:image:width\" content=\"1365\" \/>\n\t<meta property=\"og:image:height\" content=\"2048\" \/>\n\t<meta property=\"og:image:type\" content=\"image\/jpeg\" \/>\n<meta name=\"twitter:card\" content=\"summary_large_image\" \/>\n<script type=\"application\/ld+json\" class=\"yoast-schema-graph\">{\"@context\":\"https:\/\/schema.org\",\"@graph\":[{\"@type\":\"WebPage\",\"@id\":\"https:\/\/www.voustensports.com\/fr\/c-p-company-chemise-a-lentilles-en-gabardine-bio-kaki-40579\/\",\"url\":\"https:\/\/www.voustensports.com\/fr\/c-p-company-chemise-a-lentilles-en-gabardine-bio-kaki-40579\/\",\"name\":\"C.P. Company - Chemise \u00e0 lentilles en gabardine bio kaki (40579) - Vousten Sports\",\"isPartOf\":{\"@id\":\"https:\/\/www.voustensports.com\/nl\/#website\"},\"primaryImageOfPage\":{\"@id\":\"https:\/\/www.voustensports.com\/fr\/c-p-company-chemise-a-lentilles-en-gabardine-bio-kaki-40579\/#primaryimage\"},\"image\":{\"@id\":\"https:\/\/www.voustensports.com\/fr\/c-p-company-chemise-a-lentilles-en-gabardine-bio-kaki-40579\/#primaryimage\"},\"thumbnailUrl\":\"https:\/\/www.voustensports.com\/wp-content\/uploads\/2023\/06\/Organic-Gabardine-Lens-Shirt-khaki-405791.jpg\",\"datePublished\":\"2025-01-31T16:16:13+00:00\",\"dateModified\":\"2026-02-05T11:26:20+00:00\",\"breadcrumb\":{\"@id\":\"https:\/\/www.voustensports.com\/fr\/c-p-company-chemise-a-lentilles-en-gabardine-bio-kaki-40579\/#breadcrumb\"},\"inLanguage\":\"fr-FR\",\"potentialAction\":[{\"@type\":\"ReadAction\",\"target\":[\"https:\/\/www.voustensports.com\/fr\/c-p-company-chemise-a-lentilles-en-gabardine-bio-kaki-40579\/\"]}]},{\"@type\":\"ImageObject\",\"inLanguage\":\"fr-FR\",\"@id\":\"https:\/\/www.voustensports.com\/fr\/c-p-company-chemise-a-lentilles-en-gabardine-bio-kaki-40579\/#primaryimage\",\"url\":\"https:\/\/www.voustensports.com\/wp-content\/uploads\/2023\/06\/Organic-Gabardine-Lens-Shirt-khaki-405791.jpg\",\"contentUrl\":\"https:\/\/www.voustensports.com\/wp-content\/uploads\/2023\/06\/Organic-Gabardine-Lens-Shirt-khaki-405791.jpg\",\"width\":1365,\"height\":2048},{\"@type\":\"BreadcrumbList\",\"@id\":\"https:\/\/www.voustensports.com\/fr\/c-p-company-chemise-a-lentilles-en-gabardine-bio-kaki-40579\/#breadcrumb\",\"itemListElement\":[{\"@type\":\"ListItem\",\"position\":1,\"name\":\"Home\",\"item\":\"https:\/\/www.voustensports.com\/fr\/\"},{\"@type\":\"ListItem\",\"position\":2,\"name\":\"Boutique\",\"item\":\"https:\/\/www.voustensports.com\/fr\/shop\/\"},{\"@type\":\"ListItem\",\"position\":3,\"name\":\"C.P. Company &#8211; Chemise \u00e0 lentilles en gabardine bio kaki (40579)\"}]},{\"@type\":\"WebSite\",\"@id\":\"https:\/\/www.voustensports.com\/nl\/#website\",\"url\":\"https:\/\/www.voustensports.com\/nl\/\",\"name\":\"Vousten Sports\",\"description\":\"\",\"potentialAction\":[{\"@type\":\"SearchAction\",\"target\":{\"@type\":\"EntryPoint\",\"urlTemplate\":\"https:\/\/www.voustensports.com\/nl\/?s={search_term_string}\"},\"query-input\":{\"@type\":\"PropertyValueSpecification\",\"valueRequired\":true,\"valueName\":\"search_term_string\"}}],\"inLanguage\":\"fr-FR\"}]}<\/script>\n<!-- \/ Yoast SEO plugin. -->","yoast_head_json":{"title":"C.P. Company - Chemise \u00e0 lentilles en gabardine bio kaki (40579) - Vousten Sports","robots":{"index":"index","follow":"follow","max-snippet":"max-snippet:-1","max-image-preview":"max-image-preview:large","max-video-preview":"max-video-preview:-1"},"canonical":"https:\/\/www.voustensports.com\/fr\/c-p-company-chemise-a-lentilles-en-gabardine-bio-kaki-40579\/","og_locale":"fr_FR","og_type":"article","og_title":"C.P. Company - Chemise \u00e0 lentilles en gabardine bio kaki (40579) - Vousten Sports","og_description":"Chemise confectionn\u00e9e en gabardine 100% coton biologique teinte en pi\u00e8ce. Certifi\u00e9 Global Organic Textile Standard (GOTS). &#8211; Col classique avec patte de boutonnage &#8211; Fermeture enti\u00e8rement boutonn\u00e9e &#8211; Poches \u00e0 bouton-pression \u00e0 rabat sur la poitrine &#8211; D\u00e9tail des verres &#8211; Poignets boutonn\u00e9s r\u00e9glables &#8211; Teint en pi\u00e8ce &#8211; Coupe r\u00e9guli\u00e8re Composition: \u00a0&#8211; Tissu ext\u00e9rieur [...]","og_url":"https:\/\/www.voustensports.com\/fr\/c-p-company-chemise-a-lentilles-en-gabardine-bio-kaki-40579\/","og_site_name":"Vousten Sports","article_modified_time":"2026-02-05T11:26:20+00:00","og_image":[{"width":1365,"height":2048,"url":"https:\/\/www.voustensports.com\/wp-content\/uploads\/2023\/06\/Organic-Gabardine-Lens-Shirt-khaki-405791.jpg","type":"image\/jpeg"}],"twitter_card":"summary_large_image","schema":{"@context":"https:\/\/schema.org","@graph":[{"@type":"WebPage","@id":"https:\/\/www.voustensports.com\/fr\/c-p-company-chemise-a-lentilles-en-gabardine-bio-kaki-40579\/","url":"https:\/\/www.voustensports.com\/fr\/c-p-company-chemise-a-lentilles-en-gabardine-bio-kaki-40579\/","name":"C.P. Company - Chemise \u00e0 lentilles en gabardine bio kaki (40579) - Vousten Sports","isPartOf":{"@id":"https:\/\/www.voustensports.com\/nl\/#website"},"primaryImageOfPage":{"@id":"https:\/\/www.voustensports.com\/fr\/c-p-company-chemise-a-lentilles-en-gabardine-bio-kaki-40579\/#primaryimage"},"image":{"@id":"https:\/\/www.voustensports.com\/fr\/c-p-company-chemise-a-lentilles-en-gabardine-bio-kaki-40579\/#primaryimage"},"thumbnailUrl":"https:\/\/www.voustensports.com\/wp-content\/uploads\/2023\/06\/Organic-Gabardine-Lens-Shirt-khaki-405791.jpg","datePublished":"2025-01-31T16:16:13+00:00","dateModified":"2026-02-05T11:26:20+00:00","breadcrumb":{"@id":"https:\/\/www.voustensports.com\/fr\/c-p-company-chemise-a-lentilles-en-gabardine-bio-kaki-40579\/#breadcrumb"},"inLanguage":"fr-FR","potentialAction":[{"@type":"ReadAction","target":["https:\/\/www.voustensports.com\/fr\/c-p-company-chemise-a-lentilles-en-gabardine-bio-kaki-40579\/"]}]},{"@type":"ImageObject","inLanguage":"fr-FR","@id":"https:\/\/www.voustensports.com\/fr\/c-p-company-chemise-a-lentilles-en-gabardine-bio-kaki-40579\/#primaryimage","url":"https:\/\/www.voustensports.com\/wp-content\/uploads\/2023\/06\/Organic-Gabardine-Lens-Shirt-khaki-405791.jpg","contentUrl":"https:\/\/www.voustensports.com\/wp-content\/uploads\/2023\/06\/Organic-Gabardine-Lens-Shirt-khaki-405791.jpg","width":1365,"height":2048},{"@type":"BreadcrumbList","@id":"https:\/\/www.voustensports.com\/fr\/c-p-company-chemise-a-lentilles-en-gabardine-bio-kaki-40579\/#breadcrumb","itemListElement":[{"@type":"ListItem","position":1,"name":"Home","item":"https:\/\/www.voustensports.com\/fr\/"},{"@type":"ListItem","position":2,"name":"Boutique","item":"https:\/\/www.voustensports.com\/fr\/shop\/"},{"@type":"ListItem","position":3,"name":"C.P. Company &#8211; Chemise \u00e0 lentilles en gabardine bio kaki (40579)"}]},{"@type":"WebSite","@id":"https:\/\/www.voustensports.com\/nl\/#website","url":"https:\/\/www.voustensports.com\/nl\/","name":"Vousten Sports","description":"","potentialAction":[{"@type":"SearchAction","target":{"@type":"EntryPoint","urlTemplate":"https:\/\/www.voustensports.com\/nl\/?s={search_term_string}"},"query-input":{"@type":"PropertyValueSpecification","valueRequired":true,"valueName":"search_term_string"}}],"inLanguage":"fr-FR"}]}},"_links":{"self":[{"href":"https:\/\/www.voustensports.com\/fr\/wp-json\/wp\/v2\/product\/195951","targetHints":{"allow":["GET"]}}],"collection":[{"href":"https:\/\/www.voustensports.com\/fr\/wp-json\/wp\/v2\/product"}],"about":[{"href":"https:\/\/www.voustensports.com\/fr\/wp-json\/wp\/v2\/types\/product"}],"replies":[{"embeddable":true,"href":"https:\/\/www.voustensports.com\/fr\/wp-json\/wp\/v2\/comments?post=195951"}],"wp:featuredmedia":[{"embeddable":true,"href":"https:\/\/www.voustensports.com\/fr\/wp-json\/wp\/v2\/media\/195931"}],"wp:attachment":[{"href":"https:\/\/www.voustensports.com\/fr\/wp-json\/wp\/v2\/media?parent=195951"}],"wp:term":[{"taxonomy":"product_cat","embeddable":true,"href":"https:\/\/www.voustensports.com\/fr\/wp-json\/wp\/v2\/product_cat?post=195951"},{"taxonomy":"product_tag","embeddable":true,"href":"https:\/\/www.voustensports.com\/fr\/wp-json\/wp\/v2\/product_tag?post=195951"}],"curies":[{"name":"wp","href":"https:\/\/api.w.org\/{rel}","templated":true}]}}