{"id":195899,"date":"2025-01-31T16:46:32","date_gmt":"2025-01-31T15:46:32","guid":{"rendered":"https:\/\/www.voustensports.com\/hogan-baskets-h580-marron-beige-40643\/"},"modified":"2026-02-05T12:28:19","modified_gmt":"2026-02-05T11:28:19","slug":"hogan-baskets-h580-marron-beige-40643","status":"publish","type":"product","link":"https:\/\/www.voustensports.com\/fr\/hogan-baskets-h580-marron-beige-40643\/","title":{"rendered":"HOGAN &#8211; Baskets H580 marron \/ beige (40643)"},"content":{"rendered":"<div>Les baskets H580 pour homme ont \u00e9t\u00e9 con\u00e7ues en pensant au vent et \u00e0 son flux, avec des volumes harmonieux et une semelle ext\u00e9rieure a\u00e9rodynamique. La tige en daim, aux lignes douces et essentielles, est le fond d&rsquo;un H allong\u00e9 qui se termine par un passage en dentelle. Un mod\u00e8le \u00e0 vocation urbaine d\u00e9contract\u00e9e, avec une semelle int\u00e9rieure en mousse \u00e0 m\u00e9moire de forme pour garantir un ajustement amorti.<\/div>\n<ul>\n<li>Fabriqu\u00e9 en Italie<\/li>\n<li>Tige en daim<\/li>\n<li>C\u00f4t\u00e9 H<\/li>\n<li>D\u00e9tails en cuir lisse<\/li>\n<li>Semelle int\u00e9rieure en mousse \u00e0 m\u00e9moire de forme 8 mm<\/li>\n<li>Semelle ext\u00e9rieure en caoutchouc<\/li>\n<li>Hauteur totale 4,5 cm<\/li>\n<li>Cartes d&rsquo;entretien et de soins incluses<\/li>\n<li>Dustbag en tissu inclus<\/li>\n<\/ul>\n","protected":false},"excerpt":{"rendered":"<p>Les baskets H580 pour homme ont \u00e9t\u00e9 con\u00e7ues en pensant au vent et \u00e0 son flux, avec des volumes harmonieux et une semelle ext\u00e9rieure a\u00e9rodynamique. La tige en daim, aux lignes douces et essentielles, est le fond d&rsquo;un H allong\u00e9 qui se termine par un passage en dentelle. Un mod\u00e8le \u00e0 vocation urbaine d\u00e9contract\u00e9e, avec [&#8230;]\n","protected":false},"featured_media":195875,"comment_status":"open","ping_status":"closed","template":"","meta":{"rank_math_lock_modified_date":false},"product_cat":[446,450,462,518,522,526,530,916],"product_tag":[],"class_list":{"0":"post-195899","1":"product","2":"type-product","3":"status-publish","4":"has-post-thumbnail","6":"product_cat-kleding-fr","7":"product_cat-heren-fr","8":"product_cat-vousten-sports-fr-2","9":"product_cat-hogan-fr","10":"product_cat-schoenen-fr-2","11":"product_cat-sneakers-fr-2","12":"product_cat-herenschoenen-fr","13":"product_cat-veterschoenen-fr","15":"first","16":"outofstock","17":"taxable","18":"shipping-taxable","19":"purchasable","20":"product-type-variable"},"acf":[],"yoast_head":"<!-- This site is optimized with the Yoast SEO plugin v23.9 - https:\/\/yoast.com\/wordpress\/plugins\/seo\/ -->\n<title>HOGAN - Baskets H580 marron \/ beige (40643) - Vousten Sports<\/title>\n<meta name=\"robots\" content=\"index, follow, max-snippet:-1, max-image-preview:large, max-video-preview:-1\" \/>\n<link rel=\"canonical\" href=\"https:\/\/www.voustensports.com\/fr\/hogan-baskets-h580-marron-beige-40643\/\" \/>\n<meta property=\"og:locale\" content=\"fr_FR\" \/>\n<meta property=\"og:type\" content=\"article\" \/>\n<meta property=\"og:title\" content=\"HOGAN - Baskets H580 marron \/ beige (40643) - Vousten Sports\" \/>\n<meta property=\"og:description\" content=\"Les baskets H580 pour homme ont \u00e9t\u00e9 con\u00e7ues en pensant au vent et \u00e0 son flux, avec des volumes harmonieux et une semelle ext\u00e9rieure a\u00e9rodynamique. La tige en daim, aux lignes douces et essentielles, est le fond d&rsquo;un H allong\u00e9 qui se termine par un passage en dentelle. Un mod\u00e8le \u00e0 vocation urbaine d\u00e9contract\u00e9e, avec [...]\" \/>\n<meta property=\"og:url\" content=\"https:\/\/www.voustensports.com\/fr\/hogan-baskets-h580-marron-beige-40643\/\" \/>\n<meta property=\"og:site_name\" content=\"Vousten Sports\" \/>\n<meta property=\"article:modified_time\" content=\"2026-02-05T11:28:19+00:00\" \/>\n<meta property=\"og:image\" content=\"https:\/\/www.voustensports.com\/wp-content\/uploads\/2023\/06\/Sneaker-H580-bruin-beige-406431.png\" \/>\n\t<meta property=\"og:image:width\" content=\"2000\" \/>\n\t<meta property=\"og:image:height\" content=\"2000\" \/>\n\t<meta property=\"og:image:type\" content=\"image\/png\" \/>\n<meta name=\"twitter:card\" content=\"summary_large_image\" \/>\n<meta name=\"twitter:label1\" content=\"Est. reading time\" \/>\n\t<meta name=\"twitter:data1\" content=\"1 minute\" \/>\n<script type=\"application\/ld+json\" class=\"yoast-schema-graph\">{\"@context\":\"https:\/\/schema.org\",\"@graph\":[{\"@type\":\"WebPage\",\"@id\":\"https:\/\/www.voustensports.com\/fr\/hogan-baskets-h580-marron-beige-40643\/\",\"url\":\"https:\/\/www.voustensports.com\/fr\/hogan-baskets-h580-marron-beige-40643\/\",\"name\":\"HOGAN - Baskets H580 marron \/ beige (40643) - Vousten Sports\",\"isPartOf\":{\"@id\":\"https:\/\/www.voustensports.com\/nl\/#website\"},\"primaryImageOfPage\":{\"@id\":\"https:\/\/www.voustensports.com\/fr\/hogan-baskets-h580-marron-beige-40643\/#primaryimage\"},\"image\":{\"@id\":\"https:\/\/www.voustensports.com\/fr\/hogan-baskets-h580-marron-beige-40643\/#primaryimage\"},\"thumbnailUrl\":\"https:\/\/www.voustensports.com\/wp-content\/uploads\/2023\/06\/Sneaker-H580-bruin-beige-406431.png\",\"datePublished\":\"2025-01-31T15:46:32+00:00\",\"dateModified\":\"2026-02-05T11:28:19+00:00\",\"breadcrumb\":{\"@id\":\"https:\/\/www.voustensports.com\/fr\/hogan-baskets-h580-marron-beige-40643\/#breadcrumb\"},\"inLanguage\":\"fr-FR\",\"potentialAction\":[{\"@type\":\"ReadAction\",\"target\":[\"https:\/\/www.voustensports.com\/fr\/hogan-baskets-h580-marron-beige-40643\/\"]}]},{\"@type\":\"ImageObject\",\"inLanguage\":\"fr-FR\",\"@id\":\"https:\/\/www.voustensports.com\/fr\/hogan-baskets-h580-marron-beige-40643\/#primaryimage\",\"url\":\"https:\/\/www.voustensports.com\/wp-content\/uploads\/2023\/06\/Sneaker-H580-bruin-beige-406431.png\",\"contentUrl\":\"https:\/\/www.voustensports.com\/wp-content\/uploads\/2023\/06\/Sneaker-H580-bruin-beige-406431.png\",\"width\":2000,\"height\":2000},{\"@type\":\"BreadcrumbList\",\"@id\":\"https:\/\/www.voustensports.com\/fr\/hogan-baskets-h580-marron-beige-40643\/#breadcrumb\",\"itemListElement\":[{\"@type\":\"ListItem\",\"position\":1,\"name\":\"Home\",\"item\":\"https:\/\/www.voustensports.com\/fr\/\"},{\"@type\":\"ListItem\",\"position\":2,\"name\":\"Boutique\",\"item\":\"https:\/\/www.voustensports.com\/fr\/shop\/\"},{\"@type\":\"ListItem\",\"position\":3,\"name\":\"HOGAN &#8211; Baskets H580 marron \/ beige (40643)\"}]},{\"@type\":\"WebSite\",\"@id\":\"https:\/\/www.voustensports.com\/nl\/#website\",\"url\":\"https:\/\/www.voustensports.com\/nl\/\",\"name\":\"Vousten Sports\",\"description\":\"\",\"potentialAction\":[{\"@type\":\"SearchAction\",\"target\":{\"@type\":\"EntryPoint\",\"urlTemplate\":\"https:\/\/www.voustensports.com\/nl\/?s={search_term_string}\"},\"query-input\":{\"@type\":\"PropertyValueSpecification\",\"valueRequired\":true,\"valueName\":\"search_term_string\"}}],\"inLanguage\":\"fr-FR\"}]}<\/script>\n<!-- \/ Yoast SEO plugin. -->","yoast_head_json":{"title":"HOGAN - Baskets H580 marron \/ beige (40643) - Vousten Sports","robots":{"index":"index","follow":"follow","max-snippet":"max-snippet:-1","max-image-preview":"max-image-preview:large","max-video-preview":"max-video-preview:-1"},"canonical":"https:\/\/www.voustensports.com\/fr\/hogan-baskets-h580-marron-beige-40643\/","og_locale":"fr_FR","og_type":"article","og_title":"HOGAN - Baskets H580 marron \/ beige (40643) - Vousten Sports","og_description":"Les baskets H580 pour homme ont \u00e9t\u00e9 con\u00e7ues en pensant au vent et \u00e0 son flux, avec des volumes harmonieux et une semelle ext\u00e9rieure a\u00e9rodynamique. La tige en daim, aux lignes douces et essentielles, est le fond d&rsquo;un H allong\u00e9 qui se termine par un passage en dentelle. Un mod\u00e8le \u00e0 vocation urbaine d\u00e9contract\u00e9e, avec [...]","og_url":"https:\/\/www.voustensports.com\/fr\/hogan-baskets-h580-marron-beige-40643\/","og_site_name":"Vousten Sports","article_modified_time":"2026-02-05T11:28:19+00:00","og_image":[{"width":2000,"height":2000,"url":"https:\/\/www.voustensports.com\/wp-content\/uploads\/2023\/06\/Sneaker-H580-bruin-beige-406431.png","type":"image\/png"}],"twitter_card":"summary_large_image","twitter_misc":{"Est. reading time":"1 minute"},"schema":{"@context":"https:\/\/schema.org","@graph":[{"@type":"WebPage","@id":"https:\/\/www.voustensports.com\/fr\/hogan-baskets-h580-marron-beige-40643\/","url":"https:\/\/www.voustensports.com\/fr\/hogan-baskets-h580-marron-beige-40643\/","name":"HOGAN - Baskets H580 marron \/ beige (40643) - Vousten Sports","isPartOf":{"@id":"https:\/\/www.voustensports.com\/nl\/#website"},"primaryImageOfPage":{"@id":"https:\/\/www.voustensports.com\/fr\/hogan-baskets-h580-marron-beige-40643\/#primaryimage"},"image":{"@id":"https:\/\/www.voustensports.com\/fr\/hogan-baskets-h580-marron-beige-40643\/#primaryimage"},"thumbnailUrl":"https:\/\/www.voustensports.com\/wp-content\/uploads\/2023\/06\/Sneaker-H580-bruin-beige-406431.png","datePublished":"2025-01-31T15:46:32+00:00","dateModified":"2026-02-05T11:28:19+00:00","breadcrumb":{"@id":"https:\/\/www.voustensports.com\/fr\/hogan-baskets-h580-marron-beige-40643\/#breadcrumb"},"inLanguage":"fr-FR","potentialAction":[{"@type":"ReadAction","target":["https:\/\/www.voustensports.com\/fr\/hogan-baskets-h580-marron-beige-40643\/"]}]},{"@type":"ImageObject","inLanguage":"fr-FR","@id":"https:\/\/www.voustensports.com\/fr\/hogan-baskets-h580-marron-beige-40643\/#primaryimage","url":"https:\/\/www.voustensports.com\/wp-content\/uploads\/2023\/06\/Sneaker-H580-bruin-beige-406431.png","contentUrl":"https:\/\/www.voustensports.com\/wp-content\/uploads\/2023\/06\/Sneaker-H580-bruin-beige-406431.png","width":2000,"height":2000},{"@type":"BreadcrumbList","@id":"https:\/\/www.voustensports.com\/fr\/hogan-baskets-h580-marron-beige-40643\/#breadcrumb","itemListElement":[{"@type":"ListItem","position":1,"name":"Home","item":"https:\/\/www.voustensports.com\/fr\/"},{"@type":"ListItem","position":2,"name":"Boutique","item":"https:\/\/www.voustensports.com\/fr\/shop\/"},{"@type":"ListItem","position":3,"name":"HOGAN &#8211; Baskets H580 marron \/ beige (40643)"}]},{"@type":"WebSite","@id":"https:\/\/www.voustensports.com\/nl\/#website","url":"https:\/\/www.voustensports.com\/nl\/","name":"Vousten Sports","description":"","potentialAction":[{"@type":"SearchAction","target":{"@type":"EntryPoint","urlTemplate":"https:\/\/www.voustensports.com\/nl\/?s={search_term_string}"},"query-input":{"@type":"PropertyValueSpecification","valueRequired":true,"valueName":"search_term_string"}}],"inLanguage":"fr-FR"}]}},"_links":{"self":[{"href":"https:\/\/www.voustensports.com\/fr\/wp-json\/wp\/v2\/product\/195899","targetHints":{"allow":["GET"]}}],"collection":[{"href":"https:\/\/www.voustensports.com\/fr\/wp-json\/wp\/v2\/product"}],"about":[{"href":"https:\/\/www.voustensports.com\/fr\/wp-json\/wp\/v2\/types\/product"}],"replies":[{"embeddable":true,"href":"https:\/\/www.voustensports.com\/fr\/wp-json\/wp\/v2\/comments?post=195899"}],"wp:featuredmedia":[{"embeddable":true,"href":"https:\/\/www.voustensports.com\/fr\/wp-json\/wp\/v2\/media\/195875"}],"wp:attachment":[{"href":"https:\/\/www.voustensports.com\/fr\/wp-json\/wp\/v2\/media?parent=195899"}],"wp:term":[{"taxonomy":"product_cat","embeddable":true,"href":"https:\/\/www.voustensports.com\/fr\/wp-json\/wp\/v2\/product_cat?post=195899"},{"taxonomy":"product_tag","embeddable":true,"href":"https:\/\/www.voustensports.com\/fr\/wp-json\/wp\/v2\/product_tag?post=195899"}],"curies":[{"name":"wp","href":"https:\/\/api.w.org\/{rel}","templated":true}]}}