{"id":195771,"date":"2025-01-31T15:24:35","date_gmt":"2025-01-31T14:24:35","guid":{"rendered":"https:\/\/www.voustensports.com\/hogan-dames-baskets-hogan-h630-glitter-blanc-40542\/"},"modified":"2026-03-24T03:15:07","modified_gmt":"2026-03-24T02:15:07","slug":"hogan-dames-baskets-hogan-h630-glitter-blanc-40542","status":"publish","type":"product","link":"https:\/\/www.voustensports.com\/fr\/hogan-dames-baskets-hogan-h630-glitter-blanc-40542\/","title":{"rendered":"HOGAN Dames &#8211; Baskets Hogan H630 Glitter blanc (40542)"},"content":{"rendered":"<div>Baskets Hogan H630 pour femme. combinez des lignes inspir\u00e9es du monde du basket-ball et le style classique de la marque. La tige en daim et cuir lisse pr\u00e9sente un H allong\u00e9 en tissu paillet\u00e9 qui enveloppe le talon. La semelle ext\u00e9rieure est r\u00e9alis\u00e9e en EVA extral\u00e9ger, avec un logo en relief sur le c\u00f4t\u00e9 et des rayures ombr\u00e9es qui r\u00e9interpr\u00e8tent les rainures embl\u00e9matiques de Rebel. Indispensable de la garde-robe contemporaine, ce style dynamique est compl\u00e9t\u00e9 par une semelle int\u00e9rieure en mousse \u00e0 m\u00e9moire de forme qui assure douceur et amorti.<\/div>\n<ul>\n<li>Fabriqu\u00e9 en Italie<\/li>\n<li>Tige en daim<\/li>\n<li>Empi\u00e8cements en cuir lisse<\/li>\n<li>C\u00f4t\u00e9 H et inserts en tissu paillet\u00e9<\/li>\n<li>D\u00e9tails en cuir nappa<\/li>\n<li>Semelle int\u00e9rieure en mousse \u00e0 m\u00e9moire de forme 9 mm<\/li>\n<li>Semelle ext\u00e9rieure en caoutchouc<\/li>\n<li>Hauteur totale 4 cm<\/li>\n<li>Cartes d&rsquo;entretien et de soins incluses<\/li>\n<li>Dustbag en tissu inclus<\/li>\n<li>Lacets suppl\u00e9mentaires inclus<\/li>\n<\/ul>\n","protected":false},"excerpt":{"rendered":"<p>Baskets Hogan H630 pour femme. combinez des lignes inspir\u00e9es du monde du basket-ball et le style classique de la marque. La tige en daim et cuir lisse pr\u00e9sente un H allong\u00e9 en tissu paillet\u00e9 qui enveloppe le talon. La semelle ext\u00e9rieure est r\u00e9alis\u00e9e en EVA extral\u00e9ger, avec un logo en relief sur le c\u00f4t\u00e9 et [&#8230;]\n","protected":false},"featured_media":195751,"comment_status":"open","ping_status":"closed","template":"","meta":{"rank_math_lock_modified_date":false},"product_cat":[916,446,462,518,522,526,637,887],"product_tag":[],"class_list":{"0":"post-195771","1":"product","2":"type-product","3":"status-publish","4":"has-post-thumbnail","6":"product_cat-veterschoenen-fr","7":"product_cat-kleding-fr","8":"product_cat-vousten-sports-fr-2","9":"product_cat-hogan-fr","10":"product_cat-schoenen-fr-2","11":"product_cat-sneakers-fr-2","12":"product_cat-dames-fr","13":"product_cat-damesschoenen-fr","15":"first","16":"outofstock","17":"taxable","18":"shipping-taxable","19":"purchasable","20":"product-type-variable"},"acf":[],"yoast_head":"<!-- This site is optimized with the Yoast SEO plugin v23.9 - https:\/\/yoast.com\/wordpress\/plugins\/seo\/ -->\n<title>HOGAN Dames - Baskets Hogan H630 Glitter blanc (40542) - Vousten Sports<\/title>\n<meta name=\"robots\" content=\"index, follow, max-snippet:-1, max-image-preview:large, max-video-preview:-1\" \/>\n<link rel=\"canonical\" href=\"https:\/\/www.voustensports.com\/fr\/hogan-dames-baskets-hogan-h630-glitter-blanc-40542\/\" \/>\n<meta property=\"og:locale\" content=\"fr_FR\" \/>\n<meta property=\"og:type\" content=\"article\" \/>\n<meta property=\"og:title\" content=\"HOGAN Dames - Baskets Hogan H630 Glitter blanc (40542) - Vousten Sports\" \/>\n<meta property=\"og:description\" content=\"Baskets Hogan H630 pour femme. combinez des lignes inspir\u00e9es du monde du basket-ball et le style classique de la marque. La tige en daim et cuir lisse pr\u00e9sente un H allong\u00e9 en tissu paillet\u00e9 qui enveloppe le talon. La semelle ext\u00e9rieure est r\u00e9alis\u00e9e en EVA extral\u00e9ger, avec un logo en relief sur le c\u00f4t\u00e9 et [...]\" \/>\n<meta property=\"og:url\" content=\"https:\/\/www.voustensports.com\/fr\/hogan-dames-baskets-hogan-h630-glitter-blanc-40542\/\" \/>\n<meta property=\"og:site_name\" content=\"Vousten Sports\" \/>\n<meta property=\"article:modified_time\" content=\"2026-03-24T02:15:07+00:00\" \/>\n<meta property=\"og:image\" content=\"https:\/\/www.voustensports.com\/wp-content\/uploads\/2023\/06\/Sneaker-Hogan-H630-Glitter-wit-405421.png\" \/>\n\t<meta property=\"og:image:width\" content=\"2000\" \/>\n\t<meta property=\"og:image:height\" content=\"2000\" \/>\n\t<meta property=\"og:image:type\" content=\"image\/png\" \/>\n<meta name=\"twitter:card\" content=\"summary_large_image\" \/>\n<meta name=\"twitter:label1\" content=\"Est. reading time\" \/>\n\t<meta name=\"twitter:data1\" content=\"1 minute\" \/>\n<script type=\"application\/ld+json\" class=\"yoast-schema-graph\">{\"@context\":\"https:\/\/schema.org\",\"@graph\":[{\"@type\":\"WebPage\",\"@id\":\"https:\/\/www.voustensports.com\/fr\/hogan-dames-baskets-hogan-h630-glitter-blanc-40542\/\",\"url\":\"https:\/\/www.voustensports.com\/fr\/hogan-dames-baskets-hogan-h630-glitter-blanc-40542\/\",\"name\":\"HOGAN Dames - Baskets Hogan H630 Glitter blanc (40542) - Vousten Sports\",\"isPartOf\":{\"@id\":\"https:\/\/www.voustensports.com\/nl\/#website\"},\"primaryImageOfPage\":{\"@id\":\"https:\/\/www.voustensports.com\/fr\/hogan-dames-baskets-hogan-h630-glitter-blanc-40542\/#primaryimage\"},\"image\":{\"@id\":\"https:\/\/www.voustensports.com\/fr\/hogan-dames-baskets-hogan-h630-glitter-blanc-40542\/#primaryimage\"},\"thumbnailUrl\":\"https:\/\/www.voustensports.com\/wp-content\/uploads\/2023\/06\/Sneaker-Hogan-H630-Glitter-wit-405421.png\",\"datePublished\":\"2025-01-31T14:24:35+00:00\",\"dateModified\":\"2026-03-24T02:15:07+00:00\",\"breadcrumb\":{\"@id\":\"https:\/\/www.voustensports.com\/fr\/hogan-dames-baskets-hogan-h630-glitter-blanc-40542\/#breadcrumb\"},\"inLanguage\":\"fr-FR\",\"potentialAction\":[{\"@type\":\"ReadAction\",\"target\":[\"https:\/\/www.voustensports.com\/fr\/hogan-dames-baskets-hogan-h630-glitter-blanc-40542\/\"]}]},{\"@type\":\"ImageObject\",\"inLanguage\":\"fr-FR\",\"@id\":\"https:\/\/www.voustensports.com\/fr\/hogan-dames-baskets-hogan-h630-glitter-blanc-40542\/#primaryimage\",\"url\":\"https:\/\/www.voustensports.com\/wp-content\/uploads\/2023\/06\/Sneaker-Hogan-H630-Glitter-wit-405421.png\",\"contentUrl\":\"https:\/\/www.voustensports.com\/wp-content\/uploads\/2023\/06\/Sneaker-Hogan-H630-Glitter-wit-405421.png\",\"width\":2000,\"height\":2000},{\"@type\":\"BreadcrumbList\",\"@id\":\"https:\/\/www.voustensports.com\/fr\/hogan-dames-baskets-hogan-h630-glitter-blanc-40542\/#breadcrumb\",\"itemListElement\":[{\"@type\":\"ListItem\",\"position\":1,\"name\":\"Home\",\"item\":\"https:\/\/www.voustensports.com\/fr\/\"},{\"@type\":\"ListItem\",\"position\":2,\"name\":\"Boutique\",\"item\":\"https:\/\/www.voustensports.com\/fr\/shop\/\"},{\"@type\":\"ListItem\",\"position\":3,\"name\":\"HOGAN Dames &#8211; Baskets Hogan H630 Glitter blanc (40542)\"}]},{\"@type\":\"WebSite\",\"@id\":\"https:\/\/www.voustensports.com\/nl\/#website\",\"url\":\"https:\/\/www.voustensports.com\/nl\/\",\"name\":\"Vousten Sports\",\"description\":\"\",\"potentialAction\":[{\"@type\":\"SearchAction\",\"target\":{\"@type\":\"EntryPoint\",\"urlTemplate\":\"https:\/\/www.voustensports.com\/nl\/?s={search_term_string}\"},\"query-input\":{\"@type\":\"PropertyValueSpecification\",\"valueRequired\":true,\"valueName\":\"search_term_string\"}}],\"inLanguage\":\"fr-FR\"}]}<\/script>\n<!-- \/ Yoast SEO plugin. -->","yoast_head_json":{"title":"HOGAN Dames - Baskets Hogan H630 Glitter blanc (40542) - Vousten Sports","robots":{"index":"index","follow":"follow","max-snippet":"max-snippet:-1","max-image-preview":"max-image-preview:large","max-video-preview":"max-video-preview:-1"},"canonical":"https:\/\/www.voustensports.com\/fr\/hogan-dames-baskets-hogan-h630-glitter-blanc-40542\/","og_locale":"fr_FR","og_type":"article","og_title":"HOGAN Dames - Baskets Hogan H630 Glitter blanc (40542) - Vousten Sports","og_description":"Baskets Hogan H630 pour femme. combinez des lignes inspir\u00e9es du monde du basket-ball et le style classique de la marque. La tige en daim et cuir lisse pr\u00e9sente un H allong\u00e9 en tissu paillet\u00e9 qui enveloppe le talon. La semelle ext\u00e9rieure est r\u00e9alis\u00e9e en EVA extral\u00e9ger, avec un logo en relief sur le c\u00f4t\u00e9 et [...]","og_url":"https:\/\/www.voustensports.com\/fr\/hogan-dames-baskets-hogan-h630-glitter-blanc-40542\/","og_site_name":"Vousten Sports","article_modified_time":"2026-03-24T02:15:07+00:00","og_image":[{"width":2000,"height":2000,"url":"https:\/\/www.voustensports.com\/wp-content\/uploads\/2023\/06\/Sneaker-Hogan-H630-Glitter-wit-405421.png","type":"image\/png"}],"twitter_card":"summary_large_image","twitter_misc":{"Est. reading time":"1 minute"},"schema":{"@context":"https:\/\/schema.org","@graph":[{"@type":"WebPage","@id":"https:\/\/www.voustensports.com\/fr\/hogan-dames-baskets-hogan-h630-glitter-blanc-40542\/","url":"https:\/\/www.voustensports.com\/fr\/hogan-dames-baskets-hogan-h630-glitter-blanc-40542\/","name":"HOGAN Dames - Baskets Hogan H630 Glitter blanc (40542) - Vousten Sports","isPartOf":{"@id":"https:\/\/www.voustensports.com\/nl\/#website"},"primaryImageOfPage":{"@id":"https:\/\/www.voustensports.com\/fr\/hogan-dames-baskets-hogan-h630-glitter-blanc-40542\/#primaryimage"},"image":{"@id":"https:\/\/www.voustensports.com\/fr\/hogan-dames-baskets-hogan-h630-glitter-blanc-40542\/#primaryimage"},"thumbnailUrl":"https:\/\/www.voustensports.com\/wp-content\/uploads\/2023\/06\/Sneaker-Hogan-H630-Glitter-wit-405421.png","datePublished":"2025-01-31T14:24:35+00:00","dateModified":"2026-03-24T02:15:07+00:00","breadcrumb":{"@id":"https:\/\/www.voustensports.com\/fr\/hogan-dames-baskets-hogan-h630-glitter-blanc-40542\/#breadcrumb"},"inLanguage":"fr-FR","potentialAction":[{"@type":"ReadAction","target":["https:\/\/www.voustensports.com\/fr\/hogan-dames-baskets-hogan-h630-glitter-blanc-40542\/"]}]},{"@type":"ImageObject","inLanguage":"fr-FR","@id":"https:\/\/www.voustensports.com\/fr\/hogan-dames-baskets-hogan-h630-glitter-blanc-40542\/#primaryimage","url":"https:\/\/www.voustensports.com\/wp-content\/uploads\/2023\/06\/Sneaker-Hogan-H630-Glitter-wit-405421.png","contentUrl":"https:\/\/www.voustensports.com\/wp-content\/uploads\/2023\/06\/Sneaker-Hogan-H630-Glitter-wit-405421.png","width":2000,"height":2000},{"@type":"BreadcrumbList","@id":"https:\/\/www.voustensports.com\/fr\/hogan-dames-baskets-hogan-h630-glitter-blanc-40542\/#breadcrumb","itemListElement":[{"@type":"ListItem","position":1,"name":"Home","item":"https:\/\/www.voustensports.com\/fr\/"},{"@type":"ListItem","position":2,"name":"Boutique","item":"https:\/\/www.voustensports.com\/fr\/shop\/"},{"@type":"ListItem","position":3,"name":"HOGAN Dames &#8211; Baskets Hogan H630 Glitter blanc (40542)"}]},{"@type":"WebSite","@id":"https:\/\/www.voustensports.com\/nl\/#website","url":"https:\/\/www.voustensports.com\/nl\/","name":"Vousten Sports","description":"","potentialAction":[{"@type":"SearchAction","target":{"@type":"EntryPoint","urlTemplate":"https:\/\/www.voustensports.com\/nl\/?s={search_term_string}"},"query-input":{"@type":"PropertyValueSpecification","valueRequired":true,"valueName":"search_term_string"}}],"inLanguage":"fr-FR"}]}},"_links":{"self":[{"href":"https:\/\/www.voustensports.com\/fr\/wp-json\/wp\/v2\/product\/195771","targetHints":{"allow":["GET"]}}],"collection":[{"href":"https:\/\/www.voustensports.com\/fr\/wp-json\/wp\/v2\/product"}],"about":[{"href":"https:\/\/www.voustensports.com\/fr\/wp-json\/wp\/v2\/types\/product"}],"replies":[{"embeddable":true,"href":"https:\/\/www.voustensports.com\/fr\/wp-json\/wp\/v2\/comments?post=195771"}],"wp:featuredmedia":[{"embeddable":true,"href":"https:\/\/www.voustensports.com\/fr\/wp-json\/wp\/v2\/media\/195751"}],"wp:attachment":[{"href":"https:\/\/www.voustensports.com\/fr\/wp-json\/wp\/v2\/media?parent=195771"}],"wp:term":[{"taxonomy":"product_cat","embeddable":true,"href":"https:\/\/www.voustensports.com\/fr\/wp-json\/wp\/v2\/product_cat?post=195771"},{"taxonomy":"product_tag","embeddable":true,"href":"https:\/\/www.voustensports.com\/fr\/wp-json\/wp\/v2\/product_tag?post=195771"}],"curies":[{"name":"wp","href":"https:\/\/api.w.org\/{rel}","templated":true}]}}