{"id":195711,"date":"2025-01-31T15:08:27","date_gmt":"2025-01-31T14:08:27","guid":{"rendered":"https:\/\/www.voustensports.com\/hogan-dames-baskets-hogan-cool-bleu-fonce-beige-40546\/"},"modified":"2026-02-05T12:25:48","modified_gmt":"2026-02-05T11:25:48","slug":"hogan-dames-baskets-hogan-cool-bleu-fonce-beige-40546","status":"publish","type":"product","link":"https:\/\/www.voustensports.com\/fr\/hogan-dames-baskets-hogan-cool-bleu-fonce-beige-40546\/","title":{"rendered":"HOGAN Dames &#8211; Baskets Hogan Cool bleu fonc\u00e9 \/ beige (40546)"},"content":{"rendered":"<div>Baskets Hogan Cool pour femmes. M\u00e9lange parfait d&rsquo;\u00e9l\u00e9ments r\u00e9tro et de lignes contemporaines, les baskets Hogan Cool se caract\u00e9risent par un look sobre et raffin\u00e9. Dot\u00e9e d&rsquo;une languette rembourr\u00e9e, la tige est ici confectionn\u00e9e en daim, avec un c\u00f4t\u00e9 H dentel\u00e9 en cuir nappa. R\u00e9interpr\u00e9tation du style historique H327, la semelle ext\u00e9rieure de couleur ambre rappelle le monogramme inclin\u00e9 sur la bande de roulement. La semelle int\u00e9rieure en mousse \u00e0 m\u00e9moire de forme garantit un ajustement rembourr\u00e9.<\/div>\n<ul>\n<li>Tige en daim<\/li>\n<li>C\u00f4t\u00e9 H et d\u00e9tails en cuir Nappa<\/li>\n<li>Semelle int\u00e9rieure en mousse \u00e0 m\u00e9moire de forme 5 mm<\/li>\n<li>Semelle cuvette en caoutchouc (TPU)<\/li>\n<li>Hauteur totale 3,2 cm<\/li>\n<li>Cartes d&rsquo;entretien et de soins incluses<\/li>\n<li>Dustbag en tissu inclus<\/li>\n<\/ul>\n","protected":false},"excerpt":{"rendered":"<p>Baskets Hogan Cool pour femmes. M\u00e9lange parfait d&rsquo;\u00e9l\u00e9ments r\u00e9tro et de lignes contemporaines, les baskets Hogan Cool se caract\u00e9risent par un look sobre et raffin\u00e9. Dot\u00e9e d&rsquo;une languette rembourr\u00e9e, la tige est ici confectionn\u00e9e en daim, avec un c\u00f4t\u00e9 H dentel\u00e9 en cuir nappa. R\u00e9interpr\u00e9tation du style historique H327, la semelle ext\u00e9rieure de couleur ambre [&#8230;]\n","protected":false},"featured_media":195683,"comment_status":"open","ping_status":"closed","template":"","meta":{"rank_math_lock_modified_date":false},"product_cat":[929,446,462,518,522,526,637,887],"product_tag":[],"class_list":{"0":"post-195711","1":"product","2":"type-product","3":"status-publish","4":"has-post-thumbnail","6":"product_cat-lage-sneakers-fr","7":"product_cat-kleding-fr","8":"product_cat-vousten-sports-fr-2","9":"product_cat-hogan-fr","10":"product_cat-schoenen-fr-2","11":"product_cat-sneakers-fr-2","12":"product_cat-dames-fr","13":"product_cat-damesschoenen-fr","15":"first","16":"outofstock","17":"taxable","18":"shipping-taxable","19":"purchasable","20":"product-type-variable"},"acf":[],"yoast_head":"<!-- This site is optimized with the Yoast SEO plugin v23.9 - https:\/\/yoast.com\/wordpress\/plugins\/seo\/ -->\n<title>HOGAN Dames - Baskets Hogan Cool bleu fonc\u00e9 \/ beige (40546) - Vousten Sports<\/title>\n<meta name=\"robots\" content=\"index, follow, max-snippet:-1, max-image-preview:large, max-video-preview:-1\" \/>\n<link rel=\"canonical\" href=\"https:\/\/www.voustensports.com\/fr\/hogan-dames-baskets-hogan-cool-bleu-fonce-beige-40546\/\" \/>\n<meta property=\"og:locale\" content=\"fr_FR\" \/>\n<meta property=\"og:type\" content=\"article\" \/>\n<meta property=\"og:title\" content=\"HOGAN Dames - Baskets Hogan Cool bleu fonc\u00e9 \/ beige (40546) - Vousten Sports\" \/>\n<meta property=\"og:description\" content=\"Baskets Hogan Cool pour femmes. M\u00e9lange parfait d&rsquo;\u00e9l\u00e9ments r\u00e9tro et de lignes contemporaines, les baskets Hogan Cool se caract\u00e9risent par un look sobre et raffin\u00e9. Dot\u00e9e d&rsquo;une languette rembourr\u00e9e, la tige est ici confectionn\u00e9e en daim, avec un c\u00f4t\u00e9 H dentel\u00e9 en cuir nappa. R\u00e9interpr\u00e9tation du style historique H327, la semelle ext\u00e9rieure de couleur ambre [...]\" \/>\n<meta property=\"og:url\" content=\"https:\/\/www.voustensports.com\/fr\/hogan-dames-baskets-hogan-cool-bleu-fonce-beige-40546\/\" \/>\n<meta property=\"og:site_name\" content=\"Vousten Sports\" \/>\n<meta property=\"article:modified_time\" content=\"2026-02-05T11:25:48+00:00\" \/>\n<meta property=\"og:image\" content=\"https:\/\/www.voustensports.com\/wp-content\/uploads\/2023\/06\/Sneaker-Hogan-Cool-donkerblauw-beige-405461.png\" \/>\n\t<meta property=\"og:image:width\" content=\"2000\" \/>\n\t<meta property=\"og:image:height\" content=\"2000\" \/>\n\t<meta property=\"og:image:type\" content=\"image\/png\" \/>\n<meta name=\"twitter:card\" content=\"summary_large_image\" \/>\n<meta name=\"twitter:label1\" content=\"Est. reading time\" \/>\n\t<meta name=\"twitter:data1\" content=\"1 minute\" \/>\n<script type=\"application\/ld+json\" class=\"yoast-schema-graph\">{\"@context\":\"https:\/\/schema.org\",\"@graph\":[{\"@type\":\"WebPage\",\"@id\":\"https:\/\/www.voustensports.com\/fr\/hogan-dames-baskets-hogan-cool-bleu-fonce-beige-40546\/\",\"url\":\"https:\/\/www.voustensports.com\/fr\/hogan-dames-baskets-hogan-cool-bleu-fonce-beige-40546\/\",\"name\":\"HOGAN Dames - Baskets Hogan Cool bleu fonc\u00e9 \/ beige (40546) - Vousten Sports\",\"isPartOf\":{\"@id\":\"https:\/\/www.voustensports.com\/nl\/#website\"},\"primaryImageOfPage\":{\"@id\":\"https:\/\/www.voustensports.com\/fr\/hogan-dames-baskets-hogan-cool-bleu-fonce-beige-40546\/#primaryimage\"},\"image\":{\"@id\":\"https:\/\/www.voustensports.com\/fr\/hogan-dames-baskets-hogan-cool-bleu-fonce-beige-40546\/#primaryimage\"},\"thumbnailUrl\":\"https:\/\/www.voustensports.com\/wp-content\/uploads\/2023\/06\/Sneaker-Hogan-Cool-donkerblauw-beige-405461.png\",\"datePublished\":\"2025-01-31T14:08:27+00:00\",\"dateModified\":\"2026-02-05T11:25:48+00:00\",\"breadcrumb\":{\"@id\":\"https:\/\/www.voustensports.com\/fr\/hogan-dames-baskets-hogan-cool-bleu-fonce-beige-40546\/#breadcrumb\"},\"inLanguage\":\"fr-FR\",\"potentialAction\":[{\"@type\":\"ReadAction\",\"target\":[\"https:\/\/www.voustensports.com\/fr\/hogan-dames-baskets-hogan-cool-bleu-fonce-beige-40546\/\"]}]},{\"@type\":\"ImageObject\",\"inLanguage\":\"fr-FR\",\"@id\":\"https:\/\/www.voustensports.com\/fr\/hogan-dames-baskets-hogan-cool-bleu-fonce-beige-40546\/#primaryimage\",\"url\":\"https:\/\/www.voustensports.com\/wp-content\/uploads\/2023\/06\/Sneaker-Hogan-Cool-donkerblauw-beige-405461.png\",\"contentUrl\":\"https:\/\/www.voustensports.com\/wp-content\/uploads\/2023\/06\/Sneaker-Hogan-Cool-donkerblauw-beige-405461.png\",\"width\":2000,\"height\":2000},{\"@type\":\"BreadcrumbList\",\"@id\":\"https:\/\/www.voustensports.com\/fr\/hogan-dames-baskets-hogan-cool-bleu-fonce-beige-40546\/#breadcrumb\",\"itemListElement\":[{\"@type\":\"ListItem\",\"position\":1,\"name\":\"Home\",\"item\":\"https:\/\/www.voustensports.com\/fr\/\"},{\"@type\":\"ListItem\",\"position\":2,\"name\":\"Boutique\",\"item\":\"https:\/\/www.voustensports.com\/fr\/shop\/\"},{\"@type\":\"ListItem\",\"position\":3,\"name\":\"HOGAN Dames &#8211; Baskets Hogan Cool bleu fonc\u00e9 \/ beige (40546)\"}]},{\"@type\":\"WebSite\",\"@id\":\"https:\/\/www.voustensports.com\/nl\/#website\",\"url\":\"https:\/\/www.voustensports.com\/nl\/\",\"name\":\"Vousten Sports\",\"description\":\"\",\"potentialAction\":[{\"@type\":\"SearchAction\",\"target\":{\"@type\":\"EntryPoint\",\"urlTemplate\":\"https:\/\/www.voustensports.com\/nl\/?s={search_term_string}\"},\"query-input\":{\"@type\":\"PropertyValueSpecification\",\"valueRequired\":true,\"valueName\":\"search_term_string\"}}],\"inLanguage\":\"fr-FR\"}]}<\/script>\n<!-- \/ Yoast SEO plugin. -->","yoast_head_json":{"title":"HOGAN Dames - Baskets Hogan Cool bleu fonc\u00e9 \/ beige (40546) - Vousten Sports","robots":{"index":"index","follow":"follow","max-snippet":"max-snippet:-1","max-image-preview":"max-image-preview:large","max-video-preview":"max-video-preview:-1"},"canonical":"https:\/\/www.voustensports.com\/fr\/hogan-dames-baskets-hogan-cool-bleu-fonce-beige-40546\/","og_locale":"fr_FR","og_type":"article","og_title":"HOGAN Dames - Baskets Hogan Cool bleu fonc\u00e9 \/ beige (40546) - Vousten Sports","og_description":"Baskets Hogan Cool pour femmes. M\u00e9lange parfait d&rsquo;\u00e9l\u00e9ments r\u00e9tro et de lignes contemporaines, les baskets Hogan Cool se caract\u00e9risent par un look sobre et raffin\u00e9. Dot\u00e9e d&rsquo;une languette rembourr\u00e9e, la tige est ici confectionn\u00e9e en daim, avec un c\u00f4t\u00e9 H dentel\u00e9 en cuir nappa. R\u00e9interpr\u00e9tation du style historique H327, la semelle ext\u00e9rieure de couleur ambre [...]","og_url":"https:\/\/www.voustensports.com\/fr\/hogan-dames-baskets-hogan-cool-bleu-fonce-beige-40546\/","og_site_name":"Vousten Sports","article_modified_time":"2026-02-05T11:25:48+00:00","og_image":[{"width":2000,"height":2000,"url":"https:\/\/www.voustensports.com\/wp-content\/uploads\/2023\/06\/Sneaker-Hogan-Cool-donkerblauw-beige-405461.png","type":"image\/png"}],"twitter_card":"summary_large_image","twitter_misc":{"Est. reading time":"1 minute"},"schema":{"@context":"https:\/\/schema.org","@graph":[{"@type":"WebPage","@id":"https:\/\/www.voustensports.com\/fr\/hogan-dames-baskets-hogan-cool-bleu-fonce-beige-40546\/","url":"https:\/\/www.voustensports.com\/fr\/hogan-dames-baskets-hogan-cool-bleu-fonce-beige-40546\/","name":"HOGAN Dames - Baskets Hogan Cool bleu fonc\u00e9 \/ beige (40546) - Vousten Sports","isPartOf":{"@id":"https:\/\/www.voustensports.com\/nl\/#website"},"primaryImageOfPage":{"@id":"https:\/\/www.voustensports.com\/fr\/hogan-dames-baskets-hogan-cool-bleu-fonce-beige-40546\/#primaryimage"},"image":{"@id":"https:\/\/www.voustensports.com\/fr\/hogan-dames-baskets-hogan-cool-bleu-fonce-beige-40546\/#primaryimage"},"thumbnailUrl":"https:\/\/www.voustensports.com\/wp-content\/uploads\/2023\/06\/Sneaker-Hogan-Cool-donkerblauw-beige-405461.png","datePublished":"2025-01-31T14:08:27+00:00","dateModified":"2026-02-05T11:25:48+00:00","breadcrumb":{"@id":"https:\/\/www.voustensports.com\/fr\/hogan-dames-baskets-hogan-cool-bleu-fonce-beige-40546\/#breadcrumb"},"inLanguage":"fr-FR","potentialAction":[{"@type":"ReadAction","target":["https:\/\/www.voustensports.com\/fr\/hogan-dames-baskets-hogan-cool-bleu-fonce-beige-40546\/"]}]},{"@type":"ImageObject","inLanguage":"fr-FR","@id":"https:\/\/www.voustensports.com\/fr\/hogan-dames-baskets-hogan-cool-bleu-fonce-beige-40546\/#primaryimage","url":"https:\/\/www.voustensports.com\/wp-content\/uploads\/2023\/06\/Sneaker-Hogan-Cool-donkerblauw-beige-405461.png","contentUrl":"https:\/\/www.voustensports.com\/wp-content\/uploads\/2023\/06\/Sneaker-Hogan-Cool-donkerblauw-beige-405461.png","width":2000,"height":2000},{"@type":"BreadcrumbList","@id":"https:\/\/www.voustensports.com\/fr\/hogan-dames-baskets-hogan-cool-bleu-fonce-beige-40546\/#breadcrumb","itemListElement":[{"@type":"ListItem","position":1,"name":"Home","item":"https:\/\/www.voustensports.com\/fr\/"},{"@type":"ListItem","position":2,"name":"Boutique","item":"https:\/\/www.voustensports.com\/fr\/shop\/"},{"@type":"ListItem","position":3,"name":"HOGAN Dames &#8211; Baskets Hogan Cool bleu fonc\u00e9 \/ beige (40546)"}]},{"@type":"WebSite","@id":"https:\/\/www.voustensports.com\/nl\/#website","url":"https:\/\/www.voustensports.com\/nl\/","name":"Vousten Sports","description":"","potentialAction":[{"@type":"SearchAction","target":{"@type":"EntryPoint","urlTemplate":"https:\/\/www.voustensports.com\/nl\/?s={search_term_string}"},"query-input":{"@type":"PropertyValueSpecification","valueRequired":true,"valueName":"search_term_string"}}],"inLanguage":"fr-FR"}]}},"_links":{"self":[{"href":"https:\/\/www.voustensports.com\/fr\/wp-json\/wp\/v2\/product\/195711","targetHints":{"allow":["GET"]}}],"collection":[{"href":"https:\/\/www.voustensports.com\/fr\/wp-json\/wp\/v2\/product"}],"about":[{"href":"https:\/\/www.voustensports.com\/fr\/wp-json\/wp\/v2\/types\/product"}],"replies":[{"embeddable":true,"href":"https:\/\/www.voustensports.com\/fr\/wp-json\/wp\/v2\/comments?post=195711"}],"wp:featuredmedia":[{"embeddable":true,"href":"https:\/\/www.voustensports.com\/fr\/wp-json\/wp\/v2\/media\/195683"}],"wp:attachment":[{"href":"https:\/\/www.voustensports.com\/fr\/wp-json\/wp\/v2\/media?parent=195711"}],"wp:term":[{"taxonomy":"product_cat","embeddable":true,"href":"https:\/\/www.voustensports.com\/fr\/wp-json\/wp\/v2\/product_cat?post=195711"},{"taxonomy":"product_tag","embeddable":true,"href":"https:\/\/www.voustensports.com\/fr\/wp-json\/wp\/v2\/product_tag?post=195711"}],"curies":[{"name":"wp","href":"https:\/\/api.w.org\/{rel}","templated":true}]}}