{"id":195397,"date":"2025-01-29T13:46:45","date_gmt":"2025-01-29T12:46:46","guid":{"rendered":"https:\/\/www.voustensports.com\/hogan-sneaker-h-stripes-wit-beige-40642-2\/"},"modified":"2026-02-05T12:28:15","modified_gmt":"2026-02-05T11:28:15","slug":"hogan-sneaker-h-stripes-wit-beige-40642-2","status":"publish","type":"product","link":"https:\/\/www.voustensports.com\/fr\/hogan-sneaker-h-stripes-wit-beige-40642-2\/","title":{"rendered":"HOGAN &#8211; Sneaker H-Stripes blanc \/ beige (40642)"},"content":{"rendered":"<p>Nouveau style aux lignes sportives et polyvalentes, les H-Stripes sont dot\u00e9es d\u2019une semelle ext\u00e9rieure extral\u00e9g\u00e8re avec des rayures verticales et des vagues sur la bande de roulement. La tige, au design compact et \u00e9quilibr\u00e9, se caract\u00e9rise par un H qui s\u2019\u00e9tend sur le c\u00f4t\u00e9. La bordure sup\u00e9rieure, avec des coutures sur le patch arri\u00e8re, est dot\u00e9e d\u2019un rembourrage doux. Ces baskets sont confectionn\u00e9es en cuir nappa, avec une semelle int\u00e9rieure en mousse \u00e0 m\u00e9moire de forme qui garantit un amorti confortable.<\/p>\n<ul>\n<li>Baskets Hogan H-Stripes pour hommes<\/li>\n<li>Couleur blanc avec d\u00e9tails beige<\/li>\n<li>Fabriqu\u00e9 en Italie<\/li>\n<li>Tige en cuir nappa<\/li>\n<li>C\u00f4t\u00e9 H<\/li>\n<li>Semelle int\u00e9rieure en mousse \u00e0 m\u00e9moire de forme 8 mm<\/li>\n<li>Semelle ext\u00e9rieure en EVA<\/li>\n<li>Hauteur totale de la semelle 4,8 cm<\/li>\n<li>Cartes d\u2019entretien et de soins incluses<\/li>\n<li>Dustbag en tissu inclus<\/li>\n<li>Lacets blancs suppl\u00e9mentaires inclus<\/li>\n<\/ul>\n","protected":false},"excerpt":{"rendered":"<p>Nouveau style aux lignes sportives et polyvalentes, les H-Stripes sont dot\u00e9es d\u2019une semelle ext\u00e9rieure extral\u00e9g\u00e8re avec des rayures verticales et des vagues sur la bande de roulement. La tige, au design compact et \u00e9quilibr\u00e9, se caract\u00e9rise par un H qui s\u2019\u00e9tend sur le c\u00f4t\u00e9. La bordure sup\u00e9rieure, avec des coutures sur le patch arri\u00e8re, est [&#8230;]\n","protected":false},"featured_media":195373,"comment_status":"open","ping_status":"closed","template":"","meta":{"rank_math_lock_modified_date":false},"product_cat":[522,526,530,450,462,518],"product_tag":[],"class_list":{"0":"post-195397","1":"product","2":"type-product","3":"status-publish","4":"has-post-thumbnail","6":"product_cat-schoenen-fr-2","7":"product_cat-sneakers-fr-2","8":"product_cat-herenschoenen-fr","9":"product_cat-heren-fr","10":"product_cat-vousten-sports-fr-2","11":"product_cat-hogan-fr","13":"first","14":"instock","15":"taxable","16":"shipping-taxable","17":"purchasable","18":"product-type-variable"},"acf":[],"yoast_head":"<!-- This site is optimized with the Yoast SEO plugin v23.9 - https:\/\/yoast.com\/wordpress\/plugins\/seo\/ -->\n<title>HOGAN - Sneaker H-Stripes blanc \/ beige (40642) - Vousten Sports<\/title>\n<meta name=\"robots\" content=\"index, follow, max-snippet:-1, max-image-preview:large, max-video-preview:-1\" \/>\n<link rel=\"canonical\" href=\"https:\/\/www.voustensports.com\/fr\/hogan-sneaker-h-stripes-wit-beige-40642-2\/\" \/>\n<meta property=\"og:locale\" content=\"fr_FR\" \/>\n<meta property=\"og:type\" content=\"article\" \/>\n<meta property=\"og:title\" content=\"HOGAN - Sneaker H-Stripes blanc \/ beige (40642) - Vousten Sports\" \/>\n<meta property=\"og:description\" content=\"Nouveau style aux lignes sportives et polyvalentes, les H-Stripes sont dot\u00e9es d\u2019une semelle ext\u00e9rieure extral\u00e9g\u00e8re avec des rayures verticales et des vagues sur la bande de roulement. La tige, au design compact et \u00e9quilibr\u00e9, se caract\u00e9rise par un H qui s\u2019\u00e9tend sur le c\u00f4t\u00e9. La bordure sup\u00e9rieure, avec des coutures sur le patch arri\u00e8re, est [...]\" \/>\n<meta property=\"og:url\" content=\"https:\/\/www.voustensports.com\/fr\/hogan-sneaker-h-stripes-wit-beige-40642-2\/\" \/>\n<meta property=\"og:site_name\" content=\"Vousten Sports\" \/>\n<meta property=\"article:modified_time\" content=\"2026-02-05T11:28:15+00:00\" \/>\n<meta property=\"og:image\" content=\"https:\/\/www.voustensports.com\/wp-content\/uploads\/2023\/06\/HOGAN-Sneaker-H-Stripes-wit-beige-40642.png\" \/>\n\t<meta property=\"og:image:width\" content=\"2000\" \/>\n\t<meta property=\"og:image:height\" content=\"2000\" \/>\n\t<meta property=\"og:image:type\" content=\"image\/png\" \/>\n<meta name=\"twitter:card\" content=\"summary_large_image\" \/>\n<meta name=\"twitter:label1\" content=\"Est. reading time\" \/>\n\t<meta name=\"twitter:data1\" content=\"1 minute\" \/>\n<script type=\"application\/ld+json\" class=\"yoast-schema-graph\">{\"@context\":\"https:\/\/schema.org\",\"@graph\":[{\"@type\":\"WebPage\",\"@id\":\"https:\/\/www.voustensports.com\/fr\/hogan-sneaker-h-stripes-wit-beige-40642-2\/\",\"url\":\"https:\/\/www.voustensports.com\/fr\/hogan-sneaker-h-stripes-wit-beige-40642-2\/\",\"name\":\"HOGAN - Sneaker H-Stripes blanc \/ beige (40642) - Vousten Sports\",\"isPartOf\":{\"@id\":\"https:\/\/www.voustensports.com\/nl\/#website\"},\"primaryImageOfPage\":{\"@id\":\"https:\/\/www.voustensports.com\/fr\/hogan-sneaker-h-stripes-wit-beige-40642-2\/#primaryimage\"},\"image\":{\"@id\":\"https:\/\/www.voustensports.com\/fr\/hogan-sneaker-h-stripes-wit-beige-40642-2\/#primaryimage\"},\"thumbnailUrl\":\"https:\/\/www.voustensports.com\/wp-content\/uploads\/2023\/06\/HOGAN-Sneaker-H-Stripes-wit-beige-40642.png\",\"datePublished\":\"2025-01-29T12:46:46+00:00\",\"dateModified\":\"2026-02-05T11:28:15+00:00\",\"breadcrumb\":{\"@id\":\"https:\/\/www.voustensports.com\/fr\/hogan-sneaker-h-stripes-wit-beige-40642-2\/#breadcrumb\"},\"inLanguage\":\"fr-FR\",\"potentialAction\":[{\"@type\":\"ReadAction\",\"target\":[\"https:\/\/www.voustensports.com\/fr\/hogan-sneaker-h-stripes-wit-beige-40642-2\/\"]}]},{\"@type\":\"ImageObject\",\"inLanguage\":\"fr-FR\",\"@id\":\"https:\/\/www.voustensports.com\/fr\/hogan-sneaker-h-stripes-wit-beige-40642-2\/#primaryimage\",\"url\":\"https:\/\/www.voustensports.com\/wp-content\/uploads\/2023\/06\/HOGAN-Sneaker-H-Stripes-wit-beige-40642.png\",\"contentUrl\":\"https:\/\/www.voustensports.com\/wp-content\/uploads\/2023\/06\/HOGAN-Sneaker-H-Stripes-wit-beige-40642.png\",\"width\":2000,\"height\":2000},{\"@type\":\"BreadcrumbList\",\"@id\":\"https:\/\/www.voustensports.com\/fr\/hogan-sneaker-h-stripes-wit-beige-40642-2\/#breadcrumb\",\"itemListElement\":[{\"@type\":\"ListItem\",\"position\":1,\"name\":\"Home\",\"item\":\"https:\/\/www.voustensports.com\/fr\/\"},{\"@type\":\"ListItem\",\"position\":2,\"name\":\"Boutique\",\"item\":\"https:\/\/www.voustensports.com\/fr\/shop\/\"},{\"@type\":\"ListItem\",\"position\":3,\"name\":\"HOGAN &#8211; Sneaker H-Stripes blanc \/ beige (40642)\"}]},{\"@type\":\"WebSite\",\"@id\":\"https:\/\/www.voustensports.com\/nl\/#website\",\"url\":\"https:\/\/www.voustensports.com\/nl\/\",\"name\":\"Vousten Sports\",\"description\":\"\",\"potentialAction\":[{\"@type\":\"SearchAction\",\"target\":{\"@type\":\"EntryPoint\",\"urlTemplate\":\"https:\/\/www.voustensports.com\/nl\/?s={search_term_string}\"},\"query-input\":{\"@type\":\"PropertyValueSpecification\",\"valueRequired\":true,\"valueName\":\"search_term_string\"}}],\"inLanguage\":\"fr-FR\"}]}<\/script>\n<!-- \/ Yoast SEO plugin. -->","yoast_head_json":{"title":"HOGAN - Sneaker H-Stripes blanc \/ beige (40642) - Vousten Sports","robots":{"index":"index","follow":"follow","max-snippet":"max-snippet:-1","max-image-preview":"max-image-preview:large","max-video-preview":"max-video-preview:-1"},"canonical":"https:\/\/www.voustensports.com\/fr\/hogan-sneaker-h-stripes-wit-beige-40642-2\/","og_locale":"fr_FR","og_type":"article","og_title":"HOGAN - Sneaker H-Stripes blanc \/ beige (40642) - Vousten Sports","og_description":"Nouveau style aux lignes sportives et polyvalentes, les H-Stripes sont dot\u00e9es d\u2019une semelle ext\u00e9rieure extral\u00e9g\u00e8re avec des rayures verticales et des vagues sur la bande de roulement. La tige, au design compact et \u00e9quilibr\u00e9, se caract\u00e9rise par un H qui s\u2019\u00e9tend sur le c\u00f4t\u00e9. La bordure sup\u00e9rieure, avec des coutures sur le patch arri\u00e8re, est [...]","og_url":"https:\/\/www.voustensports.com\/fr\/hogan-sneaker-h-stripes-wit-beige-40642-2\/","og_site_name":"Vousten Sports","article_modified_time":"2026-02-05T11:28:15+00:00","og_image":[{"width":2000,"height":2000,"url":"https:\/\/www.voustensports.com\/wp-content\/uploads\/2023\/06\/HOGAN-Sneaker-H-Stripes-wit-beige-40642.png","type":"image\/png"}],"twitter_card":"summary_large_image","twitter_misc":{"Est. reading time":"1 minute"},"schema":{"@context":"https:\/\/schema.org","@graph":[{"@type":"WebPage","@id":"https:\/\/www.voustensports.com\/fr\/hogan-sneaker-h-stripes-wit-beige-40642-2\/","url":"https:\/\/www.voustensports.com\/fr\/hogan-sneaker-h-stripes-wit-beige-40642-2\/","name":"HOGAN - Sneaker H-Stripes blanc \/ beige (40642) - Vousten Sports","isPartOf":{"@id":"https:\/\/www.voustensports.com\/nl\/#website"},"primaryImageOfPage":{"@id":"https:\/\/www.voustensports.com\/fr\/hogan-sneaker-h-stripes-wit-beige-40642-2\/#primaryimage"},"image":{"@id":"https:\/\/www.voustensports.com\/fr\/hogan-sneaker-h-stripes-wit-beige-40642-2\/#primaryimage"},"thumbnailUrl":"https:\/\/www.voustensports.com\/wp-content\/uploads\/2023\/06\/HOGAN-Sneaker-H-Stripes-wit-beige-40642.png","datePublished":"2025-01-29T12:46:46+00:00","dateModified":"2026-02-05T11:28:15+00:00","breadcrumb":{"@id":"https:\/\/www.voustensports.com\/fr\/hogan-sneaker-h-stripes-wit-beige-40642-2\/#breadcrumb"},"inLanguage":"fr-FR","potentialAction":[{"@type":"ReadAction","target":["https:\/\/www.voustensports.com\/fr\/hogan-sneaker-h-stripes-wit-beige-40642-2\/"]}]},{"@type":"ImageObject","inLanguage":"fr-FR","@id":"https:\/\/www.voustensports.com\/fr\/hogan-sneaker-h-stripes-wit-beige-40642-2\/#primaryimage","url":"https:\/\/www.voustensports.com\/wp-content\/uploads\/2023\/06\/HOGAN-Sneaker-H-Stripes-wit-beige-40642.png","contentUrl":"https:\/\/www.voustensports.com\/wp-content\/uploads\/2023\/06\/HOGAN-Sneaker-H-Stripes-wit-beige-40642.png","width":2000,"height":2000},{"@type":"BreadcrumbList","@id":"https:\/\/www.voustensports.com\/fr\/hogan-sneaker-h-stripes-wit-beige-40642-2\/#breadcrumb","itemListElement":[{"@type":"ListItem","position":1,"name":"Home","item":"https:\/\/www.voustensports.com\/fr\/"},{"@type":"ListItem","position":2,"name":"Boutique","item":"https:\/\/www.voustensports.com\/fr\/shop\/"},{"@type":"ListItem","position":3,"name":"HOGAN &#8211; Sneaker H-Stripes blanc \/ beige (40642)"}]},{"@type":"WebSite","@id":"https:\/\/www.voustensports.com\/nl\/#website","url":"https:\/\/www.voustensports.com\/nl\/","name":"Vousten Sports","description":"","potentialAction":[{"@type":"SearchAction","target":{"@type":"EntryPoint","urlTemplate":"https:\/\/www.voustensports.com\/nl\/?s={search_term_string}"},"query-input":{"@type":"PropertyValueSpecification","valueRequired":true,"valueName":"search_term_string"}}],"inLanguage":"fr-FR"}]}},"_links":{"self":[{"href":"https:\/\/www.voustensports.com\/fr\/wp-json\/wp\/v2\/product\/195397","targetHints":{"allow":["GET"]}}],"collection":[{"href":"https:\/\/www.voustensports.com\/fr\/wp-json\/wp\/v2\/product"}],"about":[{"href":"https:\/\/www.voustensports.com\/fr\/wp-json\/wp\/v2\/types\/product"}],"replies":[{"embeddable":true,"href":"https:\/\/www.voustensports.com\/fr\/wp-json\/wp\/v2\/comments?post=195397"}],"wp:featuredmedia":[{"embeddable":true,"href":"https:\/\/www.voustensports.com\/fr\/wp-json\/wp\/v2\/media\/195373"}],"wp:attachment":[{"href":"https:\/\/www.voustensports.com\/fr\/wp-json\/wp\/v2\/media?parent=195397"}],"wp:term":[{"taxonomy":"product_cat","embeddable":true,"href":"https:\/\/www.voustensports.com\/fr\/wp-json\/wp\/v2\/product_cat?post=195397"},{"taxonomy":"product_tag","embeddable":true,"href":"https:\/\/www.voustensports.com\/fr\/wp-json\/wp\/v2\/product_tag?post=195397"}],"curies":[{"name":"wp","href":"https:\/\/api.w.org\/{rel}","templated":true}]}}