{"id":195141,"date":"2025-01-25T14:36:10","date_gmt":"2025-01-25T13:36:10","guid":{"rendered":"https:\/\/www.voustensports.com\/gran-sasso-ras-du-cou-en-coton-2-fils-bleu-fonce-40696\/"},"modified":"2026-02-05T12:29:32","modified_gmt":"2026-02-05T11:29:32","slug":"gran-sasso-ras-du-cou-en-coton-2-fils-bleu-fonce-40696","status":"publish","type":"product","link":"https:\/\/www.voustensports.com\/fr\/gran-sasso-ras-du-cou-en-coton-2-fils-bleu-fonce-40696\/","title":{"rendered":"Gran Sasso &#8211; RAS DU COU EN COTON 2 FILS bleu fonc\u00e9 (40696)"},"content":{"rendered":"<div>Pull ras du cou en pur coton \u00e9gyptien 2 fils. Un v\u00eatement polyvalent, confortable et jeune pour toutes les tenues.<\/div>\n<ul>\n<li>Fabriqu\u00e9 en Italie.<\/li>\n<li>100 % COTON<\/li>\n<\/ul>\n","protected":false},"excerpt":{"rendered":"<p>Pull ras du cou en pur coton \u00e9gyptien 2 fils. Un v\u00eatement polyvalent, confortable et jeune pour toutes les tenues. Fabriqu\u00e9 en Italie. 100 % COTON<\/p>\n","protected":false},"featured_media":195129,"comment_status":"open","ping_status":"closed","template":"","meta":{"rank_math_lock_modified_date":false},"product_cat":[534,538,694,924,446,450,462],"product_tag":[],"class_list":{"0":"post-195141","1":"product","2":"type-product","3":"status-publish","4":"has-post-thumbnail","6":"product_cat-truien-fr-2","7":"product_cat-knitwear-fr","8":"product_cat-truien-vesten-fr-2","9":"product_cat-gran-sasso-fr","10":"product_cat-kleding-fr","11":"product_cat-heren-fr","12":"product_cat-vousten-sports-fr-2","14":"first","15":"instock","16":"taxable","17":"shipping-taxable","18":"purchasable","19":"product-type-variable"},"acf":[],"yoast_head":"<!-- This site is optimized with the Yoast SEO plugin v23.9 - https:\/\/yoast.com\/wordpress\/plugins\/seo\/ -->\n<title>Gran Sasso - RAS DU COU EN COTON 2 FILS bleu fonc\u00e9 (40696) - Vousten Sports<\/title>\n<meta name=\"robots\" content=\"index, follow, max-snippet:-1, max-image-preview:large, max-video-preview:-1\" \/>\n<link rel=\"canonical\" href=\"https:\/\/www.voustensports.com\/fr\/gran-sasso-ras-du-cou-en-coton-2-fils-bleu-fonce-40696\/\" \/>\n<meta property=\"og:locale\" content=\"fr_FR\" \/>\n<meta property=\"og:type\" content=\"article\" \/>\n<meta property=\"og:title\" content=\"Gran Sasso - RAS DU COU EN COTON 2 FILS bleu fonc\u00e9 (40696) - Vousten Sports\" \/>\n<meta property=\"og:description\" content=\"Pull ras du cou en pur coton \u00e9gyptien 2 fils. Un v\u00eatement polyvalent, confortable et jeune pour toutes les tenues. Fabriqu\u00e9 en Italie. 100 % COTON\" \/>\n<meta property=\"og:url\" content=\"https:\/\/www.voustensports.com\/fr\/gran-sasso-ras-du-cou-en-coton-2-fils-bleu-fonce-40696\/\" \/>\n<meta property=\"og:site_name\" content=\"Vousten Sports\" \/>\n<meta property=\"article:modified_time\" content=\"2026-02-05T11:29:32+00:00\" \/>\n<meta property=\"og:image\" content=\"https:\/\/www.voustensports.com\/wp-content\/uploads\/2023\/06\/2-PLY-COTTON-CREW-NECK-DONKERBLAUW-406961.jpg\" \/>\n\t<meta property=\"og:image:width\" content=\"1510\" \/>\n\t<meta property=\"og:image:height\" content=\"2048\" \/>\n\t<meta property=\"og:image:type\" content=\"image\/jpeg\" \/>\n<meta name=\"twitter:card\" content=\"summary_large_image\" \/>\n<script type=\"application\/ld+json\" class=\"yoast-schema-graph\">{\"@context\":\"https:\/\/schema.org\",\"@graph\":[{\"@type\":\"WebPage\",\"@id\":\"https:\/\/www.voustensports.com\/fr\/gran-sasso-ras-du-cou-en-coton-2-fils-bleu-fonce-40696\/\",\"url\":\"https:\/\/www.voustensports.com\/fr\/gran-sasso-ras-du-cou-en-coton-2-fils-bleu-fonce-40696\/\",\"name\":\"Gran Sasso - RAS DU COU EN COTON 2 FILS bleu fonc\u00e9 (40696) - Vousten Sports\",\"isPartOf\":{\"@id\":\"https:\/\/www.voustensports.com\/nl\/#website\"},\"primaryImageOfPage\":{\"@id\":\"https:\/\/www.voustensports.com\/fr\/gran-sasso-ras-du-cou-en-coton-2-fils-bleu-fonce-40696\/#primaryimage\"},\"image\":{\"@id\":\"https:\/\/www.voustensports.com\/fr\/gran-sasso-ras-du-cou-en-coton-2-fils-bleu-fonce-40696\/#primaryimage\"},\"thumbnailUrl\":\"https:\/\/www.voustensports.com\/wp-content\/uploads\/2023\/06\/2-PLY-COTTON-CREW-NECK-DONKERBLAUW-406961.jpg\",\"datePublished\":\"2025-01-25T13:36:10+00:00\",\"dateModified\":\"2026-02-05T11:29:32+00:00\",\"breadcrumb\":{\"@id\":\"https:\/\/www.voustensports.com\/fr\/gran-sasso-ras-du-cou-en-coton-2-fils-bleu-fonce-40696\/#breadcrumb\"},\"inLanguage\":\"fr-FR\",\"potentialAction\":[{\"@type\":\"ReadAction\",\"target\":[\"https:\/\/www.voustensports.com\/fr\/gran-sasso-ras-du-cou-en-coton-2-fils-bleu-fonce-40696\/\"]}]},{\"@type\":\"ImageObject\",\"inLanguage\":\"fr-FR\",\"@id\":\"https:\/\/www.voustensports.com\/fr\/gran-sasso-ras-du-cou-en-coton-2-fils-bleu-fonce-40696\/#primaryimage\",\"url\":\"https:\/\/www.voustensports.com\/wp-content\/uploads\/2023\/06\/2-PLY-COTTON-CREW-NECK-DONKERBLAUW-406961.jpg\",\"contentUrl\":\"https:\/\/www.voustensports.com\/wp-content\/uploads\/2023\/06\/2-PLY-COTTON-CREW-NECK-DONKERBLAUW-406961.jpg\",\"width\":1510,\"height\":2048},{\"@type\":\"BreadcrumbList\",\"@id\":\"https:\/\/www.voustensports.com\/fr\/gran-sasso-ras-du-cou-en-coton-2-fils-bleu-fonce-40696\/#breadcrumb\",\"itemListElement\":[{\"@type\":\"ListItem\",\"position\":1,\"name\":\"Home\",\"item\":\"https:\/\/www.voustensports.com\/fr\/\"},{\"@type\":\"ListItem\",\"position\":2,\"name\":\"Boutique\",\"item\":\"https:\/\/www.voustensports.com\/fr\/shop\/\"},{\"@type\":\"ListItem\",\"position\":3,\"name\":\"Gran Sasso &#8211; RAS DU COU EN COTON 2 FILS bleu fonc\u00e9 (40696)\"}]},{\"@type\":\"WebSite\",\"@id\":\"https:\/\/www.voustensports.com\/nl\/#website\",\"url\":\"https:\/\/www.voustensports.com\/nl\/\",\"name\":\"Vousten Sports\",\"description\":\"\",\"potentialAction\":[{\"@type\":\"SearchAction\",\"target\":{\"@type\":\"EntryPoint\",\"urlTemplate\":\"https:\/\/www.voustensports.com\/nl\/?s={search_term_string}\"},\"query-input\":{\"@type\":\"PropertyValueSpecification\",\"valueRequired\":true,\"valueName\":\"search_term_string\"}}],\"inLanguage\":\"fr-FR\"}]}<\/script>\n<!-- \/ Yoast SEO plugin. -->","yoast_head_json":{"title":"Gran Sasso - RAS DU COU EN COTON 2 FILS bleu fonc\u00e9 (40696) - Vousten Sports","robots":{"index":"index","follow":"follow","max-snippet":"max-snippet:-1","max-image-preview":"max-image-preview:large","max-video-preview":"max-video-preview:-1"},"canonical":"https:\/\/www.voustensports.com\/fr\/gran-sasso-ras-du-cou-en-coton-2-fils-bleu-fonce-40696\/","og_locale":"fr_FR","og_type":"article","og_title":"Gran Sasso - RAS DU COU EN COTON 2 FILS bleu fonc\u00e9 (40696) - Vousten Sports","og_description":"Pull ras du cou en pur coton \u00e9gyptien 2 fils. Un v\u00eatement polyvalent, confortable et jeune pour toutes les tenues. Fabriqu\u00e9 en Italie. 100 % COTON","og_url":"https:\/\/www.voustensports.com\/fr\/gran-sasso-ras-du-cou-en-coton-2-fils-bleu-fonce-40696\/","og_site_name":"Vousten Sports","article_modified_time":"2026-02-05T11:29:32+00:00","og_image":[{"width":1510,"height":2048,"url":"https:\/\/www.voustensports.com\/wp-content\/uploads\/2023\/06\/2-PLY-COTTON-CREW-NECK-DONKERBLAUW-406961.jpg","type":"image\/jpeg"}],"twitter_card":"summary_large_image","schema":{"@context":"https:\/\/schema.org","@graph":[{"@type":"WebPage","@id":"https:\/\/www.voustensports.com\/fr\/gran-sasso-ras-du-cou-en-coton-2-fils-bleu-fonce-40696\/","url":"https:\/\/www.voustensports.com\/fr\/gran-sasso-ras-du-cou-en-coton-2-fils-bleu-fonce-40696\/","name":"Gran Sasso - RAS DU COU EN COTON 2 FILS bleu fonc\u00e9 (40696) - Vousten Sports","isPartOf":{"@id":"https:\/\/www.voustensports.com\/nl\/#website"},"primaryImageOfPage":{"@id":"https:\/\/www.voustensports.com\/fr\/gran-sasso-ras-du-cou-en-coton-2-fils-bleu-fonce-40696\/#primaryimage"},"image":{"@id":"https:\/\/www.voustensports.com\/fr\/gran-sasso-ras-du-cou-en-coton-2-fils-bleu-fonce-40696\/#primaryimage"},"thumbnailUrl":"https:\/\/www.voustensports.com\/wp-content\/uploads\/2023\/06\/2-PLY-COTTON-CREW-NECK-DONKERBLAUW-406961.jpg","datePublished":"2025-01-25T13:36:10+00:00","dateModified":"2026-02-05T11:29:32+00:00","breadcrumb":{"@id":"https:\/\/www.voustensports.com\/fr\/gran-sasso-ras-du-cou-en-coton-2-fils-bleu-fonce-40696\/#breadcrumb"},"inLanguage":"fr-FR","potentialAction":[{"@type":"ReadAction","target":["https:\/\/www.voustensports.com\/fr\/gran-sasso-ras-du-cou-en-coton-2-fils-bleu-fonce-40696\/"]}]},{"@type":"ImageObject","inLanguage":"fr-FR","@id":"https:\/\/www.voustensports.com\/fr\/gran-sasso-ras-du-cou-en-coton-2-fils-bleu-fonce-40696\/#primaryimage","url":"https:\/\/www.voustensports.com\/wp-content\/uploads\/2023\/06\/2-PLY-COTTON-CREW-NECK-DONKERBLAUW-406961.jpg","contentUrl":"https:\/\/www.voustensports.com\/wp-content\/uploads\/2023\/06\/2-PLY-COTTON-CREW-NECK-DONKERBLAUW-406961.jpg","width":1510,"height":2048},{"@type":"BreadcrumbList","@id":"https:\/\/www.voustensports.com\/fr\/gran-sasso-ras-du-cou-en-coton-2-fils-bleu-fonce-40696\/#breadcrumb","itemListElement":[{"@type":"ListItem","position":1,"name":"Home","item":"https:\/\/www.voustensports.com\/fr\/"},{"@type":"ListItem","position":2,"name":"Boutique","item":"https:\/\/www.voustensports.com\/fr\/shop\/"},{"@type":"ListItem","position":3,"name":"Gran Sasso &#8211; RAS DU COU EN COTON 2 FILS bleu fonc\u00e9 (40696)"}]},{"@type":"WebSite","@id":"https:\/\/www.voustensports.com\/nl\/#website","url":"https:\/\/www.voustensports.com\/nl\/","name":"Vousten Sports","description":"","potentialAction":[{"@type":"SearchAction","target":{"@type":"EntryPoint","urlTemplate":"https:\/\/www.voustensports.com\/nl\/?s={search_term_string}"},"query-input":{"@type":"PropertyValueSpecification","valueRequired":true,"valueName":"search_term_string"}}],"inLanguage":"fr-FR"}]}},"_links":{"self":[{"href":"https:\/\/www.voustensports.com\/fr\/wp-json\/wp\/v2\/product\/195141","targetHints":{"allow":["GET"]}}],"collection":[{"href":"https:\/\/www.voustensports.com\/fr\/wp-json\/wp\/v2\/product"}],"about":[{"href":"https:\/\/www.voustensports.com\/fr\/wp-json\/wp\/v2\/types\/product"}],"replies":[{"embeddable":true,"href":"https:\/\/www.voustensports.com\/fr\/wp-json\/wp\/v2\/comments?post=195141"}],"wp:featuredmedia":[{"embeddable":true,"href":"https:\/\/www.voustensports.com\/fr\/wp-json\/wp\/v2\/media\/195129"}],"wp:attachment":[{"href":"https:\/\/www.voustensports.com\/fr\/wp-json\/wp\/v2\/media?parent=195141"}],"wp:term":[{"taxonomy":"product_cat","embeddable":true,"href":"https:\/\/www.voustensports.com\/fr\/wp-json\/wp\/v2\/product_cat?post=195141"},{"taxonomy":"product_tag","embeddable":true,"href":"https:\/\/www.voustensports.com\/fr\/wp-json\/wp\/v2\/product_tag?post=195141"}],"curies":[{"name":"wp","href":"https:\/\/api.w.org\/{rel}","templated":true}]}}