{"id":194983,"date":"2025-01-25T12:04:10","date_gmt":"2025-01-25T11:04:10","guid":{"rendered":"https:\/\/www.voustensports.com\/flaneur-pull-a-logo-ton-sur-ton-noir-40454\/"},"modified":"2026-02-05T12:23:39","modified_gmt":"2026-02-05T11:23:39","slug":"flaneur-pull-a-logo-ton-sur-ton-noir-40454","status":"publish","type":"product","link":"https:\/\/www.voustensports.com\/fr\/flaneur-pull-a-logo-ton-sur-ton-noir-40454\/","title":{"rendered":"FL\u00c2NEUR &#8211; Pull \u00e0 logo ton sur ton noir (40454)"},"content":{"rendered":"<div>Le pull \u00e0 logo ton sur ton noir, orn\u00e9 du logo Fl\u00e2neur de couleur noire sur la poitrine et le dos, confectionn\u00e9 dans une coupe r\u00e9guli\u00e8re en jersey de coton doux de la meilleure qualit\u00e9.<\/div>\n<ul>\n<li>Composition : 100 % coton<\/li>\n<li>Fabriqu\u00e9 en Turquie<\/li>\n<\/ul>\n","protected":false},"excerpt":{"rendered":"<p>Le pull \u00e0 logo ton sur ton noir, orn\u00e9 du logo Fl\u00e2neur de couleur noire sur la poitrine et le dos, confectionn\u00e9 dans une coupe r\u00e9guli\u00e8re en jersey de coton doux de la meilleure qualit\u00e9. Composition : 100 % coton Fabriqu\u00e9 en Turquie<\/p>\n","protected":false},"featured_media":194971,"comment_status":"open","ping_status":"closed","template":"","meta":{"rank_math_lock_modified_date":false},"product_cat":[446,450,462,534,694,697,912],"product_tag":[],"class_list":{"0":"post-194983","1":"product","2":"type-product","3":"status-publish","4":"has-post-thumbnail","6":"product_cat-kleding-fr","7":"product_cat-heren-fr","8":"product_cat-vousten-sports-fr-2","9":"product_cat-truien-fr-2","10":"product_cat-truien-vesten-fr-2","11":"product_cat-sweaters-fr-2","12":"product_cat-flaneur-fr","14":"first","15":"outofstock","16":"taxable","17":"shipping-taxable","18":"purchasable","19":"product-type-variable"},"acf":[],"yoast_head":"<!-- This site is optimized with the Yoast SEO plugin v23.9 - https:\/\/yoast.com\/wordpress\/plugins\/seo\/ -->\n<title>FL\u00c2NEUR - Pull \u00e0 logo ton sur ton noir (40454) - Vousten Sports<\/title>\n<meta name=\"robots\" content=\"index, follow, max-snippet:-1, max-image-preview:large, max-video-preview:-1\" \/>\n<link rel=\"canonical\" href=\"https:\/\/www.voustensports.com\/fr\/flaneur-pull-a-logo-ton-sur-ton-noir-40454\/\" \/>\n<meta property=\"og:locale\" content=\"fr_FR\" \/>\n<meta property=\"og:type\" content=\"article\" \/>\n<meta property=\"og:title\" content=\"FL\u00c2NEUR - Pull \u00e0 logo ton sur ton noir (40454) - Vousten Sports\" \/>\n<meta property=\"og:description\" content=\"Le pull \u00e0 logo ton sur ton noir, orn\u00e9 du logo Fl\u00e2neur de couleur noire sur la poitrine et le dos, confectionn\u00e9 dans une coupe r\u00e9guli\u00e8re en jersey de coton doux de la meilleure qualit\u00e9. Composition : 100 % coton Fabriqu\u00e9 en Turquie\" \/>\n<meta property=\"og:url\" content=\"https:\/\/www.voustensports.com\/fr\/flaneur-pull-a-logo-ton-sur-ton-noir-40454\/\" \/>\n<meta property=\"og:site_name\" content=\"Vousten Sports\" \/>\n<meta property=\"article:modified_time\" content=\"2026-02-05T11:23:39+00:00\" \/>\n<meta property=\"og:image\" content=\"https:\/\/www.voustensports.com\/wp-content\/uploads\/2023\/06\/Tonal-Logo-Sweater-zwart-404541.jpg\" \/>\n\t<meta property=\"og:image:width\" content=\"1365\" \/>\n\t<meta property=\"og:image:height\" content=\"2048\" \/>\n\t<meta property=\"og:image:type\" content=\"image\/jpeg\" \/>\n<meta name=\"twitter:card\" content=\"summary_large_image\" \/>\n<script type=\"application\/ld+json\" class=\"yoast-schema-graph\">{\"@context\":\"https:\/\/schema.org\",\"@graph\":[{\"@type\":\"WebPage\",\"@id\":\"https:\/\/www.voustensports.com\/fr\/flaneur-pull-a-logo-ton-sur-ton-noir-40454\/\",\"url\":\"https:\/\/www.voustensports.com\/fr\/flaneur-pull-a-logo-ton-sur-ton-noir-40454\/\",\"name\":\"FL\u00c2NEUR - Pull \u00e0 logo ton sur ton noir (40454) - Vousten Sports\",\"isPartOf\":{\"@id\":\"https:\/\/www.voustensports.com\/nl\/#website\"},\"primaryImageOfPage\":{\"@id\":\"https:\/\/www.voustensports.com\/fr\/flaneur-pull-a-logo-ton-sur-ton-noir-40454\/#primaryimage\"},\"image\":{\"@id\":\"https:\/\/www.voustensports.com\/fr\/flaneur-pull-a-logo-ton-sur-ton-noir-40454\/#primaryimage\"},\"thumbnailUrl\":\"https:\/\/www.voustensports.com\/wp-content\/uploads\/2023\/06\/Tonal-Logo-Sweater-zwart-404541.jpg\",\"datePublished\":\"2025-01-25T11:04:10+00:00\",\"dateModified\":\"2026-02-05T11:23:39+00:00\",\"breadcrumb\":{\"@id\":\"https:\/\/www.voustensports.com\/fr\/flaneur-pull-a-logo-ton-sur-ton-noir-40454\/#breadcrumb\"},\"inLanguage\":\"fr-FR\",\"potentialAction\":[{\"@type\":\"ReadAction\",\"target\":[\"https:\/\/www.voustensports.com\/fr\/flaneur-pull-a-logo-ton-sur-ton-noir-40454\/\"]}]},{\"@type\":\"ImageObject\",\"inLanguage\":\"fr-FR\",\"@id\":\"https:\/\/www.voustensports.com\/fr\/flaneur-pull-a-logo-ton-sur-ton-noir-40454\/#primaryimage\",\"url\":\"https:\/\/www.voustensports.com\/wp-content\/uploads\/2023\/06\/Tonal-Logo-Sweater-zwart-404541.jpg\",\"contentUrl\":\"https:\/\/www.voustensports.com\/wp-content\/uploads\/2023\/06\/Tonal-Logo-Sweater-zwart-404541.jpg\",\"width\":1365,\"height\":2048},{\"@type\":\"BreadcrumbList\",\"@id\":\"https:\/\/www.voustensports.com\/fr\/flaneur-pull-a-logo-ton-sur-ton-noir-40454\/#breadcrumb\",\"itemListElement\":[{\"@type\":\"ListItem\",\"position\":1,\"name\":\"Home\",\"item\":\"https:\/\/www.voustensports.com\/fr\/\"},{\"@type\":\"ListItem\",\"position\":2,\"name\":\"Boutique\",\"item\":\"https:\/\/www.voustensports.com\/fr\/shop\/\"},{\"@type\":\"ListItem\",\"position\":3,\"name\":\"FL\u00c2NEUR &#8211; Pull \u00e0 logo ton sur ton noir (40454)\"}]},{\"@type\":\"WebSite\",\"@id\":\"https:\/\/www.voustensports.com\/nl\/#website\",\"url\":\"https:\/\/www.voustensports.com\/nl\/\",\"name\":\"Vousten Sports\",\"description\":\"\",\"potentialAction\":[{\"@type\":\"SearchAction\",\"target\":{\"@type\":\"EntryPoint\",\"urlTemplate\":\"https:\/\/www.voustensports.com\/nl\/?s={search_term_string}\"},\"query-input\":{\"@type\":\"PropertyValueSpecification\",\"valueRequired\":true,\"valueName\":\"search_term_string\"}}],\"inLanguage\":\"fr-FR\"}]}<\/script>\n<!-- \/ Yoast SEO plugin. -->","yoast_head_json":{"title":"FL\u00c2NEUR - Pull \u00e0 logo ton sur ton noir (40454) - Vousten Sports","robots":{"index":"index","follow":"follow","max-snippet":"max-snippet:-1","max-image-preview":"max-image-preview:large","max-video-preview":"max-video-preview:-1"},"canonical":"https:\/\/www.voustensports.com\/fr\/flaneur-pull-a-logo-ton-sur-ton-noir-40454\/","og_locale":"fr_FR","og_type":"article","og_title":"FL\u00c2NEUR - Pull \u00e0 logo ton sur ton noir (40454) - Vousten Sports","og_description":"Le pull \u00e0 logo ton sur ton noir, orn\u00e9 du logo Fl\u00e2neur de couleur noire sur la poitrine et le dos, confectionn\u00e9 dans une coupe r\u00e9guli\u00e8re en jersey de coton doux de la meilleure qualit\u00e9. Composition : 100 % coton Fabriqu\u00e9 en Turquie","og_url":"https:\/\/www.voustensports.com\/fr\/flaneur-pull-a-logo-ton-sur-ton-noir-40454\/","og_site_name":"Vousten Sports","article_modified_time":"2026-02-05T11:23:39+00:00","og_image":[{"width":1365,"height":2048,"url":"https:\/\/www.voustensports.com\/wp-content\/uploads\/2023\/06\/Tonal-Logo-Sweater-zwart-404541.jpg","type":"image\/jpeg"}],"twitter_card":"summary_large_image","schema":{"@context":"https:\/\/schema.org","@graph":[{"@type":"WebPage","@id":"https:\/\/www.voustensports.com\/fr\/flaneur-pull-a-logo-ton-sur-ton-noir-40454\/","url":"https:\/\/www.voustensports.com\/fr\/flaneur-pull-a-logo-ton-sur-ton-noir-40454\/","name":"FL\u00c2NEUR - Pull \u00e0 logo ton sur ton noir (40454) - Vousten Sports","isPartOf":{"@id":"https:\/\/www.voustensports.com\/nl\/#website"},"primaryImageOfPage":{"@id":"https:\/\/www.voustensports.com\/fr\/flaneur-pull-a-logo-ton-sur-ton-noir-40454\/#primaryimage"},"image":{"@id":"https:\/\/www.voustensports.com\/fr\/flaneur-pull-a-logo-ton-sur-ton-noir-40454\/#primaryimage"},"thumbnailUrl":"https:\/\/www.voustensports.com\/wp-content\/uploads\/2023\/06\/Tonal-Logo-Sweater-zwart-404541.jpg","datePublished":"2025-01-25T11:04:10+00:00","dateModified":"2026-02-05T11:23:39+00:00","breadcrumb":{"@id":"https:\/\/www.voustensports.com\/fr\/flaneur-pull-a-logo-ton-sur-ton-noir-40454\/#breadcrumb"},"inLanguage":"fr-FR","potentialAction":[{"@type":"ReadAction","target":["https:\/\/www.voustensports.com\/fr\/flaneur-pull-a-logo-ton-sur-ton-noir-40454\/"]}]},{"@type":"ImageObject","inLanguage":"fr-FR","@id":"https:\/\/www.voustensports.com\/fr\/flaneur-pull-a-logo-ton-sur-ton-noir-40454\/#primaryimage","url":"https:\/\/www.voustensports.com\/wp-content\/uploads\/2023\/06\/Tonal-Logo-Sweater-zwart-404541.jpg","contentUrl":"https:\/\/www.voustensports.com\/wp-content\/uploads\/2023\/06\/Tonal-Logo-Sweater-zwart-404541.jpg","width":1365,"height":2048},{"@type":"BreadcrumbList","@id":"https:\/\/www.voustensports.com\/fr\/flaneur-pull-a-logo-ton-sur-ton-noir-40454\/#breadcrumb","itemListElement":[{"@type":"ListItem","position":1,"name":"Home","item":"https:\/\/www.voustensports.com\/fr\/"},{"@type":"ListItem","position":2,"name":"Boutique","item":"https:\/\/www.voustensports.com\/fr\/shop\/"},{"@type":"ListItem","position":3,"name":"FL\u00c2NEUR &#8211; Pull \u00e0 logo ton sur ton noir (40454)"}]},{"@type":"WebSite","@id":"https:\/\/www.voustensports.com\/nl\/#website","url":"https:\/\/www.voustensports.com\/nl\/","name":"Vousten Sports","description":"","potentialAction":[{"@type":"SearchAction","target":{"@type":"EntryPoint","urlTemplate":"https:\/\/www.voustensports.com\/nl\/?s={search_term_string}"},"query-input":{"@type":"PropertyValueSpecification","valueRequired":true,"valueName":"search_term_string"}}],"inLanguage":"fr-FR"}]}},"_links":{"self":[{"href":"https:\/\/www.voustensports.com\/fr\/wp-json\/wp\/v2\/product\/194983","targetHints":{"allow":["GET"]}}],"collection":[{"href":"https:\/\/www.voustensports.com\/fr\/wp-json\/wp\/v2\/product"}],"about":[{"href":"https:\/\/www.voustensports.com\/fr\/wp-json\/wp\/v2\/types\/product"}],"replies":[{"embeddable":true,"href":"https:\/\/www.voustensports.com\/fr\/wp-json\/wp\/v2\/comments?post=194983"}],"wp:featuredmedia":[{"embeddable":true,"href":"https:\/\/www.voustensports.com\/fr\/wp-json\/wp\/v2\/media\/194971"}],"wp:attachment":[{"href":"https:\/\/www.voustensports.com\/fr\/wp-json\/wp\/v2\/media?parent=194983"}],"wp:term":[{"taxonomy":"product_cat","embeddable":true,"href":"https:\/\/www.voustensports.com\/fr\/wp-json\/wp\/v2\/product_cat?post=194983"},{"taxonomy":"product_tag","embeddable":true,"href":"https:\/\/www.voustensports.com\/fr\/wp-json\/wp\/v2\/product_tag?post=194983"}],"curies":[{"name":"wp","href":"https:\/\/api.w.org\/{rel}","templated":true}]}}