{"id":194273,"date":"2025-01-18T16:46:09","date_gmt":"2025-01-18T15:46:09","guid":{"rendered":"https:\/\/www.voustensports.com\/gran-sasso-pull-col-roule-en-laine-merinos-vintage-2-fils-bleu-fonce-39788\/"},"modified":"2026-02-05T12:21:50","modified_gmt":"2026-02-05T11:21:50","slug":"gran-sasso-pull-col-roule-en-laine-merinos-vintage-2-fils-bleu-fonce-39788","status":"publish","type":"product","link":"https:\/\/www.voustensports.com\/fr\/gran-sasso-pull-col-roule-en-laine-merinos-vintage-2-fils-bleu-fonce-39788\/","title":{"rendered":"Gran Sasso &#8211; Pull col roul\u00e9 en laine m\u00e9rinos vintage 2 fils bleu fonc\u00e9 (39788)"},"content":{"rendered":"<div>Pull col roul\u00e9 en laine m\u00e9rinos vintage 2 fils. Un incontournable chaud et polyvalent. Pour un look plus audacieux et tendance, il peut \u00eatre port\u00e9 avec une chemise et montrer le col, tandis que pour des looks plus \u00e9l\u00e9gants, superpos\u00e9 avec un manteau.<\/div>\n<ul>\n<li>Fabriqu\u00e9 en Italie.<\/li>\n<li>COMPOSITION : 100 % LAINE M\u00c9RINOS EXTRA FINE<\/li>\n<\/ul>\n","protected":false},"excerpt":{"rendered":"<p>Pull col roul\u00e9 en laine m\u00e9rinos vintage 2 fils. Un incontournable chaud et polyvalent. Pour un look plus audacieux et tendance, il peut \u00eatre port\u00e9 avec une chemise et montrer le col, tandis que pour des looks plus \u00e9l\u00e9gants, superpos\u00e9 avec un manteau. Fabriqu\u00e9 en Italie. COMPOSITION : 100 % LAINE M\u00c9RINOS EXTRA FINE<\/p>\n","protected":false},"featured_media":194261,"comment_status":"open","ping_status":"closed","template":"","meta":{"rank_math_lock_modified_date":false},"product_cat":[534,538,694,924,446,450,462],"product_tag":[],"class_list":{"0":"post-194273","1":"product","2":"type-product","3":"status-publish","4":"has-post-thumbnail","6":"product_cat-truien-fr-2","7":"product_cat-knitwear-fr","8":"product_cat-truien-vesten-fr-2","9":"product_cat-gran-sasso-fr","10":"product_cat-kleding-fr","11":"product_cat-heren-fr","12":"product_cat-vousten-sports-fr-2","14":"first","15":"instock","16":"taxable","17":"shipping-taxable","18":"purchasable","19":"product-type-variable"},"acf":[],"yoast_head":"<!-- This site is optimized with the Yoast SEO plugin v23.9 - https:\/\/yoast.com\/wordpress\/plugins\/seo\/ -->\n<title>Gran Sasso - Pull col roul\u00e9 en laine m\u00e9rinos vintage 2 fils bleu fonc\u00e9 (39788) - Vousten Sports<\/title>\n<meta name=\"robots\" content=\"index, follow, max-snippet:-1, max-image-preview:large, max-video-preview:-1\" \/>\n<link rel=\"canonical\" href=\"https:\/\/www.voustensports.com\/fr\/gran-sasso-pull-col-roule-en-laine-merinos-vintage-2-fils-bleu-fonce-39788\/\" \/>\n<meta property=\"og:locale\" content=\"fr_FR\" \/>\n<meta property=\"og:type\" content=\"article\" \/>\n<meta property=\"og:title\" content=\"Gran Sasso - Pull col roul\u00e9 en laine m\u00e9rinos vintage 2 fils bleu fonc\u00e9 (39788) - Vousten Sports\" \/>\n<meta property=\"og:description\" content=\"Pull col roul\u00e9 en laine m\u00e9rinos vintage 2 fils. Un incontournable chaud et polyvalent. Pour un look plus audacieux et tendance, il peut \u00eatre port\u00e9 avec une chemise et montrer le col, tandis que pour des looks plus \u00e9l\u00e9gants, superpos\u00e9 avec un manteau. Fabriqu\u00e9 en Italie. COMPOSITION : 100 % LAINE M\u00c9RINOS EXTRA FINE\" \/>\n<meta property=\"og:url\" content=\"https:\/\/www.voustensports.com\/fr\/gran-sasso-pull-col-roule-en-laine-merinos-vintage-2-fils-bleu-fonce-39788\/\" \/>\n<meta property=\"og:site_name\" content=\"Vousten Sports\" \/>\n<meta property=\"article:modified_time\" content=\"2026-02-05T11:21:50+00:00\" \/>\n<meta property=\"og:image\" content=\"https:\/\/www.voustensports.com\/wp-content\/uploads\/2023\/06\/2-PLY-VINTAGE-MERINOS-TURTLENECK-DONKERBLAUW-397881.jpg\" \/>\n\t<meta property=\"og:image:width\" content=\"1362\" \/>\n\t<meta property=\"og:image:height\" content=\"2048\" \/>\n\t<meta property=\"og:image:type\" content=\"image\/jpeg\" \/>\n<meta name=\"twitter:card\" content=\"summary_large_image\" \/>\n<script type=\"application\/ld+json\" class=\"yoast-schema-graph\">{\"@context\":\"https:\/\/schema.org\",\"@graph\":[{\"@type\":\"WebPage\",\"@id\":\"https:\/\/www.voustensports.com\/fr\/gran-sasso-pull-col-roule-en-laine-merinos-vintage-2-fils-bleu-fonce-39788\/\",\"url\":\"https:\/\/www.voustensports.com\/fr\/gran-sasso-pull-col-roule-en-laine-merinos-vintage-2-fils-bleu-fonce-39788\/\",\"name\":\"Gran Sasso - Pull col roul\u00e9 en laine m\u00e9rinos vintage 2 fils bleu fonc\u00e9 (39788) - Vousten Sports\",\"isPartOf\":{\"@id\":\"https:\/\/www.voustensports.com\/nl\/#website\"},\"primaryImageOfPage\":{\"@id\":\"https:\/\/www.voustensports.com\/fr\/gran-sasso-pull-col-roule-en-laine-merinos-vintage-2-fils-bleu-fonce-39788\/#primaryimage\"},\"image\":{\"@id\":\"https:\/\/www.voustensports.com\/fr\/gran-sasso-pull-col-roule-en-laine-merinos-vintage-2-fils-bleu-fonce-39788\/#primaryimage\"},\"thumbnailUrl\":\"https:\/\/www.voustensports.com\/wp-content\/uploads\/2023\/06\/2-PLY-VINTAGE-MERINOS-TURTLENECK-DONKERBLAUW-397881.jpg\",\"datePublished\":\"2025-01-18T15:46:09+00:00\",\"dateModified\":\"2026-02-05T11:21:50+00:00\",\"breadcrumb\":{\"@id\":\"https:\/\/www.voustensports.com\/fr\/gran-sasso-pull-col-roule-en-laine-merinos-vintage-2-fils-bleu-fonce-39788\/#breadcrumb\"},\"inLanguage\":\"fr-FR\",\"potentialAction\":[{\"@type\":\"ReadAction\",\"target\":[\"https:\/\/www.voustensports.com\/fr\/gran-sasso-pull-col-roule-en-laine-merinos-vintage-2-fils-bleu-fonce-39788\/\"]}]},{\"@type\":\"ImageObject\",\"inLanguage\":\"fr-FR\",\"@id\":\"https:\/\/www.voustensports.com\/fr\/gran-sasso-pull-col-roule-en-laine-merinos-vintage-2-fils-bleu-fonce-39788\/#primaryimage\",\"url\":\"https:\/\/www.voustensports.com\/wp-content\/uploads\/2023\/06\/2-PLY-VINTAGE-MERINOS-TURTLENECK-DONKERBLAUW-397881.jpg\",\"contentUrl\":\"https:\/\/www.voustensports.com\/wp-content\/uploads\/2023\/06\/2-PLY-VINTAGE-MERINOS-TURTLENECK-DONKERBLAUW-397881.jpg\",\"width\":1362,\"height\":2048},{\"@type\":\"BreadcrumbList\",\"@id\":\"https:\/\/www.voustensports.com\/fr\/gran-sasso-pull-col-roule-en-laine-merinos-vintage-2-fils-bleu-fonce-39788\/#breadcrumb\",\"itemListElement\":[{\"@type\":\"ListItem\",\"position\":1,\"name\":\"Home\",\"item\":\"https:\/\/www.voustensports.com\/fr\/\"},{\"@type\":\"ListItem\",\"position\":2,\"name\":\"Boutique\",\"item\":\"https:\/\/www.voustensports.com\/fr\/shop\/\"},{\"@type\":\"ListItem\",\"position\":3,\"name\":\"Gran Sasso &#8211; Pull col roul\u00e9 en laine m\u00e9rinos vintage 2 fils bleu fonc\u00e9 (39788)\"}]},{\"@type\":\"WebSite\",\"@id\":\"https:\/\/www.voustensports.com\/nl\/#website\",\"url\":\"https:\/\/www.voustensports.com\/nl\/\",\"name\":\"Vousten Sports\",\"description\":\"\",\"potentialAction\":[{\"@type\":\"SearchAction\",\"target\":{\"@type\":\"EntryPoint\",\"urlTemplate\":\"https:\/\/www.voustensports.com\/nl\/?s={search_term_string}\"},\"query-input\":{\"@type\":\"PropertyValueSpecification\",\"valueRequired\":true,\"valueName\":\"search_term_string\"}}],\"inLanguage\":\"fr-FR\"}]}<\/script>\n<!-- \/ Yoast SEO plugin. -->","yoast_head_json":{"title":"Gran Sasso - Pull col roul\u00e9 en laine m\u00e9rinos vintage 2 fils bleu fonc\u00e9 (39788) - Vousten Sports","robots":{"index":"index","follow":"follow","max-snippet":"max-snippet:-1","max-image-preview":"max-image-preview:large","max-video-preview":"max-video-preview:-1"},"canonical":"https:\/\/www.voustensports.com\/fr\/gran-sasso-pull-col-roule-en-laine-merinos-vintage-2-fils-bleu-fonce-39788\/","og_locale":"fr_FR","og_type":"article","og_title":"Gran Sasso - Pull col roul\u00e9 en laine m\u00e9rinos vintage 2 fils bleu fonc\u00e9 (39788) - Vousten Sports","og_description":"Pull col roul\u00e9 en laine m\u00e9rinos vintage 2 fils. Un incontournable chaud et polyvalent. Pour un look plus audacieux et tendance, il peut \u00eatre port\u00e9 avec une chemise et montrer le col, tandis que pour des looks plus \u00e9l\u00e9gants, superpos\u00e9 avec un manteau. Fabriqu\u00e9 en Italie. COMPOSITION : 100 % LAINE M\u00c9RINOS EXTRA FINE","og_url":"https:\/\/www.voustensports.com\/fr\/gran-sasso-pull-col-roule-en-laine-merinos-vintage-2-fils-bleu-fonce-39788\/","og_site_name":"Vousten Sports","article_modified_time":"2026-02-05T11:21:50+00:00","og_image":[{"width":1362,"height":2048,"url":"https:\/\/www.voustensports.com\/wp-content\/uploads\/2023\/06\/2-PLY-VINTAGE-MERINOS-TURTLENECK-DONKERBLAUW-397881.jpg","type":"image\/jpeg"}],"twitter_card":"summary_large_image","schema":{"@context":"https:\/\/schema.org","@graph":[{"@type":"WebPage","@id":"https:\/\/www.voustensports.com\/fr\/gran-sasso-pull-col-roule-en-laine-merinos-vintage-2-fils-bleu-fonce-39788\/","url":"https:\/\/www.voustensports.com\/fr\/gran-sasso-pull-col-roule-en-laine-merinos-vintage-2-fils-bleu-fonce-39788\/","name":"Gran Sasso - Pull col roul\u00e9 en laine m\u00e9rinos vintage 2 fils bleu fonc\u00e9 (39788) - Vousten Sports","isPartOf":{"@id":"https:\/\/www.voustensports.com\/nl\/#website"},"primaryImageOfPage":{"@id":"https:\/\/www.voustensports.com\/fr\/gran-sasso-pull-col-roule-en-laine-merinos-vintage-2-fils-bleu-fonce-39788\/#primaryimage"},"image":{"@id":"https:\/\/www.voustensports.com\/fr\/gran-sasso-pull-col-roule-en-laine-merinos-vintage-2-fils-bleu-fonce-39788\/#primaryimage"},"thumbnailUrl":"https:\/\/www.voustensports.com\/wp-content\/uploads\/2023\/06\/2-PLY-VINTAGE-MERINOS-TURTLENECK-DONKERBLAUW-397881.jpg","datePublished":"2025-01-18T15:46:09+00:00","dateModified":"2026-02-05T11:21:50+00:00","breadcrumb":{"@id":"https:\/\/www.voustensports.com\/fr\/gran-sasso-pull-col-roule-en-laine-merinos-vintage-2-fils-bleu-fonce-39788\/#breadcrumb"},"inLanguage":"fr-FR","potentialAction":[{"@type":"ReadAction","target":["https:\/\/www.voustensports.com\/fr\/gran-sasso-pull-col-roule-en-laine-merinos-vintage-2-fils-bleu-fonce-39788\/"]}]},{"@type":"ImageObject","inLanguage":"fr-FR","@id":"https:\/\/www.voustensports.com\/fr\/gran-sasso-pull-col-roule-en-laine-merinos-vintage-2-fils-bleu-fonce-39788\/#primaryimage","url":"https:\/\/www.voustensports.com\/wp-content\/uploads\/2023\/06\/2-PLY-VINTAGE-MERINOS-TURTLENECK-DONKERBLAUW-397881.jpg","contentUrl":"https:\/\/www.voustensports.com\/wp-content\/uploads\/2023\/06\/2-PLY-VINTAGE-MERINOS-TURTLENECK-DONKERBLAUW-397881.jpg","width":1362,"height":2048},{"@type":"BreadcrumbList","@id":"https:\/\/www.voustensports.com\/fr\/gran-sasso-pull-col-roule-en-laine-merinos-vintage-2-fils-bleu-fonce-39788\/#breadcrumb","itemListElement":[{"@type":"ListItem","position":1,"name":"Home","item":"https:\/\/www.voustensports.com\/fr\/"},{"@type":"ListItem","position":2,"name":"Boutique","item":"https:\/\/www.voustensports.com\/fr\/shop\/"},{"@type":"ListItem","position":3,"name":"Gran Sasso &#8211; Pull col roul\u00e9 en laine m\u00e9rinos vintage 2 fils bleu fonc\u00e9 (39788)"}]},{"@type":"WebSite","@id":"https:\/\/www.voustensports.com\/nl\/#website","url":"https:\/\/www.voustensports.com\/nl\/","name":"Vousten Sports","description":"","potentialAction":[{"@type":"SearchAction","target":{"@type":"EntryPoint","urlTemplate":"https:\/\/www.voustensports.com\/nl\/?s={search_term_string}"},"query-input":{"@type":"PropertyValueSpecification","valueRequired":true,"valueName":"search_term_string"}}],"inLanguage":"fr-FR"}]}},"_links":{"self":[{"href":"https:\/\/www.voustensports.com\/fr\/wp-json\/wp\/v2\/product\/194273","targetHints":{"allow":["GET"]}}],"collection":[{"href":"https:\/\/www.voustensports.com\/fr\/wp-json\/wp\/v2\/product"}],"about":[{"href":"https:\/\/www.voustensports.com\/fr\/wp-json\/wp\/v2\/types\/product"}],"replies":[{"embeddable":true,"href":"https:\/\/www.voustensports.com\/fr\/wp-json\/wp\/v2\/comments?post=194273"}],"wp:featuredmedia":[{"embeddable":true,"href":"https:\/\/www.voustensports.com\/fr\/wp-json\/wp\/v2\/media\/194261"}],"wp:attachment":[{"href":"https:\/\/www.voustensports.com\/fr\/wp-json\/wp\/v2\/media?parent=194273"}],"wp:term":[{"taxonomy":"product_cat","embeddable":true,"href":"https:\/\/www.voustensports.com\/fr\/wp-json\/wp\/v2\/product_cat?post=194273"},{"taxonomy":"product_tag","embeddable":true,"href":"https:\/\/www.voustensports.com\/fr\/wp-json\/wp\/v2\/product_tag?post=194273"}],"curies":[{"name":"wp","href":"https:\/\/api.w.org\/{rel}","templated":true}]}}