{"id":194243,"date":"2025-01-18T16:16:11","date_gmt":"2025-01-18T15:16:11","guid":{"rendered":"https:\/\/www.voustensports.com\/gran-sasso-fermeture-eclair-complete-avec-boutons-beige-39798\/"},"modified":"2026-02-05T12:22:05","modified_gmt":"2026-02-05T11:22:05","slug":"gran-sasso-fermeture-eclair-complete-avec-boutons-beige-39798","status":"publish","type":"product","link":"https:\/\/www.voustensports.com\/fr\/gran-sasso-fermeture-eclair-complete-avec-boutons-beige-39798\/","title":{"rendered":"Gran Sasso &#8211; FERMETURE \u00c9CLAIR COMPL\u00c8TE AVEC BOUTONS BEIGE (39798)"},"content":{"rendered":"<div>Veste en laine Super Geelong 2 fils avec fermeture \u00e0 glissi\u00e8re \u00e0 double sens et 8 boutons. Le bord du col peut \u00eatre ferm\u00e9 sur le devant ou sur le c\u00f4t\u00e9 gr\u00e2ce \u00e0 deux boutons. Un v\u00eatement polyvalent qui peut \u00eatre port\u00e9 comme un cardigan pendant les mois les plus froids, ou comme un v\u00eatement d&rsquo;ext\u00e9rieur pendant les journ\u00e9es plus douces.<\/div>\n<ul>\n<li>Coupe tendance.<\/li>\n<li>100 % LAINE SUPER GEELONG<\/li>\n<\/ul>\n","protected":false},"excerpt":{"rendered":"<p>Veste en laine Super Geelong 2 fils avec fermeture \u00e0 glissi\u00e8re \u00e0 double sens et 8 boutons. Le bord du col peut \u00eatre ferm\u00e9 sur le devant ou sur le c\u00f4t\u00e9 gr\u00e2ce \u00e0 deux boutons. Un v\u00eatement polyvalent qui peut \u00eatre port\u00e9 comme un cardigan pendant les mois les plus froids, ou comme un v\u00eatement [&#8230;]\n","protected":false},"featured_media":194235,"comment_status":"open","ping_status":"closed","template":"","meta":{"rank_math_lock_modified_date":false},"product_cat":[446,450,462,677,694,924],"product_tag":[],"class_list":{"0":"post-194243","1":"product","2":"type-product","3":"status-publish","4":"has-post-thumbnail","6":"product_cat-kleding-fr","7":"product_cat-heren-fr","8":"product_cat-vousten-sports-fr-2","9":"product_cat-gilets-fr","10":"product_cat-truien-vesten-fr-2","11":"product_cat-gran-sasso-fr","13":"first","14":"outofstock","15":"taxable","16":"shipping-taxable","17":"purchasable","18":"product-type-variable"},"acf":[],"yoast_head":"<!-- This site is optimized with the Yoast SEO plugin v23.9 - https:\/\/yoast.com\/wordpress\/plugins\/seo\/ -->\n<title>Gran Sasso - FERMETURE \u00c9CLAIR COMPL\u00c8TE AVEC BOUTONS BEIGE (39798) - Vousten Sports<\/title>\n<meta name=\"robots\" content=\"index, follow, max-snippet:-1, max-image-preview:large, max-video-preview:-1\" \/>\n<link rel=\"canonical\" href=\"https:\/\/www.voustensports.com\/fr\/gran-sasso-fermeture-eclair-complete-avec-boutons-beige-39798\/\" \/>\n<meta property=\"og:locale\" content=\"fr_FR\" \/>\n<meta property=\"og:type\" content=\"article\" \/>\n<meta property=\"og:title\" content=\"Gran Sasso - FERMETURE \u00c9CLAIR COMPL\u00c8TE AVEC BOUTONS BEIGE (39798) - Vousten Sports\" \/>\n<meta property=\"og:description\" content=\"Veste en laine Super Geelong 2 fils avec fermeture \u00e0 glissi\u00e8re \u00e0 double sens et 8 boutons. Le bord du col peut \u00eatre ferm\u00e9 sur le devant ou sur le c\u00f4t\u00e9 gr\u00e2ce \u00e0 deux boutons. Un v\u00eatement polyvalent qui peut \u00eatre port\u00e9 comme un cardigan pendant les mois les plus froids, ou comme un v\u00eatement [...]\" \/>\n<meta property=\"og:url\" content=\"https:\/\/www.voustensports.com\/fr\/gran-sasso-fermeture-eclair-complete-avec-boutons-beige-39798\/\" \/>\n<meta property=\"og:site_name\" content=\"Vousten Sports\" \/>\n<meta property=\"article:modified_time\" content=\"2026-02-05T11:22:05+00:00\" \/>\n<meta property=\"og:image\" content=\"https:\/\/www.voustensports.com\/wp-content\/uploads\/2023\/06\/FULL-ZIP-WITH-BUTTONS-BEIGE-397981.jpg\" \/>\n\t<meta property=\"og:image:width\" content=\"1432\" \/>\n\t<meta property=\"og:image:height\" content=\"2048\" \/>\n\t<meta property=\"og:image:type\" content=\"image\/jpeg\" \/>\n<meta name=\"twitter:card\" content=\"summary_large_image\" \/>\n<script type=\"application\/ld+json\" class=\"yoast-schema-graph\">{\"@context\":\"https:\/\/schema.org\",\"@graph\":[{\"@type\":\"WebPage\",\"@id\":\"https:\/\/www.voustensports.com\/fr\/gran-sasso-fermeture-eclair-complete-avec-boutons-beige-39798\/\",\"url\":\"https:\/\/www.voustensports.com\/fr\/gran-sasso-fermeture-eclair-complete-avec-boutons-beige-39798\/\",\"name\":\"Gran Sasso - FERMETURE \u00c9CLAIR COMPL\u00c8TE AVEC BOUTONS BEIGE (39798) - Vousten Sports\",\"isPartOf\":{\"@id\":\"https:\/\/www.voustensports.com\/nl\/#website\"},\"primaryImageOfPage\":{\"@id\":\"https:\/\/www.voustensports.com\/fr\/gran-sasso-fermeture-eclair-complete-avec-boutons-beige-39798\/#primaryimage\"},\"image\":{\"@id\":\"https:\/\/www.voustensports.com\/fr\/gran-sasso-fermeture-eclair-complete-avec-boutons-beige-39798\/#primaryimage\"},\"thumbnailUrl\":\"https:\/\/www.voustensports.com\/wp-content\/uploads\/2023\/06\/FULL-ZIP-WITH-BUTTONS-BEIGE-397981.jpg\",\"datePublished\":\"2025-01-18T15:16:11+00:00\",\"dateModified\":\"2026-02-05T11:22:05+00:00\",\"breadcrumb\":{\"@id\":\"https:\/\/www.voustensports.com\/fr\/gran-sasso-fermeture-eclair-complete-avec-boutons-beige-39798\/#breadcrumb\"},\"inLanguage\":\"fr-FR\",\"potentialAction\":[{\"@type\":\"ReadAction\",\"target\":[\"https:\/\/www.voustensports.com\/fr\/gran-sasso-fermeture-eclair-complete-avec-boutons-beige-39798\/\"]}]},{\"@type\":\"ImageObject\",\"inLanguage\":\"fr-FR\",\"@id\":\"https:\/\/www.voustensports.com\/fr\/gran-sasso-fermeture-eclair-complete-avec-boutons-beige-39798\/#primaryimage\",\"url\":\"https:\/\/www.voustensports.com\/wp-content\/uploads\/2023\/06\/FULL-ZIP-WITH-BUTTONS-BEIGE-397981.jpg\",\"contentUrl\":\"https:\/\/www.voustensports.com\/wp-content\/uploads\/2023\/06\/FULL-ZIP-WITH-BUTTONS-BEIGE-397981.jpg\",\"width\":1432,\"height\":2048},{\"@type\":\"BreadcrumbList\",\"@id\":\"https:\/\/www.voustensports.com\/fr\/gran-sasso-fermeture-eclair-complete-avec-boutons-beige-39798\/#breadcrumb\",\"itemListElement\":[{\"@type\":\"ListItem\",\"position\":1,\"name\":\"Home\",\"item\":\"https:\/\/www.voustensports.com\/fr\/\"},{\"@type\":\"ListItem\",\"position\":2,\"name\":\"Boutique\",\"item\":\"https:\/\/www.voustensports.com\/fr\/shop\/\"},{\"@type\":\"ListItem\",\"position\":3,\"name\":\"Gran Sasso &#8211; FERMETURE \u00c9CLAIR COMPL\u00c8TE AVEC BOUTONS BEIGE (39798)\"}]},{\"@type\":\"WebSite\",\"@id\":\"https:\/\/www.voustensports.com\/nl\/#website\",\"url\":\"https:\/\/www.voustensports.com\/nl\/\",\"name\":\"Vousten Sports\",\"description\":\"\",\"potentialAction\":[{\"@type\":\"SearchAction\",\"target\":{\"@type\":\"EntryPoint\",\"urlTemplate\":\"https:\/\/www.voustensports.com\/nl\/?s={search_term_string}\"},\"query-input\":{\"@type\":\"PropertyValueSpecification\",\"valueRequired\":true,\"valueName\":\"search_term_string\"}}],\"inLanguage\":\"fr-FR\"}]}<\/script>\n<!-- \/ Yoast SEO plugin. -->","yoast_head_json":{"title":"Gran Sasso - FERMETURE \u00c9CLAIR COMPL\u00c8TE AVEC BOUTONS BEIGE (39798) - Vousten Sports","robots":{"index":"index","follow":"follow","max-snippet":"max-snippet:-1","max-image-preview":"max-image-preview:large","max-video-preview":"max-video-preview:-1"},"canonical":"https:\/\/www.voustensports.com\/fr\/gran-sasso-fermeture-eclair-complete-avec-boutons-beige-39798\/","og_locale":"fr_FR","og_type":"article","og_title":"Gran Sasso - FERMETURE \u00c9CLAIR COMPL\u00c8TE AVEC BOUTONS BEIGE (39798) - Vousten Sports","og_description":"Veste en laine Super Geelong 2 fils avec fermeture \u00e0 glissi\u00e8re \u00e0 double sens et 8 boutons. Le bord du col peut \u00eatre ferm\u00e9 sur le devant ou sur le c\u00f4t\u00e9 gr\u00e2ce \u00e0 deux boutons. Un v\u00eatement polyvalent qui peut \u00eatre port\u00e9 comme un cardigan pendant les mois les plus froids, ou comme un v\u00eatement [...]","og_url":"https:\/\/www.voustensports.com\/fr\/gran-sasso-fermeture-eclair-complete-avec-boutons-beige-39798\/","og_site_name":"Vousten Sports","article_modified_time":"2026-02-05T11:22:05+00:00","og_image":[{"width":1432,"height":2048,"url":"https:\/\/www.voustensports.com\/wp-content\/uploads\/2023\/06\/FULL-ZIP-WITH-BUTTONS-BEIGE-397981.jpg","type":"image\/jpeg"}],"twitter_card":"summary_large_image","schema":{"@context":"https:\/\/schema.org","@graph":[{"@type":"WebPage","@id":"https:\/\/www.voustensports.com\/fr\/gran-sasso-fermeture-eclair-complete-avec-boutons-beige-39798\/","url":"https:\/\/www.voustensports.com\/fr\/gran-sasso-fermeture-eclair-complete-avec-boutons-beige-39798\/","name":"Gran Sasso - FERMETURE \u00c9CLAIR COMPL\u00c8TE AVEC BOUTONS BEIGE (39798) - Vousten Sports","isPartOf":{"@id":"https:\/\/www.voustensports.com\/nl\/#website"},"primaryImageOfPage":{"@id":"https:\/\/www.voustensports.com\/fr\/gran-sasso-fermeture-eclair-complete-avec-boutons-beige-39798\/#primaryimage"},"image":{"@id":"https:\/\/www.voustensports.com\/fr\/gran-sasso-fermeture-eclair-complete-avec-boutons-beige-39798\/#primaryimage"},"thumbnailUrl":"https:\/\/www.voustensports.com\/wp-content\/uploads\/2023\/06\/FULL-ZIP-WITH-BUTTONS-BEIGE-397981.jpg","datePublished":"2025-01-18T15:16:11+00:00","dateModified":"2026-02-05T11:22:05+00:00","breadcrumb":{"@id":"https:\/\/www.voustensports.com\/fr\/gran-sasso-fermeture-eclair-complete-avec-boutons-beige-39798\/#breadcrumb"},"inLanguage":"fr-FR","potentialAction":[{"@type":"ReadAction","target":["https:\/\/www.voustensports.com\/fr\/gran-sasso-fermeture-eclair-complete-avec-boutons-beige-39798\/"]}]},{"@type":"ImageObject","inLanguage":"fr-FR","@id":"https:\/\/www.voustensports.com\/fr\/gran-sasso-fermeture-eclair-complete-avec-boutons-beige-39798\/#primaryimage","url":"https:\/\/www.voustensports.com\/wp-content\/uploads\/2023\/06\/FULL-ZIP-WITH-BUTTONS-BEIGE-397981.jpg","contentUrl":"https:\/\/www.voustensports.com\/wp-content\/uploads\/2023\/06\/FULL-ZIP-WITH-BUTTONS-BEIGE-397981.jpg","width":1432,"height":2048},{"@type":"BreadcrumbList","@id":"https:\/\/www.voustensports.com\/fr\/gran-sasso-fermeture-eclair-complete-avec-boutons-beige-39798\/#breadcrumb","itemListElement":[{"@type":"ListItem","position":1,"name":"Home","item":"https:\/\/www.voustensports.com\/fr\/"},{"@type":"ListItem","position":2,"name":"Boutique","item":"https:\/\/www.voustensports.com\/fr\/shop\/"},{"@type":"ListItem","position":3,"name":"Gran Sasso &#8211; FERMETURE \u00c9CLAIR COMPL\u00c8TE AVEC BOUTONS BEIGE (39798)"}]},{"@type":"WebSite","@id":"https:\/\/www.voustensports.com\/nl\/#website","url":"https:\/\/www.voustensports.com\/nl\/","name":"Vousten Sports","description":"","potentialAction":[{"@type":"SearchAction","target":{"@type":"EntryPoint","urlTemplate":"https:\/\/www.voustensports.com\/nl\/?s={search_term_string}"},"query-input":{"@type":"PropertyValueSpecification","valueRequired":true,"valueName":"search_term_string"}}],"inLanguage":"fr-FR"}]}},"_links":{"self":[{"href":"https:\/\/www.voustensports.com\/fr\/wp-json\/wp\/v2\/product\/194243","targetHints":{"allow":["GET"]}}],"collection":[{"href":"https:\/\/www.voustensports.com\/fr\/wp-json\/wp\/v2\/product"}],"about":[{"href":"https:\/\/www.voustensports.com\/fr\/wp-json\/wp\/v2\/types\/product"}],"replies":[{"embeddable":true,"href":"https:\/\/www.voustensports.com\/fr\/wp-json\/wp\/v2\/comments?post=194243"}],"wp:featuredmedia":[{"embeddable":true,"href":"https:\/\/www.voustensports.com\/fr\/wp-json\/wp\/v2\/media\/194235"}],"wp:attachment":[{"href":"https:\/\/www.voustensports.com\/fr\/wp-json\/wp\/v2\/media?parent=194243"}],"wp:term":[{"taxonomy":"product_cat","embeddable":true,"href":"https:\/\/www.voustensports.com\/fr\/wp-json\/wp\/v2\/product_cat?post=194243"},{"taxonomy":"product_tag","embeddable":true,"href":"https:\/\/www.voustensports.com\/fr\/wp-json\/wp\/v2\/product_tag?post=194243"}],"curies":[{"name":"wp","href":"https:\/\/api.w.org\/{rel}","templated":true}]}}