{"id":193407,"date":"2025-01-10T20:10:27","date_gmt":"2025-01-10T19:10:27","guid":{"rendered":"https:\/\/www.voustensports.com\/genti-cargo-supreme-beige-40510-2\/"},"modified":"2026-02-05T12:25:13","modified_gmt":"2026-02-05T11:25:13","slug":"genti-cargo-supreme-beige-40510-2","status":"publish","type":"product","link":"https:\/\/www.voustensports.com\/fr\/genti-cargo-supreme-beige-40510-2\/","title":{"rendered":"GENTI &#8211; Cargo supreme beige (40510)"},"content":{"rendered":"<div>Cargo beige dans le mod\u00e8le Supreme. Ce pantalon a une taille \u00e9lastique, une coupe plus large et 2 poches cargo.<\/div>\n<ul>\n<li>Style: Supr\u00eame<\/li>\n<li>Cargaison<\/li>\n<li>Bande \u00e9lastique<\/li>\n<li>Coupe d\u00e9contract\u00e9e<\/li>\n<li>100 % polyester<\/li>\n<\/ul>\n","protected":false},"excerpt":{"rendered":"<p>Cargo beige dans le mod\u00e8le Supreme. Ce pantalon a une taille \u00e9lastique, une coupe plus large et 2 poches cargo. Style: Supr\u00eame Cargaison Bande \u00e9lastique Coupe d\u00e9contract\u00e9e 100 % polyester<\/p>\n","protected":false},"featured_media":193395,"comment_status":"open","ping_status":"closed","template":"","meta":{"rank_math_lock_modified_date":false},"product_cat":[446,450,462,466,710,786,901],"product_tag":[],"class_list":{"0":"post-193407","1":"product","2":"type-product","3":"status-publish","4":"has-post-thumbnail","6":"product_cat-kleding-fr","7":"product_cat-heren-fr","8":"product_cat-vousten-sports-fr-2","9":"product_cat-broeken-fr","10":"product_cat-genti-fr","11":"product_cat-broek-fr","12":"product_cat-cargo-fr","14":"first","15":"outofstock","16":"taxable","17":"shipping-taxable","18":"purchasable","19":"product-type-variable"},"acf":[],"yoast_head":"<!-- This site is optimized with the Yoast SEO plugin v23.9 - https:\/\/yoast.com\/wordpress\/plugins\/seo\/ -->\n<title>GENTI - Cargo supreme beige (40510) - Vousten Sports<\/title>\n<meta name=\"robots\" content=\"index, follow, max-snippet:-1, max-image-preview:large, max-video-preview:-1\" \/>\n<link rel=\"canonical\" href=\"https:\/\/www.voustensports.com\/fr\/genti-cargo-supreme-beige-40510-2\/\" \/>\n<meta property=\"og:locale\" content=\"fr_FR\" \/>\n<meta property=\"og:type\" content=\"article\" \/>\n<meta property=\"og:title\" content=\"GENTI - Cargo supreme beige (40510) - Vousten Sports\" \/>\n<meta property=\"og:description\" content=\"Cargo beige dans le mod\u00e8le Supreme. Ce pantalon a une taille \u00e9lastique, une coupe plus large et 2 poches cargo. Style: Supr\u00eame Cargaison Bande \u00e9lastique Coupe d\u00e9contract\u00e9e 100 % polyester\" \/>\n<meta property=\"og:url\" content=\"https:\/\/www.voustensports.com\/fr\/genti-cargo-supreme-beige-40510-2\/\" \/>\n<meta property=\"og:site_name\" content=\"Vousten Sports\" \/>\n<meta property=\"article:modified_time\" content=\"2026-02-05T11:25:13+00:00\" \/>\n<meta property=\"og:image\" content=\"https:\/\/www.voustensports.com\/wp-content\/uploads\/2023\/06\/Cargo-supreme-beige-405101.png\" \/>\n\t<meta property=\"og:image:width\" content=\"1365\" \/>\n\t<meta property=\"og:image:height\" content=\"2048\" \/>\n\t<meta property=\"og:image:type\" content=\"image\/png\" \/>\n<meta name=\"twitter:card\" content=\"summary_large_image\" \/>\n<script type=\"application\/ld+json\" class=\"yoast-schema-graph\">{\"@context\":\"https:\/\/schema.org\",\"@graph\":[{\"@type\":\"WebPage\",\"@id\":\"https:\/\/www.voustensports.com\/fr\/genti-cargo-supreme-beige-40510-2\/\",\"url\":\"https:\/\/www.voustensports.com\/fr\/genti-cargo-supreme-beige-40510-2\/\",\"name\":\"GENTI - Cargo supreme beige (40510) - Vousten Sports\",\"isPartOf\":{\"@id\":\"https:\/\/www.voustensports.com\/nl\/#website\"},\"primaryImageOfPage\":{\"@id\":\"https:\/\/www.voustensports.com\/fr\/genti-cargo-supreme-beige-40510-2\/#primaryimage\"},\"image\":{\"@id\":\"https:\/\/www.voustensports.com\/fr\/genti-cargo-supreme-beige-40510-2\/#primaryimage\"},\"thumbnailUrl\":\"https:\/\/www.voustensports.com\/wp-content\/uploads\/2023\/06\/Cargo-supreme-beige-405101.png\",\"datePublished\":\"2025-01-10T19:10:27+00:00\",\"dateModified\":\"2026-02-05T11:25:13+00:00\",\"breadcrumb\":{\"@id\":\"https:\/\/www.voustensports.com\/fr\/genti-cargo-supreme-beige-40510-2\/#breadcrumb\"},\"inLanguage\":\"fr-FR\",\"potentialAction\":[{\"@type\":\"ReadAction\",\"target\":[\"https:\/\/www.voustensports.com\/fr\/genti-cargo-supreme-beige-40510-2\/\"]}]},{\"@type\":\"ImageObject\",\"inLanguage\":\"fr-FR\",\"@id\":\"https:\/\/www.voustensports.com\/fr\/genti-cargo-supreme-beige-40510-2\/#primaryimage\",\"url\":\"https:\/\/www.voustensports.com\/wp-content\/uploads\/2023\/06\/Cargo-supreme-beige-405101.png\",\"contentUrl\":\"https:\/\/www.voustensports.com\/wp-content\/uploads\/2023\/06\/Cargo-supreme-beige-405101.png\",\"width\":1365,\"height\":2048},{\"@type\":\"BreadcrumbList\",\"@id\":\"https:\/\/www.voustensports.com\/fr\/genti-cargo-supreme-beige-40510-2\/#breadcrumb\",\"itemListElement\":[{\"@type\":\"ListItem\",\"position\":1,\"name\":\"Home\",\"item\":\"https:\/\/www.voustensports.com\/fr\/\"},{\"@type\":\"ListItem\",\"position\":2,\"name\":\"Boutique\",\"item\":\"https:\/\/www.voustensports.com\/fr\/shop\/\"},{\"@type\":\"ListItem\",\"position\":3,\"name\":\"GENTI &#8211; Cargo supreme beige (40510)\"}]},{\"@type\":\"WebSite\",\"@id\":\"https:\/\/www.voustensports.com\/nl\/#website\",\"url\":\"https:\/\/www.voustensports.com\/nl\/\",\"name\":\"Vousten Sports\",\"description\":\"\",\"potentialAction\":[{\"@type\":\"SearchAction\",\"target\":{\"@type\":\"EntryPoint\",\"urlTemplate\":\"https:\/\/www.voustensports.com\/nl\/?s={search_term_string}\"},\"query-input\":{\"@type\":\"PropertyValueSpecification\",\"valueRequired\":true,\"valueName\":\"search_term_string\"}}],\"inLanguage\":\"fr-FR\"}]}<\/script>\n<!-- \/ Yoast SEO plugin. -->","yoast_head_json":{"title":"GENTI - Cargo supreme beige (40510) - Vousten Sports","robots":{"index":"index","follow":"follow","max-snippet":"max-snippet:-1","max-image-preview":"max-image-preview:large","max-video-preview":"max-video-preview:-1"},"canonical":"https:\/\/www.voustensports.com\/fr\/genti-cargo-supreme-beige-40510-2\/","og_locale":"fr_FR","og_type":"article","og_title":"GENTI - Cargo supreme beige (40510) - Vousten Sports","og_description":"Cargo beige dans le mod\u00e8le Supreme. Ce pantalon a une taille \u00e9lastique, une coupe plus large et 2 poches cargo. Style: Supr\u00eame Cargaison Bande \u00e9lastique Coupe d\u00e9contract\u00e9e 100 % polyester","og_url":"https:\/\/www.voustensports.com\/fr\/genti-cargo-supreme-beige-40510-2\/","og_site_name":"Vousten Sports","article_modified_time":"2026-02-05T11:25:13+00:00","og_image":[{"width":1365,"height":2048,"url":"https:\/\/www.voustensports.com\/wp-content\/uploads\/2023\/06\/Cargo-supreme-beige-405101.png","type":"image\/png"}],"twitter_card":"summary_large_image","schema":{"@context":"https:\/\/schema.org","@graph":[{"@type":"WebPage","@id":"https:\/\/www.voustensports.com\/fr\/genti-cargo-supreme-beige-40510-2\/","url":"https:\/\/www.voustensports.com\/fr\/genti-cargo-supreme-beige-40510-2\/","name":"GENTI - Cargo supreme beige (40510) - Vousten Sports","isPartOf":{"@id":"https:\/\/www.voustensports.com\/nl\/#website"},"primaryImageOfPage":{"@id":"https:\/\/www.voustensports.com\/fr\/genti-cargo-supreme-beige-40510-2\/#primaryimage"},"image":{"@id":"https:\/\/www.voustensports.com\/fr\/genti-cargo-supreme-beige-40510-2\/#primaryimage"},"thumbnailUrl":"https:\/\/www.voustensports.com\/wp-content\/uploads\/2023\/06\/Cargo-supreme-beige-405101.png","datePublished":"2025-01-10T19:10:27+00:00","dateModified":"2026-02-05T11:25:13+00:00","breadcrumb":{"@id":"https:\/\/www.voustensports.com\/fr\/genti-cargo-supreme-beige-40510-2\/#breadcrumb"},"inLanguage":"fr-FR","potentialAction":[{"@type":"ReadAction","target":["https:\/\/www.voustensports.com\/fr\/genti-cargo-supreme-beige-40510-2\/"]}]},{"@type":"ImageObject","inLanguage":"fr-FR","@id":"https:\/\/www.voustensports.com\/fr\/genti-cargo-supreme-beige-40510-2\/#primaryimage","url":"https:\/\/www.voustensports.com\/wp-content\/uploads\/2023\/06\/Cargo-supreme-beige-405101.png","contentUrl":"https:\/\/www.voustensports.com\/wp-content\/uploads\/2023\/06\/Cargo-supreme-beige-405101.png","width":1365,"height":2048},{"@type":"BreadcrumbList","@id":"https:\/\/www.voustensports.com\/fr\/genti-cargo-supreme-beige-40510-2\/#breadcrumb","itemListElement":[{"@type":"ListItem","position":1,"name":"Home","item":"https:\/\/www.voustensports.com\/fr\/"},{"@type":"ListItem","position":2,"name":"Boutique","item":"https:\/\/www.voustensports.com\/fr\/shop\/"},{"@type":"ListItem","position":3,"name":"GENTI &#8211; Cargo supreme beige (40510)"}]},{"@type":"WebSite","@id":"https:\/\/www.voustensports.com\/nl\/#website","url":"https:\/\/www.voustensports.com\/nl\/","name":"Vousten Sports","description":"","potentialAction":[{"@type":"SearchAction","target":{"@type":"EntryPoint","urlTemplate":"https:\/\/www.voustensports.com\/nl\/?s={search_term_string}"},"query-input":{"@type":"PropertyValueSpecification","valueRequired":true,"valueName":"search_term_string"}}],"inLanguage":"fr-FR"}]}},"_links":{"self":[{"href":"https:\/\/www.voustensports.com\/fr\/wp-json\/wp\/v2\/product\/193407","targetHints":{"allow":["GET"]}}],"collection":[{"href":"https:\/\/www.voustensports.com\/fr\/wp-json\/wp\/v2\/product"}],"about":[{"href":"https:\/\/www.voustensports.com\/fr\/wp-json\/wp\/v2\/types\/product"}],"replies":[{"embeddable":true,"href":"https:\/\/www.voustensports.com\/fr\/wp-json\/wp\/v2\/comments?post=193407"}],"wp:featuredmedia":[{"embeddable":true,"href":"https:\/\/www.voustensports.com\/fr\/wp-json\/wp\/v2\/media\/193395"}],"wp:attachment":[{"href":"https:\/\/www.voustensports.com\/fr\/wp-json\/wp\/v2\/media?parent=193407"}],"wp:term":[{"taxonomy":"product_cat","embeddable":true,"href":"https:\/\/www.voustensports.com\/fr\/wp-json\/wp\/v2\/product_cat?post=193407"},{"taxonomy":"product_tag","embeddable":true,"href":"https:\/\/www.voustensports.com\/fr\/wp-json\/wp\/v2\/product_tag?post=193407"}],"curies":[{"name":"wp","href":"https:\/\/api.w.org\/{rel}","templated":true}]}}