{"id":193319,"date":"2025-01-10T18:40:09","date_gmt":"2025-01-10T17:40:09","guid":{"rendered":"https:\/\/www.voustensports.com\/genti-poche-demi-zippee-taupe-40513\/"},"modified":"2026-02-05T12:25:19","modified_gmt":"2026-02-05T11:25:19","slug":"genti-poche-demi-zippee-taupe-40513","status":"publish","type":"product","link":"https:\/\/www.voustensports.com\/fr\/genti-poche-demi-zippee-taupe-40513\/","title":{"rendered":"GENTI &#8211; Poche demi-zipp\u00e9e taupe (40513)"},"content":{"rendered":"<div>Demi-zip taupe en qualit\u00e9 cool-dry plus lourde. Une mati\u00e8re technique avec beaucoup de stretch pour un confort optimal.<\/div>\n<ul>\n<li>Punto Milan<\/li>\n<li>Frais et sec<\/li>\n<li>\u00c9quipement technique<\/li>\n<li>Extensible<\/li>\n<li>Ne se d\u00e9colore pas apr\u00e8s le lavage<\/li>\n<li>Poche sur la manche<\/li>\n<li>Mati\u00e8re : 65 % viscose terne, 35 % nylon<\/li>\n<li>K2057-1258<\/li>\n<\/ul>\n","protected":false},"excerpt":{"rendered":"<p>Demi-zip taupe en qualit\u00e9 cool-dry plus lourde. Une mati\u00e8re technique avec beaucoup de stretch pour un confort optimal. Punto Milan Frais et sec \u00c9quipement technique Extensible Ne se d\u00e9colore pas apr\u00e8s le lavage Poche sur la manche Mati\u00e8re : 65 % viscose terne, 35 % nylon K2057-1258<\/p>\n","protected":false},"featured_media":193351,"comment_status":"open","ping_status":"closed","template":"","meta":{"rank_math_lock_modified_date":false},"product_cat":[534,694,710,446,450,462],"product_tag":[],"class_list":{"0":"post-193319","1":"product","2":"type-product","3":"status-publish","4":"has-post-thumbnail","6":"product_cat-truien-fr-2","7":"product_cat-truien-vesten-fr-2","8":"product_cat-genti-fr","9":"product_cat-kleding-fr","10":"product_cat-heren-fr","11":"product_cat-vousten-sports-fr-2","13":"first","14":"outofstock","15":"taxable","16":"shipping-taxable","17":"purchasable","18":"product-type-variable"},"acf":[],"yoast_head":"<!-- This site is optimized with the Yoast SEO plugin v23.9 - https:\/\/yoast.com\/wordpress\/plugins\/seo\/ -->\n<title>GENTI - Poche demi-zipp\u00e9e taupe (40513) - Vousten Sports<\/title>\n<meta name=\"robots\" content=\"index, follow, max-snippet:-1, max-image-preview:large, max-video-preview:-1\" \/>\n<link rel=\"canonical\" href=\"https:\/\/www.voustensports.com\/fr\/genti-poche-demi-zippee-taupe-40513\/\" \/>\n<meta property=\"og:locale\" content=\"fr_FR\" \/>\n<meta property=\"og:type\" content=\"article\" \/>\n<meta property=\"og:title\" content=\"GENTI - Poche demi-zipp\u00e9e taupe (40513) - Vousten Sports\" \/>\n<meta property=\"og:description\" content=\"Demi-zip taupe en qualit\u00e9 cool-dry plus lourde. Une mati\u00e8re technique avec beaucoup de stretch pour un confort optimal. Punto Milan Frais et sec \u00c9quipement technique Extensible Ne se d\u00e9colore pas apr\u00e8s le lavage Poche sur la manche Mati\u00e8re : 65 % viscose terne, 35 % nylon K2057-1258\" \/>\n<meta property=\"og:url\" content=\"https:\/\/www.voustensports.com\/fr\/genti-poche-demi-zippee-taupe-40513\/\" \/>\n<meta property=\"og:site_name\" content=\"Vousten Sports\" \/>\n<meta property=\"article:modified_time\" content=\"2026-02-05T11:25:19+00:00\" \/>\n<meta property=\"og:image\" content=\"https:\/\/www.voustensports.com\/wp-content\/uploads\/2023\/06\/Half-zip-pocket-taupe-405131.jpg\" \/>\n\t<meta property=\"og:image:width\" content=\"1365\" \/>\n\t<meta property=\"og:image:height\" content=\"2048\" \/>\n\t<meta property=\"og:image:type\" content=\"image\/jpeg\" \/>\n<meta name=\"twitter:card\" content=\"summary_large_image\" \/>\n<script type=\"application\/ld+json\" class=\"yoast-schema-graph\">{\"@context\":\"https:\/\/schema.org\",\"@graph\":[{\"@type\":\"WebPage\",\"@id\":\"https:\/\/www.voustensports.com\/fr\/genti-poche-demi-zippee-taupe-40513\/\",\"url\":\"https:\/\/www.voustensports.com\/fr\/genti-poche-demi-zippee-taupe-40513\/\",\"name\":\"GENTI - Poche demi-zipp\u00e9e taupe (40513) - Vousten Sports\",\"isPartOf\":{\"@id\":\"https:\/\/www.voustensports.com\/nl\/#website\"},\"primaryImageOfPage\":{\"@id\":\"https:\/\/www.voustensports.com\/fr\/genti-poche-demi-zippee-taupe-40513\/#primaryimage\"},\"image\":{\"@id\":\"https:\/\/www.voustensports.com\/fr\/genti-poche-demi-zippee-taupe-40513\/#primaryimage\"},\"thumbnailUrl\":\"https:\/\/www.voustensports.com\/wp-content\/uploads\/2023\/06\/Half-zip-pocket-taupe-405131.png\",\"datePublished\":\"2025-01-10T17:40:09+00:00\",\"dateModified\":\"2026-02-05T11:25:19+00:00\",\"breadcrumb\":{\"@id\":\"https:\/\/www.voustensports.com\/fr\/genti-poche-demi-zippee-taupe-40513\/#breadcrumb\"},\"inLanguage\":\"fr-FR\",\"potentialAction\":[{\"@type\":\"ReadAction\",\"target\":[\"https:\/\/www.voustensports.com\/fr\/genti-poche-demi-zippee-taupe-40513\/\"]}]},{\"@type\":\"ImageObject\",\"inLanguage\":\"fr-FR\",\"@id\":\"https:\/\/www.voustensports.com\/fr\/genti-poche-demi-zippee-taupe-40513\/#primaryimage\",\"url\":\"https:\/\/www.voustensports.com\/wp-content\/uploads\/2023\/06\/Half-zip-pocket-taupe-405131.png\",\"contentUrl\":\"https:\/\/www.voustensports.com\/wp-content\/uploads\/2023\/06\/Half-zip-pocket-taupe-405131.png\",\"width\":1365,\"height\":2048},{\"@type\":\"BreadcrumbList\",\"@id\":\"https:\/\/www.voustensports.com\/fr\/genti-poche-demi-zippee-taupe-40513\/#breadcrumb\",\"itemListElement\":[{\"@type\":\"ListItem\",\"position\":1,\"name\":\"Home\",\"item\":\"https:\/\/www.voustensports.com\/fr\/\"},{\"@type\":\"ListItem\",\"position\":2,\"name\":\"Boutique\",\"item\":\"https:\/\/www.voustensports.com\/fr\/shop\/\"},{\"@type\":\"ListItem\",\"position\":3,\"name\":\"GENTI &#8211; Poche demi-zipp\u00e9e taupe (40513)\"}]},{\"@type\":\"WebSite\",\"@id\":\"https:\/\/www.voustensports.com\/nl\/#website\",\"url\":\"https:\/\/www.voustensports.com\/nl\/\",\"name\":\"Vousten Sports\",\"description\":\"\",\"potentialAction\":[{\"@type\":\"SearchAction\",\"target\":{\"@type\":\"EntryPoint\",\"urlTemplate\":\"https:\/\/www.voustensports.com\/nl\/?s={search_term_string}\"},\"query-input\":{\"@type\":\"PropertyValueSpecification\",\"valueRequired\":true,\"valueName\":\"search_term_string\"}}],\"inLanguage\":\"fr-FR\"}]}<\/script>\n<!-- \/ Yoast SEO plugin. -->","yoast_head_json":{"title":"GENTI - Poche demi-zipp\u00e9e taupe (40513) - Vousten Sports","robots":{"index":"index","follow":"follow","max-snippet":"max-snippet:-1","max-image-preview":"max-image-preview:large","max-video-preview":"max-video-preview:-1"},"canonical":"https:\/\/www.voustensports.com\/fr\/genti-poche-demi-zippee-taupe-40513\/","og_locale":"fr_FR","og_type":"article","og_title":"GENTI - Poche demi-zipp\u00e9e taupe (40513) - Vousten Sports","og_description":"Demi-zip taupe en qualit\u00e9 cool-dry plus lourde. Une mati\u00e8re technique avec beaucoup de stretch pour un confort optimal. Punto Milan Frais et sec \u00c9quipement technique Extensible Ne se d\u00e9colore pas apr\u00e8s le lavage Poche sur la manche Mati\u00e8re : 65 % viscose terne, 35 % nylon K2057-1258","og_url":"https:\/\/www.voustensports.com\/fr\/genti-poche-demi-zippee-taupe-40513\/","og_site_name":"Vousten Sports","article_modified_time":"2026-02-05T11:25:19+00:00","og_image":[{"width":1365,"height":2048,"url":"https:\/\/www.voustensports.com\/wp-content\/uploads\/2023\/06\/Half-zip-pocket-taupe-405131.jpg","type":"image\/jpeg"}],"twitter_card":"summary_large_image","schema":{"@context":"https:\/\/schema.org","@graph":[{"@type":"WebPage","@id":"https:\/\/www.voustensports.com\/fr\/genti-poche-demi-zippee-taupe-40513\/","url":"https:\/\/www.voustensports.com\/fr\/genti-poche-demi-zippee-taupe-40513\/","name":"GENTI - Poche demi-zipp\u00e9e taupe (40513) - Vousten Sports","isPartOf":{"@id":"https:\/\/www.voustensports.com\/nl\/#website"},"primaryImageOfPage":{"@id":"https:\/\/www.voustensports.com\/fr\/genti-poche-demi-zippee-taupe-40513\/#primaryimage"},"image":{"@id":"https:\/\/www.voustensports.com\/fr\/genti-poche-demi-zippee-taupe-40513\/#primaryimage"},"thumbnailUrl":"https:\/\/www.voustensports.com\/wp-content\/uploads\/2023\/06\/Half-zip-pocket-taupe-405131.png","datePublished":"2025-01-10T17:40:09+00:00","dateModified":"2026-02-05T11:25:19+00:00","breadcrumb":{"@id":"https:\/\/www.voustensports.com\/fr\/genti-poche-demi-zippee-taupe-40513\/#breadcrumb"},"inLanguage":"fr-FR","potentialAction":[{"@type":"ReadAction","target":["https:\/\/www.voustensports.com\/fr\/genti-poche-demi-zippee-taupe-40513\/"]}]},{"@type":"ImageObject","inLanguage":"fr-FR","@id":"https:\/\/www.voustensports.com\/fr\/genti-poche-demi-zippee-taupe-40513\/#primaryimage","url":"https:\/\/www.voustensports.com\/wp-content\/uploads\/2023\/06\/Half-zip-pocket-taupe-405131.png","contentUrl":"https:\/\/www.voustensports.com\/wp-content\/uploads\/2023\/06\/Half-zip-pocket-taupe-405131.png","width":1365,"height":2048},{"@type":"BreadcrumbList","@id":"https:\/\/www.voustensports.com\/fr\/genti-poche-demi-zippee-taupe-40513\/#breadcrumb","itemListElement":[{"@type":"ListItem","position":1,"name":"Home","item":"https:\/\/www.voustensports.com\/fr\/"},{"@type":"ListItem","position":2,"name":"Boutique","item":"https:\/\/www.voustensports.com\/fr\/shop\/"},{"@type":"ListItem","position":3,"name":"GENTI &#8211; Poche demi-zipp\u00e9e taupe (40513)"}]},{"@type":"WebSite","@id":"https:\/\/www.voustensports.com\/nl\/#website","url":"https:\/\/www.voustensports.com\/nl\/","name":"Vousten Sports","description":"","potentialAction":[{"@type":"SearchAction","target":{"@type":"EntryPoint","urlTemplate":"https:\/\/www.voustensports.com\/nl\/?s={search_term_string}"},"query-input":{"@type":"PropertyValueSpecification","valueRequired":true,"valueName":"search_term_string"}}],"inLanguage":"fr-FR"}]}},"_links":{"self":[{"href":"https:\/\/www.voustensports.com\/fr\/wp-json\/wp\/v2\/product\/193319","targetHints":{"allow":["GET"]}}],"collection":[{"href":"https:\/\/www.voustensports.com\/fr\/wp-json\/wp\/v2\/product"}],"about":[{"href":"https:\/\/www.voustensports.com\/fr\/wp-json\/wp\/v2\/types\/product"}],"replies":[{"embeddable":true,"href":"https:\/\/www.voustensports.com\/fr\/wp-json\/wp\/v2\/comments?post=193319"}],"wp:featuredmedia":[{"embeddable":true,"href":"https:\/\/www.voustensports.com\/fr\/wp-json\/wp\/v2\/media\/193351"}],"wp:attachment":[{"href":"https:\/\/www.voustensports.com\/fr\/wp-json\/wp\/v2\/media?parent=193319"}],"wp:term":[{"taxonomy":"product_cat","embeddable":true,"href":"https:\/\/www.voustensports.com\/fr\/wp-json\/wp\/v2\/product_cat?post=193319"},{"taxonomy":"product_tag","embeddable":true,"href":"https:\/\/www.voustensports.com\/fr\/wp-json\/wp\/v2\/product_tag?post=193319"}],"curies":[{"name":"wp","href":"https:\/\/api.w.org\/{rel}","templated":true}]}}