{"id":192972,"date":"2025-01-06T14:46:09","date_gmt":"2025-01-06T13:46:09","guid":{"rendered":"https:\/\/www.voustensports.com\/hogan-hyperlight-sneaker-blanc-beige-39670\/"},"modified":"2026-03-20T03:27:04","modified_gmt":"2026-03-20T02:27:04","slug":"hogan-hyperlight-sneaker-blanc-beige-39670","status":"publish","type":"product","link":"https:\/\/www.voustensports.com\/fr\/hogan-hyperlight-sneaker-blanc-beige-39670\/","title":{"rendered":"HOGAN &#8211; Hyperlight Sneaker blanc \/ beige (39670)"},"content":{"rendered":"<div>Caract\u00e9ris\u00e9es par des formes fluides et dynamiques, ces nouvelles chaussures de course combinent des lignes de chaussures de jogging et des caract\u00e9ristiques urbaines. La tige multi-mati\u00e8res rappelle les d\u00e9tails iconiques de la marque et est rehauss\u00e9e d&rsquo;une boucle \u00e0 l&rsquo;arri\u00e8re, qui facilite l&rsquo;ajustement en ajoutant une touche technique. Un mod\u00e8le ultra dynamique, avec une semelle int\u00e9rieure en mousse \u00e0 m\u00e9moire de forme et une semelle ext\u00e9rieure l\u00e9g\u00e8re \u00e0 crampons inspir\u00e9e de la semelle historique du mod\u00e8le H383.<\/div>\n<ul>\n<li>Hogan Hyperlight pour hommes<\/li>\n<li>Fabriqu\u00e9 en Italie<\/li>\n<li>Dessus en cuir lisse blanc et daim beige<\/li>\n<li>D\u00e9tails en nubuck<\/li>\n<li>Logo Hogan estampill\u00e9 sur le c\u00f4t\u00e9<\/li>\n<li>Semelle int\u00e9rieure en mousse \u00e0 m\u00e9moire de forme 8 mm<\/li>\n<li>Semelle ext\u00e9rieure en caoutchouc d&rsquo;une hauteur totale de 4,5 cm<\/li>\n<li>Cartes d&rsquo;entretien incluses<\/li>\n<li>Sac en tissu inclus<\/li>\n<li>Lacets suppl\u00e9mentaires inclus<\/li>\n<\/ul>\n<div><\/div>\n","protected":false},"excerpt":{"rendered":"<p>Caract\u00e9ris\u00e9es par des formes fluides et dynamiques, ces nouvelles chaussures de course combinent des lignes de chaussures de jogging et des caract\u00e9ristiques urbaines. La tige multi-mati\u00e8res rappelle les d\u00e9tails iconiques de la marque et est rehauss\u00e9e d&rsquo;une boucle \u00e0 l&rsquo;arri\u00e8re, qui facilite l&rsquo;ajustement en ajoutant une touche technique. Un mod\u00e8le ultra dynamique, avec une semelle [&#8230;]\n","protected":false},"featured_media":192944,"comment_status":"open","ping_status":"closed","template":"","meta":{"rank_math_lock_modified_date":false},"product_cat":[522,526,530,916,450,462,518],"product_tag":[],"class_list":{"0":"post-192972","1":"product","2":"type-product","3":"status-publish","4":"has-post-thumbnail","6":"product_cat-schoenen-fr-2","7":"product_cat-sneakers-fr-2","8":"product_cat-herenschoenen-fr","9":"product_cat-veterschoenen-fr","10":"product_cat-heren-fr","11":"product_cat-vousten-sports-fr-2","12":"product_cat-hogan-fr","14":"first","15":"instock","16":"taxable","17":"shipping-taxable","18":"purchasable","19":"product-type-variable"},"acf":[],"yoast_head":"<!-- This site is optimized with the Yoast SEO plugin v23.9 - https:\/\/yoast.com\/wordpress\/plugins\/seo\/ -->\n<title>HOGAN - Hyperlight Sneaker blanc \/ beige (39670) - Vousten Sports<\/title>\n<meta name=\"robots\" content=\"index, follow, max-snippet:-1, max-image-preview:large, max-video-preview:-1\" \/>\n<link rel=\"canonical\" href=\"https:\/\/www.voustensports.com\/fr\/hogan-hyperlight-sneaker-blanc-beige-39670\/\" \/>\n<meta property=\"og:locale\" content=\"fr_FR\" \/>\n<meta property=\"og:type\" content=\"article\" \/>\n<meta property=\"og:title\" content=\"HOGAN - Hyperlight Sneaker blanc \/ beige (39670) - Vousten Sports\" \/>\n<meta property=\"og:description\" content=\"Caract\u00e9ris\u00e9es par des formes fluides et dynamiques, ces nouvelles chaussures de course combinent des lignes de chaussures de jogging et des caract\u00e9ristiques urbaines. La tige multi-mati\u00e8res rappelle les d\u00e9tails iconiques de la marque et est rehauss\u00e9e d&rsquo;une boucle \u00e0 l&rsquo;arri\u00e8re, qui facilite l&rsquo;ajustement en ajoutant une touche technique. Un mod\u00e8le ultra dynamique, avec une semelle [...]\" \/>\n<meta property=\"og:url\" content=\"https:\/\/www.voustensports.com\/fr\/hogan-hyperlight-sneaker-blanc-beige-39670\/\" \/>\n<meta property=\"og:site_name\" content=\"Vousten Sports\" \/>\n<meta property=\"article:modified_time\" content=\"2026-03-20T02:27:04+00:00\" \/>\n<meta property=\"og:image\" content=\"https:\/\/www.voustensports.com\/wp-content\/uploads\/2023\/06\/Hogan-Sneaker-wit-39670-7.png\" \/>\n\t<meta property=\"og:image:width\" content=\"713\" \/>\n\t<meta property=\"og:image:height\" content=\"713\" \/>\n\t<meta property=\"og:image:type\" content=\"image\/png\" \/>\n<meta name=\"twitter:card\" content=\"summary_large_image\" \/>\n<meta name=\"twitter:label1\" content=\"Est. reading time\" \/>\n\t<meta name=\"twitter:data1\" content=\"1 minute\" \/>\n<script type=\"application\/ld+json\" class=\"yoast-schema-graph\">{\"@context\":\"https:\/\/schema.org\",\"@graph\":[{\"@type\":\"WebPage\",\"@id\":\"https:\/\/www.voustensports.com\/fr\/hogan-hyperlight-sneaker-blanc-beige-39670\/\",\"url\":\"https:\/\/www.voustensports.com\/fr\/hogan-hyperlight-sneaker-blanc-beige-39670\/\",\"name\":\"HOGAN - Hyperlight Sneaker blanc \/ beige (39670) - Vousten Sports\",\"isPartOf\":{\"@id\":\"https:\/\/www.voustensports.com\/nl\/#website\"},\"primaryImageOfPage\":{\"@id\":\"https:\/\/www.voustensports.com\/fr\/hogan-hyperlight-sneaker-blanc-beige-39670\/#primaryimage\"},\"image\":{\"@id\":\"https:\/\/www.voustensports.com\/fr\/hogan-hyperlight-sneaker-blanc-beige-39670\/#primaryimage\"},\"thumbnailUrl\":\"https:\/\/www.voustensports.com\/wp-content\/uploads\/2023\/06\/Hogan-Sneaker-wit-39670-7.png\",\"datePublished\":\"2025-01-06T13:46:09+00:00\",\"dateModified\":\"2026-03-20T02:27:04+00:00\",\"breadcrumb\":{\"@id\":\"https:\/\/www.voustensports.com\/fr\/hogan-hyperlight-sneaker-blanc-beige-39670\/#breadcrumb\"},\"inLanguage\":\"fr-FR\",\"potentialAction\":[{\"@type\":\"ReadAction\",\"target\":[\"https:\/\/www.voustensports.com\/fr\/hogan-hyperlight-sneaker-blanc-beige-39670\/\"]}]},{\"@type\":\"ImageObject\",\"inLanguage\":\"fr-FR\",\"@id\":\"https:\/\/www.voustensports.com\/fr\/hogan-hyperlight-sneaker-blanc-beige-39670\/#primaryimage\",\"url\":\"https:\/\/www.voustensports.com\/wp-content\/uploads\/2023\/06\/Hogan-Sneaker-wit-39670-7.png\",\"contentUrl\":\"https:\/\/www.voustensports.com\/wp-content\/uploads\/2023\/06\/Hogan-Sneaker-wit-39670-7.png\",\"width\":713,\"height\":713},{\"@type\":\"BreadcrumbList\",\"@id\":\"https:\/\/www.voustensports.com\/fr\/hogan-hyperlight-sneaker-blanc-beige-39670\/#breadcrumb\",\"itemListElement\":[{\"@type\":\"ListItem\",\"position\":1,\"name\":\"Home\",\"item\":\"https:\/\/www.voustensports.com\/fr\/\"},{\"@type\":\"ListItem\",\"position\":2,\"name\":\"Boutique\",\"item\":\"https:\/\/www.voustensports.com\/fr\/shop\/\"},{\"@type\":\"ListItem\",\"position\":3,\"name\":\"HOGAN &#8211; Hyperlight Sneaker blanc \/ beige (39670)\"}]},{\"@type\":\"WebSite\",\"@id\":\"https:\/\/www.voustensports.com\/nl\/#website\",\"url\":\"https:\/\/www.voustensports.com\/nl\/\",\"name\":\"Vousten Sports\",\"description\":\"\",\"potentialAction\":[{\"@type\":\"SearchAction\",\"target\":{\"@type\":\"EntryPoint\",\"urlTemplate\":\"https:\/\/www.voustensports.com\/nl\/?s={search_term_string}\"},\"query-input\":{\"@type\":\"PropertyValueSpecification\",\"valueRequired\":true,\"valueName\":\"search_term_string\"}}],\"inLanguage\":\"fr-FR\"}]}<\/script>\n<!-- \/ Yoast SEO plugin. -->","yoast_head_json":{"title":"HOGAN - Hyperlight Sneaker blanc \/ beige (39670) - Vousten Sports","robots":{"index":"index","follow":"follow","max-snippet":"max-snippet:-1","max-image-preview":"max-image-preview:large","max-video-preview":"max-video-preview:-1"},"canonical":"https:\/\/www.voustensports.com\/fr\/hogan-hyperlight-sneaker-blanc-beige-39670\/","og_locale":"fr_FR","og_type":"article","og_title":"HOGAN - Hyperlight Sneaker blanc \/ beige (39670) - Vousten Sports","og_description":"Caract\u00e9ris\u00e9es par des formes fluides et dynamiques, ces nouvelles chaussures de course combinent des lignes de chaussures de jogging et des caract\u00e9ristiques urbaines. La tige multi-mati\u00e8res rappelle les d\u00e9tails iconiques de la marque et est rehauss\u00e9e d&rsquo;une boucle \u00e0 l&rsquo;arri\u00e8re, qui facilite l&rsquo;ajustement en ajoutant une touche technique. Un mod\u00e8le ultra dynamique, avec une semelle [...]","og_url":"https:\/\/www.voustensports.com\/fr\/hogan-hyperlight-sneaker-blanc-beige-39670\/","og_site_name":"Vousten Sports","article_modified_time":"2026-03-20T02:27:04+00:00","og_image":[{"width":713,"height":713,"url":"https:\/\/www.voustensports.com\/wp-content\/uploads\/2023\/06\/Hogan-Sneaker-wit-39670-7.png","type":"image\/png"}],"twitter_card":"summary_large_image","twitter_misc":{"Est. reading time":"1 minute"},"schema":{"@context":"https:\/\/schema.org","@graph":[{"@type":"WebPage","@id":"https:\/\/www.voustensports.com\/fr\/hogan-hyperlight-sneaker-blanc-beige-39670\/","url":"https:\/\/www.voustensports.com\/fr\/hogan-hyperlight-sneaker-blanc-beige-39670\/","name":"HOGAN - Hyperlight Sneaker blanc \/ beige (39670) - Vousten Sports","isPartOf":{"@id":"https:\/\/www.voustensports.com\/nl\/#website"},"primaryImageOfPage":{"@id":"https:\/\/www.voustensports.com\/fr\/hogan-hyperlight-sneaker-blanc-beige-39670\/#primaryimage"},"image":{"@id":"https:\/\/www.voustensports.com\/fr\/hogan-hyperlight-sneaker-blanc-beige-39670\/#primaryimage"},"thumbnailUrl":"https:\/\/www.voustensports.com\/wp-content\/uploads\/2023\/06\/Hogan-Sneaker-wit-39670-7.png","datePublished":"2025-01-06T13:46:09+00:00","dateModified":"2026-03-20T02:27:04+00:00","breadcrumb":{"@id":"https:\/\/www.voustensports.com\/fr\/hogan-hyperlight-sneaker-blanc-beige-39670\/#breadcrumb"},"inLanguage":"fr-FR","potentialAction":[{"@type":"ReadAction","target":["https:\/\/www.voustensports.com\/fr\/hogan-hyperlight-sneaker-blanc-beige-39670\/"]}]},{"@type":"ImageObject","inLanguage":"fr-FR","@id":"https:\/\/www.voustensports.com\/fr\/hogan-hyperlight-sneaker-blanc-beige-39670\/#primaryimage","url":"https:\/\/www.voustensports.com\/wp-content\/uploads\/2023\/06\/Hogan-Sneaker-wit-39670-7.png","contentUrl":"https:\/\/www.voustensports.com\/wp-content\/uploads\/2023\/06\/Hogan-Sneaker-wit-39670-7.png","width":713,"height":713},{"@type":"BreadcrumbList","@id":"https:\/\/www.voustensports.com\/fr\/hogan-hyperlight-sneaker-blanc-beige-39670\/#breadcrumb","itemListElement":[{"@type":"ListItem","position":1,"name":"Home","item":"https:\/\/www.voustensports.com\/fr\/"},{"@type":"ListItem","position":2,"name":"Boutique","item":"https:\/\/www.voustensports.com\/fr\/shop\/"},{"@type":"ListItem","position":3,"name":"HOGAN &#8211; Hyperlight Sneaker blanc \/ beige (39670)"}]},{"@type":"WebSite","@id":"https:\/\/www.voustensports.com\/nl\/#website","url":"https:\/\/www.voustensports.com\/nl\/","name":"Vousten Sports","description":"","potentialAction":[{"@type":"SearchAction","target":{"@type":"EntryPoint","urlTemplate":"https:\/\/www.voustensports.com\/nl\/?s={search_term_string}"},"query-input":{"@type":"PropertyValueSpecification","valueRequired":true,"valueName":"search_term_string"}}],"inLanguage":"fr-FR"}]}},"_links":{"self":[{"href":"https:\/\/www.voustensports.com\/fr\/wp-json\/wp\/v2\/product\/192972","targetHints":{"allow":["GET"]}}],"collection":[{"href":"https:\/\/www.voustensports.com\/fr\/wp-json\/wp\/v2\/product"}],"about":[{"href":"https:\/\/www.voustensports.com\/fr\/wp-json\/wp\/v2\/types\/product"}],"replies":[{"embeddable":true,"href":"https:\/\/www.voustensports.com\/fr\/wp-json\/wp\/v2\/comments?post=192972"}],"wp:featuredmedia":[{"embeddable":true,"href":"https:\/\/www.voustensports.com\/fr\/wp-json\/wp\/v2\/media\/192944"}],"wp:attachment":[{"href":"https:\/\/www.voustensports.com\/fr\/wp-json\/wp\/v2\/media?parent=192972"}],"wp:term":[{"taxonomy":"product_cat","embeddable":true,"href":"https:\/\/www.voustensports.com\/fr\/wp-json\/wp\/v2\/product_cat?post=192972"},{"taxonomy":"product_tag","embeddable":true,"href":"https:\/\/www.voustensports.com\/fr\/wp-json\/wp\/v2\/product_tag?post=192972"}],"curies":[{"name":"wp","href":"https:\/\/api.w.org\/{rel}","templated":true}]}}