{"id":192158,"date":"2024-12-31T13:22:07","date_gmt":"2024-12-31T12:22:07","guid":{"rendered":"https:\/\/www.voustensports.com\/valenza-tech-stretch-overshirt-beige-40521-2\/"},"modified":"2026-02-05T12:25:26","modified_gmt":"2026-02-05T11:25:26","slug":"valenza-tech-stretch-overshirt-beige-40521-2","status":"publish","type":"product","link":"https:\/\/www.voustensports.com\/fr\/valenza-tech-stretch-overshirt-beige-40521-2\/","title":{"rendered":"VALENZA &#8211; Tech Stretch Overshirt beige (40521)"},"content":{"rendered":"<div><strong>Informations sur le produit :<\/strong><\/div>\n<ul>\n<li>Coupe r\u00e9guli\u00e8re<\/li>\n<li>Surchemise avec fermeture \u00e9clair en m\u00e9tal sur le devant<\/li>\n<li>Double tirette sur la fermeture \u00e0 glissi\u00e8re avant<\/li>\n<li>Poches lat\u00e9rales invisibles Coutures int\u00e9rieures<\/li>\n<li>V\u00e9ritables poignets avec fermeture \u00e0 bouton<\/li>\n<\/ul>\n<div><strong>Mati\u00e8re :<\/strong><\/div>\n<ul>\n<li>Popeline Hyper Stretch<\/li>\n<li>Fabriqu\u00e9 en Italie<\/li>\n<li>Composition : 71%PA + 29%EA<\/li>\n<li>Poids : 195 g\/m\u00b2<\/li>\n<\/ul>\n<div><strong>\u00c9tiquettes et \u00e9tiquettes volantes :<\/strong><\/div>\n<ul>\n<li>\u00c9tiquettes en coton recycl\u00e9<\/li>\n<li>Etiquettes en papier recycl\u00e9<\/li>\n<li>Fabriqu\u00e9es en Italie<\/li>\n<\/ul>\n<div><strong>Fermetures \u00e9clair :<\/strong><\/div>\n<ul>\n<li>Zips en m\u00e9tal<\/li>\n<li>Fabriqu\u00e9es en Italie<\/li>\n<\/ul>\n<div><strong>Boutons :<\/strong><\/div>\n<ul>\n<li>Boutons en nacre<\/li>\n<li>Fabriqu\u00e9 en Italie<\/li>\n<\/ul>\n<div>Produit dans les Marches, en Italie. Certifi\u00e9 100% Made in Italy. Toutes les \u00e9tapes de la production de cette chemise ont \u00e9t\u00e9 r\u00e9alis\u00e9es \u00e0 Marche, en Italie, selon des proc\u00e9dures artisanales.<\/div>\n","protected":false},"excerpt":{"rendered":"<p>Informations sur le produit : Coupe r\u00e9guli\u00e8re Surchemise avec fermeture \u00e9clair en m\u00e9tal sur le devant Double tirette sur la fermeture \u00e0 glissi\u00e8re avant Poches lat\u00e9rales invisibles Coutures int\u00e9rieures V\u00e9ritables poignets avec fermeture \u00e0 bouton Mati\u00e8re : Popeline Hyper Stretch Fabriqu\u00e9 en Italie Composition : 71%PA + 29%EA Poids : 195 g\/m\u00b2 \u00c9tiquettes et \u00e9tiquettes [&#8230;]\n","protected":false},"featured_media":192150,"comment_status":"open","ping_status":"closed","template":"","meta":{"rank_math_lock_modified_date":false},"product_cat":[446,450,462,677,694,739,778],"product_tag":[],"class_list":{"0":"post-192158","1":"product","2":"type-product","3":"status-publish","4":"has-post-thumbnail","6":"product_cat-kleding-fr","7":"product_cat-heren-fr","8":"product_cat-vousten-sports-fr-2","9":"product_cat-gilets-fr","10":"product_cat-truien-vesten-fr-2","11":"product_cat-overshirt-fr-2","12":"product_cat-valenza-fr","14":"first","15":"instock","16":"taxable","17":"shipping-taxable","18":"purchasable","19":"product-type-variable"},"acf":[],"yoast_head":"<!-- This site is optimized with the Yoast SEO plugin v23.9 - https:\/\/yoast.com\/wordpress\/plugins\/seo\/ -->\n<title>VALENZA - Tech Stretch Overshirt beige (40521) - Vousten Sports<\/title>\n<meta name=\"robots\" content=\"index, follow, max-snippet:-1, max-image-preview:large, max-video-preview:-1\" \/>\n<link rel=\"canonical\" href=\"https:\/\/www.voustensports.com\/fr\/valenza-tech-stretch-overshirt-beige-40521-2\/\" \/>\n<meta property=\"og:locale\" content=\"fr_FR\" \/>\n<meta property=\"og:type\" content=\"article\" \/>\n<meta property=\"og:title\" content=\"VALENZA - Tech Stretch Overshirt beige (40521) - Vousten Sports\" \/>\n<meta property=\"og:description\" content=\"Informations sur le produit : Coupe r\u00e9guli\u00e8re Surchemise avec fermeture \u00e9clair en m\u00e9tal sur le devant Double tirette sur la fermeture \u00e0 glissi\u00e8re avant Poches lat\u00e9rales invisibles Coutures int\u00e9rieures V\u00e9ritables poignets avec fermeture \u00e0 bouton Mati\u00e8re : Popeline Hyper Stretch Fabriqu\u00e9 en Italie Composition : 71%PA + 29%EA Poids : 195 g\/m\u00b2 \u00c9tiquettes et \u00e9tiquettes [...]\" \/>\n<meta property=\"og:url\" content=\"https:\/\/www.voustensports.com\/fr\/valenza-tech-stretch-overshirt-beige-40521-2\/\" \/>\n<meta property=\"og:site_name\" content=\"Vousten Sports\" \/>\n<meta property=\"article:modified_time\" content=\"2026-02-05T11:25:26+00:00\" \/>\n<meta property=\"og:image\" content=\"https:\/\/www.voustensports.com\/wp-content\/uploads\/2023\/06\/VALENZA-Tech-Stretch-Overshirt-beige-40521.png\" \/>\n\t<meta property=\"og:image:width\" content=\"713\" \/>\n\t<meta property=\"og:image:height\" content=\"713\" \/>\n\t<meta property=\"og:image:type\" content=\"image\/png\" \/>\n<meta name=\"twitter:card\" content=\"summary_large_image\" \/>\n<meta name=\"twitter:label1\" content=\"Est. reading time\" \/>\n\t<meta name=\"twitter:data1\" content=\"1 minute\" \/>\n<script type=\"application\/ld+json\" class=\"yoast-schema-graph\">{\"@context\":\"https:\/\/schema.org\",\"@graph\":[{\"@type\":\"WebPage\",\"@id\":\"https:\/\/www.voustensports.com\/fr\/valenza-tech-stretch-overshirt-beige-40521-2\/\",\"url\":\"https:\/\/www.voustensports.com\/fr\/valenza-tech-stretch-overshirt-beige-40521-2\/\",\"name\":\"VALENZA - Tech Stretch Overshirt beige (40521) - Vousten Sports\",\"isPartOf\":{\"@id\":\"https:\/\/www.voustensports.com\/nl\/#website\"},\"primaryImageOfPage\":{\"@id\":\"https:\/\/www.voustensports.com\/fr\/valenza-tech-stretch-overshirt-beige-40521-2\/#primaryimage\"},\"image\":{\"@id\":\"https:\/\/www.voustensports.com\/fr\/valenza-tech-stretch-overshirt-beige-40521-2\/#primaryimage\"},\"thumbnailUrl\":\"https:\/\/www.voustensports.com\/wp-content\/uploads\/2023\/06\/VALENZA-Tech-Stretch-Overshirt-beige-40521.png\",\"datePublished\":\"2024-12-31T12:22:07+00:00\",\"dateModified\":\"2026-02-05T11:25:26+00:00\",\"breadcrumb\":{\"@id\":\"https:\/\/www.voustensports.com\/fr\/valenza-tech-stretch-overshirt-beige-40521-2\/#breadcrumb\"},\"inLanguage\":\"fr-FR\",\"potentialAction\":[{\"@type\":\"ReadAction\",\"target\":[\"https:\/\/www.voustensports.com\/fr\/valenza-tech-stretch-overshirt-beige-40521-2\/\"]}]},{\"@type\":\"ImageObject\",\"inLanguage\":\"fr-FR\",\"@id\":\"https:\/\/www.voustensports.com\/fr\/valenza-tech-stretch-overshirt-beige-40521-2\/#primaryimage\",\"url\":\"https:\/\/www.voustensports.com\/wp-content\/uploads\/2023\/06\/VALENZA-Tech-Stretch-Overshirt-beige-40521.png\",\"contentUrl\":\"https:\/\/www.voustensports.com\/wp-content\/uploads\/2023\/06\/VALENZA-Tech-Stretch-Overshirt-beige-40521.png\",\"width\":713,\"height\":713},{\"@type\":\"BreadcrumbList\",\"@id\":\"https:\/\/www.voustensports.com\/fr\/valenza-tech-stretch-overshirt-beige-40521-2\/#breadcrumb\",\"itemListElement\":[{\"@type\":\"ListItem\",\"position\":1,\"name\":\"Home\",\"item\":\"https:\/\/www.voustensports.com\/fr\/\"},{\"@type\":\"ListItem\",\"position\":2,\"name\":\"Boutique\",\"item\":\"https:\/\/www.voustensports.com\/fr\/shop\/\"},{\"@type\":\"ListItem\",\"position\":3,\"name\":\"VALENZA &#8211; Tech Stretch Overshirt beige (40521)\"}]},{\"@type\":\"WebSite\",\"@id\":\"https:\/\/www.voustensports.com\/nl\/#website\",\"url\":\"https:\/\/www.voustensports.com\/nl\/\",\"name\":\"Vousten Sports\",\"description\":\"\",\"potentialAction\":[{\"@type\":\"SearchAction\",\"target\":{\"@type\":\"EntryPoint\",\"urlTemplate\":\"https:\/\/www.voustensports.com\/nl\/?s={search_term_string}\"},\"query-input\":{\"@type\":\"PropertyValueSpecification\",\"valueRequired\":true,\"valueName\":\"search_term_string\"}}],\"inLanguage\":\"fr-FR\"}]}<\/script>\n<!-- \/ Yoast SEO plugin. -->","yoast_head_json":{"title":"VALENZA - Tech Stretch Overshirt beige (40521) - Vousten Sports","robots":{"index":"index","follow":"follow","max-snippet":"max-snippet:-1","max-image-preview":"max-image-preview:large","max-video-preview":"max-video-preview:-1"},"canonical":"https:\/\/www.voustensports.com\/fr\/valenza-tech-stretch-overshirt-beige-40521-2\/","og_locale":"fr_FR","og_type":"article","og_title":"VALENZA - Tech Stretch Overshirt beige (40521) - Vousten Sports","og_description":"Informations sur le produit : Coupe r\u00e9guli\u00e8re Surchemise avec fermeture \u00e9clair en m\u00e9tal sur le devant Double tirette sur la fermeture \u00e0 glissi\u00e8re avant Poches lat\u00e9rales invisibles Coutures int\u00e9rieures V\u00e9ritables poignets avec fermeture \u00e0 bouton Mati\u00e8re : Popeline Hyper Stretch Fabriqu\u00e9 en Italie Composition : 71%PA + 29%EA Poids : 195 g\/m\u00b2 \u00c9tiquettes et \u00e9tiquettes [...]","og_url":"https:\/\/www.voustensports.com\/fr\/valenza-tech-stretch-overshirt-beige-40521-2\/","og_site_name":"Vousten Sports","article_modified_time":"2026-02-05T11:25:26+00:00","og_image":[{"width":713,"height":713,"url":"https:\/\/www.voustensports.com\/wp-content\/uploads\/2023\/06\/VALENZA-Tech-Stretch-Overshirt-beige-40521.png","type":"image\/png"}],"twitter_card":"summary_large_image","twitter_misc":{"Est. reading time":"1 minute"},"schema":{"@context":"https:\/\/schema.org","@graph":[{"@type":"WebPage","@id":"https:\/\/www.voustensports.com\/fr\/valenza-tech-stretch-overshirt-beige-40521-2\/","url":"https:\/\/www.voustensports.com\/fr\/valenza-tech-stretch-overshirt-beige-40521-2\/","name":"VALENZA - Tech Stretch Overshirt beige (40521) - Vousten Sports","isPartOf":{"@id":"https:\/\/www.voustensports.com\/nl\/#website"},"primaryImageOfPage":{"@id":"https:\/\/www.voustensports.com\/fr\/valenza-tech-stretch-overshirt-beige-40521-2\/#primaryimage"},"image":{"@id":"https:\/\/www.voustensports.com\/fr\/valenza-tech-stretch-overshirt-beige-40521-2\/#primaryimage"},"thumbnailUrl":"https:\/\/www.voustensports.com\/wp-content\/uploads\/2023\/06\/VALENZA-Tech-Stretch-Overshirt-beige-40521.png","datePublished":"2024-12-31T12:22:07+00:00","dateModified":"2026-02-05T11:25:26+00:00","breadcrumb":{"@id":"https:\/\/www.voustensports.com\/fr\/valenza-tech-stretch-overshirt-beige-40521-2\/#breadcrumb"},"inLanguage":"fr-FR","potentialAction":[{"@type":"ReadAction","target":["https:\/\/www.voustensports.com\/fr\/valenza-tech-stretch-overshirt-beige-40521-2\/"]}]},{"@type":"ImageObject","inLanguage":"fr-FR","@id":"https:\/\/www.voustensports.com\/fr\/valenza-tech-stretch-overshirt-beige-40521-2\/#primaryimage","url":"https:\/\/www.voustensports.com\/wp-content\/uploads\/2023\/06\/VALENZA-Tech-Stretch-Overshirt-beige-40521.png","contentUrl":"https:\/\/www.voustensports.com\/wp-content\/uploads\/2023\/06\/VALENZA-Tech-Stretch-Overshirt-beige-40521.png","width":713,"height":713},{"@type":"BreadcrumbList","@id":"https:\/\/www.voustensports.com\/fr\/valenza-tech-stretch-overshirt-beige-40521-2\/#breadcrumb","itemListElement":[{"@type":"ListItem","position":1,"name":"Home","item":"https:\/\/www.voustensports.com\/fr\/"},{"@type":"ListItem","position":2,"name":"Boutique","item":"https:\/\/www.voustensports.com\/fr\/shop\/"},{"@type":"ListItem","position":3,"name":"VALENZA &#8211; Tech Stretch Overshirt beige (40521)"}]},{"@type":"WebSite","@id":"https:\/\/www.voustensports.com\/nl\/#website","url":"https:\/\/www.voustensports.com\/nl\/","name":"Vousten Sports","description":"","potentialAction":[{"@type":"SearchAction","target":{"@type":"EntryPoint","urlTemplate":"https:\/\/www.voustensports.com\/nl\/?s={search_term_string}"},"query-input":{"@type":"PropertyValueSpecification","valueRequired":true,"valueName":"search_term_string"}}],"inLanguage":"fr-FR"}]}},"_links":{"self":[{"href":"https:\/\/www.voustensports.com\/fr\/wp-json\/wp\/v2\/product\/192158","targetHints":{"allow":["GET"]}}],"collection":[{"href":"https:\/\/www.voustensports.com\/fr\/wp-json\/wp\/v2\/product"}],"about":[{"href":"https:\/\/www.voustensports.com\/fr\/wp-json\/wp\/v2\/types\/product"}],"replies":[{"embeddable":true,"href":"https:\/\/www.voustensports.com\/fr\/wp-json\/wp\/v2\/comments?post=192158"}],"wp:featuredmedia":[{"embeddable":true,"href":"https:\/\/www.voustensports.com\/fr\/wp-json\/wp\/v2\/media\/192150"}],"wp:attachment":[{"href":"https:\/\/www.voustensports.com\/fr\/wp-json\/wp\/v2\/media?parent=192158"}],"wp:term":[{"taxonomy":"product_cat","embeddable":true,"href":"https:\/\/www.voustensports.com\/fr\/wp-json\/wp\/v2\/product_cat?post=192158"},{"taxonomy":"product_tag","embeddable":true,"href":"https:\/\/www.voustensports.com\/fr\/wp-json\/wp\/v2\/product_tag?post=192158"}],"curies":[{"name":"wp","href":"https:\/\/api.w.org\/{rel}","templated":true}]}}