{"id":191468,"date":"2024-12-07T17:08:09","date_gmt":"2024-12-07T16:08:09","guid":{"rendered":"https:\/\/www.voustensports.com\/gran-sasso-col-rond-en-merinos-brun-fonce-39794\/"},"modified":"2026-02-05T12:22:00","modified_gmt":"2026-02-05T11:22:00","slug":"gran-sasso-col-rond-en-merinos-brun-fonce-39794","status":"publish","type":"product","link":"https:\/\/www.voustensports.com\/fr\/gran-sasso-col-rond-en-merinos-brun-fonce-39794\/","title":{"rendered":"Gran Sasso &#8211; COL ROND EN M\u00c9RINOS BRUN FONC\u00c9 (39794)"},"content":{"rendered":"<div>Col rond en laine m\u00e9rinos vintage. L&rsquo;effet d\u00e9lav\u00e9 sur le col et les poignets donne une nouvelle allure \u00e0 ce v\u00eatement classique en le rendant plus contemporain et polyvalent. Il est extr\u00eamement chaud et l\u00e9ger, parfait \u00e0 porter seul ou sous l&rsquo;une de nos vestes pour un style d\u00e9contract\u00e9 et plus recherch\u00e9.<\/div>\n<ul>\n<li>Coupe tendance.<\/li>\n<li>100% LAINE M\u00c9RINOS EXTRA FINE<\/li>\n<\/ul>\n","protected":false},"excerpt":{"rendered":"<p>Col rond en laine m\u00e9rinos vintage. L&rsquo;effet d\u00e9lav\u00e9 sur le col et les poignets donne une nouvelle allure \u00e0 ce v\u00eatement classique en le rendant plus contemporain et polyvalent. Il est extr\u00eamement chaud et l\u00e9ger, parfait \u00e0 porter seul ou sous l&rsquo;une de nos vestes pour un style d\u00e9contract\u00e9 et plus recherch\u00e9. Coupe tendance. 100% [&#8230;]\n","protected":false},"featured_media":194215,"comment_status":"open","ping_status":"closed","template":"","meta":{"rank_math_lock_modified_date":false},"product_cat":[924,446,450,462,534,538,694,697],"product_tag":[],"class_list":{"0":"post-191468","1":"product","2":"type-product","3":"status-publish","4":"has-post-thumbnail","6":"product_cat-gran-sasso-fr","7":"product_cat-kleding-fr","8":"product_cat-heren-fr","9":"product_cat-vousten-sports-fr-2","10":"product_cat-truien-fr-2","11":"product_cat-knitwear-fr","12":"product_cat-truien-vesten-fr-2","13":"product_cat-sweaters-fr-2","15":"first","16":"instock","17":"taxable","18":"shipping-taxable","19":"purchasable","20":"product-type-variable"},"acf":[],"yoast_head":"<!-- This site is optimized with the Yoast SEO plugin v23.9 - https:\/\/yoast.com\/wordpress\/plugins\/seo\/ -->\n<title>Gran Sasso - COL ROND EN M\u00c9RINOS BRUN FONC\u00c9 (39794) - Vousten Sports<\/title>\n<meta name=\"robots\" content=\"index, follow, max-snippet:-1, max-image-preview:large, max-video-preview:-1\" \/>\n<link rel=\"canonical\" href=\"https:\/\/www.voustensports.com\/fr\/gran-sasso-col-rond-en-merinos-brun-fonce-39794\/\" \/>\n<meta property=\"og:locale\" content=\"fr_FR\" \/>\n<meta property=\"og:type\" content=\"article\" \/>\n<meta property=\"og:title\" content=\"Gran Sasso - COL ROND EN M\u00c9RINOS BRUN FONC\u00c9 (39794) - Vousten Sports\" \/>\n<meta property=\"og:description\" content=\"Col rond en laine m\u00e9rinos vintage. L&rsquo;effet d\u00e9lav\u00e9 sur le col et les poignets donne une nouvelle allure \u00e0 ce v\u00eatement classique en le rendant plus contemporain et polyvalent. Il est extr\u00eamement chaud et l\u00e9ger, parfait \u00e0 porter seul ou sous l&rsquo;une de nos vestes pour un style d\u00e9contract\u00e9 et plus recherch\u00e9. Coupe tendance. 100% [...]\" \/>\n<meta property=\"og:url\" content=\"https:\/\/www.voustensports.com\/fr\/gran-sasso-col-rond-en-merinos-brun-fonce-39794\/\" \/>\n<meta property=\"og:site_name\" content=\"Vousten Sports\" \/>\n<meta property=\"article:modified_time\" content=\"2026-02-05T11:22:00+00:00\" \/>\n<meta property=\"og:image\" content=\"https:\/\/www.voustensports.com\/wp-content\/uploads\/2023\/06\/MERINOS-CREW-NECK-DONKERBRUIN-397941.jpg\" \/>\n\t<meta property=\"og:image:width\" content=\"1592\" \/>\n\t<meta property=\"og:image:height\" content=\"2048\" \/>\n\t<meta property=\"og:image:type\" content=\"image\/jpeg\" \/>\n<meta name=\"twitter:card\" content=\"summary_large_image\" \/>\n<script type=\"application\/ld+json\" class=\"yoast-schema-graph\">{\"@context\":\"https:\/\/schema.org\",\"@graph\":[{\"@type\":\"WebPage\",\"@id\":\"https:\/\/www.voustensports.com\/fr\/gran-sasso-col-rond-en-merinos-brun-fonce-39794\/\",\"url\":\"https:\/\/www.voustensports.com\/fr\/gran-sasso-col-rond-en-merinos-brun-fonce-39794\/\",\"name\":\"Gran Sasso - COL ROND EN M\u00c9RINOS BRUN FONC\u00c9 (39794) - Vousten Sports\",\"isPartOf\":{\"@id\":\"https:\/\/www.voustensports.com\/nl\/#website\"},\"primaryImageOfPage\":{\"@id\":\"https:\/\/www.voustensports.com\/fr\/gran-sasso-col-rond-en-merinos-brun-fonce-39794\/#primaryimage\"},\"image\":{\"@id\":\"https:\/\/www.voustensports.com\/fr\/gran-sasso-col-rond-en-merinos-brun-fonce-39794\/#primaryimage\"},\"thumbnailUrl\":\"https:\/\/www.voustensports.com\/wp-content\/uploads\/2023\/06\/MERINOS-CREW-NECK-DONKERBRUIN-397941-1.jpg\",\"datePublished\":\"2024-12-07T16:08:09+00:00\",\"dateModified\":\"2026-02-05T11:22:00+00:00\",\"breadcrumb\":{\"@id\":\"https:\/\/www.voustensports.com\/fr\/gran-sasso-col-rond-en-merinos-brun-fonce-39794\/#breadcrumb\"},\"inLanguage\":\"fr-FR\",\"potentialAction\":[{\"@type\":\"ReadAction\",\"target\":[\"https:\/\/www.voustensports.com\/fr\/gran-sasso-col-rond-en-merinos-brun-fonce-39794\/\"]}]},{\"@type\":\"ImageObject\",\"inLanguage\":\"fr-FR\",\"@id\":\"https:\/\/www.voustensports.com\/fr\/gran-sasso-col-rond-en-merinos-brun-fonce-39794\/#primaryimage\",\"url\":\"https:\/\/www.voustensports.com\/wp-content\/uploads\/2023\/06\/MERINOS-CREW-NECK-DONKERBRUIN-397941-1.jpg\",\"contentUrl\":\"https:\/\/www.voustensports.com\/wp-content\/uploads\/2023\/06\/MERINOS-CREW-NECK-DONKERBRUIN-397941-1.jpg\",\"width\":1592,\"height\":2048},{\"@type\":\"BreadcrumbList\",\"@id\":\"https:\/\/www.voustensports.com\/fr\/gran-sasso-col-rond-en-merinos-brun-fonce-39794\/#breadcrumb\",\"itemListElement\":[{\"@type\":\"ListItem\",\"position\":1,\"name\":\"Home\",\"item\":\"https:\/\/www.voustensports.com\/fr\/\"},{\"@type\":\"ListItem\",\"position\":2,\"name\":\"Boutique\",\"item\":\"https:\/\/www.voustensports.com\/fr\/shop\/\"},{\"@type\":\"ListItem\",\"position\":3,\"name\":\"Gran Sasso &#8211; COL ROND EN M\u00c9RINOS BRUN FONC\u00c9 (39794)\"}]},{\"@type\":\"WebSite\",\"@id\":\"https:\/\/www.voustensports.com\/nl\/#website\",\"url\":\"https:\/\/www.voustensports.com\/nl\/\",\"name\":\"Vousten Sports\",\"description\":\"\",\"potentialAction\":[{\"@type\":\"SearchAction\",\"target\":{\"@type\":\"EntryPoint\",\"urlTemplate\":\"https:\/\/www.voustensports.com\/nl\/?s={search_term_string}\"},\"query-input\":{\"@type\":\"PropertyValueSpecification\",\"valueRequired\":true,\"valueName\":\"search_term_string\"}}],\"inLanguage\":\"fr-FR\"}]}<\/script>\n<!-- \/ Yoast SEO plugin. -->","yoast_head_json":{"title":"Gran Sasso - COL ROND EN M\u00c9RINOS BRUN FONC\u00c9 (39794) - Vousten Sports","robots":{"index":"index","follow":"follow","max-snippet":"max-snippet:-1","max-image-preview":"max-image-preview:large","max-video-preview":"max-video-preview:-1"},"canonical":"https:\/\/www.voustensports.com\/fr\/gran-sasso-col-rond-en-merinos-brun-fonce-39794\/","og_locale":"fr_FR","og_type":"article","og_title":"Gran Sasso - COL ROND EN M\u00c9RINOS BRUN FONC\u00c9 (39794) - Vousten Sports","og_description":"Col rond en laine m\u00e9rinos vintage. L&rsquo;effet d\u00e9lav\u00e9 sur le col et les poignets donne une nouvelle allure \u00e0 ce v\u00eatement classique en le rendant plus contemporain et polyvalent. Il est extr\u00eamement chaud et l\u00e9ger, parfait \u00e0 porter seul ou sous l&rsquo;une de nos vestes pour un style d\u00e9contract\u00e9 et plus recherch\u00e9. Coupe tendance. 100% [...]","og_url":"https:\/\/www.voustensports.com\/fr\/gran-sasso-col-rond-en-merinos-brun-fonce-39794\/","og_site_name":"Vousten Sports","article_modified_time":"2026-02-05T11:22:00+00:00","og_image":[{"width":1592,"height":2048,"url":"https:\/\/www.voustensports.com\/wp-content\/uploads\/2023\/06\/MERINOS-CREW-NECK-DONKERBRUIN-397941.jpg","type":"image\/jpeg"}],"twitter_card":"summary_large_image","schema":{"@context":"https:\/\/schema.org","@graph":[{"@type":"WebPage","@id":"https:\/\/www.voustensports.com\/fr\/gran-sasso-col-rond-en-merinos-brun-fonce-39794\/","url":"https:\/\/www.voustensports.com\/fr\/gran-sasso-col-rond-en-merinos-brun-fonce-39794\/","name":"Gran Sasso - COL ROND EN M\u00c9RINOS BRUN FONC\u00c9 (39794) - Vousten Sports","isPartOf":{"@id":"https:\/\/www.voustensports.com\/nl\/#website"},"primaryImageOfPage":{"@id":"https:\/\/www.voustensports.com\/fr\/gran-sasso-col-rond-en-merinos-brun-fonce-39794\/#primaryimage"},"image":{"@id":"https:\/\/www.voustensports.com\/fr\/gran-sasso-col-rond-en-merinos-brun-fonce-39794\/#primaryimage"},"thumbnailUrl":"https:\/\/www.voustensports.com\/wp-content\/uploads\/2023\/06\/MERINOS-CREW-NECK-DONKERBRUIN-397941-1.jpg","datePublished":"2024-12-07T16:08:09+00:00","dateModified":"2026-02-05T11:22:00+00:00","breadcrumb":{"@id":"https:\/\/www.voustensports.com\/fr\/gran-sasso-col-rond-en-merinos-brun-fonce-39794\/#breadcrumb"},"inLanguage":"fr-FR","potentialAction":[{"@type":"ReadAction","target":["https:\/\/www.voustensports.com\/fr\/gran-sasso-col-rond-en-merinos-brun-fonce-39794\/"]}]},{"@type":"ImageObject","inLanguage":"fr-FR","@id":"https:\/\/www.voustensports.com\/fr\/gran-sasso-col-rond-en-merinos-brun-fonce-39794\/#primaryimage","url":"https:\/\/www.voustensports.com\/wp-content\/uploads\/2023\/06\/MERINOS-CREW-NECK-DONKERBRUIN-397941-1.jpg","contentUrl":"https:\/\/www.voustensports.com\/wp-content\/uploads\/2023\/06\/MERINOS-CREW-NECK-DONKERBRUIN-397941-1.jpg","width":1592,"height":2048},{"@type":"BreadcrumbList","@id":"https:\/\/www.voustensports.com\/fr\/gran-sasso-col-rond-en-merinos-brun-fonce-39794\/#breadcrumb","itemListElement":[{"@type":"ListItem","position":1,"name":"Home","item":"https:\/\/www.voustensports.com\/fr\/"},{"@type":"ListItem","position":2,"name":"Boutique","item":"https:\/\/www.voustensports.com\/fr\/shop\/"},{"@type":"ListItem","position":3,"name":"Gran Sasso &#8211; COL ROND EN M\u00c9RINOS BRUN FONC\u00c9 (39794)"}]},{"@type":"WebSite","@id":"https:\/\/www.voustensports.com\/nl\/#website","url":"https:\/\/www.voustensports.com\/nl\/","name":"Vousten Sports","description":"","potentialAction":[{"@type":"SearchAction","target":{"@type":"EntryPoint","urlTemplate":"https:\/\/www.voustensports.com\/nl\/?s={search_term_string}"},"query-input":{"@type":"PropertyValueSpecification","valueRequired":true,"valueName":"search_term_string"}}],"inLanguage":"fr-FR"}]}},"_links":{"self":[{"href":"https:\/\/www.voustensports.com\/fr\/wp-json\/wp\/v2\/product\/191468","targetHints":{"allow":["GET"]}}],"collection":[{"href":"https:\/\/www.voustensports.com\/fr\/wp-json\/wp\/v2\/product"}],"about":[{"href":"https:\/\/www.voustensports.com\/fr\/wp-json\/wp\/v2\/types\/product"}],"replies":[{"embeddable":true,"href":"https:\/\/www.voustensports.com\/fr\/wp-json\/wp\/v2\/comments?post=191468"}],"wp:featuredmedia":[{"embeddable":true,"href":"https:\/\/www.voustensports.com\/fr\/wp-json\/wp\/v2\/media\/194215"}],"wp:attachment":[{"href":"https:\/\/www.voustensports.com\/fr\/wp-json\/wp\/v2\/media?parent=191468"}],"wp:term":[{"taxonomy":"product_cat","embeddable":true,"href":"https:\/\/www.voustensports.com\/fr\/wp-json\/wp\/v2\/product_cat?post=191468"},{"taxonomy":"product_tag","embeddable":true,"href":"https:\/\/www.voustensports.com\/fr\/wp-json\/wp\/v2\/product_tag?post=191468"}],"curies":[{"name":"wp","href":"https:\/\/api.w.org\/{rel}","templated":true}]}}