{"id":191293,"date":"2024-11-30T11:46:34","date_gmt":"2024-11-30T10:46:34","guid":{"rendered":"https:\/\/www.voustensports.com\/jacob-cohen-polo-manches-longues-turquoise-39643\/"},"modified":"2026-02-05T12:20:40","modified_gmt":"2026-02-05T11:20:40","slug":"jacob-cohen-polo-manches-longues-turquoise-39643","status":"publish","type":"product","link":"https:\/\/www.voustensports.com\/fr\/jacob-cohen-polo-manches-longues-turquoise-39643\/","title":{"rendered":"Jacob Cohen &#8211; Polo manches longues turquoise (39643)"},"content":{"rendered":"<div>Avec les polos de Jacob Coh\u00ebn, vous garantissez une apparence styl\u00e9e et \u00e9l\u00e9gante. Ce polo turquoise pr\u00e9sente une fermeture classique \u00e0 trois boutons avec col et manches courtes. Les fentes dans l&rsquo;ourlet conf\u00e8rent \u00e0 cette chemise un caract\u00e8re ludique et assurent un confort optimal.<\/div>\n<div>La petite broderie sur la poitrine gauche et le contraste sur le col compl\u00e8tent ce polo et apportent un compl\u00e9ment subtil au style par ailleurs minimaliste.<\/div>\n<ul>\n<li>Coton 96%, \u00c9lasthanne 4%<\/li>\n<li>Manches longues<\/li>\n<li>Col polo<\/li>\n<li>Logo brod\u00e9 sur la poitrine<\/li>\n<li>Coupe ajust\u00e9e<\/li>\n<li>Convient normalement<\/li>\n<li>Num\u00e9ro d&rsquo;article : E2456<\/li>\n<li>Num\u00e9ro de couleur: T22<\/li>\n<li>Num\u00e9ro d&rsquo;identification : 39643<\/li>\n<\/ul>\n","protected":false},"excerpt":{"rendered":"<p>Avec les polos de Jacob Coh\u00ebn, vous garantissez une apparence styl\u00e9e et \u00e9l\u00e9gante. Ce polo turquoise pr\u00e9sente une fermeture classique \u00e0 trois boutons avec col et manches courtes. Les fentes dans l&rsquo;ourlet conf\u00e8rent \u00e0 cette chemise un caract\u00e8re ludique et assurent un confort optimal. La petite broderie sur la poitrine gauche et le contraste sur [&#8230;]\n","protected":false},"featured_media":191281,"comment_status":"open","ping_status":"closed","template":"","meta":{"rank_math_lock_modified_date":false},"product_cat":[446,450,462,478,568],"product_tag":[],"class_list":{"0":"post-191293","1":"product","2":"type-product","3":"status-publish","4":"has-post-thumbnail","6":"product_cat-kleding-fr","7":"product_cat-heren-fr","8":"product_cat-vousten-sports-fr-2","9":"product_cat-polos-fr-2","10":"product_cat-jacob-cohen-jeans-fr","12":"first","13":"instock","14":"taxable","15":"shipping-taxable","16":"purchasable","17":"product-type-variable"},"acf":[],"yoast_head":"<!-- This site is optimized with the Yoast SEO plugin v23.9 - https:\/\/yoast.com\/wordpress\/plugins\/seo\/ -->\n<title>Jacob Cohen - Polo manches longues turquoise (39643) - Vousten Sports<\/title>\n<meta name=\"robots\" content=\"index, follow, max-snippet:-1, max-image-preview:large, max-video-preview:-1\" \/>\n<link rel=\"canonical\" href=\"https:\/\/www.voustensports.com\/fr\/jacob-cohen-polo-manches-longues-turquoise-39643\/\" \/>\n<meta property=\"og:locale\" content=\"fr_FR\" \/>\n<meta property=\"og:type\" content=\"article\" \/>\n<meta property=\"og:title\" content=\"Jacob Cohen - Polo manches longues turquoise (39643) - Vousten Sports\" \/>\n<meta property=\"og:description\" content=\"Avec les polos de Jacob Coh\u00ebn, vous garantissez une apparence styl\u00e9e et \u00e9l\u00e9gante. Ce polo turquoise pr\u00e9sente une fermeture classique \u00e0 trois boutons avec col et manches courtes. Les fentes dans l&rsquo;ourlet conf\u00e8rent \u00e0 cette chemise un caract\u00e8re ludique et assurent un confort optimal. La petite broderie sur la poitrine gauche et le contraste sur [...]\" \/>\n<meta property=\"og:url\" content=\"https:\/\/www.voustensports.com\/fr\/jacob-cohen-polo-manches-longues-turquoise-39643\/\" \/>\n<meta property=\"og:site_name\" content=\"Vousten Sports\" \/>\n<meta property=\"article:modified_time\" content=\"2026-02-05T11:20:40+00:00\" \/>\n<meta property=\"og:image\" content=\"https:\/\/www.voustensports.com\/wp-content\/uploads\/2023\/06\/Polo-lange-mouw-turquoise-396431.png\" \/>\n\t<meta property=\"og:image:width\" content=\"1536\" \/>\n\t<meta property=\"og:image:height\" content=\"2305\" \/>\n\t<meta property=\"og:image:type\" content=\"image\/png\" \/>\n<meta name=\"twitter:card\" content=\"summary_large_image\" \/>\n<meta name=\"twitter:label1\" content=\"Est. reading time\" \/>\n\t<meta name=\"twitter:data1\" content=\"1 minute\" \/>\n<script type=\"application\/ld+json\" class=\"yoast-schema-graph\">{\"@context\":\"https:\/\/schema.org\",\"@graph\":[{\"@type\":\"WebPage\",\"@id\":\"https:\/\/www.voustensports.com\/fr\/jacob-cohen-polo-manches-longues-turquoise-39643\/\",\"url\":\"https:\/\/www.voustensports.com\/fr\/jacob-cohen-polo-manches-longues-turquoise-39643\/\",\"name\":\"Jacob Cohen - Polo manches longues turquoise (39643) - Vousten Sports\",\"isPartOf\":{\"@id\":\"https:\/\/www.voustensports.com\/nl\/#website\"},\"primaryImageOfPage\":{\"@id\":\"https:\/\/www.voustensports.com\/fr\/jacob-cohen-polo-manches-longues-turquoise-39643\/#primaryimage\"},\"image\":{\"@id\":\"https:\/\/www.voustensports.com\/fr\/jacob-cohen-polo-manches-longues-turquoise-39643\/#primaryimage\"},\"thumbnailUrl\":\"https:\/\/www.voustensports.com\/wp-content\/uploads\/2023\/06\/Polo-lange-mouw-turquoise-396431.png\",\"datePublished\":\"2024-11-30T10:46:34+00:00\",\"dateModified\":\"2026-02-05T11:20:40+00:00\",\"breadcrumb\":{\"@id\":\"https:\/\/www.voustensports.com\/fr\/jacob-cohen-polo-manches-longues-turquoise-39643\/#breadcrumb\"},\"inLanguage\":\"fr-FR\",\"potentialAction\":[{\"@type\":\"ReadAction\",\"target\":[\"https:\/\/www.voustensports.com\/fr\/jacob-cohen-polo-manches-longues-turquoise-39643\/\"]}]},{\"@type\":\"ImageObject\",\"inLanguage\":\"fr-FR\",\"@id\":\"https:\/\/www.voustensports.com\/fr\/jacob-cohen-polo-manches-longues-turquoise-39643\/#primaryimage\",\"url\":\"https:\/\/www.voustensports.com\/wp-content\/uploads\/2023\/06\/Polo-lange-mouw-turquoise-396431.png\",\"contentUrl\":\"https:\/\/www.voustensports.com\/wp-content\/uploads\/2023\/06\/Polo-lange-mouw-turquoise-396431.png\",\"width\":1536,\"height\":2305},{\"@type\":\"BreadcrumbList\",\"@id\":\"https:\/\/www.voustensports.com\/fr\/jacob-cohen-polo-manches-longues-turquoise-39643\/#breadcrumb\",\"itemListElement\":[{\"@type\":\"ListItem\",\"position\":1,\"name\":\"Home\",\"item\":\"https:\/\/www.voustensports.com\/fr\/\"},{\"@type\":\"ListItem\",\"position\":2,\"name\":\"Boutique\",\"item\":\"https:\/\/www.voustensports.com\/fr\/shop\/\"},{\"@type\":\"ListItem\",\"position\":3,\"name\":\"Jacob Cohen &#8211; Polo manches longues turquoise (39643)\"}]},{\"@type\":\"WebSite\",\"@id\":\"https:\/\/www.voustensports.com\/nl\/#website\",\"url\":\"https:\/\/www.voustensports.com\/nl\/\",\"name\":\"Vousten Sports\",\"description\":\"\",\"potentialAction\":[{\"@type\":\"SearchAction\",\"target\":{\"@type\":\"EntryPoint\",\"urlTemplate\":\"https:\/\/www.voustensports.com\/nl\/?s={search_term_string}\"},\"query-input\":{\"@type\":\"PropertyValueSpecification\",\"valueRequired\":true,\"valueName\":\"search_term_string\"}}],\"inLanguage\":\"fr-FR\"}]}<\/script>\n<!-- \/ Yoast SEO plugin. -->","yoast_head_json":{"title":"Jacob Cohen - Polo manches longues turquoise (39643) - Vousten Sports","robots":{"index":"index","follow":"follow","max-snippet":"max-snippet:-1","max-image-preview":"max-image-preview:large","max-video-preview":"max-video-preview:-1"},"canonical":"https:\/\/www.voustensports.com\/fr\/jacob-cohen-polo-manches-longues-turquoise-39643\/","og_locale":"fr_FR","og_type":"article","og_title":"Jacob Cohen - Polo manches longues turquoise (39643) - Vousten Sports","og_description":"Avec les polos de Jacob Coh\u00ebn, vous garantissez une apparence styl\u00e9e et \u00e9l\u00e9gante. Ce polo turquoise pr\u00e9sente une fermeture classique \u00e0 trois boutons avec col et manches courtes. Les fentes dans l&rsquo;ourlet conf\u00e8rent \u00e0 cette chemise un caract\u00e8re ludique et assurent un confort optimal. La petite broderie sur la poitrine gauche et le contraste sur [...]","og_url":"https:\/\/www.voustensports.com\/fr\/jacob-cohen-polo-manches-longues-turquoise-39643\/","og_site_name":"Vousten Sports","article_modified_time":"2026-02-05T11:20:40+00:00","og_image":[{"width":1536,"height":2305,"url":"https:\/\/www.voustensports.com\/wp-content\/uploads\/2023\/06\/Polo-lange-mouw-turquoise-396431.png","type":"image\/png"}],"twitter_card":"summary_large_image","twitter_misc":{"Est. reading time":"1 minute"},"schema":{"@context":"https:\/\/schema.org","@graph":[{"@type":"WebPage","@id":"https:\/\/www.voustensports.com\/fr\/jacob-cohen-polo-manches-longues-turquoise-39643\/","url":"https:\/\/www.voustensports.com\/fr\/jacob-cohen-polo-manches-longues-turquoise-39643\/","name":"Jacob Cohen - Polo manches longues turquoise (39643) - Vousten Sports","isPartOf":{"@id":"https:\/\/www.voustensports.com\/nl\/#website"},"primaryImageOfPage":{"@id":"https:\/\/www.voustensports.com\/fr\/jacob-cohen-polo-manches-longues-turquoise-39643\/#primaryimage"},"image":{"@id":"https:\/\/www.voustensports.com\/fr\/jacob-cohen-polo-manches-longues-turquoise-39643\/#primaryimage"},"thumbnailUrl":"https:\/\/www.voustensports.com\/wp-content\/uploads\/2023\/06\/Polo-lange-mouw-turquoise-396431.png","datePublished":"2024-11-30T10:46:34+00:00","dateModified":"2026-02-05T11:20:40+00:00","breadcrumb":{"@id":"https:\/\/www.voustensports.com\/fr\/jacob-cohen-polo-manches-longues-turquoise-39643\/#breadcrumb"},"inLanguage":"fr-FR","potentialAction":[{"@type":"ReadAction","target":["https:\/\/www.voustensports.com\/fr\/jacob-cohen-polo-manches-longues-turquoise-39643\/"]}]},{"@type":"ImageObject","inLanguage":"fr-FR","@id":"https:\/\/www.voustensports.com\/fr\/jacob-cohen-polo-manches-longues-turquoise-39643\/#primaryimage","url":"https:\/\/www.voustensports.com\/wp-content\/uploads\/2023\/06\/Polo-lange-mouw-turquoise-396431.png","contentUrl":"https:\/\/www.voustensports.com\/wp-content\/uploads\/2023\/06\/Polo-lange-mouw-turquoise-396431.png","width":1536,"height":2305},{"@type":"BreadcrumbList","@id":"https:\/\/www.voustensports.com\/fr\/jacob-cohen-polo-manches-longues-turquoise-39643\/#breadcrumb","itemListElement":[{"@type":"ListItem","position":1,"name":"Home","item":"https:\/\/www.voustensports.com\/fr\/"},{"@type":"ListItem","position":2,"name":"Boutique","item":"https:\/\/www.voustensports.com\/fr\/shop\/"},{"@type":"ListItem","position":3,"name":"Jacob Cohen &#8211; Polo manches longues turquoise (39643)"}]},{"@type":"WebSite","@id":"https:\/\/www.voustensports.com\/nl\/#website","url":"https:\/\/www.voustensports.com\/nl\/","name":"Vousten Sports","description":"","potentialAction":[{"@type":"SearchAction","target":{"@type":"EntryPoint","urlTemplate":"https:\/\/www.voustensports.com\/nl\/?s={search_term_string}"},"query-input":{"@type":"PropertyValueSpecification","valueRequired":true,"valueName":"search_term_string"}}],"inLanguage":"fr-FR"}]}},"_links":{"self":[{"href":"https:\/\/www.voustensports.com\/fr\/wp-json\/wp\/v2\/product\/191293","targetHints":{"allow":["GET"]}}],"collection":[{"href":"https:\/\/www.voustensports.com\/fr\/wp-json\/wp\/v2\/product"}],"about":[{"href":"https:\/\/www.voustensports.com\/fr\/wp-json\/wp\/v2\/types\/product"}],"replies":[{"embeddable":true,"href":"https:\/\/www.voustensports.com\/fr\/wp-json\/wp\/v2\/comments?post=191293"}],"wp:featuredmedia":[{"embeddable":true,"href":"https:\/\/www.voustensports.com\/fr\/wp-json\/wp\/v2\/media\/191281"}],"wp:attachment":[{"href":"https:\/\/www.voustensports.com\/fr\/wp-json\/wp\/v2\/media?parent=191293"}],"wp:term":[{"taxonomy":"product_cat","embeddable":true,"href":"https:\/\/www.voustensports.com\/fr\/wp-json\/wp\/v2\/product_cat?post=191293"},{"taxonomy":"product_tag","embeddable":true,"href":"https:\/\/www.voustensports.com\/fr\/wp-json\/wp\/v2\/product_tag?post=191293"}],"curies":[{"name":"wp","href":"https:\/\/api.w.org\/{rel}","templated":true}]}}