{"id":191134,"date":"2024-11-29T18:44:12","date_gmt":"2024-11-29T17:44:12","guid":{"rendered":"https:\/\/www.voustensports.com\/canada-goose-gilet-garson-black-label-gris-fonce-40190\/"},"modified":"2026-02-05T12:23:15","modified_gmt":"2026-02-05T11:23:15","slug":"canada-goose-gilet-garson-black-label-gris-fonce-40190","status":"publish","type":"product","link":"https:\/\/www.voustensports.com\/fr\/canada-goose-gilet-garson-black-label-gris-fonce-40190\/","title":{"rendered":"Canada Goose &#8211; Gilet Garson Black Label gris fonc\u00e9 (40190)"},"content":{"rendered":"<div>D\u00c9TAILS DU PRODUIT<\/div>\n<div>Affrontez des conditions m\u00e9t\u00e9orologiques impr\u00e9visibles avec un gilet matelass\u00e9 classique qui offre une chaleur durable l\u00e0 o\u00f9 vous en avez le plus besoin. Dot\u00e9 d&rsquo;un ourlet protecteur tr\u00e8s bas et d&rsquo;un col montant bord\u00e9 de cuir, il prot\u00e8ge des vents violents. Portez-le seul ou sous une softshell pour un confort optimal.<\/div>\n<p>STYLE<\/p>\n<ul>\n<li>Mentonni\u00e8re doubl\u00e9e de tricot en daim pour plus de confort<\/li>\n<li>Rabat-temp\u00eate sur la fermeture \u00e9clair centrale sur le devant s\u00e9curis\u00e9 par des boutons-pression pour emp\u00eacher les courants d&rsquo;air d&rsquo;entrer<\/li>\n<li>Poches ext\u00e9rieures chauffe-mains doubl\u00e9es de polaire et poche int\u00e9rieure fourre-tout<\/li>\n<li>Longueur aux hanches, coupe plus longue dans le dos pour une meilleure protection contre le froid et le vent<\/li>\n<\/ul>\n<div>COMPOSITION<\/div>\n<div>83 % polyester, 17 % coton<\/div>\n","protected":false},"excerpt":{"rendered":"<p>D\u00c9TAILS DU PRODUIT Affrontez des conditions m\u00e9t\u00e9orologiques impr\u00e9visibles avec un gilet matelass\u00e9 classique qui offre une chaleur durable l\u00e0 o\u00f9 vous en avez le plus besoin. Dot\u00e9 d&rsquo;un ourlet protecteur tr\u00e8s bas et d&rsquo;un col montant bord\u00e9 de cuir, il prot\u00e8ge des vents violents. Portez-le seul ou sous une softshell pour un confort optimal. STYLE [&#8230;]\n","protected":false},"featured_media":191190,"comment_status":"open","ping_status":"closed","template":"","meta":{"rank_math_lock_modified_date":false},"product_cat":[446,450,462,542,701,705,822,998],"product_tag":[],"class_list":{"0":"post-191134","1":"product","2":"type-product","3":"status-publish","4":"has-post-thumbnail","6":"product_cat-kleding-fr","7":"product_cat-heren-fr","8":"product_cat-vousten-sports-fr-2","9":"product_cat-jassen-fr","10":"product_cat-jackets-fr","11":"product_cat-jassen-jacks-fr","12":"product_cat-bodywarmer-fr","13":"product_cat-canada-goose-nl-fr","15":"first","16":"outofstock","17":"taxable","18":"shipping-taxable","19":"purchasable","20":"product-type-variable"},"acf":[],"yoast_head":"<!-- This site is optimized with the Yoast SEO plugin v23.9 - https:\/\/yoast.com\/wordpress\/plugins\/seo\/ -->\n<title>Canada Goose - Gilet Garson Black Label gris fonc\u00e9 (40190) - Vousten Sports<\/title>\n<meta name=\"robots\" content=\"index, follow, max-snippet:-1, max-image-preview:large, max-video-preview:-1\" \/>\n<link rel=\"canonical\" href=\"https:\/\/www.voustensports.com\/fr\/canada-goose-gilet-garson-black-label-gris-fonce-40190\/\" \/>\n<meta property=\"og:locale\" content=\"fr_FR\" \/>\n<meta property=\"og:type\" content=\"article\" \/>\n<meta property=\"og:title\" content=\"Canada Goose - Gilet Garson Black Label gris fonc\u00e9 (40190) - Vousten Sports\" \/>\n<meta property=\"og:description\" content=\"D\u00c9TAILS DU PRODUIT Affrontez des conditions m\u00e9t\u00e9orologiques impr\u00e9visibles avec un gilet matelass\u00e9 classique qui offre une chaleur durable l\u00e0 o\u00f9 vous en avez le plus besoin. Dot\u00e9 d&rsquo;un ourlet protecteur tr\u00e8s bas et d&rsquo;un col montant bord\u00e9 de cuir, il prot\u00e8ge des vents violents. Portez-le seul ou sous une softshell pour un confort optimal. STYLE [...]\" \/>\n<meta property=\"og:url\" content=\"https:\/\/www.voustensports.com\/fr\/canada-goose-gilet-garson-black-label-gris-fonce-40190\/\" \/>\n<meta property=\"og:site_name\" content=\"Vousten Sports\" \/>\n<meta property=\"article:modified_time\" content=\"2026-02-05T11:23:15+00:00\" \/>\n<meta property=\"og:image\" content=\"https:\/\/www.voustensports.com\/wp-content\/uploads\/2023\/06\/Garson-Vest-Black-Label-donkergrijs-401901.png\" \/>\n\t<meta property=\"og:image:width\" content=\"1536\" \/>\n\t<meta property=\"og:image:height\" content=\"2305\" \/>\n\t<meta property=\"og:image:type\" content=\"image\/png\" \/>\n<meta name=\"twitter:card\" content=\"summary_large_image\" \/>\n<meta name=\"twitter:label1\" content=\"Est. reading time\" \/>\n\t<meta name=\"twitter:data1\" content=\"1 minute\" \/>\n<script type=\"application\/ld+json\" class=\"yoast-schema-graph\">{\"@context\":\"https:\/\/schema.org\",\"@graph\":[{\"@type\":\"WebPage\",\"@id\":\"https:\/\/www.voustensports.com\/fr\/canada-goose-gilet-garson-black-label-gris-fonce-40190\/\",\"url\":\"https:\/\/www.voustensports.com\/fr\/canada-goose-gilet-garson-black-label-gris-fonce-40190\/\",\"name\":\"Canada Goose - Gilet Garson Black Label gris fonc\u00e9 (40190) - Vousten Sports\",\"isPartOf\":{\"@id\":\"https:\/\/www.voustensports.com\/nl\/#website\"},\"primaryImageOfPage\":{\"@id\":\"https:\/\/www.voustensports.com\/fr\/canada-goose-gilet-garson-black-label-gris-fonce-40190\/#primaryimage\"},\"image\":{\"@id\":\"https:\/\/www.voustensports.com\/fr\/canada-goose-gilet-garson-black-label-gris-fonce-40190\/#primaryimage\"},\"thumbnailUrl\":\"https:\/\/www.voustensports.com\/wp-content\/uploads\/2023\/06\/Garson-Vest-Black-Label-donkergrijs-401901.jpg\",\"datePublished\":\"2024-11-29T17:44:12+00:00\",\"dateModified\":\"2026-02-05T11:23:15+00:00\",\"breadcrumb\":{\"@id\":\"https:\/\/www.voustensports.com\/fr\/canada-goose-gilet-garson-black-label-gris-fonce-40190\/#breadcrumb\"},\"inLanguage\":\"fr-FR\",\"potentialAction\":[{\"@type\":\"ReadAction\",\"target\":[\"https:\/\/www.voustensports.com\/fr\/canada-goose-gilet-garson-black-label-gris-fonce-40190\/\"]}]},{\"@type\":\"ImageObject\",\"inLanguage\":\"fr-FR\",\"@id\":\"https:\/\/www.voustensports.com\/fr\/canada-goose-gilet-garson-black-label-gris-fonce-40190\/#primaryimage\",\"url\":\"https:\/\/www.voustensports.com\/wp-content\/uploads\/2023\/06\/Garson-Vest-Black-Label-donkergrijs-401901.jpg\",\"contentUrl\":\"https:\/\/www.voustensports.com\/wp-content\/uploads\/2023\/06\/Garson-Vest-Black-Label-donkergrijs-401901.jpg\",\"width\":1365,\"height\":2048},{\"@type\":\"BreadcrumbList\",\"@id\":\"https:\/\/www.voustensports.com\/fr\/canada-goose-gilet-garson-black-label-gris-fonce-40190\/#breadcrumb\",\"itemListElement\":[{\"@type\":\"ListItem\",\"position\":1,\"name\":\"Home\",\"item\":\"https:\/\/www.voustensports.com\/fr\/\"},{\"@type\":\"ListItem\",\"position\":2,\"name\":\"Boutique\",\"item\":\"https:\/\/www.voustensports.com\/fr\/shop\/\"},{\"@type\":\"ListItem\",\"position\":3,\"name\":\"Canada Goose &#8211; Gilet Garson Black Label gris fonc\u00e9 (40190)\"}]},{\"@type\":\"WebSite\",\"@id\":\"https:\/\/www.voustensports.com\/nl\/#website\",\"url\":\"https:\/\/www.voustensports.com\/nl\/\",\"name\":\"Vousten Sports\",\"description\":\"\",\"potentialAction\":[{\"@type\":\"SearchAction\",\"target\":{\"@type\":\"EntryPoint\",\"urlTemplate\":\"https:\/\/www.voustensports.com\/nl\/?s={search_term_string}\"},\"query-input\":{\"@type\":\"PropertyValueSpecification\",\"valueRequired\":true,\"valueName\":\"search_term_string\"}}],\"inLanguage\":\"fr-FR\"}]}<\/script>\n<!-- \/ Yoast SEO plugin. -->","yoast_head_json":{"title":"Canada Goose - Gilet Garson Black Label gris fonc\u00e9 (40190) - Vousten Sports","robots":{"index":"index","follow":"follow","max-snippet":"max-snippet:-1","max-image-preview":"max-image-preview:large","max-video-preview":"max-video-preview:-1"},"canonical":"https:\/\/www.voustensports.com\/fr\/canada-goose-gilet-garson-black-label-gris-fonce-40190\/","og_locale":"fr_FR","og_type":"article","og_title":"Canada Goose - Gilet Garson Black Label gris fonc\u00e9 (40190) - Vousten Sports","og_description":"D\u00c9TAILS DU PRODUIT Affrontez des conditions m\u00e9t\u00e9orologiques impr\u00e9visibles avec un gilet matelass\u00e9 classique qui offre une chaleur durable l\u00e0 o\u00f9 vous en avez le plus besoin. Dot\u00e9 d&rsquo;un ourlet protecteur tr\u00e8s bas et d&rsquo;un col montant bord\u00e9 de cuir, il prot\u00e8ge des vents violents. Portez-le seul ou sous une softshell pour un confort optimal. STYLE [...]","og_url":"https:\/\/www.voustensports.com\/fr\/canada-goose-gilet-garson-black-label-gris-fonce-40190\/","og_site_name":"Vousten Sports","article_modified_time":"2026-02-05T11:23:15+00:00","og_image":[{"width":1536,"height":2305,"url":"https:\/\/www.voustensports.com\/wp-content\/uploads\/2023\/06\/Garson-Vest-Black-Label-donkergrijs-401901.png","type":"image\/png"}],"twitter_card":"summary_large_image","twitter_misc":{"Est. reading time":"1 minute"},"schema":{"@context":"https:\/\/schema.org","@graph":[{"@type":"WebPage","@id":"https:\/\/www.voustensports.com\/fr\/canada-goose-gilet-garson-black-label-gris-fonce-40190\/","url":"https:\/\/www.voustensports.com\/fr\/canada-goose-gilet-garson-black-label-gris-fonce-40190\/","name":"Canada Goose - Gilet Garson Black Label gris fonc\u00e9 (40190) - Vousten Sports","isPartOf":{"@id":"https:\/\/www.voustensports.com\/nl\/#website"},"primaryImageOfPage":{"@id":"https:\/\/www.voustensports.com\/fr\/canada-goose-gilet-garson-black-label-gris-fonce-40190\/#primaryimage"},"image":{"@id":"https:\/\/www.voustensports.com\/fr\/canada-goose-gilet-garson-black-label-gris-fonce-40190\/#primaryimage"},"thumbnailUrl":"https:\/\/www.voustensports.com\/wp-content\/uploads\/2023\/06\/Garson-Vest-Black-Label-donkergrijs-401901.jpg","datePublished":"2024-11-29T17:44:12+00:00","dateModified":"2026-02-05T11:23:15+00:00","breadcrumb":{"@id":"https:\/\/www.voustensports.com\/fr\/canada-goose-gilet-garson-black-label-gris-fonce-40190\/#breadcrumb"},"inLanguage":"fr-FR","potentialAction":[{"@type":"ReadAction","target":["https:\/\/www.voustensports.com\/fr\/canada-goose-gilet-garson-black-label-gris-fonce-40190\/"]}]},{"@type":"ImageObject","inLanguage":"fr-FR","@id":"https:\/\/www.voustensports.com\/fr\/canada-goose-gilet-garson-black-label-gris-fonce-40190\/#primaryimage","url":"https:\/\/www.voustensports.com\/wp-content\/uploads\/2023\/06\/Garson-Vest-Black-Label-donkergrijs-401901.jpg","contentUrl":"https:\/\/www.voustensports.com\/wp-content\/uploads\/2023\/06\/Garson-Vest-Black-Label-donkergrijs-401901.jpg","width":1365,"height":2048},{"@type":"BreadcrumbList","@id":"https:\/\/www.voustensports.com\/fr\/canada-goose-gilet-garson-black-label-gris-fonce-40190\/#breadcrumb","itemListElement":[{"@type":"ListItem","position":1,"name":"Home","item":"https:\/\/www.voustensports.com\/fr\/"},{"@type":"ListItem","position":2,"name":"Boutique","item":"https:\/\/www.voustensports.com\/fr\/shop\/"},{"@type":"ListItem","position":3,"name":"Canada Goose &#8211; Gilet Garson Black Label gris fonc\u00e9 (40190)"}]},{"@type":"WebSite","@id":"https:\/\/www.voustensports.com\/nl\/#website","url":"https:\/\/www.voustensports.com\/nl\/","name":"Vousten Sports","description":"","potentialAction":[{"@type":"SearchAction","target":{"@type":"EntryPoint","urlTemplate":"https:\/\/www.voustensports.com\/nl\/?s={search_term_string}"},"query-input":{"@type":"PropertyValueSpecification","valueRequired":true,"valueName":"search_term_string"}}],"inLanguage":"fr-FR"}]}},"_links":{"self":[{"href":"https:\/\/www.voustensports.com\/fr\/wp-json\/wp\/v2\/product\/191134","targetHints":{"allow":["GET"]}}],"collection":[{"href":"https:\/\/www.voustensports.com\/fr\/wp-json\/wp\/v2\/product"}],"about":[{"href":"https:\/\/www.voustensports.com\/fr\/wp-json\/wp\/v2\/types\/product"}],"replies":[{"embeddable":true,"href":"https:\/\/www.voustensports.com\/fr\/wp-json\/wp\/v2\/comments?post=191134"}],"wp:featuredmedia":[{"embeddable":true,"href":"https:\/\/www.voustensports.com\/fr\/wp-json\/wp\/v2\/media\/191190"}],"wp:attachment":[{"href":"https:\/\/www.voustensports.com\/fr\/wp-json\/wp\/v2\/media?parent=191134"}],"wp:term":[{"taxonomy":"product_cat","embeddable":true,"href":"https:\/\/www.voustensports.com\/fr\/wp-json\/wp\/v2\/product_cat?post=191134"},{"taxonomy":"product_tag","embeddable":true,"href":"https:\/\/www.voustensports.com\/fr\/wp-json\/wp\/v2\/product_tag?post=191134"}],"curies":[{"name":"wp","href":"https:\/\/api.w.org\/{rel}","templated":true}]}}