{"id":191118,"date":"2024-11-29T18:30:16","date_gmt":"2024-11-29T17:30:16","guid":{"rendered":"https:\/\/www.voustensports.com\/canada-goose-macmillan-parka-black-label-gris-fonce-40189\/"},"modified":"2026-02-05T12:23:15","modified_gmt":"2026-02-05T11:23:15","slug":"canada-goose-macmillan-parka-black-label-gris-fonce-40189","status":"publish","type":"product","link":"https:\/\/www.voustensports.com\/fr\/canada-goose-macmillan-parka-black-label-gris-fonce-40189\/","title":{"rendered":"Canada Goose &#8211; MacMillan Parka Black Label gris fonc\u00e9 (40189)"},"content":{"rendered":"<div>D\u00c9TAILS DU PRODUIT<\/div>\n<div>La parka MacMillan est mise \u00e0 jour avec des d\u00e9tails de capuche \u00e9pur\u00e9s, des bretelles de sac \u00e0 dos suppl\u00e9mentaires et deux poches int\u00e9rieures suppl\u00e9mentaires. Cette parka jusqu&rsquo;aux hanches associe une grande chaleur \u00e0 des caract\u00e9ristiques stylis\u00e9es, notamment un design matelass\u00e9 et un ourlet incurv\u00e9. La parka MacMillan offre une protection fondamentale quelle que soit la m\u00e9t\u00e9o.<\/div>\n<div><\/div>\n<div>STYLE<\/div>\n<ul>\n<li>La capuche Snorkel ajustable en duvet ajoute chaleur et protection contre les \u00e9l\u00e9ments<\/li>\n<li>La capuche est dot\u00e9e d&rsquo;une fermeture \u00e9clair amovible pour la possibilit\u00e9 de changer la bordure de votre capuche pour un look personnalis\u00e9 et une protection suppl\u00e9mentaire (cette veste n&rsquo;est pas compatible avec les bordures de capuche Heritage).<\/li>\n<li>La mentonni\u00e8re est doubl\u00e9e de tissu tricot pour plus de douceur et de confort<\/li>\n<li>Doublure int\u00e9rieure \u00e9l\u00e9gante avec bretelles de sac \u00e0 dos permettant de porter la veste les mains libres sur les \u00e9paules<\/li>\n<li>Patte de boutonnage avec boutons-pression sur fermeture \u00e9clair \u00e0 double sens pour emp\u00eacher les \u00e9l\u00e9ments d&rsquo;entrer<\/li>\n<li>Le rabat-temp\u00eate sous la fermeture \u00e9clair \u00e0 double sens ajoute une couche de protection<\/li>\n<li>Poignets renforc\u00e9s avec du tissu CORDURA\u00ae pour une durabilit\u00e9 accrue dans les zones \u00e0 forte abrasion<\/li>\n<li>Poignets en tricot c\u00f4tel\u00e9 encastr\u00e9s<\/li>\n<li>Longueur hanches, coupe plus longue dans le dos<\/li>\n<li>2 poches avant ext\u00e9rieures doubl\u00e9es en polaire avec fermetures \u00e0 glissi\u00e8re<\/li>\n<li>3 poches int\u00e9rieures : 1 poche de s\u00e9curit\u00e9 avec fermeture \u00e0 glissi\u00e8re, 2 poches fourre-tout en filet<\/li>\n<\/ul>\n<div>COMPOSITION<\/div>\n<div>83 % polyester, 17 % coton<\/div>\n","protected":false},"excerpt":{"rendered":"<p>D\u00c9TAILS DU PRODUIT La parka MacMillan est mise \u00e0 jour avec des d\u00e9tails de capuche \u00e9pur\u00e9s, des bretelles de sac \u00e0 dos suppl\u00e9mentaires et deux poches int\u00e9rieures suppl\u00e9mentaires. Cette parka jusqu&rsquo;aux hanches associe une grande chaleur \u00e0 des caract\u00e9ristiques stylis\u00e9es, notamment un design matelass\u00e9 et un ourlet incurv\u00e9. La parka MacMillan offre une protection fondamentale [&#8230;]\n","protected":false},"featured_media":191174,"comment_status":"open","ping_status":"closed","template":"","meta":{"rank_math_lock_modified_date":false},"product_cat":[446,450,462,542,701,705,998],"product_tag":[],"class_list":{"0":"post-191118","1":"product","2":"type-product","3":"status-publish","4":"has-post-thumbnail","6":"product_cat-kleding-fr","7":"product_cat-heren-fr","8":"product_cat-vousten-sports-fr-2","9":"product_cat-jassen-fr","10":"product_cat-jackets-fr","11":"product_cat-jassen-jacks-fr","12":"product_cat-canada-goose-nl-fr","14":"first","15":"outofstock","16":"taxable","17":"shipping-taxable","18":"purchasable","19":"product-type-variable"},"acf":[],"yoast_head":"<!-- This site is optimized with the Yoast SEO plugin v23.9 - https:\/\/yoast.com\/wordpress\/plugins\/seo\/ -->\n<title>Canada Goose - MacMillan Parka Black Label gris fonc\u00e9 (40189) - Vousten Sports<\/title>\n<meta name=\"robots\" content=\"index, follow, max-snippet:-1, max-image-preview:large, max-video-preview:-1\" \/>\n<link rel=\"canonical\" href=\"https:\/\/www.voustensports.com\/fr\/canada-goose-macmillan-parka-black-label-gris-fonce-40189\/\" \/>\n<meta property=\"og:locale\" content=\"fr_FR\" \/>\n<meta property=\"og:type\" content=\"article\" \/>\n<meta property=\"og:title\" content=\"Canada Goose - MacMillan Parka Black Label gris fonc\u00e9 (40189) - Vousten Sports\" \/>\n<meta property=\"og:description\" content=\"D\u00c9TAILS DU PRODUIT La parka MacMillan est mise \u00e0 jour avec des d\u00e9tails de capuche \u00e9pur\u00e9s, des bretelles de sac \u00e0 dos suppl\u00e9mentaires et deux poches int\u00e9rieures suppl\u00e9mentaires. Cette parka jusqu&rsquo;aux hanches associe une grande chaleur \u00e0 des caract\u00e9ristiques stylis\u00e9es, notamment un design matelass\u00e9 et un ourlet incurv\u00e9. La parka MacMillan offre une protection fondamentale [...]\" \/>\n<meta property=\"og:url\" content=\"https:\/\/www.voustensports.com\/fr\/canada-goose-macmillan-parka-black-label-gris-fonce-40189\/\" \/>\n<meta property=\"og:site_name\" content=\"Vousten Sports\" \/>\n<meta property=\"article:modified_time\" content=\"2026-02-05T11:23:15+00:00\" \/>\n<meta property=\"og:image\" content=\"https:\/\/www.voustensports.com\/wp-content\/uploads\/2023\/06\/MacMillan-Parka-Black-Label-donkergrijs-401891.jpg\" \/>\n\t<meta property=\"og:image:width\" content=\"1365\" \/>\n\t<meta property=\"og:image:height\" content=\"2048\" \/>\n\t<meta property=\"og:image:type\" content=\"image\/jpeg\" \/>\n<meta name=\"twitter:card\" content=\"summary_large_image\" \/>\n<meta name=\"twitter:label1\" content=\"Est. reading time\" \/>\n\t<meta name=\"twitter:data1\" content=\"1 minute\" \/>\n<script type=\"application\/ld+json\" class=\"yoast-schema-graph\">{\"@context\":\"https:\/\/schema.org\",\"@graph\":[{\"@type\":\"WebPage\",\"@id\":\"https:\/\/www.voustensports.com\/fr\/canada-goose-macmillan-parka-black-label-gris-fonce-40189\/\",\"url\":\"https:\/\/www.voustensports.com\/fr\/canada-goose-macmillan-parka-black-label-gris-fonce-40189\/\",\"name\":\"Canada Goose - MacMillan Parka Black Label gris fonc\u00e9 (40189) - Vousten Sports\",\"isPartOf\":{\"@id\":\"https:\/\/www.voustensports.com\/nl\/#website\"},\"primaryImageOfPage\":{\"@id\":\"https:\/\/www.voustensports.com\/fr\/canada-goose-macmillan-parka-black-label-gris-fonce-40189\/#primaryimage\"},\"image\":{\"@id\":\"https:\/\/www.voustensports.com\/fr\/canada-goose-macmillan-parka-black-label-gris-fonce-40189\/#primaryimage\"},\"thumbnailUrl\":\"https:\/\/www.voustensports.com\/wp-content\/uploads\/2023\/06\/MacMillan-Parka-Black-Label-donkergrijs-401891-1.jpg\",\"datePublished\":\"2024-11-29T17:30:16+00:00\",\"dateModified\":\"2026-02-05T11:23:15+00:00\",\"breadcrumb\":{\"@id\":\"https:\/\/www.voustensports.com\/fr\/canada-goose-macmillan-parka-black-label-gris-fonce-40189\/#breadcrumb\"},\"inLanguage\":\"fr-FR\",\"potentialAction\":[{\"@type\":\"ReadAction\",\"target\":[\"https:\/\/www.voustensports.com\/fr\/canada-goose-macmillan-parka-black-label-gris-fonce-40189\/\"]}]},{\"@type\":\"ImageObject\",\"inLanguage\":\"fr-FR\",\"@id\":\"https:\/\/www.voustensports.com\/fr\/canada-goose-macmillan-parka-black-label-gris-fonce-40189\/#primaryimage\",\"url\":\"https:\/\/www.voustensports.com\/wp-content\/uploads\/2023\/06\/MacMillan-Parka-Black-Label-donkergrijs-401891-1.jpg\",\"contentUrl\":\"https:\/\/www.voustensports.com\/wp-content\/uploads\/2023\/06\/MacMillan-Parka-Black-Label-donkergrijs-401891-1.jpg\",\"width\":1365,\"height\":2048},{\"@type\":\"BreadcrumbList\",\"@id\":\"https:\/\/www.voustensports.com\/fr\/canada-goose-macmillan-parka-black-label-gris-fonce-40189\/#breadcrumb\",\"itemListElement\":[{\"@type\":\"ListItem\",\"position\":1,\"name\":\"Home\",\"item\":\"https:\/\/www.voustensports.com\/fr\/\"},{\"@type\":\"ListItem\",\"position\":2,\"name\":\"Boutique\",\"item\":\"https:\/\/www.voustensports.com\/fr\/shop\/\"},{\"@type\":\"ListItem\",\"position\":3,\"name\":\"Canada Goose &#8211; MacMillan Parka Black Label gris fonc\u00e9 (40189)\"}]},{\"@type\":\"WebSite\",\"@id\":\"https:\/\/www.voustensports.com\/nl\/#website\",\"url\":\"https:\/\/www.voustensports.com\/nl\/\",\"name\":\"Vousten Sports\",\"description\":\"\",\"potentialAction\":[{\"@type\":\"SearchAction\",\"target\":{\"@type\":\"EntryPoint\",\"urlTemplate\":\"https:\/\/www.voustensports.com\/nl\/?s={search_term_string}\"},\"query-input\":{\"@type\":\"PropertyValueSpecification\",\"valueRequired\":true,\"valueName\":\"search_term_string\"}}],\"inLanguage\":\"fr-FR\"}]}<\/script>\n<!-- \/ Yoast SEO plugin. -->","yoast_head_json":{"title":"Canada Goose - MacMillan Parka Black Label gris fonc\u00e9 (40189) - Vousten Sports","robots":{"index":"index","follow":"follow","max-snippet":"max-snippet:-1","max-image-preview":"max-image-preview:large","max-video-preview":"max-video-preview:-1"},"canonical":"https:\/\/www.voustensports.com\/fr\/canada-goose-macmillan-parka-black-label-gris-fonce-40189\/","og_locale":"fr_FR","og_type":"article","og_title":"Canada Goose - MacMillan Parka Black Label gris fonc\u00e9 (40189) - Vousten Sports","og_description":"D\u00c9TAILS DU PRODUIT La parka MacMillan est mise \u00e0 jour avec des d\u00e9tails de capuche \u00e9pur\u00e9s, des bretelles de sac \u00e0 dos suppl\u00e9mentaires et deux poches int\u00e9rieures suppl\u00e9mentaires. Cette parka jusqu&rsquo;aux hanches associe une grande chaleur \u00e0 des caract\u00e9ristiques stylis\u00e9es, notamment un design matelass\u00e9 et un ourlet incurv\u00e9. La parka MacMillan offre une protection fondamentale [...]","og_url":"https:\/\/www.voustensports.com\/fr\/canada-goose-macmillan-parka-black-label-gris-fonce-40189\/","og_site_name":"Vousten Sports","article_modified_time":"2026-02-05T11:23:15+00:00","og_image":[{"width":1365,"height":2048,"url":"https:\/\/www.voustensports.com\/wp-content\/uploads\/2023\/06\/MacMillan-Parka-Black-Label-donkergrijs-401891.jpg","type":"image\/jpeg"}],"twitter_card":"summary_large_image","twitter_misc":{"Est. reading time":"1 minute"},"schema":{"@context":"https:\/\/schema.org","@graph":[{"@type":"WebPage","@id":"https:\/\/www.voustensports.com\/fr\/canada-goose-macmillan-parka-black-label-gris-fonce-40189\/","url":"https:\/\/www.voustensports.com\/fr\/canada-goose-macmillan-parka-black-label-gris-fonce-40189\/","name":"Canada Goose - MacMillan Parka Black Label gris fonc\u00e9 (40189) - Vousten Sports","isPartOf":{"@id":"https:\/\/www.voustensports.com\/nl\/#website"},"primaryImageOfPage":{"@id":"https:\/\/www.voustensports.com\/fr\/canada-goose-macmillan-parka-black-label-gris-fonce-40189\/#primaryimage"},"image":{"@id":"https:\/\/www.voustensports.com\/fr\/canada-goose-macmillan-parka-black-label-gris-fonce-40189\/#primaryimage"},"thumbnailUrl":"https:\/\/www.voustensports.com\/wp-content\/uploads\/2023\/06\/MacMillan-Parka-Black-Label-donkergrijs-401891-1.jpg","datePublished":"2024-11-29T17:30:16+00:00","dateModified":"2026-02-05T11:23:15+00:00","breadcrumb":{"@id":"https:\/\/www.voustensports.com\/fr\/canada-goose-macmillan-parka-black-label-gris-fonce-40189\/#breadcrumb"},"inLanguage":"fr-FR","potentialAction":[{"@type":"ReadAction","target":["https:\/\/www.voustensports.com\/fr\/canada-goose-macmillan-parka-black-label-gris-fonce-40189\/"]}]},{"@type":"ImageObject","inLanguage":"fr-FR","@id":"https:\/\/www.voustensports.com\/fr\/canada-goose-macmillan-parka-black-label-gris-fonce-40189\/#primaryimage","url":"https:\/\/www.voustensports.com\/wp-content\/uploads\/2023\/06\/MacMillan-Parka-Black-Label-donkergrijs-401891-1.jpg","contentUrl":"https:\/\/www.voustensports.com\/wp-content\/uploads\/2023\/06\/MacMillan-Parka-Black-Label-donkergrijs-401891-1.jpg","width":1365,"height":2048},{"@type":"BreadcrumbList","@id":"https:\/\/www.voustensports.com\/fr\/canada-goose-macmillan-parka-black-label-gris-fonce-40189\/#breadcrumb","itemListElement":[{"@type":"ListItem","position":1,"name":"Home","item":"https:\/\/www.voustensports.com\/fr\/"},{"@type":"ListItem","position":2,"name":"Boutique","item":"https:\/\/www.voustensports.com\/fr\/shop\/"},{"@type":"ListItem","position":3,"name":"Canada Goose &#8211; MacMillan Parka Black Label gris fonc\u00e9 (40189)"}]},{"@type":"WebSite","@id":"https:\/\/www.voustensports.com\/nl\/#website","url":"https:\/\/www.voustensports.com\/nl\/","name":"Vousten Sports","description":"","potentialAction":[{"@type":"SearchAction","target":{"@type":"EntryPoint","urlTemplate":"https:\/\/www.voustensports.com\/nl\/?s={search_term_string}"},"query-input":{"@type":"PropertyValueSpecification","valueRequired":true,"valueName":"search_term_string"}}],"inLanguage":"fr-FR"}]}},"_links":{"self":[{"href":"https:\/\/www.voustensports.com\/fr\/wp-json\/wp\/v2\/product\/191118","targetHints":{"allow":["GET"]}}],"collection":[{"href":"https:\/\/www.voustensports.com\/fr\/wp-json\/wp\/v2\/product"}],"about":[{"href":"https:\/\/www.voustensports.com\/fr\/wp-json\/wp\/v2\/types\/product"}],"replies":[{"embeddable":true,"href":"https:\/\/www.voustensports.com\/fr\/wp-json\/wp\/v2\/comments?post=191118"}],"wp:featuredmedia":[{"embeddable":true,"href":"https:\/\/www.voustensports.com\/fr\/wp-json\/wp\/v2\/media\/191174"}],"wp:attachment":[{"href":"https:\/\/www.voustensports.com\/fr\/wp-json\/wp\/v2\/media?parent=191118"}],"wp:term":[{"taxonomy":"product_cat","embeddable":true,"href":"https:\/\/www.voustensports.com\/fr\/wp-json\/wp\/v2\/product_cat?post=191118"},{"taxonomy":"product_tag","embeddable":true,"href":"https:\/\/www.voustensports.com\/fr\/wp-json\/wp\/v2\/product_tag?post=191118"}],"curies":[{"name":"wp","href":"https:\/\/api.w.org\/{rel}","templated":true}]}}