{"id":190947,"date":"2024-11-23T12:40:10","date_gmt":"2024-11-23T11:40:10","guid":{"rendered":"https:\/\/www.voustensports.com\/gran-sasso-chemise-en-maille-athleisure-brun-fonce-39787\/"},"modified":"2026-02-05T12:21:49","modified_gmt":"2026-02-05T11:21:49","slug":"gran-sasso-chemise-en-maille-athleisure-brun-fonce-39787","status":"publish","type":"product","link":"https:\/\/www.voustensports.com\/fr\/gran-sasso-chemise-en-maille-athleisure-brun-fonce-39787\/","title":{"rendered":"Gran Sasso &#8211; CHEMISE EN MAILLE ATHLEISURE BRUN FONC\u00c9 (39787)"},"content":{"rendered":"<div>Chemise athleisure en laine m\u00e9rinos technique extra-fine, totalement facile d&rsquo;entretien, lavable en machine et s\u00e9chable en machine. Un fil infroissable, totalement facile d&rsquo;entretien, hautement respirant, rafra\u00eechissant et \u00e9vacuant l&rsquo;humidit\u00e9. La fermeture \u00e0 7 boutons le rend encore plus confortable. Un v\u00eatement minimaliste, parfait pour compl\u00e9ter n&rsquo;importe quelle tenue sans effort.<\/div>\n<ul>\n<li>Fabriqu\u00e9 en Italie.<\/li>\n<li>COMPOSITION: 100% LAINE M\u00c9RINOS EXTRA FINE<\/li>\n<\/ul>\n","protected":false},"excerpt":{"rendered":"<p>Chemise athleisure en laine m\u00e9rinos technique extra-fine, totalement facile d&rsquo;entretien, lavable en machine et s\u00e9chable en machine. Un fil infroissable, totalement facile d&rsquo;entretien, hautement respirant, rafra\u00eechissant et \u00e9vacuant l&rsquo;humidit\u00e9. La fermeture \u00e0 7 boutons le rend encore plus confortable. Un v\u00eatement minimaliste, parfait pour compl\u00e9ter n&rsquo;importe quelle tenue sans effort. Fabriqu\u00e9 en Italie. COMPOSITION: 100% [&#8230;]\n","protected":false},"featured_media":194199,"comment_status":"open","ping_status":"closed","template":"","meta":{"rank_math_lock_modified_date":false},"product_cat":[446,450,462,486,538,739,924],"product_tag":[],"class_list":{"0":"post-190947","1":"product","2":"type-product","3":"status-publish","4":"has-post-thumbnail","6":"product_cat-kleding-fr","7":"product_cat-heren-fr","8":"product_cat-vousten-sports-fr-2","9":"product_cat-shirt-fr-2","10":"product_cat-knitwear-fr","11":"product_cat-overshirt-fr-2","12":"product_cat-gran-sasso-fr","14":"first","15":"instock","16":"taxable","17":"shipping-taxable","18":"purchasable","19":"product-type-variable"},"acf":[],"yoast_head":"<!-- This site is optimized with the Yoast SEO plugin v23.9 - https:\/\/yoast.com\/wordpress\/plugins\/seo\/ -->\n<title>Gran Sasso - CHEMISE EN MAILLE ATHLEISURE BRUN FONC\u00c9 (39787) - Vousten Sports<\/title>\n<meta name=\"robots\" content=\"index, follow, max-snippet:-1, max-image-preview:large, max-video-preview:-1\" \/>\n<link rel=\"canonical\" href=\"https:\/\/www.voustensports.com\/fr\/gran-sasso-chemise-en-maille-athleisure-brun-fonce-39787\/\" \/>\n<meta property=\"og:locale\" content=\"fr_FR\" \/>\n<meta property=\"og:type\" content=\"article\" \/>\n<meta property=\"og:title\" content=\"Gran Sasso - CHEMISE EN MAILLE ATHLEISURE BRUN FONC\u00c9 (39787) - Vousten Sports\" \/>\n<meta property=\"og:description\" content=\"Chemise athleisure en laine m\u00e9rinos technique extra-fine, totalement facile d&rsquo;entretien, lavable en machine et s\u00e9chable en machine. Un fil infroissable, totalement facile d&rsquo;entretien, hautement respirant, rafra\u00eechissant et \u00e9vacuant l&rsquo;humidit\u00e9. La fermeture \u00e0 7 boutons le rend encore plus confortable. Un v\u00eatement minimaliste, parfait pour compl\u00e9ter n&rsquo;importe quelle tenue sans effort. Fabriqu\u00e9 en Italie. COMPOSITION: 100% [...]\" \/>\n<meta property=\"og:url\" content=\"https:\/\/www.voustensports.com\/fr\/gran-sasso-chemise-en-maille-athleisure-brun-fonce-39787\/\" \/>\n<meta property=\"og:site_name\" content=\"Vousten Sports\" \/>\n<meta property=\"article:modified_time\" content=\"2026-02-05T11:21:49+00:00\" \/>\n<meta property=\"og:image\" content=\"https:\/\/www.voustensports.com\/wp-content\/uploads\/2023\/06\/ATHLEISURE-KNIT-SHIRT-DONKERBRUIN-397871.jpg\" \/>\n\t<meta property=\"og:image:width\" content=\"1457\" \/>\n\t<meta property=\"og:image:height\" content=\"2048\" \/>\n\t<meta property=\"og:image:type\" content=\"image\/jpeg\" \/>\n<meta name=\"twitter:card\" content=\"summary_large_image\" \/>\n<script type=\"application\/ld+json\" class=\"yoast-schema-graph\">{\"@context\":\"https:\/\/schema.org\",\"@graph\":[{\"@type\":\"WebPage\",\"@id\":\"https:\/\/www.voustensports.com\/fr\/gran-sasso-chemise-en-maille-athleisure-brun-fonce-39787\/\",\"url\":\"https:\/\/www.voustensports.com\/fr\/gran-sasso-chemise-en-maille-athleisure-brun-fonce-39787\/\",\"name\":\"Gran Sasso - CHEMISE EN MAILLE ATHLEISURE BRUN FONC\u00c9 (39787) - Vousten Sports\",\"isPartOf\":{\"@id\":\"https:\/\/www.voustensports.com\/nl\/#website\"},\"primaryImageOfPage\":{\"@id\":\"https:\/\/www.voustensports.com\/fr\/gran-sasso-chemise-en-maille-athleisure-brun-fonce-39787\/#primaryimage\"},\"image\":{\"@id\":\"https:\/\/www.voustensports.com\/fr\/gran-sasso-chemise-en-maille-athleisure-brun-fonce-39787\/#primaryimage\"},\"thumbnailUrl\":\"https:\/\/www.voustensports.com\/wp-content\/uploads\/2023\/06\/ATHLEISURE-KNIT-SHIRT-DONKERBRUIN-397871-1.jpg\",\"datePublished\":\"2024-11-23T11:40:10+00:00\",\"dateModified\":\"2026-02-05T11:21:49+00:00\",\"breadcrumb\":{\"@id\":\"https:\/\/www.voustensports.com\/fr\/gran-sasso-chemise-en-maille-athleisure-brun-fonce-39787\/#breadcrumb\"},\"inLanguage\":\"fr-FR\",\"potentialAction\":[{\"@type\":\"ReadAction\",\"target\":[\"https:\/\/www.voustensports.com\/fr\/gran-sasso-chemise-en-maille-athleisure-brun-fonce-39787\/\"]}]},{\"@type\":\"ImageObject\",\"inLanguage\":\"fr-FR\",\"@id\":\"https:\/\/www.voustensports.com\/fr\/gran-sasso-chemise-en-maille-athleisure-brun-fonce-39787\/#primaryimage\",\"url\":\"https:\/\/www.voustensports.com\/wp-content\/uploads\/2023\/06\/ATHLEISURE-KNIT-SHIRT-DONKERBRUIN-397871-1.jpg\",\"contentUrl\":\"https:\/\/www.voustensports.com\/wp-content\/uploads\/2023\/06\/ATHLEISURE-KNIT-SHIRT-DONKERBRUIN-397871-1.jpg\",\"width\":1457,\"height\":2048},{\"@type\":\"BreadcrumbList\",\"@id\":\"https:\/\/www.voustensports.com\/fr\/gran-sasso-chemise-en-maille-athleisure-brun-fonce-39787\/#breadcrumb\",\"itemListElement\":[{\"@type\":\"ListItem\",\"position\":1,\"name\":\"Home\",\"item\":\"https:\/\/www.voustensports.com\/fr\/\"},{\"@type\":\"ListItem\",\"position\":2,\"name\":\"Boutique\",\"item\":\"https:\/\/www.voustensports.com\/fr\/shop\/\"},{\"@type\":\"ListItem\",\"position\":3,\"name\":\"Gran Sasso &#8211; CHEMISE EN MAILLE ATHLEISURE BRUN FONC\u00c9 (39787)\"}]},{\"@type\":\"WebSite\",\"@id\":\"https:\/\/www.voustensports.com\/nl\/#website\",\"url\":\"https:\/\/www.voustensports.com\/nl\/\",\"name\":\"Vousten Sports\",\"description\":\"\",\"potentialAction\":[{\"@type\":\"SearchAction\",\"target\":{\"@type\":\"EntryPoint\",\"urlTemplate\":\"https:\/\/www.voustensports.com\/nl\/?s={search_term_string}\"},\"query-input\":{\"@type\":\"PropertyValueSpecification\",\"valueRequired\":true,\"valueName\":\"search_term_string\"}}],\"inLanguage\":\"fr-FR\"}]}<\/script>\n<!-- \/ Yoast SEO plugin. -->","yoast_head_json":{"title":"Gran Sasso - CHEMISE EN MAILLE ATHLEISURE BRUN FONC\u00c9 (39787) - Vousten Sports","robots":{"index":"index","follow":"follow","max-snippet":"max-snippet:-1","max-image-preview":"max-image-preview:large","max-video-preview":"max-video-preview:-1"},"canonical":"https:\/\/www.voustensports.com\/fr\/gran-sasso-chemise-en-maille-athleisure-brun-fonce-39787\/","og_locale":"fr_FR","og_type":"article","og_title":"Gran Sasso - CHEMISE EN MAILLE ATHLEISURE BRUN FONC\u00c9 (39787) - Vousten Sports","og_description":"Chemise athleisure en laine m\u00e9rinos technique extra-fine, totalement facile d&rsquo;entretien, lavable en machine et s\u00e9chable en machine. Un fil infroissable, totalement facile d&rsquo;entretien, hautement respirant, rafra\u00eechissant et \u00e9vacuant l&rsquo;humidit\u00e9. La fermeture \u00e0 7 boutons le rend encore plus confortable. Un v\u00eatement minimaliste, parfait pour compl\u00e9ter n&rsquo;importe quelle tenue sans effort. Fabriqu\u00e9 en Italie. COMPOSITION: 100% [...]","og_url":"https:\/\/www.voustensports.com\/fr\/gran-sasso-chemise-en-maille-athleisure-brun-fonce-39787\/","og_site_name":"Vousten Sports","article_modified_time":"2026-02-05T11:21:49+00:00","og_image":[{"width":1457,"height":2048,"url":"https:\/\/www.voustensports.com\/wp-content\/uploads\/2023\/06\/ATHLEISURE-KNIT-SHIRT-DONKERBRUIN-397871.jpg","type":"image\/jpeg"}],"twitter_card":"summary_large_image","schema":{"@context":"https:\/\/schema.org","@graph":[{"@type":"WebPage","@id":"https:\/\/www.voustensports.com\/fr\/gran-sasso-chemise-en-maille-athleisure-brun-fonce-39787\/","url":"https:\/\/www.voustensports.com\/fr\/gran-sasso-chemise-en-maille-athleisure-brun-fonce-39787\/","name":"Gran Sasso - CHEMISE EN MAILLE ATHLEISURE BRUN FONC\u00c9 (39787) - Vousten Sports","isPartOf":{"@id":"https:\/\/www.voustensports.com\/nl\/#website"},"primaryImageOfPage":{"@id":"https:\/\/www.voustensports.com\/fr\/gran-sasso-chemise-en-maille-athleisure-brun-fonce-39787\/#primaryimage"},"image":{"@id":"https:\/\/www.voustensports.com\/fr\/gran-sasso-chemise-en-maille-athleisure-brun-fonce-39787\/#primaryimage"},"thumbnailUrl":"https:\/\/www.voustensports.com\/wp-content\/uploads\/2023\/06\/ATHLEISURE-KNIT-SHIRT-DONKERBRUIN-397871-1.jpg","datePublished":"2024-11-23T11:40:10+00:00","dateModified":"2026-02-05T11:21:49+00:00","breadcrumb":{"@id":"https:\/\/www.voustensports.com\/fr\/gran-sasso-chemise-en-maille-athleisure-brun-fonce-39787\/#breadcrumb"},"inLanguage":"fr-FR","potentialAction":[{"@type":"ReadAction","target":["https:\/\/www.voustensports.com\/fr\/gran-sasso-chemise-en-maille-athleisure-brun-fonce-39787\/"]}]},{"@type":"ImageObject","inLanguage":"fr-FR","@id":"https:\/\/www.voustensports.com\/fr\/gran-sasso-chemise-en-maille-athleisure-brun-fonce-39787\/#primaryimage","url":"https:\/\/www.voustensports.com\/wp-content\/uploads\/2023\/06\/ATHLEISURE-KNIT-SHIRT-DONKERBRUIN-397871-1.jpg","contentUrl":"https:\/\/www.voustensports.com\/wp-content\/uploads\/2023\/06\/ATHLEISURE-KNIT-SHIRT-DONKERBRUIN-397871-1.jpg","width":1457,"height":2048},{"@type":"BreadcrumbList","@id":"https:\/\/www.voustensports.com\/fr\/gran-sasso-chemise-en-maille-athleisure-brun-fonce-39787\/#breadcrumb","itemListElement":[{"@type":"ListItem","position":1,"name":"Home","item":"https:\/\/www.voustensports.com\/fr\/"},{"@type":"ListItem","position":2,"name":"Boutique","item":"https:\/\/www.voustensports.com\/fr\/shop\/"},{"@type":"ListItem","position":3,"name":"Gran Sasso &#8211; CHEMISE EN MAILLE ATHLEISURE BRUN FONC\u00c9 (39787)"}]},{"@type":"WebSite","@id":"https:\/\/www.voustensports.com\/nl\/#website","url":"https:\/\/www.voustensports.com\/nl\/","name":"Vousten Sports","description":"","potentialAction":[{"@type":"SearchAction","target":{"@type":"EntryPoint","urlTemplate":"https:\/\/www.voustensports.com\/nl\/?s={search_term_string}"},"query-input":{"@type":"PropertyValueSpecification","valueRequired":true,"valueName":"search_term_string"}}],"inLanguage":"fr-FR"}]}},"_links":{"self":[{"href":"https:\/\/www.voustensports.com\/fr\/wp-json\/wp\/v2\/product\/190947","targetHints":{"allow":["GET"]}}],"collection":[{"href":"https:\/\/www.voustensports.com\/fr\/wp-json\/wp\/v2\/product"}],"about":[{"href":"https:\/\/www.voustensports.com\/fr\/wp-json\/wp\/v2\/types\/product"}],"replies":[{"embeddable":true,"href":"https:\/\/www.voustensports.com\/fr\/wp-json\/wp\/v2\/comments?post=190947"}],"wp:featuredmedia":[{"embeddable":true,"href":"https:\/\/www.voustensports.com\/fr\/wp-json\/wp\/v2\/media\/194199"}],"wp:attachment":[{"href":"https:\/\/www.voustensports.com\/fr\/wp-json\/wp\/v2\/media?parent=190947"}],"wp:term":[{"taxonomy":"product_cat","embeddable":true,"href":"https:\/\/www.voustensports.com\/fr\/wp-json\/wp\/v2\/product_cat?post=190947"},{"taxonomy":"product_tag","embeddable":true,"href":"https:\/\/www.voustensports.com\/fr\/wp-json\/wp\/v2\/product_tag?post=190947"}],"curies":[{"name":"wp","href":"https:\/\/api.w.org\/{rel}","templated":true}]}}