{"id":190423,"date":"2024-11-04T14:34:24","date_gmt":"2024-11-04T13:34:24","guid":{"rendered":"https:\/\/www.voustensports.com\/hogan-dames-h641-sneaker-blanc-39299\/"},"modified":"2026-02-05T12:16:08","modified_gmt":"2026-02-05T11:16:08","slug":"hogan-dames-h641-sneaker-blanc-39299","status":"publish","type":"product","link":"https:\/\/www.voustensports.com\/fr\/hogan-dames-h641-sneaker-blanc-39299\/","title":{"rendered":"HOGAN Dames &#8211; H641 Sneaker blanc (39299)"},"content":{"rendered":"<p>Look cool et r\u00e9f\u00e9rences r\u00e9tro cohabitent dans les baskets Hogan H641. La semelle ext\u00e9rieure l\u00e9g\u00e8re est con\u00e7ue pour une adh\u00e9rence optimale et poss\u00e8de une bande de roulement avec des pointes en forme de H. Ces baskets ont une tige en cuir nappa souple, des empi\u00e8cements en nubuck et un c\u00f4t\u00e9 H en m\u00e9tal. La semelle int\u00e9rieure en mousse \u00e0 m\u00e9moire de forme garantit un ajustement amorti.<\/p>\n<ul>\n<li>Baskets Hogan H641 pour femme<\/li>\n<li>Fabriqu\u00e9 en Italie<\/li>\n<li>Tige en cuir nappa<\/li>\n<li>Inserts en nubuck<\/li>\n<li>C\u00f4t\u00e9 m\u00e9tal H<\/li>\n<li>Semelle int\u00e9rieure en mousse \u00e0 m\u00e9moire de forme 8 mm<\/li>\n<li>Semelle ext\u00e9rieure en caoutchouc<\/li>\n<li>Hauteur totale de la semelle 5 cm<\/li>\n<li>Cartes d&rsquo;entretien et de soins incluses<\/li>\n<li>Comprend un sac \u00e0 poussi\u00e8re en tissu<\/li>\n<li>Lacets suppl\u00e9mentaires inclus<\/li>\n<\/ul>\n","protected":false},"excerpt":{"rendered":"<p>Look cool et r\u00e9f\u00e9rences r\u00e9tro cohabitent dans les baskets Hogan H641. La semelle ext\u00e9rieure l\u00e9g\u00e8re est con\u00e7ue pour une adh\u00e9rence optimale et poss\u00e8de une bande de roulement avec des pointes en forme de H. Ces baskets ont une tige en cuir nappa souple, des empi\u00e8cements en nubuck et un c\u00f4t\u00e9 H en m\u00e9tal. La semelle [&#8230;]\n","protected":false},"featured_media":190395,"comment_status":"open","ping_status":"closed","template":"","meta":{"rank_math_lock_modified_date":false},"product_cat":[462,518,522,526,637],"product_tag":[],"class_list":{"0":"post-190423","1":"product","2":"type-product","3":"status-publish","4":"has-post-thumbnail","6":"product_cat-vousten-sports-fr-2","7":"product_cat-hogan-fr","8":"product_cat-schoenen-fr-2","9":"product_cat-sneakers-fr-2","10":"product_cat-dames-fr","12":"first","13":"outofstock","14":"taxable","15":"shipping-taxable","16":"purchasable","17":"product-type-variable"},"acf":[],"yoast_head":"<!-- This site is optimized with the Yoast SEO plugin v23.9 - https:\/\/yoast.com\/wordpress\/plugins\/seo\/ -->\n<title>HOGAN Dames - H641 Sneaker blanc (39299) - Vousten Sports<\/title>\n<meta name=\"robots\" content=\"index, follow, max-snippet:-1, max-image-preview:large, max-video-preview:-1\" \/>\n<link rel=\"canonical\" href=\"https:\/\/www.voustensports.com\/fr\/hogan-dames-h641-sneaker-blanc-39299\/\" \/>\n<meta property=\"og:locale\" content=\"fr_FR\" \/>\n<meta property=\"og:type\" content=\"article\" \/>\n<meta property=\"og:title\" content=\"HOGAN Dames - H641 Sneaker blanc (39299) - Vousten Sports\" \/>\n<meta property=\"og:description\" content=\"Look cool et r\u00e9f\u00e9rences r\u00e9tro cohabitent dans les baskets Hogan H641. La semelle ext\u00e9rieure l\u00e9g\u00e8re est con\u00e7ue pour une adh\u00e9rence optimale et poss\u00e8de une bande de roulement avec des pointes en forme de H. Ces baskets ont une tige en cuir nappa souple, des empi\u00e8cements en nubuck et un c\u00f4t\u00e9 H en m\u00e9tal. La semelle [...]\" \/>\n<meta property=\"og:url\" content=\"https:\/\/www.voustensports.com\/fr\/hogan-dames-h641-sneaker-blanc-39299\/\" \/>\n<meta property=\"og:site_name\" content=\"Vousten Sports\" \/>\n<meta property=\"article:modified_time\" content=\"2026-02-05T11:16:08+00:00\" \/>\n<meta property=\"og:image\" content=\"https:\/\/www.voustensports.com\/wp-content\/uploads\/2023\/06\/HOGAN-Dames-H641-Sneaker-wit-39299.png\" \/>\n\t<meta property=\"og:image:width\" content=\"1288\" \/>\n\t<meta property=\"og:image:height\" content=\"1288\" \/>\n\t<meta property=\"og:image:type\" content=\"image\/png\" \/>\n<meta name=\"twitter:card\" content=\"summary_large_image\" \/>\n<meta name=\"twitter:label1\" content=\"Est. reading time\" \/>\n\t<meta name=\"twitter:data1\" content=\"1 minute\" \/>\n<script type=\"application\/ld+json\" class=\"yoast-schema-graph\">{\"@context\":\"https:\/\/schema.org\",\"@graph\":[{\"@type\":\"WebPage\",\"@id\":\"https:\/\/www.voustensports.com\/fr\/hogan-dames-h641-sneaker-blanc-39299\/\",\"url\":\"https:\/\/www.voustensports.com\/fr\/hogan-dames-h641-sneaker-blanc-39299\/\",\"name\":\"HOGAN Dames - H641 Sneaker blanc (39299) - Vousten Sports\",\"isPartOf\":{\"@id\":\"https:\/\/www.voustensports.com\/nl\/#website\"},\"primaryImageOfPage\":{\"@id\":\"https:\/\/www.voustensports.com\/fr\/hogan-dames-h641-sneaker-blanc-39299\/#primaryimage\"},\"image\":{\"@id\":\"https:\/\/www.voustensports.com\/fr\/hogan-dames-h641-sneaker-blanc-39299\/#primaryimage\"},\"thumbnailUrl\":\"https:\/\/www.voustensports.com\/wp-content\/uploads\/2023\/06\/HOGAN-Dames-H641-Sneaker-wit-39299.png\",\"datePublished\":\"2024-11-04T13:34:24+00:00\",\"dateModified\":\"2026-02-05T11:16:08+00:00\",\"breadcrumb\":{\"@id\":\"https:\/\/www.voustensports.com\/fr\/hogan-dames-h641-sneaker-blanc-39299\/#breadcrumb\"},\"inLanguage\":\"fr-FR\",\"potentialAction\":[{\"@type\":\"ReadAction\",\"target\":[\"https:\/\/www.voustensports.com\/fr\/hogan-dames-h641-sneaker-blanc-39299\/\"]}]},{\"@type\":\"ImageObject\",\"inLanguage\":\"fr-FR\",\"@id\":\"https:\/\/www.voustensports.com\/fr\/hogan-dames-h641-sneaker-blanc-39299\/#primaryimage\",\"url\":\"https:\/\/www.voustensports.com\/wp-content\/uploads\/2023\/06\/HOGAN-Dames-H641-Sneaker-wit-39299.png\",\"contentUrl\":\"https:\/\/www.voustensports.com\/wp-content\/uploads\/2023\/06\/HOGAN-Dames-H641-Sneaker-wit-39299.png\",\"width\":1288,\"height\":1288},{\"@type\":\"BreadcrumbList\",\"@id\":\"https:\/\/www.voustensports.com\/fr\/hogan-dames-h641-sneaker-blanc-39299\/#breadcrumb\",\"itemListElement\":[{\"@type\":\"ListItem\",\"position\":1,\"name\":\"Home\",\"item\":\"https:\/\/www.voustensports.com\/fr\/\"},{\"@type\":\"ListItem\",\"position\":2,\"name\":\"Boutique\",\"item\":\"https:\/\/www.voustensports.com\/fr\/shop\/\"},{\"@type\":\"ListItem\",\"position\":3,\"name\":\"HOGAN Dames &#8211; H641 Sneaker blanc (39299)\"}]},{\"@type\":\"WebSite\",\"@id\":\"https:\/\/www.voustensports.com\/nl\/#website\",\"url\":\"https:\/\/www.voustensports.com\/nl\/\",\"name\":\"Vousten Sports\",\"description\":\"\",\"potentialAction\":[{\"@type\":\"SearchAction\",\"target\":{\"@type\":\"EntryPoint\",\"urlTemplate\":\"https:\/\/www.voustensports.com\/nl\/?s={search_term_string}\"},\"query-input\":{\"@type\":\"PropertyValueSpecification\",\"valueRequired\":true,\"valueName\":\"search_term_string\"}}],\"inLanguage\":\"fr-FR\"}]}<\/script>\n<!-- \/ Yoast SEO plugin. -->","yoast_head_json":{"title":"HOGAN Dames - H641 Sneaker blanc (39299) - Vousten Sports","robots":{"index":"index","follow":"follow","max-snippet":"max-snippet:-1","max-image-preview":"max-image-preview:large","max-video-preview":"max-video-preview:-1"},"canonical":"https:\/\/www.voustensports.com\/fr\/hogan-dames-h641-sneaker-blanc-39299\/","og_locale":"fr_FR","og_type":"article","og_title":"HOGAN Dames - H641 Sneaker blanc (39299) - Vousten Sports","og_description":"Look cool et r\u00e9f\u00e9rences r\u00e9tro cohabitent dans les baskets Hogan H641. La semelle ext\u00e9rieure l\u00e9g\u00e8re est con\u00e7ue pour une adh\u00e9rence optimale et poss\u00e8de une bande de roulement avec des pointes en forme de H. Ces baskets ont une tige en cuir nappa souple, des empi\u00e8cements en nubuck et un c\u00f4t\u00e9 H en m\u00e9tal. La semelle [...]","og_url":"https:\/\/www.voustensports.com\/fr\/hogan-dames-h641-sneaker-blanc-39299\/","og_site_name":"Vousten Sports","article_modified_time":"2026-02-05T11:16:08+00:00","og_image":[{"width":1288,"height":1288,"url":"https:\/\/www.voustensports.com\/wp-content\/uploads\/2023\/06\/HOGAN-Dames-H641-Sneaker-wit-39299.png","type":"image\/png"}],"twitter_card":"summary_large_image","twitter_misc":{"Est. reading time":"1 minute"},"schema":{"@context":"https:\/\/schema.org","@graph":[{"@type":"WebPage","@id":"https:\/\/www.voustensports.com\/fr\/hogan-dames-h641-sneaker-blanc-39299\/","url":"https:\/\/www.voustensports.com\/fr\/hogan-dames-h641-sneaker-blanc-39299\/","name":"HOGAN Dames - H641 Sneaker blanc (39299) - Vousten Sports","isPartOf":{"@id":"https:\/\/www.voustensports.com\/nl\/#website"},"primaryImageOfPage":{"@id":"https:\/\/www.voustensports.com\/fr\/hogan-dames-h641-sneaker-blanc-39299\/#primaryimage"},"image":{"@id":"https:\/\/www.voustensports.com\/fr\/hogan-dames-h641-sneaker-blanc-39299\/#primaryimage"},"thumbnailUrl":"https:\/\/www.voustensports.com\/wp-content\/uploads\/2023\/06\/HOGAN-Dames-H641-Sneaker-wit-39299.png","datePublished":"2024-11-04T13:34:24+00:00","dateModified":"2026-02-05T11:16:08+00:00","breadcrumb":{"@id":"https:\/\/www.voustensports.com\/fr\/hogan-dames-h641-sneaker-blanc-39299\/#breadcrumb"},"inLanguage":"fr-FR","potentialAction":[{"@type":"ReadAction","target":["https:\/\/www.voustensports.com\/fr\/hogan-dames-h641-sneaker-blanc-39299\/"]}]},{"@type":"ImageObject","inLanguage":"fr-FR","@id":"https:\/\/www.voustensports.com\/fr\/hogan-dames-h641-sneaker-blanc-39299\/#primaryimage","url":"https:\/\/www.voustensports.com\/wp-content\/uploads\/2023\/06\/HOGAN-Dames-H641-Sneaker-wit-39299.png","contentUrl":"https:\/\/www.voustensports.com\/wp-content\/uploads\/2023\/06\/HOGAN-Dames-H641-Sneaker-wit-39299.png","width":1288,"height":1288},{"@type":"BreadcrumbList","@id":"https:\/\/www.voustensports.com\/fr\/hogan-dames-h641-sneaker-blanc-39299\/#breadcrumb","itemListElement":[{"@type":"ListItem","position":1,"name":"Home","item":"https:\/\/www.voustensports.com\/fr\/"},{"@type":"ListItem","position":2,"name":"Boutique","item":"https:\/\/www.voustensports.com\/fr\/shop\/"},{"@type":"ListItem","position":3,"name":"HOGAN Dames &#8211; H641 Sneaker blanc (39299)"}]},{"@type":"WebSite","@id":"https:\/\/www.voustensports.com\/nl\/#website","url":"https:\/\/www.voustensports.com\/nl\/","name":"Vousten Sports","description":"","potentialAction":[{"@type":"SearchAction","target":{"@type":"EntryPoint","urlTemplate":"https:\/\/www.voustensports.com\/nl\/?s={search_term_string}"},"query-input":{"@type":"PropertyValueSpecification","valueRequired":true,"valueName":"search_term_string"}}],"inLanguage":"fr-FR"}]}},"_links":{"self":[{"href":"https:\/\/www.voustensports.com\/fr\/wp-json\/wp\/v2\/product\/190423","targetHints":{"allow":["GET"]}}],"collection":[{"href":"https:\/\/www.voustensports.com\/fr\/wp-json\/wp\/v2\/product"}],"about":[{"href":"https:\/\/www.voustensports.com\/fr\/wp-json\/wp\/v2\/types\/product"}],"replies":[{"embeddable":true,"href":"https:\/\/www.voustensports.com\/fr\/wp-json\/wp\/v2\/comments?post=190423"}],"wp:featuredmedia":[{"embeddable":true,"href":"https:\/\/www.voustensports.com\/fr\/wp-json\/wp\/v2\/media\/190395"}],"wp:attachment":[{"href":"https:\/\/www.voustensports.com\/fr\/wp-json\/wp\/v2\/media?parent=190423"}],"wp:term":[{"taxonomy":"product_cat","embeddable":true,"href":"https:\/\/www.voustensports.com\/fr\/wp-json\/wp\/v2\/product_cat?post=190423"},{"taxonomy":"product_tag","embeddable":true,"href":"https:\/\/www.voustensports.com\/fr\/wp-json\/wp\/v2\/product_tag?post=190423"}],"curies":[{"name":"wp","href":"https:\/\/api.w.org\/{rel}","templated":true}]}}