{"id":190260,"date":"2024-11-01T17:38:18","date_gmt":"2024-11-01T16:38:18","guid":{"rendered":"https:\/\/www.voustensports.com\/hogan-dames-h665-sneaker-creme-39303-2\/"},"modified":"2026-02-05T12:16:17","modified_gmt":"2026-02-05T11:16:17","slug":"hogan-dames-h665-sneaker-creme-39303-2","status":"publish","type":"product","link":"https:\/\/www.voustensports.com\/fr\/hogan-dames-h665-sneaker-creme-39303-2\/","title":{"rendered":"HOGAN Dames &#8211; H665 Sneaker cr\u00e8me (39303)"},"content":{"rendered":"<div>Les baskets Hogan H665 renouvellent la combinaison contemporaine de l\u2019esth\u00e9tique sportive et de la nature urbaine. L\u00e9g\u00e8res et flexibles, gr\u00e2ce \u00e0 leur construction sp\u00e9ciale, elles sont dot\u00e9es d\u2019une semelle ext\u00e9rieure en EVA extra l\u00e9g\u00e8re bicolore. La tige en cuir et en mesh pr\u00e9sente un H allong\u00e9 qui \u00e9pouse le talon, tandis que la semelle int\u00e9rieure en mousse \u00e0 m\u00e9moire de forme assure douceur et amorti.<\/div>\n<ul>\n<li>Baskets Hogan H665 pour femme<\/li>\n<li>Fabriqu\u00e9 en Italie<\/li>\n<li>Tige en cuir<\/li>\n<li>Inserts en tissu technique<\/li>\n<li>H sur le c\u00f4t\u00e9<\/li>\n<li>Semelle int\u00e9rieure en mousse \u00e0 m\u00e9moire de forme<\/li>\n<li>Semelle ext\u00e9rieure en EVA<\/li>\n<li>Construction Strobel<\/li>\n<li>Cartes d\u2019entretien et de soins incluses<\/li>\n<li>Comprend un sac \u00e0 poussi\u00e8re en tissu<\/li>\n<li>Lacets suppl\u00e9mentaires inclus<\/li>\n<li>MOD. HXW6650FJ10Q440YBB<\/li>\n<\/ul>\n","protected":false},"excerpt":{"rendered":"<p>Les baskets Hogan H665 renouvellent la combinaison contemporaine de l\u2019esth\u00e9tique sportive et de la nature urbaine. L\u00e9g\u00e8res et flexibles, gr\u00e2ce \u00e0 leur construction sp\u00e9ciale, elles sont dot\u00e9es d\u2019une semelle ext\u00e9rieure en EVA extra l\u00e9g\u00e8re bicolore. La tige en cuir et en mesh pr\u00e9sente un H allong\u00e9 qui \u00e9pouse le talon, tandis que la semelle int\u00e9rieure [&#8230;]\n","protected":false},"featured_media":190232,"comment_status":"open","ping_status":"closed","template":"","meta":{"rank_math_lock_modified_date":false},"product_cat":[526,637,887,462,518,522],"product_tag":[],"class_list":{"0":"post-190260","1":"product","2":"type-product","3":"status-publish","4":"has-post-thumbnail","6":"product_cat-sneakers-fr-2","7":"product_cat-dames-fr","8":"product_cat-damesschoenen-fr","9":"product_cat-vousten-sports-fr-2","10":"product_cat-hogan-fr","11":"product_cat-schoenen-fr-2","13":"first","14":"outofstock","15":"taxable","16":"shipping-taxable","17":"purchasable","18":"product-type-variable"},"acf":[],"yoast_head":"<!-- This site is optimized with the Yoast SEO plugin v23.9 - https:\/\/yoast.com\/wordpress\/plugins\/seo\/ -->\n<title>HOGAN Dames - H665 Sneaker cr\u00e8me (39303) - Vousten Sports<\/title>\n<meta name=\"robots\" content=\"index, follow, max-snippet:-1, max-image-preview:large, max-video-preview:-1\" \/>\n<link rel=\"canonical\" href=\"https:\/\/www.voustensports.com\/fr\/hogan-dames-h665-sneaker-creme-39303-2\/\" \/>\n<meta property=\"og:locale\" content=\"fr_FR\" \/>\n<meta property=\"og:type\" content=\"article\" \/>\n<meta property=\"og:title\" content=\"HOGAN Dames - H665 Sneaker cr\u00e8me (39303) - Vousten Sports\" \/>\n<meta property=\"og:description\" content=\"Les baskets Hogan H665 renouvellent la combinaison contemporaine de l\u2019esth\u00e9tique sportive et de la nature urbaine. L\u00e9g\u00e8res et flexibles, gr\u00e2ce \u00e0 leur construction sp\u00e9ciale, elles sont dot\u00e9es d\u2019une semelle ext\u00e9rieure en EVA extra l\u00e9g\u00e8re bicolore. La tige en cuir et en mesh pr\u00e9sente un H allong\u00e9 qui \u00e9pouse le talon, tandis que la semelle int\u00e9rieure [...]\" \/>\n<meta property=\"og:url\" content=\"https:\/\/www.voustensports.com\/fr\/hogan-dames-h665-sneaker-creme-39303-2\/\" \/>\n<meta property=\"og:site_name\" content=\"Vousten Sports\" \/>\n<meta property=\"article:modified_time\" content=\"2026-02-05T11:16:17+00:00\" \/>\n<meta property=\"og:image\" content=\"https:\/\/www.voustensports.com\/wp-content\/uploads\/2023\/06\/HOGAN-Dames-H665-Sneaker-creme-39303.png\" \/>\n\t<meta property=\"og:image:width\" content=\"1288\" \/>\n\t<meta property=\"og:image:height\" content=\"1288\" \/>\n\t<meta property=\"og:image:type\" content=\"image\/png\" \/>\n<meta name=\"twitter:card\" content=\"summary_large_image\" \/>\n<meta name=\"twitter:label1\" content=\"Est. reading time\" \/>\n\t<meta name=\"twitter:data1\" content=\"1 minute\" \/>\n<script type=\"application\/ld+json\" class=\"yoast-schema-graph\">{\"@context\":\"https:\/\/schema.org\",\"@graph\":[{\"@type\":\"WebPage\",\"@id\":\"https:\/\/www.voustensports.com\/fr\/hogan-dames-h665-sneaker-creme-39303-2\/\",\"url\":\"https:\/\/www.voustensports.com\/fr\/hogan-dames-h665-sneaker-creme-39303-2\/\",\"name\":\"HOGAN Dames - H665 Sneaker cr\u00e8me (39303) - Vousten Sports\",\"isPartOf\":{\"@id\":\"https:\/\/www.voustensports.com\/nl\/#website\"},\"primaryImageOfPage\":{\"@id\":\"https:\/\/www.voustensports.com\/fr\/hogan-dames-h665-sneaker-creme-39303-2\/#primaryimage\"},\"image\":{\"@id\":\"https:\/\/www.voustensports.com\/fr\/hogan-dames-h665-sneaker-creme-39303-2\/#primaryimage\"},\"thumbnailUrl\":\"https:\/\/www.voustensports.com\/wp-content\/uploads\/2023\/06\/HOGAN-Dames-H665-Sneaker-creme-39303.png\",\"datePublished\":\"2024-11-01T16:38:18+00:00\",\"dateModified\":\"2026-02-05T11:16:17+00:00\",\"breadcrumb\":{\"@id\":\"https:\/\/www.voustensports.com\/fr\/hogan-dames-h665-sneaker-creme-39303-2\/#breadcrumb\"},\"inLanguage\":\"fr-FR\",\"potentialAction\":[{\"@type\":\"ReadAction\",\"target\":[\"https:\/\/www.voustensports.com\/fr\/hogan-dames-h665-sneaker-creme-39303-2\/\"]}]},{\"@type\":\"ImageObject\",\"inLanguage\":\"fr-FR\",\"@id\":\"https:\/\/www.voustensports.com\/fr\/hogan-dames-h665-sneaker-creme-39303-2\/#primaryimage\",\"url\":\"https:\/\/www.voustensports.com\/wp-content\/uploads\/2023\/06\/HOGAN-Dames-H665-Sneaker-creme-39303.png\",\"contentUrl\":\"https:\/\/www.voustensports.com\/wp-content\/uploads\/2023\/06\/HOGAN-Dames-H665-Sneaker-creme-39303.png\",\"width\":1288,\"height\":1288},{\"@type\":\"BreadcrumbList\",\"@id\":\"https:\/\/www.voustensports.com\/fr\/hogan-dames-h665-sneaker-creme-39303-2\/#breadcrumb\",\"itemListElement\":[{\"@type\":\"ListItem\",\"position\":1,\"name\":\"Home\",\"item\":\"https:\/\/www.voustensports.com\/fr\/\"},{\"@type\":\"ListItem\",\"position\":2,\"name\":\"Boutique\",\"item\":\"https:\/\/www.voustensports.com\/fr\/shop\/\"},{\"@type\":\"ListItem\",\"position\":3,\"name\":\"HOGAN Dames &#8211; H665 Sneaker cr\u00e8me (39303)\"}]},{\"@type\":\"WebSite\",\"@id\":\"https:\/\/www.voustensports.com\/nl\/#website\",\"url\":\"https:\/\/www.voustensports.com\/nl\/\",\"name\":\"Vousten Sports\",\"description\":\"\",\"potentialAction\":[{\"@type\":\"SearchAction\",\"target\":{\"@type\":\"EntryPoint\",\"urlTemplate\":\"https:\/\/www.voustensports.com\/nl\/?s={search_term_string}\"},\"query-input\":{\"@type\":\"PropertyValueSpecification\",\"valueRequired\":true,\"valueName\":\"search_term_string\"}}],\"inLanguage\":\"fr-FR\"}]}<\/script>\n<!-- \/ Yoast SEO plugin. -->","yoast_head_json":{"title":"HOGAN Dames - H665 Sneaker cr\u00e8me (39303) - Vousten Sports","robots":{"index":"index","follow":"follow","max-snippet":"max-snippet:-1","max-image-preview":"max-image-preview:large","max-video-preview":"max-video-preview:-1"},"canonical":"https:\/\/www.voustensports.com\/fr\/hogan-dames-h665-sneaker-creme-39303-2\/","og_locale":"fr_FR","og_type":"article","og_title":"HOGAN Dames - H665 Sneaker cr\u00e8me (39303) - Vousten Sports","og_description":"Les baskets Hogan H665 renouvellent la combinaison contemporaine de l\u2019esth\u00e9tique sportive et de la nature urbaine. L\u00e9g\u00e8res et flexibles, gr\u00e2ce \u00e0 leur construction sp\u00e9ciale, elles sont dot\u00e9es d\u2019une semelle ext\u00e9rieure en EVA extra l\u00e9g\u00e8re bicolore. La tige en cuir et en mesh pr\u00e9sente un H allong\u00e9 qui \u00e9pouse le talon, tandis que la semelle int\u00e9rieure [...]","og_url":"https:\/\/www.voustensports.com\/fr\/hogan-dames-h665-sneaker-creme-39303-2\/","og_site_name":"Vousten Sports","article_modified_time":"2026-02-05T11:16:17+00:00","og_image":[{"width":1288,"height":1288,"url":"https:\/\/www.voustensports.com\/wp-content\/uploads\/2023\/06\/HOGAN-Dames-H665-Sneaker-creme-39303.png","type":"image\/png"}],"twitter_card":"summary_large_image","twitter_misc":{"Est. reading time":"1 minute"},"schema":{"@context":"https:\/\/schema.org","@graph":[{"@type":"WebPage","@id":"https:\/\/www.voustensports.com\/fr\/hogan-dames-h665-sneaker-creme-39303-2\/","url":"https:\/\/www.voustensports.com\/fr\/hogan-dames-h665-sneaker-creme-39303-2\/","name":"HOGAN Dames - H665 Sneaker cr\u00e8me (39303) - Vousten Sports","isPartOf":{"@id":"https:\/\/www.voustensports.com\/nl\/#website"},"primaryImageOfPage":{"@id":"https:\/\/www.voustensports.com\/fr\/hogan-dames-h665-sneaker-creme-39303-2\/#primaryimage"},"image":{"@id":"https:\/\/www.voustensports.com\/fr\/hogan-dames-h665-sneaker-creme-39303-2\/#primaryimage"},"thumbnailUrl":"https:\/\/www.voustensports.com\/wp-content\/uploads\/2023\/06\/HOGAN-Dames-H665-Sneaker-creme-39303.png","datePublished":"2024-11-01T16:38:18+00:00","dateModified":"2026-02-05T11:16:17+00:00","breadcrumb":{"@id":"https:\/\/www.voustensports.com\/fr\/hogan-dames-h665-sneaker-creme-39303-2\/#breadcrumb"},"inLanguage":"fr-FR","potentialAction":[{"@type":"ReadAction","target":["https:\/\/www.voustensports.com\/fr\/hogan-dames-h665-sneaker-creme-39303-2\/"]}]},{"@type":"ImageObject","inLanguage":"fr-FR","@id":"https:\/\/www.voustensports.com\/fr\/hogan-dames-h665-sneaker-creme-39303-2\/#primaryimage","url":"https:\/\/www.voustensports.com\/wp-content\/uploads\/2023\/06\/HOGAN-Dames-H665-Sneaker-creme-39303.png","contentUrl":"https:\/\/www.voustensports.com\/wp-content\/uploads\/2023\/06\/HOGAN-Dames-H665-Sneaker-creme-39303.png","width":1288,"height":1288},{"@type":"BreadcrumbList","@id":"https:\/\/www.voustensports.com\/fr\/hogan-dames-h665-sneaker-creme-39303-2\/#breadcrumb","itemListElement":[{"@type":"ListItem","position":1,"name":"Home","item":"https:\/\/www.voustensports.com\/fr\/"},{"@type":"ListItem","position":2,"name":"Boutique","item":"https:\/\/www.voustensports.com\/fr\/shop\/"},{"@type":"ListItem","position":3,"name":"HOGAN Dames &#8211; H665 Sneaker cr\u00e8me (39303)"}]},{"@type":"WebSite","@id":"https:\/\/www.voustensports.com\/nl\/#website","url":"https:\/\/www.voustensports.com\/nl\/","name":"Vousten Sports","description":"","potentialAction":[{"@type":"SearchAction","target":{"@type":"EntryPoint","urlTemplate":"https:\/\/www.voustensports.com\/nl\/?s={search_term_string}"},"query-input":{"@type":"PropertyValueSpecification","valueRequired":true,"valueName":"search_term_string"}}],"inLanguage":"fr-FR"}]}},"_links":{"self":[{"href":"https:\/\/www.voustensports.com\/fr\/wp-json\/wp\/v2\/product\/190260","targetHints":{"allow":["GET"]}}],"collection":[{"href":"https:\/\/www.voustensports.com\/fr\/wp-json\/wp\/v2\/product"}],"about":[{"href":"https:\/\/www.voustensports.com\/fr\/wp-json\/wp\/v2\/types\/product"}],"replies":[{"embeddable":true,"href":"https:\/\/www.voustensports.com\/fr\/wp-json\/wp\/v2\/comments?post=190260"}],"wp:featuredmedia":[{"embeddable":true,"href":"https:\/\/www.voustensports.com\/fr\/wp-json\/wp\/v2\/media\/190232"}],"wp:attachment":[{"href":"https:\/\/www.voustensports.com\/fr\/wp-json\/wp\/v2\/media?parent=190260"}],"wp:term":[{"taxonomy":"product_cat","embeddable":true,"href":"https:\/\/www.voustensports.com\/fr\/wp-json\/wp\/v2\/product_cat?post=190260"},{"taxonomy":"product_tag","embeddable":true,"href":"https:\/\/www.voustensports.com\/fr\/wp-json\/wp\/v2\/product_tag?post=190260"}],"curies":[{"name":"wp","href":"https:\/\/api.w.org\/{rel}","templated":true}]}}