{"id":190192,"date":"2024-11-01T15:16:18","date_gmt":"2024-11-01T14:16:18","guid":{"rendered":"https:\/\/www.voustensports.com\/hogan-dames-h630-sneaker-brown-39300-2\/"},"modified":"2026-04-16T01:00:17","modified_gmt":"2026-04-15T23:00:17","slug":"hogan-dames-h630-sneaker-brown-39300-2","status":"publish","type":"product","link":"https:\/\/www.voustensports.com\/fr\/hogan-dames-h630-sneaker-brown-39300-2\/","title":{"rendered":"HOGAN Dames &#8211; H630 Sneaker brun (39300)"},"content":{"rendered":"<div>Nouvelles baskets aux allures r\u00e9tro, les Hogan H630 allient lignes appartenant au monde du basket et style classique de la marque. La tige en cuir lisse pr\u00e9sente un H allong\u00e9 qui \u00e9pouse le talon. La semelle ext\u00e9rieure est en EVA extra-l\u00e9ger, avec le nouveau logo HGN86 en relief sur le c\u00f4t\u00e9 lat\u00e9ral et des rayures crois\u00e9es qui r\u00e9interpr\u00e8tent les rainures historiques Rebel. Indispensable du dressing d&rsquo;aujourd&rsquo;hui, ce style dynamique est compl\u00e9t\u00e9 par une semelle int\u00e9rieure en mousse \u00e0 m\u00e9moire de forme qui apporte douceur et amorti.<\/div>\n<ul>\n<li>Baskets Hogan H630 pour femme<\/li>\n<li>Fabriqu\u00e9 en Italie<\/li>\n<li>Tige en cuir lisse<\/li>\n<li>Daim H sur le c\u00f4t\u00e9<\/li>\n<li>Semelle int\u00e9rieure en mousse \u00e0 m\u00e9moire de forme 9 mm<\/li>\n<li>Semelle ext\u00e9rieure en caoutchouc<\/li>\n<li>Hauteur totale de la semelle 4 cm<\/li>\n<li>Cartes d&rsquo;entretien et de soins incluses<\/li>\n<li>Comprend un sac \u00e0 poussi\u00e8re en tissu<\/li>\n<li>Lacets suppl\u00e9mentaires inclus<\/li>\n<\/ul>\n","protected":false},"excerpt":{"rendered":"<p>Nouvelles baskets aux allures r\u00e9tro, les Hogan H630 allient lignes appartenant au monde du basket et style classique de la marque. La tige en cuir lisse pr\u00e9sente un H allong\u00e9 qui \u00e9pouse le talon. La semelle ext\u00e9rieure est en EVA extra-l\u00e9ger, avec le nouveau logo HGN86 en relief sur le c\u00f4t\u00e9 lat\u00e9ral et des rayures [&#8230;]\n","protected":false},"featured_media":190164,"comment_status":"open","ping_status":"closed","template":"","meta":{"rank_math_lock_modified_date":false},"product_cat":[462,518,522,526,637,887],"product_tag":[],"class_list":{"0":"post-190192","1":"product","2":"type-product","3":"status-publish","4":"has-post-thumbnail","6":"product_cat-vousten-sports-fr-2","7":"product_cat-hogan-fr","8":"product_cat-schoenen-fr-2","9":"product_cat-sneakers-fr-2","10":"product_cat-dames-fr","11":"product_cat-damesschoenen-fr","13":"first","14":"instock","15":"taxable","16":"shipping-taxable","17":"purchasable","18":"product-type-variable"},"acf":[],"yoast_head":"<!-- This site is optimized with the Yoast SEO plugin v23.9 - https:\/\/yoast.com\/wordpress\/plugins\/seo\/ -->\n<title>HOGAN Dames - H630 Sneaker brun (39300) - Vousten Sports<\/title>\n<meta name=\"robots\" content=\"index, follow, max-snippet:-1, max-image-preview:large, max-video-preview:-1\" \/>\n<link rel=\"canonical\" href=\"https:\/\/www.voustensports.com\/fr\/hogan-dames-h630-sneaker-brown-39300-2\/\" \/>\n<meta property=\"og:locale\" content=\"fr_FR\" \/>\n<meta property=\"og:type\" content=\"article\" \/>\n<meta property=\"og:title\" content=\"HOGAN Dames - H630 Sneaker brun (39300) - Vousten Sports\" \/>\n<meta property=\"og:description\" content=\"Nouvelles baskets aux allures r\u00e9tro, les Hogan H630 allient lignes appartenant au monde du basket et style classique de la marque. La tige en cuir lisse pr\u00e9sente un H allong\u00e9 qui \u00e9pouse le talon. La semelle ext\u00e9rieure est en EVA extra-l\u00e9ger, avec le nouveau logo HGN86 en relief sur le c\u00f4t\u00e9 lat\u00e9ral et des rayures [...]\" \/>\n<meta property=\"og:url\" content=\"https:\/\/www.voustensports.com\/fr\/hogan-dames-h630-sneaker-brown-39300-2\/\" \/>\n<meta property=\"og:site_name\" content=\"Vousten Sports\" \/>\n<meta property=\"article:modified_time\" content=\"2026-04-15T23:00:17+00:00\" \/>\n<meta property=\"og:image\" content=\"https:\/\/www.voustensports.com\/wp-content\/uploads\/2023\/06\/HOGAN-Dames-H630-Sneaker-bruin-39300.png\" \/>\n\t<meta property=\"og:image:width\" content=\"1288\" \/>\n\t<meta property=\"og:image:height\" content=\"1288\" \/>\n\t<meta property=\"og:image:type\" content=\"image\/png\" \/>\n<meta name=\"twitter:card\" content=\"summary_large_image\" \/>\n<meta name=\"twitter:label1\" content=\"Est. reading time\" \/>\n\t<meta name=\"twitter:data1\" content=\"1 minute\" \/>\n<script type=\"application\/ld+json\" class=\"yoast-schema-graph\">{\"@context\":\"https:\/\/schema.org\",\"@graph\":[{\"@type\":\"WebPage\",\"@id\":\"https:\/\/www.voustensports.com\/fr\/hogan-dames-h630-sneaker-brown-39300-2\/\",\"url\":\"https:\/\/www.voustensports.com\/fr\/hogan-dames-h630-sneaker-brown-39300-2\/\",\"name\":\"HOGAN Dames - H630 Sneaker brun (39300) - Vousten Sports\",\"isPartOf\":{\"@id\":\"https:\/\/www.voustensports.com\/nl\/#website\"},\"primaryImageOfPage\":{\"@id\":\"https:\/\/www.voustensports.com\/fr\/hogan-dames-h630-sneaker-brown-39300-2\/#primaryimage\"},\"image\":{\"@id\":\"https:\/\/www.voustensports.com\/fr\/hogan-dames-h630-sneaker-brown-39300-2\/#primaryimage\"},\"thumbnailUrl\":\"https:\/\/www.voustensports.com\/wp-content\/uploads\/2023\/06\/HOGAN-Dames-H630-Sneaker-bruin-39300.png\",\"datePublished\":\"2024-11-01T14:16:18+00:00\",\"dateModified\":\"2026-04-15T23:00:17+00:00\",\"breadcrumb\":{\"@id\":\"https:\/\/www.voustensports.com\/fr\/hogan-dames-h630-sneaker-brown-39300-2\/#breadcrumb\"},\"inLanguage\":\"fr-FR\",\"potentialAction\":[{\"@type\":\"ReadAction\",\"target\":[\"https:\/\/www.voustensports.com\/fr\/hogan-dames-h630-sneaker-brown-39300-2\/\"]}]},{\"@type\":\"ImageObject\",\"inLanguage\":\"fr-FR\",\"@id\":\"https:\/\/www.voustensports.com\/fr\/hogan-dames-h630-sneaker-brown-39300-2\/#primaryimage\",\"url\":\"https:\/\/www.voustensports.com\/wp-content\/uploads\/2023\/06\/HOGAN-Dames-H630-Sneaker-bruin-39300.png\",\"contentUrl\":\"https:\/\/www.voustensports.com\/wp-content\/uploads\/2023\/06\/HOGAN-Dames-H630-Sneaker-bruin-39300.png\",\"width\":1288,\"height\":1288},{\"@type\":\"BreadcrumbList\",\"@id\":\"https:\/\/www.voustensports.com\/fr\/hogan-dames-h630-sneaker-brown-39300-2\/#breadcrumb\",\"itemListElement\":[{\"@type\":\"ListItem\",\"position\":1,\"name\":\"Home\",\"item\":\"https:\/\/www.voustensports.com\/fr\/\"},{\"@type\":\"ListItem\",\"position\":2,\"name\":\"Boutique\",\"item\":\"https:\/\/www.voustensports.com\/fr\/shop\/\"},{\"@type\":\"ListItem\",\"position\":3,\"name\":\"HOGAN Dames &#8211; H630 Sneaker brun (39300)\"}]},{\"@type\":\"WebSite\",\"@id\":\"https:\/\/www.voustensports.com\/nl\/#website\",\"url\":\"https:\/\/www.voustensports.com\/nl\/\",\"name\":\"Vousten Sports\",\"description\":\"\",\"potentialAction\":[{\"@type\":\"SearchAction\",\"target\":{\"@type\":\"EntryPoint\",\"urlTemplate\":\"https:\/\/www.voustensports.com\/nl\/?s={search_term_string}\"},\"query-input\":{\"@type\":\"PropertyValueSpecification\",\"valueRequired\":true,\"valueName\":\"search_term_string\"}}],\"inLanguage\":\"fr-FR\"}]}<\/script>\n<!-- \/ Yoast SEO plugin. -->","yoast_head_json":{"title":"HOGAN Dames - H630 Sneaker brun (39300) - Vousten Sports","robots":{"index":"index","follow":"follow","max-snippet":"max-snippet:-1","max-image-preview":"max-image-preview:large","max-video-preview":"max-video-preview:-1"},"canonical":"https:\/\/www.voustensports.com\/fr\/hogan-dames-h630-sneaker-brown-39300-2\/","og_locale":"fr_FR","og_type":"article","og_title":"HOGAN Dames - H630 Sneaker brun (39300) - Vousten Sports","og_description":"Nouvelles baskets aux allures r\u00e9tro, les Hogan H630 allient lignes appartenant au monde du basket et style classique de la marque. La tige en cuir lisse pr\u00e9sente un H allong\u00e9 qui \u00e9pouse le talon. La semelle ext\u00e9rieure est en EVA extra-l\u00e9ger, avec le nouveau logo HGN86 en relief sur le c\u00f4t\u00e9 lat\u00e9ral et des rayures [...]","og_url":"https:\/\/www.voustensports.com\/fr\/hogan-dames-h630-sneaker-brown-39300-2\/","og_site_name":"Vousten Sports","article_modified_time":"2026-04-15T23:00:17+00:00","og_image":[{"width":1288,"height":1288,"url":"https:\/\/www.voustensports.com\/wp-content\/uploads\/2023\/06\/HOGAN-Dames-H630-Sneaker-bruin-39300.png","type":"image\/png"}],"twitter_card":"summary_large_image","twitter_misc":{"Est. reading time":"1 minute"},"schema":{"@context":"https:\/\/schema.org","@graph":[{"@type":"WebPage","@id":"https:\/\/www.voustensports.com\/fr\/hogan-dames-h630-sneaker-brown-39300-2\/","url":"https:\/\/www.voustensports.com\/fr\/hogan-dames-h630-sneaker-brown-39300-2\/","name":"HOGAN Dames - H630 Sneaker brun (39300) - Vousten Sports","isPartOf":{"@id":"https:\/\/www.voustensports.com\/nl\/#website"},"primaryImageOfPage":{"@id":"https:\/\/www.voustensports.com\/fr\/hogan-dames-h630-sneaker-brown-39300-2\/#primaryimage"},"image":{"@id":"https:\/\/www.voustensports.com\/fr\/hogan-dames-h630-sneaker-brown-39300-2\/#primaryimage"},"thumbnailUrl":"https:\/\/www.voustensports.com\/wp-content\/uploads\/2023\/06\/HOGAN-Dames-H630-Sneaker-bruin-39300.png","datePublished":"2024-11-01T14:16:18+00:00","dateModified":"2026-04-15T23:00:17+00:00","breadcrumb":{"@id":"https:\/\/www.voustensports.com\/fr\/hogan-dames-h630-sneaker-brown-39300-2\/#breadcrumb"},"inLanguage":"fr-FR","potentialAction":[{"@type":"ReadAction","target":["https:\/\/www.voustensports.com\/fr\/hogan-dames-h630-sneaker-brown-39300-2\/"]}]},{"@type":"ImageObject","inLanguage":"fr-FR","@id":"https:\/\/www.voustensports.com\/fr\/hogan-dames-h630-sneaker-brown-39300-2\/#primaryimage","url":"https:\/\/www.voustensports.com\/wp-content\/uploads\/2023\/06\/HOGAN-Dames-H630-Sneaker-bruin-39300.png","contentUrl":"https:\/\/www.voustensports.com\/wp-content\/uploads\/2023\/06\/HOGAN-Dames-H630-Sneaker-bruin-39300.png","width":1288,"height":1288},{"@type":"BreadcrumbList","@id":"https:\/\/www.voustensports.com\/fr\/hogan-dames-h630-sneaker-brown-39300-2\/#breadcrumb","itemListElement":[{"@type":"ListItem","position":1,"name":"Home","item":"https:\/\/www.voustensports.com\/fr\/"},{"@type":"ListItem","position":2,"name":"Boutique","item":"https:\/\/www.voustensports.com\/fr\/shop\/"},{"@type":"ListItem","position":3,"name":"HOGAN Dames &#8211; H630 Sneaker brun (39300)"}]},{"@type":"WebSite","@id":"https:\/\/www.voustensports.com\/nl\/#website","url":"https:\/\/www.voustensports.com\/nl\/","name":"Vousten Sports","description":"","potentialAction":[{"@type":"SearchAction","target":{"@type":"EntryPoint","urlTemplate":"https:\/\/www.voustensports.com\/nl\/?s={search_term_string}"},"query-input":{"@type":"PropertyValueSpecification","valueRequired":true,"valueName":"search_term_string"}}],"inLanguage":"fr-FR"}]}},"_links":{"self":[{"href":"https:\/\/www.voustensports.com\/fr\/wp-json\/wp\/v2\/product\/190192","targetHints":{"allow":["GET"]}}],"collection":[{"href":"https:\/\/www.voustensports.com\/fr\/wp-json\/wp\/v2\/product"}],"about":[{"href":"https:\/\/www.voustensports.com\/fr\/wp-json\/wp\/v2\/types\/product"}],"replies":[{"embeddable":true,"href":"https:\/\/www.voustensports.com\/fr\/wp-json\/wp\/v2\/comments?post=190192"}],"wp:featuredmedia":[{"embeddable":true,"href":"https:\/\/www.voustensports.com\/fr\/wp-json\/wp\/v2\/media\/190164"}],"wp:attachment":[{"href":"https:\/\/www.voustensports.com\/fr\/wp-json\/wp\/v2\/media?parent=190192"}],"wp:term":[{"taxonomy":"product_cat","embeddable":true,"href":"https:\/\/www.voustensports.com\/fr\/wp-json\/wp\/v2\/product_cat?post=190192"},{"taxonomy":"product_tag","embeddable":true,"href":"https:\/\/www.voustensports.com\/fr\/wp-json\/wp\/v2\/product_tag?post=190192"}],"curies":[{"name":"wp","href":"https:\/\/api.w.org\/{rel}","templated":true}]}}