{"id":189650,"date":"2024-10-26T11:38:20","date_gmt":"2024-10-26T09:38:20","guid":{"rendered":"https:\/\/www.voustensports.com\/john-miller-polo-hyperstretch-fermeture-eclair-marron-fonce-39660\/"},"modified":"2025-09-28T19:39:08","modified_gmt":"2025-09-28T17:39:08","slug":"john-miller-polo-hyperstretch-fermeture-eclair-marron-fonce-39660-2","status":"publish","type":"product","link":"https:\/\/www.voustensports.com\/fr\/john-miller-polo-hyperstretch-fermeture-eclair-marron-fonce-39660-2\/","title":{"rendered":"JOHN MILLER &#8211; Hyperstretch Shirt \u00e9clair marron fonc\u00e9 (39660)"},"content":{"rendered":"<div>Ce shirt coupe slim marron fonc\u00e9 est con\u00e7u dans une qualit\u00e9 hyperstretch. Les chemises John Miller Slim Fit sont coup\u00e9es slim et mettent ainsi en valeur le corps. La qualit\u00e9 hyperstretch du tissu vous offre un confort de port \u00e9l\u00e9gant. Ce tricot italien a fait ses preuves depuis des saisons comme \u00e9tant l&rsquo;une des qualit\u00e9s les plus vendues au sein des collections John Miller. Cette nouvelle variante de shirt est parfaite pour votre look casual raffin\u00e9 ! Le shirt a un col coup\u00e9 tendance qui se ferme avec une fermeture \u00e9clair ton sur ton pour un look \u00e9l\u00e9gant. Le poignet gauche pr\u00e9sente un subtil logo brod\u00e9.<\/div>\n<div><\/div>\n<ul>\n<li>Coupe : Shirt coupe ajust\u00e9e<\/li>\n<li>Couleur: marron<\/li>\n<li>Conception: Plaine<\/li>\n<li>Manche : Manches longues<\/li>\n<li>Planche : Pan coup\u00e9<\/li>\n<li>Manchette : manchette de cheville<\/li>\n<li>Composition du tissu : 89% Polyamide 11% \u00c9lasthanne<\/li>\n<li>Propri\u00e9t\u00e9 du tissu : Hyperstretch<\/li>\n<li>Poche poitrine : Non<\/li>\n<li>Code produit : 5141633-690-000-000<\/li>\n<\/ul>\n","protected":false},"excerpt":{"rendered":"<p>Ce shirt coupe slim marron fonc\u00e9 est con\u00e7u dans une qualit\u00e9 hyperstretch. Les chemises John Miller Slim Fit sont coup\u00e9es slim et mettent ainsi en valeur le corps. La qualit\u00e9 hyperstretch du tissu vous offre un confort de port \u00e9l\u00e9gant. Ce tricot italien a fait ses preuves depuis des saisons comme \u00e9tant l&rsquo;une des qualit\u00e9s [&#8230;]\n","protected":false},"featured_media":189634,"comment_status":"open","ping_status":"closed","template":"","meta":{"rank_math_lock_modified_date":false},"product_cat":[486,920,450,462,478],"product_tag":[],"class_list":{"0":"post-189650","1":"product","2":"type-product","3":"status-publish","4":"has-post-thumbnail","6":"product_cat-shirt-fr-2","7":"product_cat-john-miller-fr","8":"product_cat-heren-fr","9":"product_cat-vousten-sports-fr-2","10":"product_cat-polos-fr-2","12":"first","13":"outofstock","14":"taxable","15":"shipping-taxable","16":"purchasable","17":"product-type-variable"},"acf":[],"yoast_head":"<!-- This site is optimized with the Yoast SEO plugin v23.9 - https:\/\/yoast.com\/wordpress\/plugins\/seo\/ -->\n<title>JOHN MILLER - Hyperstretch Shirt \u00e9clair marron fonc\u00e9 (39660) - Vousten Sports<\/title>\n<meta name=\"robots\" content=\"index, follow, max-snippet:-1, max-image-preview:large, max-video-preview:-1\" \/>\n<link rel=\"canonical\" href=\"https:\/\/www.voustensports.com\/fr\/john-miller-polo-hyperstretch-fermeture-eclair-marron-fonce-39660-2\/\" \/>\n<meta property=\"og:locale\" content=\"fr_FR\" \/>\n<meta property=\"og:type\" content=\"article\" \/>\n<meta property=\"og:title\" content=\"JOHN MILLER - Hyperstretch Shirt \u00e9clair marron fonc\u00e9 (39660) - Vousten Sports\" \/>\n<meta property=\"og:description\" content=\"Ce shirt coupe slim marron fonc\u00e9 est con\u00e7u dans une qualit\u00e9 hyperstretch. Les chemises John Miller Slim Fit sont coup\u00e9es slim et mettent ainsi en valeur le corps. La qualit\u00e9 hyperstretch du tissu vous offre un confort de port \u00e9l\u00e9gant. Ce tricot italien a fait ses preuves depuis des saisons comme \u00e9tant l&rsquo;une des qualit\u00e9s [...]\" \/>\n<meta property=\"og:url\" content=\"https:\/\/www.voustensports.com\/fr\/john-miller-polo-hyperstretch-fermeture-eclair-marron-fonce-39660-2\/\" \/>\n<meta property=\"og:site_name\" content=\"Vousten Sports\" \/>\n<meta property=\"article:modified_time\" content=\"2025-09-28T17:39:08+00:00\" \/>\n<meta property=\"og:image\" content=\"https:\/\/www.voustensports.com\/wp-content\/uploads\/2023\/06\/Hyperstretch-Poloshirt-Rits-donkerbruin-396602-1.png\" \/>\n\t<meta property=\"og:image:width\" content=\"1920\" \/>\n\t<meta property=\"og:image:height\" content=\"1920\" \/>\n\t<meta property=\"og:image:type\" content=\"image\/png\" \/>\n<meta name=\"twitter:card\" content=\"summary_large_image\" \/>\n<meta name=\"twitter:label1\" content=\"Est. reading time\" \/>\n\t<meta name=\"twitter:data1\" content=\"1 minute\" \/>\n<script type=\"application\/ld+json\" class=\"yoast-schema-graph\">{\"@context\":\"https:\/\/schema.org\",\"@graph\":[{\"@type\":\"WebPage\",\"@id\":\"https:\/\/www.voustensports.com\/fr\/john-miller-polo-hyperstretch-fermeture-eclair-marron-fonce-39660-2\/\",\"url\":\"https:\/\/www.voustensports.com\/fr\/john-miller-polo-hyperstretch-fermeture-eclair-marron-fonce-39660-2\/\",\"name\":\"JOHN MILLER - Hyperstretch Shirt \u00e9clair marron fonc\u00e9 (39660) - Vousten Sports\",\"isPartOf\":{\"@id\":\"https:\/\/www.voustensports.com\/nl\/#website\"},\"primaryImageOfPage\":{\"@id\":\"https:\/\/www.voustensports.com\/fr\/john-miller-polo-hyperstretch-fermeture-eclair-marron-fonce-39660-2\/#primaryimage\"},\"image\":{\"@id\":\"https:\/\/www.voustensports.com\/fr\/john-miller-polo-hyperstretch-fermeture-eclair-marron-fonce-39660-2\/#primaryimage\"},\"thumbnailUrl\":\"https:\/\/www.voustensports.com\/wp-content\/uploads\/2023\/06\/Hyperstretch-Poloshirt-Rits-donkerbruin-396602-1.png\",\"datePublished\":\"2024-10-26T09:38:20+00:00\",\"dateModified\":\"2025-09-28T17:39:08+00:00\",\"breadcrumb\":{\"@id\":\"https:\/\/www.voustensports.com\/fr\/john-miller-polo-hyperstretch-fermeture-eclair-marron-fonce-39660-2\/#breadcrumb\"},\"inLanguage\":\"fr-FR\",\"potentialAction\":[{\"@type\":\"ReadAction\",\"target\":[\"https:\/\/www.voustensports.com\/fr\/john-miller-polo-hyperstretch-fermeture-eclair-marron-fonce-39660-2\/\"]}]},{\"@type\":\"ImageObject\",\"inLanguage\":\"fr-FR\",\"@id\":\"https:\/\/www.voustensports.com\/fr\/john-miller-polo-hyperstretch-fermeture-eclair-marron-fonce-39660-2\/#primaryimage\",\"url\":\"https:\/\/www.voustensports.com\/wp-content\/uploads\/2023\/06\/Hyperstretch-Poloshirt-Rits-donkerbruin-396602-1.png\",\"contentUrl\":\"https:\/\/www.voustensports.com\/wp-content\/uploads\/2023\/06\/Hyperstretch-Poloshirt-Rits-donkerbruin-396602-1.png\",\"width\":1920,\"height\":1920},{\"@type\":\"BreadcrumbList\",\"@id\":\"https:\/\/www.voustensports.com\/fr\/john-miller-polo-hyperstretch-fermeture-eclair-marron-fonce-39660-2\/#breadcrumb\",\"itemListElement\":[{\"@type\":\"ListItem\",\"position\":1,\"name\":\"Home\",\"item\":\"https:\/\/www.voustensports.com\/fr\/\"},{\"@type\":\"ListItem\",\"position\":2,\"name\":\"Boutique\",\"item\":\"https:\/\/www.voustensports.com\/fr\/shop\/\"},{\"@type\":\"ListItem\",\"position\":3,\"name\":\"JOHN MILLER &#8211; Hyperstretch Shirt \u00e9clair marron fonc\u00e9 (39660)\"}]},{\"@type\":\"WebSite\",\"@id\":\"https:\/\/www.voustensports.com\/nl\/#website\",\"url\":\"https:\/\/www.voustensports.com\/nl\/\",\"name\":\"Vousten Sports\",\"description\":\"\",\"potentialAction\":[{\"@type\":\"SearchAction\",\"target\":{\"@type\":\"EntryPoint\",\"urlTemplate\":\"https:\/\/www.voustensports.com\/nl\/?s={search_term_string}\"},\"query-input\":{\"@type\":\"PropertyValueSpecification\",\"valueRequired\":true,\"valueName\":\"search_term_string\"}}],\"inLanguage\":\"fr-FR\"}]}<\/script>\n<!-- \/ Yoast SEO plugin. -->","yoast_head_json":{"title":"JOHN MILLER - Hyperstretch Shirt \u00e9clair marron fonc\u00e9 (39660) - Vousten Sports","robots":{"index":"index","follow":"follow","max-snippet":"max-snippet:-1","max-image-preview":"max-image-preview:large","max-video-preview":"max-video-preview:-1"},"canonical":"https:\/\/www.voustensports.com\/fr\/john-miller-polo-hyperstretch-fermeture-eclair-marron-fonce-39660-2\/","og_locale":"fr_FR","og_type":"article","og_title":"JOHN MILLER - Hyperstretch Shirt \u00e9clair marron fonc\u00e9 (39660) - Vousten Sports","og_description":"Ce shirt coupe slim marron fonc\u00e9 est con\u00e7u dans une qualit\u00e9 hyperstretch. Les chemises John Miller Slim Fit sont coup\u00e9es slim et mettent ainsi en valeur le corps. La qualit\u00e9 hyperstretch du tissu vous offre un confort de port \u00e9l\u00e9gant. Ce tricot italien a fait ses preuves depuis des saisons comme \u00e9tant l&rsquo;une des qualit\u00e9s [...]","og_url":"https:\/\/www.voustensports.com\/fr\/john-miller-polo-hyperstretch-fermeture-eclair-marron-fonce-39660-2\/","og_site_name":"Vousten Sports","article_modified_time":"2025-09-28T17:39:08+00:00","og_image":[{"width":1920,"height":1920,"url":"https:\/\/www.voustensports.com\/wp-content\/uploads\/2023\/06\/Hyperstretch-Poloshirt-Rits-donkerbruin-396602-1.png","type":"image\/png"}],"twitter_card":"summary_large_image","twitter_misc":{"Est. reading time":"1 minute"},"schema":{"@context":"https:\/\/schema.org","@graph":[{"@type":"WebPage","@id":"https:\/\/www.voustensports.com\/fr\/john-miller-polo-hyperstretch-fermeture-eclair-marron-fonce-39660-2\/","url":"https:\/\/www.voustensports.com\/fr\/john-miller-polo-hyperstretch-fermeture-eclair-marron-fonce-39660-2\/","name":"JOHN MILLER - Hyperstretch Shirt \u00e9clair marron fonc\u00e9 (39660) - Vousten Sports","isPartOf":{"@id":"https:\/\/www.voustensports.com\/nl\/#website"},"primaryImageOfPage":{"@id":"https:\/\/www.voustensports.com\/fr\/john-miller-polo-hyperstretch-fermeture-eclair-marron-fonce-39660-2\/#primaryimage"},"image":{"@id":"https:\/\/www.voustensports.com\/fr\/john-miller-polo-hyperstretch-fermeture-eclair-marron-fonce-39660-2\/#primaryimage"},"thumbnailUrl":"https:\/\/www.voustensports.com\/wp-content\/uploads\/2023\/06\/Hyperstretch-Poloshirt-Rits-donkerbruin-396602-1.png","datePublished":"2024-10-26T09:38:20+00:00","dateModified":"2025-09-28T17:39:08+00:00","breadcrumb":{"@id":"https:\/\/www.voustensports.com\/fr\/john-miller-polo-hyperstretch-fermeture-eclair-marron-fonce-39660-2\/#breadcrumb"},"inLanguage":"fr-FR","potentialAction":[{"@type":"ReadAction","target":["https:\/\/www.voustensports.com\/fr\/john-miller-polo-hyperstretch-fermeture-eclair-marron-fonce-39660-2\/"]}]},{"@type":"ImageObject","inLanguage":"fr-FR","@id":"https:\/\/www.voustensports.com\/fr\/john-miller-polo-hyperstretch-fermeture-eclair-marron-fonce-39660-2\/#primaryimage","url":"https:\/\/www.voustensports.com\/wp-content\/uploads\/2023\/06\/Hyperstretch-Poloshirt-Rits-donkerbruin-396602-1.png","contentUrl":"https:\/\/www.voustensports.com\/wp-content\/uploads\/2023\/06\/Hyperstretch-Poloshirt-Rits-donkerbruin-396602-1.png","width":1920,"height":1920},{"@type":"BreadcrumbList","@id":"https:\/\/www.voustensports.com\/fr\/john-miller-polo-hyperstretch-fermeture-eclair-marron-fonce-39660-2\/#breadcrumb","itemListElement":[{"@type":"ListItem","position":1,"name":"Home","item":"https:\/\/www.voustensports.com\/fr\/"},{"@type":"ListItem","position":2,"name":"Boutique","item":"https:\/\/www.voustensports.com\/fr\/shop\/"},{"@type":"ListItem","position":3,"name":"JOHN MILLER &#8211; Hyperstretch Shirt \u00e9clair marron fonc\u00e9 (39660)"}]},{"@type":"WebSite","@id":"https:\/\/www.voustensports.com\/nl\/#website","url":"https:\/\/www.voustensports.com\/nl\/","name":"Vousten Sports","description":"","potentialAction":[{"@type":"SearchAction","target":{"@type":"EntryPoint","urlTemplate":"https:\/\/www.voustensports.com\/nl\/?s={search_term_string}"},"query-input":{"@type":"PropertyValueSpecification","valueRequired":true,"valueName":"search_term_string"}}],"inLanguage":"fr-FR"}]}},"_links":{"self":[{"href":"https:\/\/www.voustensports.com\/fr\/wp-json\/wp\/v2\/product\/189650","targetHints":{"allow":["GET"]}}],"collection":[{"href":"https:\/\/www.voustensports.com\/fr\/wp-json\/wp\/v2\/product"}],"about":[{"href":"https:\/\/www.voustensports.com\/fr\/wp-json\/wp\/v2\/types\/product"}],"replies":[{"embeddable":true,"href":"https:\/\/www.voustensports.com\/fr\/wp-json\/wp\/v2\/comments?post=189650"}],"wp:featuredmedia":[{"embeddable":true,"href":"https:\/\/www.voustensports.com\/fr\/wp-json\/wp\/v2\/media\/189634"}],"wp:attachment":[{"href":"https:\/\/www.voustensports.com\/fr\/wp-json\/wp\/v2\/media?parent=189650"}],"wp:term":[{"taxonomy":"product_cat","embeddable":true,"href":"https:\/\/www.voustensports.com\/fr\/wp-json\/wp\/v2\/product_cat?post=189650"},{"taxonomy":"product_tag","embeddable":true,"href":"https:\/\/www.voustensports.com\/fr\/wp-json\/wp\/v2\/product_tag?post=189650"}],"curies":[{"name":"wp","href":"https:\/\/api.w.org\/{rel}","templated":true}]}}