{"id":189572,"date":"2024-10-25T18:20:13","date_gmt":"2024-10-25T16:20:13","guid":{"rendered":"https:\/\/www.voustensports.com\/herno-gilet-en-ecoage-bleu-fonce-39666\/"},"modified":"2026-02-05T12:21:15","modified_gmt":"2026-02-05T11:21:15","slug":"herno-gilet-en-ecoage-bleu-fonce-39666","status":"publish","type":"product","link":"https:\/\/www.voustensports.com\/fr\/herno-gilet-en-ecoage-bleu-fonce-39666\/","title":{"rendered":"HERNO &#8211; GILET EN ECOAGE BLEU FONC\u00c9 (39666)"},"content":{"rendered":"<div>D\u00c9TAILS DU PRODUIT<\/div>\n<div>Cardigan en microfibre de nylon recycl\u00e9 avec un l\u00e9ger rev\u00eatement au dos qui conf\u00e8re \u00e0 la mati\u00e8re une texture douce et imperm\u00e9able et un fini mat.<\/div>\n<div>Matelass\u00e9, matelass\u00e9 et dot\u00e9 d&rsquo;une capuche amovible, cette pi\u00e8ce luxueuse accentuera vos looks superpos\u00e9s de mi-saison.<\/div>\n<ul>\n<li>Coupe r\u00e9guli\u00e8re<\/li>\n<li>Col montant<\/li>\n<li>Capuche amovible avec cordon de serrage<\/li>\n<li>Fermeture \u00e9clair bidirectionnelle<\/li>\n<li>Poches avec fermeture \u00e0 bouton-pression<\/li>\n<li>Garnissage en duvet d&rsquo;oie<\/li>\n<\/ul>\n<div>PERFORMANCE<\/div>\n<ul>\n<li>hydrofuge, coupe-vent, mod\u00e9r\u00e9<\/li>\n<li>Num\u00e9ro d&rsquo;article : PI001186U12456Z9300<\/li>\n<li>Num\u00e9ro d&rsquo;identification : 39666<\/li>\n<\/ul>\n<div>COMPOS\u00c9<\/div>\n<div>100% PA &#8211; TISSU PRINCIPAL : BASE : 100% POLYAMIDE \/ NYLON ENDUIT : POLYUR\u00c9THANE DOUBLURE PRINCIPALE : BASE : 100% POLYAMIDE \/ NYLON ENDUIT : POLYUR\u00c9THANE REMBOURRAGE (PLUME) : 90% DUVET 10% PLUME<\/div>\n","protected":false},"excerpt":{"rendered":"<p>D\u00c9TAILS DU PRODUIT Cardigan en microfibre de nylon recycl\u00e9 avec un l\u00e9ger rev\u00eatement au dos qui conf\u00e8re \u00e0 la mati\u00e8re une texture douce et imperm\u00e9able et un fini mat. Matelass\u00e9, matelass\u00e9 et dot\u00e9 d&rsquo;une capuche amovible, cette pi\u00e8ce luxueuse accentuera vos looks superpos\u00e9s de mi-saison. Coupe r\u00e9guli\u00e8re Col montant Capuche amovible avec cordon de serrage [&#8230;]\n","protected":false},"featured_media":189560,"comment_status":"open","ping_status":"closed","template":"","meta":{"rank_math_lock_modified_date":false},"product_cat":[743,822,446,450,462,542,701,705,727],"product_tag":[],"class_list":{"0":"post-189572","1":"product","2":"type-product","3":"status-publish","4":"has-post-thumbnail","6":"product_cat-bodywarmers-fr","7":"product_cat-bodywarmer-fr","8":"product_cat-kleding-fr","9":"product_cat-heren-fr","10":"product_cat-vousten-sports-fr-2","11":"product_cat-jassen-fr","12":"product_cat-jackets-fr","13":"product_cat-jassen-jacks-fr","14":"product_cat-herno-fr","16":"first","17":"instock","18":"taxable","19":"shipping-taxable","20":"purchasable","21":"product-type-variable"},"acf":[],"yoast_head":"<!-- This site is optimized with the Yoast SEO plugin v23.9 - https:\/\/yoast.com\/wordpress\/plugins\/seo\/ -->\n<title>HERNO - GILET EN ECOAGE BLEU FONC\u00c9 (39666) - Vousten Sports<\/title>\n<meta name=\"robots\" content=\"index, follow, max-snippet:-1, max-image-preview:large, max-video-preview:-1\" \/>\n<link rel=\"canonical\" href=\"https:\/\/www.voustensports.com\/fr\/herno-gilet-en-ecoage-bleu-fonce-39666\/\" \/>\n<meta property=\"og:locale\" content=\"fr_FR\" \/>\n<meta property=\"og:type\" content=\"article\" \/>\n<meta property=\"og:title\" content=\"HERNO - GILET EN ECOAGE BLEU FONC\u00c9 (39666) - Vousten Sports\" \/>\n<meta property=\"og:description\" content=\"D\u00c9TAILS DU PRODUIT Cardigan en microfibre de nylon recycl\u00e9 avec un l\u00e9ger rev\u00eatement au dos qui conf\u00e8re \u00e0 la mati\u00e8re une texture douce et imperm\u00e9able et un fini mat. Matelass\u00e9, matelass\u00e9 et dot\u00e9 d&rsquo;une capuche amovible, cette pi\u00e8ce luxueuse accentuera vos looks superpos\u00e9s de mi-saison. Coupe r\u00e9guli\u00e8re Col montant Capuche amovible avec cordon de serrage [...]\" \/>\n<meta property=\"og:url\" content=\"https:\/\/www.voustensports.com\/fr\/herno-gilet-en-ecoage-bleu-fonce-39666\/\" \/>\n<meta property=\"og:site_name\" content=\"Vousten Sports\" \/>\n<meta property=\"article:modified_time\" content=\"2026-02-05T11:21:15+00:00\" \/>\n<meta property=\"og:image\" content=\"https:\/\/www.voustensports.com\/wp-content\/uploads\/2023\/06\/VEST-IN-ECOAGE-DONKERBLAUW-396661.jpg\" \/>\n\t<meta property=\"og:image:width\" content=\"1981\" \/>\n\t<meta property=\"og:image:height\" content=\"2048\" \/>\n\t<meta property=\"og:image:type\" content=\"image\/jpeg\" \/>\n<meta name=\"twitter:card\" content=\"summary_large_image\" \/>\n<meta name=\"twitter:label1\" content=\"Est. reading time\" \/>\n\t<meta name=\"twitter:data1\" content=\"1 minute\" \/>\n<script type=\"application\/ld+json\" class=\"yoast-schema-graph\">{\"@context\":\"https:\/\/schema.org\",\"@graph\":[{\"@type\":\"WebPage\",\"@id\":\"https:\/\/www.voustensports.com\/fr\/herno-gilet-en-ecoage-bleu-fonce-39666\/\",\"url\":\"https:\/\/www.voustensports.com\/fr\/herno-gilet-en-ecoage-bleu-fonce-39666\/\",\"name\":\"HERNO - GILET EN ECOAGE BLEU FONC\u00c9 (39666) - Vousten Sports\",\"isPartOf\":{\"@id\":\"https:\/\/www.voustensports.com\/nl\/#website\"},\"primaryImageOfPage\":{\"@id\":\"https:\/\/www.voustensports.com\/fr\/herno-gilet-en-ecoage-bleu-fonce-39666\/#primaryimage\"},\"image\":{\"@id\":\"https:\/\/www.voustensports.com\/fr\/herno-gilet-en-ecoage-bleu-fonce-39666\/#primaryimage\"},\"thumbnailUrl\":\"https:\/\/www.voustensports.com\/wp-content\/uploads\/2023\/06\/VEST-IN-ECOAGE-DONKERBLAUW-396661.jpg\",\"datePublished\":\"2024-10-25T16:20:13+00:00\",\"dateModified\":\"2026-02-05T11:21:15+00:00\",\"breadcrumb\":{\"@id\":\"https:\/\/www.voustensports.com\/fr\/herno-gilet-en-ecoage-bleu-fonce-39666\/#breadcrumb\"},\"inLanguage\":\"fr-FR\",\"potentialAction\":[{\"@type\":\"ReadAction\",\"target\":[\"https:\/\/www.voustensports.com\/fr\/herno-gilet-en-ecoage-bleu-fonce-39666\/\"]}]},{\"@type\":\"ImageObject\",\"inLanguage\":\"fr-FR\",\"@id\":\"https:\/\/www.voustensports.com\/fr\/herno-gilet-en-ecoage-bleu-fonce-39666\/#primaryimage\",\"url\":\"https:\/\/www.voustensports.com\/wp-content\/uploads\/2023\/06\/VEST-IN-ECOAGE-DONKERBLAUW-396661.jpg\",\"contentUrl\":\"https:\/\/www.voustensports.com\/wp-content\/uploads\/2023\/06\/VEST-IN-ECOAGE-DONKERBLAUW-396661.jpg\",\"width\":1981,\"height\":2048},{\"@type\":\"BreadcrumbList\",\"@id\":\"https:\/\/www.voustensports.com\/fr\/herno-gilet-en-ecoage-bleu-fonce-39666\/#breadcrumb\",\"itemListElement\":[{\"@type\":\"ListItem\",\"position\":1,\"name\":\"Home\",\"item\":\"https:\/\/www.voustensports.com\/fr\/\"},{\"@type\":\"ListItem\",\"position\":2,\"name\":\"Boutique\",\"item\":\"https:\/\/www.voustensports.com\/fr\/shop\/\"},{\"@type\":\"ListItem\",\"position\":3,\"name\":\"HERNO &#8211; GILET EN ECOAGE BLEU FONC\u00c9 (39666)\"}]},{\"@type\":\"WebSite\",\"@id\":\"https:\/\/www.voustensports.com\/nl\/#website\",\"url\":\"https:\/\/www.voustensports.com\/nl\/\",\"name\":\"Vousten Sports\",\"description\":\"\",\"potentialAction\":[{\"@type\":\"SearchAction\",\"target\":{\"@type\":\"EntryPoint\",\"urlTemplate\":\"https:\/\/www.voustensports.com\/nl\/?s={search_term_string}\"},\"query-input\":{\"@type\":\"PropertyValueSpecification\",\"valueRequired\":true,\"valueName\":\"search_term_string\"}}],\"inLanguage\":\"fr-FR\"}]}<\/script>\n<!-- \/ Yoast SEO plugin. -->","yoast_head_json":{"title":"HERNO - GILET EN ECOAGE BLEU FONC\u00c9 (39666) - Vousten Sports","robots":{"index":"index","follow":"follow","max-snippet":"max-snippet:-1","max-image-preview":"max-image-preview:large","max-video-preview":"max-video-preview:-1"},"canonical":"https:\/\/www.voustensports.com\/fr\/herno-gilet-en-ecoage-bleu-fonce-39666\/","og_locale":"fr_FR","og_type":"article","og_title":"HERNO - GILET EN ECOAGE BLEU FONC\u00c9 (39666) - Vousten Sports","og_description":"D\u00c9TAILS DU PRODUIT Cardigan en microfibre de nylon recycl\u00e9 avec un l\u00e9ger rev\u00eatement au dos qui conf\u00e8re \u00e0 la mati\u00e8re une texture douce et imperm\u00e9able et un fini mat. Matelass\u00e9, matelass\u00e9 et dot\u00e9 d&rsquo;une capuche amovible, cette pi\u00e8ce luxueuse accentuera vos looks superpos\u00e9s de mi-saison. Coupe r\u00e9guli\u00e8re Col montant Capuche amovible avec cordon de serrage [...]","og_url":"https:\/\/www.voustensports.com\/fr\/herno-gilet-en-ecoage-bleu-fonce-39666\/","og_site_name":"Vousten Sports","article_modified_time":"2026-02-05T11:21:15+00:00","og_image":[{"width":1981,"height":2048,"url":"https:\/\/www.voustensports.com\/wp-content\/uploads\/2023\/06\/VEST-IN-ECOAGE-DONKERBLAUW-396661.jpg","type":"image\/jpeg"}],"twitter_card":"summary_large_image","twitter_misc":{"Est. reading time":"1 minute"},"schema":{"@context":"https:\/\/schema.org","@graph":[{"@type":"WebPage","@id":"https:\/\/www.voustensports.com\/fr\/herno-gilet-en-ecoage-bleu-fonce-39666\/","url":"https:\/\/www.voustensports.com\/fr\/herno-gilet-en-ecoage-bleu-fonce-39666\/","name":"HERNO - GILET EN ECOAGE BLEU FONC\u00c9 (39666) - Vousten Sports","isPartOf":{"@id":"https:\/\/www.voustensports.com\/nl\/#website"},"primaryImageOfPage":{"@id":"https:\/\/www.voustensports.com\/fr\/herno-gilet-en-ecoage-bleu-fonce-39666\/#primaryimage"},"image":{"@id":"https:\/\/www.voustensports.com\/fr\/herno-gilet-en-ecoage-bleu-fonce-39666\/#primaryimage"},"thumbnailUrl":"https:\/\/www.voustensports.com\/wp-content\/uploads\/2023\/06\/VEST-IN-ECOAGE-DONKERBLAUW-396661.jpg","datePublished":"2024-10-25T16:20:13+00:00","dateModified":"2026-02-05T11:21:15+00:00","breadcrumb":{"@id":"https:\/\/www.voustensports.com\/fr\/herno-gilet-en-ecoage-bleu-fonce-39666\/#breadcrumb"},"inLanguage":"fr-FR","potentialAction":[{"@type":"ReadAction","target":["https:\/\/www.voustensports.com\/fr\/herno-gilet-en-ecoage-bleu-fonce-39666\/"]}]},{"@type":"ImageObject","inLanguage":"fr-FR","@id":"https:\/\/www.voustensports.com\/fr\/herno-gilet-en-ecoage-bleu-fonce-39666\/#primaryimage","url":"https:\/\/www.voustensports.com\/wp-content\/uploads\/2023\/06\/VEST-IN-ECOAGE-DONKERBLAUW-396661.jpg","contentUrl":"https:\/\/www.voustensports.com\/wp-content\/uploads\/2023\/06\/VEST-IN-ECOAGE-DONKERBLAUW-396661.jpg","width":1981,"height":2048},{"@type":"BreadcrumbList","@id":"https:\/\/www.voustensports.com\/fr\/herno-gilet-en-ecoage-bleu-fonce-39666\/#breadcrumb","itemListElement":[{"@type":"ListItem","position":1,"name":"Home","item":"https:\/\/www.voustensports.com\/fr\/"},{"@type":"ListItem","position":2,"name":"Boutique","item":"https:\/\/www.voustensports.com\/fr\/shop\/"},{"@type":"ListItem","position":3,"name":"HERNO &#8211; GILET EN ECOAGE BLEU FONC\u00c9 (39666)"}]},{"@type":"WebSite","@id":"https:\/\/www.voustensports.com\/nl\/#website","url":"https:\/\/www.voustensports.com\/nl\/","name":"Vousten Sports","description":"","potentialAction":[{"@type":"SearchAction","target":{"@type":"EntryPoint","urlTemplate":"https:\/\/www.voustensports.com\/nl\/?s={search_term_string}"},"query-input":{"@type":"PropertyValueSpecification","valueRequired":true,"valueName":"search_term_string"}}],"inLanguage":"fr-FR"}]}},"_links":{"self":[{"href":"https:\/\/www.voustensports.com\/fr\/wp-json\/wp\/v2\/product\/189572","targetHints":{"allow":["GET"]}}],"collection":[{"href":"https:\/\/www.voustensports.com\/fr\/wp-json\/wp\/v2\/product"}],"about":[{"href":"https:\/\/www.voustensports.com\/fr\/wp-json\/wp\/v2\/types\/product"}],"replies":[{"embeddable":true,"href":"https:\/\/www.voustensports.com\/fr\/wp-json\/wp\/v2\/comments?post=189572"}],"wp:featuredmedia":[{"embeddable":true,"href":"https:\/\/www.voustensports.com\/fr\/wp-json\/wp\/v2\/media\/189560"}],"wp:attachment":[{"href":"https:\/\/www.voustensports.com\/fr\/wp-json\/wp\/v2\/media?parent=189572"}],"wp:term":[{"taxonomy":"product_cat","embeddable":true,"href":"https:\/\/www.voustensports.com\/fr\/wp-json\/wp\/v2\/product_cat?post=189572"},{"taxonomy":"product_tag","embeddable":true,"href":"https:\/\/www.voustensports.com\/fr\/wp-json\/wp\/v2\/product_tag?post=189572"}],"curies":[{"name":"wp","href":"https:\/\/api.w.org\/{rel}","templated":true}]}}