{"id":186757,"date":"2024-10-05T11:40:14","date_gmt":"2024-10-05T09:40:14","guid":{"rendered":"https:\/\/www.voustensports.com\/herno-veste-laminaire-en-gore-tex-infinium-windstopper-gris-39664\/"},"modified":"2026-02-05T12:21:12","modified_gmt":"2026-02-05T11:21:12","slug":"herno-veste-laminaire-en-gore-tex-infinium-windstopper-gris-39664","status":"publish","type":"product","link":"https:\/\/www.voustensports.com\/fr\/herno-veste-laminaire-en-gore-tex-infinium-windstopper-gris-39664\/","title":{"rendered":"HERNO &#8211; VESTE LAMINAIRE EN GORE-TEX INFINIUM WINDSTOPPER GRIS (39664)"},"content":{"rendered":"<div>D\u00c9TAILS DU PRODUIT<\/div>\n<div>Veste en tissu GORE-TEX INFINIUM WINDSTOPPER 2 couches.<\/div>\n<div>La membrane est totalement coupe-vent et tr\u00e8s respirante.<\/div>\n<div>Ajust\u00e9 et r\u00e9glable gr\u00e2ce \u00e0 la capuche amovible, ce v\u00eatement allie d\u00e9tails de qualit\u00e9 et style raffin\u00e9.<\/div>\n<div>Fait partie du nouveau label Herno Laminar Sartorial Engineering, une collection qui repr\u00e9sente l&rsquo;\u00e9volution de Laminar.<\/div>\n<ul>\n<li>Coupe ajust\u00e9e<\/li>\n<li>Garnissage en duvet d&rsquo;oie<\/li>\n<li>Capuche amovible<\/li>\n<li>Fermeture avec fermeture \u00e9clair et boutons cach\u00e9s<\/li>\n<li>Poche poitrine avec passepoil<\/li>\n<li>Poches zipp\u00e9es sur les c\u00f4t\u00e9s<\/li>\n<\/ul>\n<div>PERFORMANCE<\/div>\n<div>hydrofuge, coupe-vent, respirant<\/div>\n<div>Num\u00e9ro d&rsquo;article : PI141UL111069201<\/div>\n<div>Num\u00e9ro d&rsquo;identification : 39664<\/div>\n<div>COMPOS\u00c9<\/div>\n<div>100% PL &#8211; TISSU PRINCIPAL: COUCHE EXTERNE: 100% POLYESTER MEMBRANE: POLYT\u00c9TRAFLUORO\u00c9THYL\u00c8NE DOUBLURE: 100% POLYAMIDE \/ NYLON REMBOURRAGE BAVOIR ET CAPUCHE: 100% POLYESTER REMBOURRAGE (PLUME): 80% DUVET 20% PLUME<\/div>\n","protected":false},"excerpt":{"rendered":"<p>D\u00c9TAILS DU PRODUIT Veste en tissu GORE-TEX INFINIUM WINDSTOPPER 2 couches. La membrane est totalement coupe-vent et tr\u00e8s respirante. Ajust\u00e9 et r\u00e9glable gr\u00e2ce \u00e0 la capuche amovible, ce v\u00eatement allie d\u00e9tails de qualit\u00e9 et style raffin\u00e9. Fait partie du nouveau label Herno Laminar Sartorial Engineering, une collection qui repr\u00e9sente l&rsquo;\u00e9volution de Laminar. Coupe ajust\u00e9e Garnissage [&#8230;]\n","protected":false},"featured_media":186745,"comment_status":"open","ping_status":"closed","template":"","meta":{"rank_math_lock_modified_date":false},"product_cat":[446,450,462,542,701,705,727],"product_tag":[],"class_list":{"0":"post-186757","1":"product","2":"type-product","3":"status-publish","4":"has-post-thumbnail","6":"product_cat-kleding-fr","7":"product_cat-heren-fr","8":"product_cat-vousten-sports-fr-2","9":"product_cat-jassen-fr","10":"product_cat-jackets-fr","11":"product_cat-jassen-jacks-fr","12":"product_cat-herno-fr","14":"first","15":"instock","16":"taxable","17":"shipping-taxable","18":"purchasable","19":"product-type-variable"},"acf":[],"yoast_head":"<!-- This site is optimized with the Yoast SEO plugin v23.9 - https:\/\/yoast.com\/wordpress\/plugins\/seo\/ -->\n<title>HERNO - VESTE LAMINAIRE EN GORE-TEX INFINIUM WINDSTOPPER GRIS (39664) - Vousten Sports<\/title>\n<meta name=\"robots\" content=\"index, follow, max-snippet:-1, max-image-preview:large, max-video-preview:-1\" \/>\n<link rel=\"canonical\" href=\"https:\/\/www.voustensports.com\/fr\/herno-veste-laminaire-en-gore-tex-infinium-windstopper-gris-39664\/\" \/>\n<meta property=\"og:locale\" content=\"fr_FR\" \/>\n<meta property=\"og:type\" content=\"article\" \/>\n<meta property=\"og:title\" content=\"HERNO - VESTE LAMINAIRE EN GORE-TEX INFINIUM WINDSTOPPER GRIS (39664) - Vousten Sports\" \/>\n<meta property=\"og:description\" content=\"D\u00c9TAILS DU PRODUIT Veste en tissu GORE-TEX INFINIUM WINDSTOPPER 2 couches. La membrane est totalement coupe-vent et tr\u00e8s respirante. Ajust\u00e9 et r\u00e9glable gr\u00e2ce \u00e0 la capuche amovible, ce v\u00eatement allie d\u00e9tails de qualit\u00e9 et style raffin\u00e9. Fait partie du nouveau label Herno Laminar Sartorial Engineering, une collection qui repr\u00e9sente l&rsquo;\u00e9volution de Laminar. Coupe ajust\u00e9e Garnissage [...]\" \/>\n<meta property=\"og:url\" content=\"https:\/\/www.voustensports.com\/fr\/herno-veste-laminaire-en-gore-tex-infinium-windstopper-gris-39664\/\" \/>\n<meta property=\"og:site_name\" content=\"Vousten Sports\" \/>\n<meta property=\"article:modified_time\" content=\"2026-02-05T11:21:12+00:00\" \/>\n<meta property=\"og:image\" content=\"https:\/\/www.voustensports.com\/wp-content\/uploads\/2023\/06\/LAMINAR-JACKET-IN-GORE-TEX-INFINIUM-WINDSTOPPER-GRIJS-396641.jpg\" \/>\n\t<meta property=\"og:image:width\" content=\"1609\" \/>\n\t<meta property=\"og:image:height\" content=\"2048\" \/>\n\t<meta property=\"og:image:type\" content=\"image\/jpeg\" \/>\n<meta name=\"twitter:card\" content=\"summary_large_image\" \/>\n<meta name=\"twitter:label1\" content=\"Est. reading time\" \/>\n\t<meta name=\"twitter:data1\" content=\"1 minute\" \/>\n<script type=\"application\/ld+json\" class=\"yoast-schema-graph\">{\"@context\":\"https:\/\/schema.org\",\"@graph\":[{\"@type\":\"WebPage\",\"@id\":\"https:\/\/www.voustensports.com\/fr\/herno-veste-laminaire-en-gore-tex-infinium-windstopper-gris-39664\/\",\"url\":\"https:\/\/www.voustensports.com\/fr\/herno-veste-laminaire-en-gore-tex-infinium-windstopper-gris-39664\/\",\"name\":\"HERNO - VESTE LAMINAIRE EN GORE-TEX INFINIUM WINDSTOPPER GRIS (39664) - Vousten Sports\",\"isPartOf\":{\"@id\":\"https:\/\/www.voustensports.com\/nl\/#website\"},\"primaryImageOfPage\":{\"@id\":\"https:\/\/www.voustensports.com\/fr\/herno-veste-laminaire-en-gore-tex-infinium-windstopper-gris-39664\/#primaryimage\"},\"image\":{\"@id\":\"https:\/\/www.voustensports.com\/fr\/herno-veste-laminaire-en-gore-tex-infinium-windstopper-gris-39664\/#primaryimage\"},\"thumbnailUrl\":\"https:\/\/www.voustensports.com\/wp-content\/uploads\/2023\/06\/LAMINAR-JACKET-IN-GORE-TEX-INFINIUM-WINDSTOPPER-GRIJS-396641.jpg\",\"datePublished\":\"2024-10-05T09:40:14+00:00\",\"dateModified\":\"2026-02-05T11:21:12+00:00\",\"breadcrumb\":{\"@id\":\"https:\/\/www.voustensports.com\/fr\/herno-veste-laminaire-en-gore-tex-infinium-windstopper-gris-39664\/#breadcrumb\"},\"inLanguage\":\"fr-FR\",\"potentialAction\":[{\"@type\":\"ReadAction\",\"target\":[\"https:\/\/www.voustensports.com\/fr\/herno-veste-laminaire-en-gore-tex-infinium-windstopper-gris-39664\/\"]}]},{\"@type\":\"ImageObject\",\"inLanguage\":\"fr-FR\",\"@id\":\"https:\/\/www.voustensports.com\/fr\/herno-veste-laminaire-en-gore-tex-infinium-windstopper-gris-39664\/#primaryimage\",\"url\":\"https:\/\/www.voustensports.com\/wp-content\/uploads\/2023\/06\/LAMINAR-JACKET-IN-GORE-TEX-INFINIUM-WINDSTOPPER-GRIJS-396641.jpg\",\"contentUrl\":\"https:\/\/www.voustensports.com\/wp-content\/uploads\/2023\/06\/LAMINAR-JACKET-IN-GORE-TEX-INFINIUM-WINDSTOPPER-GRIJS-396641.jpg\",\"width\":1609,\"height\":2048},{\"@type\":\"BreadcrumbList\",\"@id\":\"https:\/\/www.voustensports.com\/fr\/herno-veste-laminaire-en-gore-tex-infinium-windstopper-gris-39664\/#breadcrumb\",\"itemListElement\":[{\"@type\":\"ListItem\",\"position\":1,\"name\":\"Home\",\"item\":\"https:\/\/www.voustensports.com\/fr\/\"},{\"@type\":\"ListItem\",\"position\":2,\"name\":\"Boutique\",\"item\":\"https:\/\/www.voustensports.com\/fr\/shop\/\"},{\"@type\":\"ListItem\",\"position\":3,\"name\":\"HERNO &#8211; VESTE LAMINAIRE EN GORE-TEX INFINIUM WINDSTOPPER GRIS (39664)\"}]},{\"@type\":\"WebSite\",\"@id\":\"https:\/\/www.voustensports.com\/nl\/#website\",\"url\":\"https:\/\/www.voustensports.com\/nl\/\",\"name\":\"Vousten Sports\",\"description\":\"\",\"potentialAction\":[{\"@type\":\"SearchAction\",\"target\":{\"@type\":\"EntryPoint\",\"urlTemplate\":\"https:\/\/www.voustensports.com\/nl\/?s={search_term_string}\"},\"query-input\":{\"@type\":\"PropertyValueSpecification\",\"valueRequired\":true,\"valueName\":\"search_term_string\"}}],\"inLanguage\":\"fr-FR\"}]}<\/script>\n<!-- \/ Yoast SEO plugin. -->","yoast_head_json":{"title":"HERNO - VESTE LAMINAIRE EN GORE-TEX INFINIUM WINDSTOPPER GRIS (39664) - Vousten Sports","robots":{"index":"index","follow":"follow","max-snippet":"max-snippet:-1","max-image-preview":"max-image-preview:large","max-video-preview":"max-video-preview:-1"},"canonical":"https:\/\/www.voustensports.com\/fr\/herno-veste-laminaire-en-gore-tex-infinium-windstopper-gris-39664\/","og_locale":"fr_FR","og_type":"article","og_title":"HERNO - VESTE LAMINAIRE EN GORE-TEX INFINIUM WINDSTOPPER GRIS (39664) - Vousten Sports","og_description":"D\u00c9TAILS DU PRODUIT Veste en tissu GORE-TEX INFINIUM WINDSTOPPER 2 couches. La membrane est totalement coupe-vent et tr\u00e8s respirante. Ajust\u00e9 et r\u00e9glable gr\u00e2ce \u00e0 la capuche amovible, ce v\u00eatement allie d\u00e9tails de qualit\u00e9 et style raffin\u00e9. Fait partie du nouveau label Herno Laminar Sartorial Engineering, une collection qui repr\u00e9sente l&rsquo;\u00e9volution de Laminar. Coupe ajust\u00e9e Garnissage [...]","og_url":"https:\/\/www.voustensports.com\/fr\/herno-veste-laminaire-en-gore-tex-infinium-windstopper-gris-39664\/","og_site_name":"Vousten Sports","article_modified_time":"2026-02-05T11:21:12+00:00","og_image":[{"width":1609,"height":2048,"url":"https:\/\/www.voustensports.com\/wp-content\/uploads\/2023\/06\/LAMINAR-JACKET-IN-GORE-TEX-INFINIUM-WINDSTOPPER-GRIJS-396641.jpg","type":"image\/jpeg"}],"twitter_card":"summary_large_image","twitter_misc":{"Est. reading time":"1 minute"},"schema":{"@context":"https:\/\/schema.org","@graph":[{"@type":"WebPage","@id":"https:\/\/www.voustensports.com\/fr\/herno-veste-laminaire-en-gore-tex-infinium-windstopper-gris-39664\/","url":"https:\/\/www.voustensports.com\/fr\/herno-veste-laminaire-en-gore-tex-infinium-windstopper-gris-39664\/","name":"HERNO - VESTE LAMINAIRE EN GORE-TEX INFINIUM WINDSTOPPER GRIS (39664) - Vousten Sports","isPartOf":{"@id":"https:\/\/www.voustensports.com\/nl\/#website"},"primaryImageOfPage":{"@id":"https:\/\/www.voustensports.com\/fr\/herno-veste-laminaire-en-gore-tex-infinium-windstopper-gris-39664\/#primaryimage"},"image":{"@id":"https:\/\/www.voustensports.com\/fr\/herno-veste-laminaire-en-gore-tex-infinium-windstopper-gris-39664\/#primaryimage"},"thumbnailUrl":"https:\/\/www.voustensports.com\/wp-content\/uploads\/2023\/06\/LAMINAR-JACKET-IN-GORE-TEX-INFINIUM-WINDSTOPPER-GRIJS-396641.jpg","datePublished":"2024-10-05T09:40:14+00:00","dateModified":"2026-02-05T11:21:12+00:00","breadcrumb":{"@id":"https:\/\/www.voustensports.com\/fr\/herno-veste-laminaire-en-gore-tex-infinium-windstopper-gris-39664\/#breadcrumb"},"inLanguage":"fr-FR","potentialAction":[{"@type":"ReadAction","target":["https:\/\/www.voustensports.com\/fr\/herno-veste-laminaire-en-gore-tex-infinium-windstopper-gris-39664\/"]}]},{"@type":"ImageObject","inLanguage":"fr-FR","@id":"https:\/\/www.voustensports.com\/fr\/herno-veste-laminaire-en-gore-tex-infinium-windstopper-gris-39664\/#primaryimage","url":"https:\/\/www.voustensports.com\/wp-content\/uploads\/2023\/06\/LAMINAR-JACKET-IN-GORE-TEX-INFINIUM-WINDSTOPPER-GRIJS-396641.jpg","contentUrl":"https:\/\/www.voustensports.com\/wp-content\/uploads\/2023\/06\/LAMINAR-JACKET-IN-GORE-TEX-INFINIUM-WINDSTOPPER-GRIJS-396641.jpg","width":1609,"height":2048},{"@type":"BreadcrumbList","@id":"https:\/\/www.voustensports.com\/fr\/herno-veste-laminaire-en-gore-tex-infinium-windstopper-gris-39664\/#breadcrumb","itemListElement":[{"@type":"ListItem","position":1,"name":"Home","item":"https:\/\/www.voustensports.com\/fr\/"},{"@type":"ListItem","position":2,"name":"Boutique","item":"https:\/\/www.voustensports.com\/fr\/shop\/"},{"@type":"ListItem","position":3,"name":"HERNO &#8211; VESTE LAMINAIRE EN GORE-TEX INFINIUM WINDSTOPPER GRIS (39664)"}]},{"@type":"WebSite","@id":"https:\/\/www.voustensports.com\/nl\/#website","url":"https:\/\/www.voustensports.com\/nl\/","name":"Vousten Sports","description":"","potentialAction":[{"@type":"SearchAction","target":{"@type":"EntryPoint","urlTemplate":"https:\/\/www.voustensports.com\/nl\/?s={search_term_string}"},"query-input":{"@type":"PropertyValueSpecification","valueRequired":true,"valueName":"search_term_string"}}],"inLanguage":"fr-FR"}]}},"_links":{"self":[{"href":"https:\/\/www.voustensports.com\/fr\/wp-json\/wp\/v2\/product\/186757","targetHints":{"allow":["GET"]}}],"collection":[{"href":"https:\/\/www.voustensports.com\/fr\/wp-json\/wp\/v2\/product"}],"about":[{"href":"https:\/\/www.voustensports.com\/fr\/wp-json\/wp\/v2\/types\/product"}],"replies":[{"embeddable":true,"href":"https:\/\/www.voustensports.com\/fr\/wp-json\/wp\/v2\/comments?post=186757"}],"wp:featuredmedia":[{"embeddable":true,"href":"https:\/\/www.voustensports.com\/fr\/wp-json\/wp\/v2\/media\/186745"}],"wp:attachment":[{"href":"https:\/\/www.voustensports.com\/fr\/wp-json\/wp\/v2\/media?parent=186757"}],"wp:term":[{"taxonomy":"product_cat","embeddable":true,"href":"https:\/\/www.voustensports.com\/fr\/wp-json\/wp\/v2\/product_cat?post=186757"},{"taxonomy":"product_tag","embeddable":true,"href":"https:\/\/www.voustensports.com\/fr\/wp-json\/wp\/v2\/product_tag?post=186757"}],"curies":[{"name":"wp","href":"https:\/\/api.w.org\/{rel}","templated":true}]}}