{"id":186594,"date":"2024-10-04T20:24:10","date_gmt":"2024-10-04T18:24:10","guid":{"rendered":"https:\/\/www.voustensports.com\/stone-island-technologie-soft-shell-r_e-dye-en-polyester-recycle-noyer-39438\/"},"modified":"2026-02-05T12:18:05","modified_gmt":"2026-02-05T11:18:05","slug":"stone-island-technologie-soft-shell-r_e-dye-en-polyester-recycle-noyer-39438","status":"publish","type":"product","link":"https:\/\/www.voustensports.com\/fr\/stone-island-technologie-soft-shell-r_e-dye-en-polyester-recycle-noyer-39438\/","title":{"rendered":"STONE ISLAND &#8211; TECHNOLOGIE SOFT SHELL-R_E.DYE\u00ae EN POLYESTER RECYCL\u00c9 NOYER (39438)"},"content":{"rendered":"<div>D\u00c9TAILS DU PRODUIT<\/div>\n<div>TECHNOLOGIE SOFT SHELL-R_e.dye\u00ae EN POLYESTER RECYCL\u00c9 : Veste l\u00e9g\u00e8re avec capuche en mat\u00e9riau performant 3 couches avec une colonne d&rsquo;eau de 8000 MM. L&rsquo;ext\u00e9rieur en toile extensible 100 % polyester recycl\u00e9 est tiss\u00e9 avec des fils utilisant la technologie e.dye\u00ae Waterless Color System\u2122, le syst\u00e8me innovant de saturation des couleurs des fils qui r\u00e9duit l&rsquo;utilisation d&rsquo;eau de 85 %, ainsi que 90 % des produits chimiques utilis\u00e9s dans le processus de coloration. Le tissu est lamin\u00e9 sur une membrane int\u00e9rieure respirante, coupe-vent et hydrofuge, prot\u00e9g\u00e9e par un support en velours de polyester. La structure ext\u00e9rieure du mat\u00e9riau conf\u00e8re au v\u00eatement une grande flexibilit\u00e9 et un grand confort.<\/div>\n<div>STYLE<\/div>\n<div>Capuche avec bord \u00e9lastique contour et cordon de serrage. Panneau incrust\u00e9 au centre du devant qui forme les poches lat\u00e9rales avec fermeture \u00e9clair invisible. \u00c9cusson Stone Island sur la manche gauche. Poignets et bande inf\u00e9rieure c\u00f4tel\u00e9s. Fermeture \u00e9clair bidirectionnelle.<\/div>\n<div>COMPOS\u00c9<\/div>\n<div>TISSU EXT\u00c9RIEUR : COUCHE EXT\u00c9RIEURE : 92 % polyester, 8 % \u00e9lasthanne\/spandex<\/div>\n<div>MEMBRANE : r\u00e9sine 100% polyur\u00e9thane<\/div>\n<div>COUCHE INTERNE : 100 % polyester<\/div>\n<div>D\u00c9TAILS DES V\u00caTEMENTS : 92 % polyester, 8 % \u00e9lasthanne\/spandex<\/div>\n<div>Membrane : r\u00e9sine 100% polyur\u00e9thane<\/div>\n<div>Num\u00e9ro Stone Island : Q0322<\/div>\n<div>Num\u00e9ro de couleur: V0075<\/div>\n<div>Num\u00e9ro d&rsquo;identification : 39438<\/div>\n","protected":false},"excerpt":{"rendered":"<p>D\u00c9TAILS DU PRODUIT TECHNOLOGIE SOFT SHELL-R_e.dye\u00ae EN POLYESTER RECYCL\u00c9 : Veste l\u00e9g\u00e8re avec capuche en mat\u00e9riau performant 3 couches avec une colonne d&rsquo;eau de 8000 MM. L&rsquo;ext\u00e9rieur en toile extensible 100 % polyester recycl\u00e9 est tiss\u00e9 avec des fils utilisant la technologie e.dye\u00ae Waterless Color System\u2122, le syst\u00e8me innovant de saturation des couleurs des fils [&#8230;]\n","protected":false},"featured_media":186582,"comment_status":"open","ping_status":"closed","template":"","meta":{"rank_math_lock_modified_date":false},"product_cat":[482,542,701,705,446,450,462],"product_tag":[],"class_list":{"0":"post-186594","1":"product","2":"type-product","3":"status-publish","4":"has-post-thumbnail","6":"product_cat-stone-island-fr-2","7":"product_cat-jassen-fr","8":"product_cat-jackets-fr","9":"product_cat-jassen-jacks-fr","10":"product_cat-kleding-fr","11":"product_cat-heren-fr","12":"product_cat-vousten-sports-fr-2","14":"first","15":"outofstock","16":"taxable","17":"shipping-taxable","18":"purchasable","19":"product-type-variable"},"acf":[],"yoast_head":"<!-- This site is optimized with the Yoast SEO plugin v23.9 - https:\/\/yoast.com\/wordpress\/plugins\/seo\/ -->\n<title>STONE ISLAND - TECHNOLOGIE SOFT SHELL-R_E.DYE\u00ae EN POLYESTER RECYCL\u00c9 NOYER (39438) - Vousten Sports<\/title>\n<meta name=\"robots\" content=\"index, follow, max-snippet:-1, max-image-preview:large, max-video-preview:-1\" \/>\n<link rel=\"canonical\" href=\"https:\/\/www.voustensports.com\/fr\/stone-island-technologie-soft-shell-r_e-dye-en-polyester-recycle-noyer-39438\/\" \/>\n<meta property=\"og:locale\" content=\"fr_FR\" \/>\n<meta property=\"og:type\" content=\"article\" \/>\n<meta property=\"og:title\" content=\"STONE ISLAND - TECHNOLOGIE SOFT SHELL-R_E.DYE\u00ae EN POLYESTER RECYCL\u00c9 NOYER (39438) - Vousten Sports\" \/>\n<meta property=\"og:description\" content=\"D\u00c9TAILS DU PRODUIT TECHNOLOGIE SOFT SHELL-R_e.dye\u00ae EN POLYESTER RECYCL\u00c9 : Veste l\u00e9g\u00e8re avec capuche en mat\u00e9riau performant 3 couches avec une colonne d&rsquo;eau de 8000 MM. L&rsquo;ext\u00e9rieur en toile extensible 100 % polyester recycl\u00e9 est tiss\u00e9 avec des fils utilisant la technologie e.dye\u00ae Waterless Color System\u2122, le syst\u00e8me innovant de saturation des couleurs des fils [...]\" \/>\n<meta property=\"og:url\" content=\"https:\/\/www.voustensports.com\/fr\/stone-island-technologie-soft-shell-r_e-dye-en-polyester-recycle-noyer-39438\/\" \/>\n<meta property=\"og:site_name\" content=\"Vousten Sports\" \/>\n<meta property=\"article:modified_time\" content=\"2026-02-05T11:18:05+00:00\" \/>\n<meta property=\"og:image\" content=\"https:\/\/www.voustensports.com\/wp-content\/uploads\/2023\/06\/SOFT-SHELL-R_E.DYE\u00ae-TECHNOLOGY-IN-RECYCLED-POLYESTER-WALNOOT-394381.jpg\" \/>\n\t<meta property=\"og:image:width\" content=\"1365\" \/>\n\t<meta property=\"og:image:height\" content=\"2048\" \/>\n\t<meta property=\"og:image:type\" content=\"image\/jpeg\" \/>\n<meta name=\"twitter:card\" content=\"summary_large_image\" \/>\n<meta name=\"twitter:label1\" content=\"Est. reading time\" \/>\n\t<meta name=\"twitter:data1\" content=\"1 minute\" \/>\n<script type=\"application\/ld+json\" class=\"yoast-schema-graph\">{\"@context\":\"https:\/\/schema.org\",\"@graph\":[{\"@type\":\"WebPage\",\"@id\":\"https:\/\/www.voustensports.com\/fr\/stone-island-technologie-soft-shell-r_e-dye-en-polyester-recycle-noyer-39438\/\",\"url\":\"https:\/\/www.voustensports.com\/fr\/stone-island-technologie-soft-shell-r_e-dye-en-polyester-recycle-noyer-39438\/\",\"name\":\"STONE ISLAND - TECHNOLOGIE SOFT SHELL-R_E.DYE\u00ae EN POLYESTER RECYCL\u00c9 NOYER (39438) - Vousten Sports\",\"isPartOf\":{\"@id\":\"https:\/\/www.voustensports.com\/nl\/#website\"},\"primaryImageOfPage\":{\"@id\":\"https:\/\/www.voustensports.com\/fr\/stone-island-technologie-soft-shell-r_e-dye-en-polyester-recycle-noyer-39438\/#primaryimage\"},\"image\":{\"@id\":\"https:\/\/www.voustensports.com\/fr\/stone-island-technologie-soft-shell-r_e-dye-en-polyester-recycle-noyer-39438\/#primaryimage\"},\"thumbnailUrl\":\"https:\/\/www.voustensports.com\/wp-content\/uploads\/2023\/06\/SOFT-SHELL-R_E.DYE\u00ae-TECHNOLOGY-IN-RECYCLED-POLYESTER-WALNOOT-394381.jpg\",\"datePublished\":\"2024-10-04T18:24:10+00:00\",\"dateModified\":\"2026-02-05T11:18:05+00:00\",\"breadcrumb\":{\"@id\":\"https:\/\/www.voustensports.com\/fr\/stone-island-technologie-soft-shell-r_e-dye-en-polyester-recycle-noyer-39438\/#breadcrumb\"},\"inLanguage\":\"fr-FR\",\"potentialAction\":[{\"@type\":\"ReadAction\",\"target\":[\"https:\/\/www.voustensports.com\/fr\/stone-island-technologie-soft-shell-r_e-dye-en-polyester-recycle-noyer-39438\/\"]}]},{\"@type\":\"ImageObject\",\"inLanguage\":\"fr-FR\",\"@id\":\"https:\/\/www.voustensports.com\/fr\/stone-island-technologie-soft-shell-r_e-dye-en-polyester-recycle-noyer-39438\/#primaryimage\",\"url\":\"https:\/\/www.voustensports.com\/wp-content\/uploads\/2023\/06\/SOFT-SHELL-R_E.DYE\u00ae-TECHNOLOGY-IN-RECYCLED-POLYESTER-WALNOOT-394381.jpg\",\"contentUrl\":\"https:\/\/www.voustensports.com\/wp-content\/uploads\/2023\/06\/SOFT-SHELL-R_E.DYE\u00ae-TECHNOLOGY-IN-RECYCLED-POLYESTER-WALNOOT-394381.jpg\",\"width\":1365,\"height\":2048},{\"@type\":\"BreadcrumbList\",\"@id\":\"https:\/\/www.voustensports.com\/fr\/stone-island-technologie-soft-shell-r_e-dye-en-polyester-recycle-noyer-39438\/#breadcrumb\",\"itemListElement\":[{\"@type\":\"ListItem\",\"position\":1,\"name\":\"Home\",\"item\":\"https:\/\/www.voustensports.com\/fr\/\"},{\"@type\":\"ListItem\",\"position\":2,\"name\":\"Boutique\",\"item\":\"https:\/\/www.voustensports.com\/fr\/shop\/\"},{\"@type\":\"ListItem\",\"position\":3,\"name\":\"STONE ISLAND &#8211; TECHNOLOGIE SOFT SHELL-R_E.DYE\u00ae EN POLYESTER RECYCL\u00c9 NOYER (39438)\"}]},{\"@type\":\"WebSite\",\"@id\":\"https:\/\/www.voustensports.com\/nl\/#website\",\"url\":\"https:\/\/www.voustensports.com\/nl\/\",\"name\":\"Vousten Sports\",\"description\":\"\",\"potentialAction\":[{\"@type\":\"SearchAction\",\"target\":{\"@type\":\"EntryPoint\",\"urlTemplate\":\"https:\/\/www.voustensports.com\/nl\/?s={search_term_string}\"},\"query-input\":{\"@type\":\"PropertyValueSpecification\",\"valueRequired\":true,\"valueName\":\"search_term_string\"}}],\"inLanguage\":\"fr-FR\"}]}<\/script>\n<!-- \/ Yoast SEO plugin. -->","yoast_head_json":{"title":"STONE ISLAND - TECHNOLOGIE SOFT SHELL-R_E.DYE\u00ae EN POLYESTER RECYCL\u00c9 NOYER (39438) - Vousten Sports","robots":{"index":"index","follow":"follow","max-snippet":"max-snippet:-1","max-image-preview":"max-image-preview:large","max-video-preview":"max-video-preview:-1"},"canonical":"https:\/\/www.voustensports.com\/fr\/stone-island-technologie-soft-shell-r_e-dye-en-polyester-recycle-noyer-39438\/","og_locale":"fr_FR","og_type":"article","og_title":"STONE ISLAND - TECHNOLOGIE SOFT SHELL-R_E.DYE\u00ae EN POLYESTER RECYCL\u00c9 NOYER (39438) - Vousten Sports","og_description":"D\u00c9TAILS DU PRODUIT TECHNOLOGIE SOFT SHELL-R_e.dye\u00ae EN POLYESTER RECYCL\u00c9 : Veste l\u00e9g\u00e8re avec capuche en mat\u00e9riau performant 3 couches avec une colonne d&rsquo;eau de 8000 MM. L&rsquo;ext\u00e9rieur en toile extensible 100 % polyester recycl\u00e9 est tiss\u00e9 avec des fils utilisant la technologie e.dye\u00ae Waterless Color System\u2122, le syst\u00e8me innovant de saturation des couleurs des fils [...]","og_url":"https:\/\/www.voustensports.com\/fr\/stone-island-technologie-soft-shell-r_e-dye-en-polyester-recycle-noyer-39438\/","og_site_name":"Vousten Sports","article_modified_time":"2026-02-05T11:18:05+00:00","og_image":[{"width":1365,"height":2048,"url":"https:\/\/www.voustensports.com\/wp-content\/uploads\/2023\/06\/SOFT-SHELL-R_E.DYE\u00ae-TECHNOLOGY-IN-RECYCLED-POLYESTER-WALNOOT-394381.jpg","type":"image\/jpeg"}],"twitter_card":"summary_large_image","twitter_misc":{"Est. reading time":"1 minute"},"schema":{"@context":"https:\/\/schema.org","@graph":[{"@type":"WebPage","@id":"https:\/\/www.voustensports.com\/fr\/stone-island-technologie-soft-shell-r_e-dye-en-polyester-recycle-noyer-39438\/","url":"https:\/\/www.voustensports.com\/fr\/stone-island-technologie-soft-shell-r_e-dye-en-polyester-recycle-noyer-39438\/","name":"STONE ISLAND - TECHNOLOGIE SOFT SHELL-R_E.DYE\u00ae EN POLYESTER RECYCL\u00c9 NOYER (39438) - Vousten Sports","isPartOf":{"@id":"https:\/\/www.voustensports.com\/nl\/#website"},"primaryImageOfPage":{"@id":"https:\/\/www.voustensports.com\/fr\/stone-island-technologie-soft-shell-r_e-dye-en-polyester-recycle-noyer-39438\/#primaryimage"},"image":{"@id":"https:\/\/www.voustensports.com\/fr\/stone-island-technologie-soft-shell-r_e-dye-en-polyester-recycle-noyer-39438\/#primaryimage"},"thumbnailUrl":"https:\/\/www.voustensports.com\/wp-content\/uploads\/2023\/06\/SOFT-SHELL-R_E.DYE\u00ae-TECHNOLOGY-IN-RECYCLED-POLYESTER-WALNOOT-394381.jpg","datePublished":"2024-10-04T18:24:10+00:00","dateModified":"2026-02-05T11:18:05+00:00","breadcrumb":{"@id":"https:\/\/www.voustensports.com\/fr\/stone-island-technologie-soft-shell-r_e-dye-en-polyester-recycle-noyer-39438\/#breadcrumb"},"inLanguage":"fr-FR","potentialAction":[{"@type":"ReadAction","target":["https:\/\/www.voustensports.com\/fr\/stone-island-technologie-soft-shell-r_e-dye-en-polyester-recycle-noyer-39438\/"]}]},{"@type":"ImageObject","inLanguage":"fr-FR","@id":"https:\/\/www.voustensports.com\/fr\/stone-island-technologie-soft-shell-r_e-dye-en-polyester-recycle-noyer-39438\/#primaryimage","url":"https:\/\/www.voustensports.com\/wp-content\/uploads\/2023\/06\/SOFT-SHELL-R_E.DYE\u00ae-TECHNOLOGY-IN-RECYCLED-POLYESTER-WALNOOT-394381.jpg","contentUrl":"https:\/\/www.voustensports.com\/wp-content\/uploads\/2023\/06\/SOFT-SHELL-R_E.DYE\u00ae-TECHNOLOGY-IN-RECYCLED-POLYESTER-WALNOOT-394381.jpg","width":1365,"height":2048},{"@type":"BreadcrumbList","@id":"https:\/\/www.voustensports.com\/fr\/stone-island-technologie-soft-shell-r_e-dye-en-polyester-recycle-noyer-39438\/#breadcrumb","itemListElement":[{"@type":"ListItem","position":1,"name":"Home","item":"https:\/\/www.voustensports.com\/fr\/"},{"@type":"ListItem","position":2,"name":"Boutique","item":"https:\/\/www.voustensports.com\/fr\/shop\/"},{"@type":"ListItem","position":3,"name":"STONE ISLAND &#8211; TECHNOLOGIE SOFT SHELL-R_E.DYE\u00ae EN POLYESTER RECYCL\u00c9 NOYER (39438)"}]},{"@type":"WebSite","@id":"https:\/\/www.voustensports.com\/nl\/#website","url":"https:\/\/www.voustensports.com\/nl\/","name":"Vousten Sports","description":"","potentialAction":[{"@type":"SearchAction","target":{"@type":"EntryPoint","urlTemplate":"https:\/\/www.voustensports.com\/nl\/?s={search_term_string}"},"query-input":{"@type":"PropertyValueSpecification","valueRequired":true,"valueName":"search_term_string"}}],"inLanguage":"fr-FR"}]}},"_links":{"self":[{"href":"https:\/\/www.voustensports.com\/fr\/wp-json\/wp\/v2\/product\/186594","targetHints":{"allow":["GET"]}}],"collection":[{"href":"https:\/\/www.voustensports.com\/fr\/wp-json\/wp\/v2\/product"}],"about":[{"href":"https:\/\/www.voustensports.com\/fr\/wp-json\/wp\/v2\/types\/product"}],"replies":[{"embeddable":true,"href":"https:\/\/www.voustensports.com\/fr\/wp-json\/wp\/v2\/comments?post=186594"}],"wp:featuredmedia":[{"embeddable":true,"href":"https:\/\/www.voustensports.com\/fr\/wp-json\/wp\/v2\/media\/186582"}],"wp:attachment":[{"href":"https:\/\/www.voustensports.com\/fr\/wp-json\/wp\/v2\/media?parent=186594"}],"wp:term":[{"taxonomy":"product_cat","embeddable":true,"href":"https:\/\/www.voustensports.com\/fr\/wp-json\/wp\/v2\/product_cat?post=186594"},{"taxonomy":"product_tag","embeddable":true,"href":"https:\/\/www.voustensports.com\/fr\/wp-json\/wp\/v2\/product_tag?post=186594"}],"curies":[{"name":"wp","href":"https:\/\/api.w.org\/{rel}","templated":true}]}}