{"id":185709,"date":"2024-09-26T16:50:25","date_gmt":"2024-09-26T14:50:25","guid":{"rendered":"https:\/\/www.voustensports.com\/genti-half-zip-pocket-bruin-39395-2\/"},"modified":"2026-02-05T12:17:15","modified_gmt":"2026-02-05T11:17:15","slug":"genti-half-zip-pocket-bruin-39395-2","status":"publish","type":"product","link":"https:\/\/www.voustensports.com\/fr\/genti-half-zip-pocket-bruin-39395-2\/","title":{"rendered":"GENTI &#8211; Poche demi zipp\u00e9e marron (39395)\u00a0"},"content":{"rendered":"<div>Zip tortue marron en qualit\u00e9 cool-dry plus lourde. Une mati\u00e8re technique avec beaucoup de stretch pour un confort optimal.<\/div>\n<div>D\u00e9tails du style<\/div>\n<div>Punto Milan<\/div>\n<div>Frais et sec<\/div>\n<div>\u00c9quipement technique<\/div>\n<div>Extensible<\/div>\n<div>Ne se d\u00e9colore pas apr\u00e8s le lavage<\/div>\n<div>Poche sur la manche<\/div>\n<div>65% Viscose 35% Nylon<\/div>\n<div>K1137-3258<\/div>\n","protected":false},"excerpt":{"rendered":"<p>Zip tortue marron en qualit\u00e9 cool-dry plus lourde. Une mati\u00e8re technique avec beaucoup de stretch pour un confort optimal. D\u00e9tails du style Punto Milan Frais et sec \u00c9quipement technique Extensible Ne se d\u00e9colore pas apr\u00e8s le lavage Poche sur la manche 65% Viscose 35% Nylon K1137-3258<\/p>\n","protected":false},"featured_media":185697,"comment_status":"open","ping_status":"closed","template":"","meta":{"rank_math_lock_modified_date":false},"product_cat":[446,450,462,534,694,710],"product_tag":[],"class_list":{"0":"post-185709","1":"product","2":"type-product","3":"status-publish","4":"has-post-thumbnail","6":"product_cat-kleding-fr","7":"product_cat-heren-fr","8":"product_cat-vousten-sports-fr-2","9":"product_cat-truien-fr-2","10":"product_cat-truien-vesten-fr-2","11":"product_cat-genti-fr","13":"first","14":"outofstock","15":"taxable","16":"shipping-taxable","17":"purchasable","18":"product-type-variable"},"acf":[],"yoast_head":"<!-- This site is optimized with the Yoast SEO plugin v23.9 - https:\/\/yoast.com\/wordpress\/plugins\/seo\/ -->\n<title>GENTI - Poche demi zipp\u00e9e marron (39395)\u00a0 - Vousten Sports<\/title>\n<meta name=\"robots\" content=\"index, follow, max-snippet:-1, max-image-preview:large, max-video-preview:-1\" \/>\n<link rel=\"canonical\" href=\"https:\/\/www.voustensports.com\/fr\/genti-half-zip-pocket-bruin-39395-2\/\" \/>\n<meta property=\"og:locale\" content=\"fr_FR\" \/>\n<meta property=\"og:type\" content=\"article\" \/>\n<meta property=\"og:title\" content=\"GENTI - Poche demi zipp\u00e9e marron (39395)\u00a0 - Vousten Sports\" \/>\n<meta property=\"og:description\" content=\"Zip tortue marron en qualit\u00e9 cool-dry plus lourde. Une mati\u00e8re technique avec beaucoup de stretch pour un confort optimal. D\u00e9tails du style Punto Milan Frais et sec \u00c9quipement technique Extensible Ne se d\u00e9colore pas apr\u00e8s le lavage Poche sur la manche 65% Viscose 35% Nylon K1137-3258\" \/>\n<meta property=\"og:url\" content=\"https:\/\/www.voustensports.com\/fr\/genti-half-zip-pocket-bruin-39395-2\/\" \/>\n<meta property=\"og:site_name\" content=\"Vousten Sports\" \/>\n<meta property=\"article:modified_time\" content=\"2026-02-05T11:17:15+00:00\" \/>\n<meta property=\"og:image\" content=\"https:\/\/www.voustensports.com\/wp-content\/uploads\/2023\/06\/Half-zip-pocket-bruin-39395-1.png\" \/>\n\t<meta property=\"og:image:width\" content=\"1365\" \/>\n\t<meta property=\"og:image:height\" content=\"2048\" \/>\n\t<meta property=\"og:image:type\" content=\"image\/png\" \/>\n<meta name=\"twitter:card\" content=\"summary_large_image\" \/>\n<script type=\"application\/ld+json\" class=\"yoast-schema-graph\">{\"@context\":\"https:\/\/schema.org\",\"@graph\":[{\"@type\":\"WebPage\",\"@id\":\"https:\/\/www.voustensports.com\/fr\/genti-half-zip-pocket-bruin-39395-2\/\",\"url\":\"https:\/\/www.voustensports.com\/fr\/genti-half-zip-pocket-bruin-39395-2\/\",\"name\":\"GENTI - Poche demi zipp\u00e9e marron (39395)\u00a0 - Vousten Sports\",\"isPartOf\":{\"@id\":\"https:\/\/www.voustensports.com\/nl\/#website\"},\"primaryImageOfPage\":{\"@id\":\"https:\/\/www.voustensports.com\/fr\/genti-half-zip-pocket-bruin-39395-2\/#primaryimage\"},\"image\":{\"@id\":\"https:\/\/www.voustensports.com\/fr\/genti-half-zip-pocket-bruin-39395-2\/#primaryimage\"},\"thumbnailUrl\":\"https:\/\/www.voustensports.com\/wp-content\/uploads\/2023\/06\/Half-zip-pocket-bruin-39395-1.png\",\"datePublished\":\"2024-09-26T14:50:25+00:00\",\"dateModified\":\"2026-02-05T11:17:15+00:00\",\"breadcrumb\":{\"@id\":\"https:\/\/www.voustensports.com\/fr\/genti-half-zip-pocket-bruin-39395-2\/#breadcrumb\"},\"inLanguage\":\"fr-FR\",\"potentialAction\":[{\"@type\":\"ReadAction\",\"target\":[\"https:\/\/www.voustensports.com\/fr\/genti-half-zip-pocket-bruin-39395-2\/\"]}]},{\"@type\":\"ImageObject\",\"inLanguage\":\"fr-FR\",\"@id\":\"https:\/\/www.voustensports.com\/fr\/genti-half-zip-pocket-bruin-39395-2\/#primaryimage\",\"url\":\"https:\/\/www.voustensports.com\/wp-content\/uploads\/2023\/06\/Half-zip-pocket-bruin-39395-1.png\",\"contentUrl\":\"https:\/\/www.voustensports.com\/wp-content\/uploads\/2023\/06\/Half-zip-pocket-bruin-39395-1.png\",\"width\":1365,\"height\":2048},{\"@type\":\"BreadcrumbList\",\"@id\":\"https:\/\/www.voustensports.com\/fr\/genti-half-zip-pocket-bruin-39395-2\/#breadcrumb\",\"itemListElement\":[{\"@type\":\"ListItem\",\"position\":1,\"name\":\"Home\",\"item\":\"https:\/\/www.voustensports.com\/fr\/\"},{\"@type\":\"ListItem\",\"position\":2,\"name\":\"Boutique\",\"item\":\"https:\/\/www.voustensports.com\/fr\/shop\/\"},{\"@type\":\"ListItem\",\"position\":3,\"name\":\"GENTI &#8211; Poche demi zipp\u00e9e marron (39395)\u00a0\"}]},{\"@type\":\"WebSite\",\"@id\":\"https:\/\/www.voustensports.com\/nl\/#website\",\"url\":\"https:\/\/www.voustensports.com\/nl\/\",\"name\":\"Vousten Sports\",\"description\":\"\",\"potentialAction\":[{\"@type\":\"SearchAction\",\"target\":{\"@type\":\"EntryPoint\",\"urlTemplate\":\"https:\/\/www.voustensports.com\/nl\/?s={search_term_string}\"},\"query-input\":{\"@type\":\"PropertyValueSpecification\",\"valueRequired\":true,\"valueName\":\"search_term_string\"}}],\"inLanguage\":\"fr-FR\"}]}<\/script>\n<!-- \/ Yoast SEO plugin. -->","yoast_head_json":{"title":"GENTI - Poche demi zipp\u00e9e marron (39395)\u00a0 - Vousten Sports","robots":{"index":"index","follow":"follow","max-snippet":"max-snippet:-1","max-image-preview":"max-image-preview:large","max-video-preview":"max-video-preview:-1"},"canonical":"https:\/\/www.voustensports.com\/fr\/genti-half-zip-pocket-bruin-39395-2\/","og_locale":"fr_FR","og_type":"article","og_title":"GENTI - Poche demi zipp\u00e9e marron (39395)\u00a0 - Vousten Sports","og_description":"Zip tortue marron en qualit\u00e9 cool-dry plus lourde. Une mati\u00e8re technique avec beaucoup de stretch pour un confort optimal. D\u00e9tails du style Punto Milan Frais et sec \u00c9quipement technique Extensible Ne se d\u00e9colore pas apr\u00e8s le lavage Poche sur la manche 65% Viscose 35% Nylon K1137-3258","og_url":"https:\/\/www.voustensports.com\/fr\/genti-half-zip-pocket-bruin-39395-2\/","og_site_name":"Vousten Sports","article_modified_time":"2026-02-05T11:17:15+00:00","og_image":[{"width":1365,"height":2048,"url":"https:\/\/www.voustensports.com\/wp-content\/uploads\/2023\/06\/Half-zip-pocket-bruin-39395-1.png","type":"image\/png"}],"twitter_card":"summary_large_image","schema":{"@context":"https:\/\/schema.org","@graph":[{"@type":"WebPage","@id":"https:\/\/www.voustensports.com\/fr\/genti-half-zip-pocket-bruin-39395-2\/","url":"https:\/\/www.voustensports.com\/fr\/genti-half-zip-pocket-bruin-39395-2\/","name":"GENTI - Poche demi zipp\u00e9e marron (39395)\u00a0 - Vousten Sports","isPartOf":{"@id":"https:\/\/www.voustensports.com\/nl\/#website"},"primaryImageOfPage":{"@id":"https:\/\/www.voustensports.com\/fr\/genti-half-zip-pocket-bruin-39395-2\/#primaryimage"},"image":{"@id":"https:\/\/www.voustensports.com\/fr\/genti-half-zip-pocket-bruin-39395-2\/#primaryimage"},"thumbnailUrl":"https:\/\/www.voustensports.com\/wp-content\/uploads\/2023\/06\/Half-zip-pocket-bruin-39395-1.png","datePublished":"2024-09-26T14:50:25+00:00","dateModified":"2026-02-05T11:17:15+00:00","breadcrumb":{"@id":"https:\/\/www.voustensports.com\/fr\/genti-half-zip-pocket-bruin-39395-2\/#breadcrumb"},"inLanguage":"fr-FR","potentialAction":[{"@type":"ReadAction","target":["https:\/\/www.voustensports.com\/fr\/genti-half-zip-pocket-bruin-39395-2\/"]}]},{"@type":"ImageObject","inLanguage":"fr-FR","@id":"https:\/\/www.voustensports.com\/fr\/genti-half-zip-pocket-bruin-39395-2\/#primaryimage","url":"https:\/\/www.voustensports.com\/wp-content\/uploads\/2023\/06\/Half-zip-pocket-bruin-39395-1.png","contentUrl":"https:\/\/www.voustensports.com\/wp-content\/uploads\/2023\/06\/Half-zip-pocket-bruin-39395-1.png","width":1365,"height":2048},{"@type":"BreadcrumbList","@id":"https:\/\/www.voustensports.com\/fr\/genti-half-zip-pocket-bruin-39395-2\/#breadcrumb","itemListElement":[{"@type":"ListItem","position":1,"name":"Home","item":"https:\/\/www.voustensports.com\/fr\/"},{"@type":"ListItem","position":2,"name":"Boutique","item":"https:\/\/www.voustensports.com\/fr\/shop\/"},{"@type":"ListItem","position":3,"name":"GENTI &#8211; Poche demi zipp\u00e9e marron (39395)\u00a0"}]},{"@type":"WebSite","@id":"https:\/\/www.voustensports.com\/nl\/#website","url":"https:\/\/www.voustensports.com\/nl\/","name":"Vousten Sports","description":"","potentialAction":[{"@type":"SearchAction","target":{"@type":"EntryPoint","urlTemplate":"https:\/\/www.voustensports.com\/nl\/?s={search_term_string}"},"query-input":{"@type":"PropertyValueSpecification","valueRequired":true,"valueName":"search_term_string"}}],"inLanguage":"fr-FR"}]}},"_links":{"self":[{"href":"https:\/\/www.voustensports.com\/fr\/wp-json\/wp\/v2\/product\/185709","targetHints":{"allow":["GET"]}}],"collection":[{"href":"https:\/\/www.voustensports.com\/fr\/wp-json\/wp\/v2\/product"}],"about":[{"href":"https:\/\/www.voustensports.com\/fr\/wp-json\/wp\/v2\/types\/product"}],"replies":[{"embeddable":true,"href":"https:\/\/www.voustensports.com\/fr\/wp-json\/wp\/v2\/comments?post=185709"}],"wp:featuredmedia":[{"embeddable":true,"href":"https:\/\/www.voustensports.com\/fr\/wp-json\/wp\/v2\/media\/185697"}],"wp:attachment":[{"href":"https:\/\/www.voustensports.com\/fr\/wp-json\/wp\/v2\/media?parent=185709"}],"wp:term":[{"taxonomy":"product_cat","embeddable":true,"href":"https:\/\/www.voustensports.com\/fr\/wp-json\/wp\/v2\/product_cat?post=185709"},{"taxonomy":"product_tag","embeddable":true,"href":"https:\/\/www.voustensports.com\/fr\/wp-json\/wp\/v2\/product_tag?post=185709"}],"curies":[{"name":"wp","href":"https:\/\/api.w.org\/{rel}","templated":true}]}}