{"id":185284,"date":"2024-09-21T11:46:15","date_gmt":"2024-09-21T09:46:15","guid":{"rendered":"https:\/\/www.voustensports.com\/herno-cardigan-en-ardesia-et-fingal-bleu-fonce-39665\/"},"modified":"2026-02-05T12:21:14","modified_gmt":"2026-02-05T11:21:14","slug":"herno-cardigan-en-ardesia-et-fingal-bleu-fonce-39665","status":"publish","type":"product","link":"https:\/\/www.voustensports.com\/fr\/herno-cardigan-en-ardesia-et-fingal-bleu-fonce-39665\/","title":{"rendered":"HERNO &#8211; CARDIGAN EN ARDESIA ET FINGAL BLEU FONC\u00c9 (39665)"},"content":{"rendered":"<div>Cardigan en pure laine bross\u00e9e avec d\u00e9tails en \u00e9pis de ma\u00efs.<\/div>\n<div>Le devant rembourr\u00e9 et fini en nylon hydrofuge le rend pratique \u00e0 porter comme v\u00eatement d&rsquo;ext\u00e9rieur l\u00e9ger pendant la mi-saison.<\/div>\n<ul>\n<li>Coupe r\u00e9guli\u00e8re<\/li>\n<li>Couture d&rsquo;\u00e9pis de ma\u00efs<\/li>\n<li>Jauge 5<\/li>\n<li>Col montant<\/li>\n<li>Devant en nylon hydrofuge<\/li>\n<li>Rembourrage en plumes<\/li>\n<li>Fermeture zipp\u00e9e \u00e0 double curseur<\/li>\n<li>Poches passepoil\u00e9es ferm\u00e9es par boutons-pression<\/li>\n<li>Performance : Traitement hydrofuge<\/li>\n<li>Mat\u00e9riel:<\/li>\n<li>100% WO &#8211; TISSU PRINCIPAL : 100% LAINE TISSU SECONDAIRE : 100% POLYESTER DOUBLURE PRINCIPALE : BASE : 100% POLYAMIDE \/ NYLON REV\u00caTEMENT : POLYUR\u00c9THANE REMBOURRAGE (PLUMES) : 90% DUVET 10% PLUME<\/li>\n<\/ul>\n","protected":false},"excerpt":{"rendered":"<p>Cardigan en pure laine bross\u00e9e avec d\u00e9tails en \u00e9pis de ma\u00efs. Le devant rembourr\u00e9 et fini en nylon hydrofuge le rend pratique \u00e0 porter comme v\u00eatement d&rsquo;ext\u00e9rieur l\u00e9ger pendant la mi-saison. Coupe r\u00e9guli\u00e8re Couture d&rsquo;\u00e9pis de ma\u00efs Jauge 5 Col montant Devant en nylon hydrofuge Rembourrage en plumes Fermeture zipp\u00e9e \u00e0 double curseur Poches passepoil\u00e9es [&#8230;]\n","protected":false},"featured_media":185264,"comment_status":"open","ping_status":"closed","template":"","meta":{"rank_math_lock_modified_date":false},"product_cat":[446,450,462,542,677,694,705,727],"product_tag":[],"class_list":{"0":"post-185284","1":"product","2":"type-product","3":"status-publish","4":"has-post-thumbnail","6":"product_cat-kleding-fr","7":"product_cat-heren-fr","8":"product_cat-vousten-sports-fr-2","9":"product_cat-jassen-fr","10":"product_cat-gilets-fr","11":"product_cat-truien-vesten-fr-2","12":"product_cat-jassen-jacks-fr","13":"product_cat-herno-fr","15":"first","16":"outofstock","17":"taxable","18":"shipping-taxable","19":"purchasable","20":"product-type-variable"},"acf":[],"yoast_head":"<!-- This site is optimized with the Yoast SEO plugin v23.9 - https:\/\/yoast.com\/wordpress\/plugins\/seo\/ -->\n<title>HERNO - CARDIGAN EN ARDESIA ET FINGAL BLEU FONC\u00c9 (39665) - Vousten Sports<\/title>\n<meta name=\"robots\" content=\"index, follow, max-snippet:-1, max-image-preview:large, max-video-preview:-1\" \/>\n<link rel=\"canonical\" href=\"https:\/\/www.voustensports.com\/fr\/herno-cardigan-en-ardesia-et-fingal-bleu-fonce-39665\/\" \/>\n<meta property=\"og:locale\" content=\"fr_FR\" \/>\n<meta property=\"og:type\" content=\"article\" \/>\n<meta property=\"og:title\" content=\"HERNO - CARDIGAN EN ARDESIA ET FINGAL BLEU FONC\u00c9 (39665) - Vousten Sports\" \/>\n<meta property=\"og:description\" content=\"Cardigan en pure laine bross\u00e9e avec d\u00e9tails en \u00e9pis de ma\u00efs. Le devant rembourr\u00e9 et fini en nylon hydrofuge le rend pratique \u00e0 porter comme v\u00eatement d&rsquo;ext\u00e9rieur l\u00e9ger pendant la mi-saison. Coupe r\u00e9guli\u00e8re Couture d&rsquo;\u00e9pis de ma\u00efs Jauge 5 Col montant Devant en nylon hydrofuge Rembourrage en plumes Fermeture zipp\u00e9e \u00e0 double curseur Poches passepoil\u00e9es [...]\" \/>\n<meta property=\"og:url\" content=\"https:\/\/www.voustensports.com\/fr\/herno-cardigan-en-ardesia-et-fingal-bleu-fonce-39665\/\" \/>\n<meta property=\"og:site_name\" content=\"Vousten Sports\" \/>\n<meta property=\"article:modified_time\" content=\"2026-02-05T11:21:14+00:00\" \/>\n<meta property=\"og:image\" content=\"https:\/\/www.voustensports.com\/wp-content\/uploads\/2023\/06\/CARDIGAN-IN-ARDESIA-AND-FINGAL-DONKERBLAUW-396651.png\" \/>\n\t<meta property=\"og:image:width\" content=\"1571\" \/>\n\t<meta property=\"og:image:height\" content=\"2000\" \/>\n\t<meta property=\"og:image:type\" content=\"image\/png\" \/>\n<meta name=\"twitter:card\" content=\"summary_large_image\" \/>\n<script type=\"application\/ld+json\" class=\"yoast-schema-graph\">{\"@context\":\"https:\/\/schema.org\",\"@graph\":[{\"@type\":\"WebPage\",\"@id\":\"https:\/\/www.voustensports.com\/fr\/herno-cardigan-en-ardesia-et-fingal-bleu-fonce-39665\/\",\"url\":\"https:\/\/www.voustensports.com\/fr\/herno-cardigan-en-ardesia-et-fingal-bleu-fonce-39665\/\",\"name\":\"HERNO - CARDIGAN EN ARDESIA ET FINGAL BLEU FONC\u00c9 (39665) - Vousten Sports\",\"isPartOf\":{\"@id\":\"https:\/\/www.voustensports.com\/nl\/#website\"},\"primaryImageOfPage\":{\"@id\":\"https:\/\/www.voustensports.com\/fr\/herno-cardigan-en-ardesia-et-fingal-bleu-fonce-39665\/#primaryimage\"},\"image\":{\"@id\":\"https:\/\/www.voustensports.com\/fr\/herno-cardigan-en-ardesia-et-fingal-bleu-fonce-39665\/#primaryimage\"},\"thumbnailUrl\":\"https:\/\/www.voustensports.com\/wp-content\/uploads\/2023\/06\/CARDIGAN-IN-ARDESIA-AND-FINGAL-DONKERBLAUW-396651.png\",\"datePublished\":\"2024-09-21T09:46:15+00:00\",\"dateModified\":\"2026-02-05T11:21:14+00:00\",\"breadcrumb\":{\"@id\":\"https:\/\/www.voustensports.com\/fr\/herno-cardigan-en-ardesia-et-fingal-bleu-fonce-39665\/#breadcrumb\"},\"inLanguage\":\"fr-FR\",\"potentialAction\":[{\"@type\":\"ReadAction\",\"target\":[\"https:\/\/www.voustensports.com\/fr\/herno-cardigan-en-ardesia-et-fingal-bleu-fonce-39665\/\"]}]},{\"@type\":\"ImageObject\",\"inLanguage\":\"fr-FR\",\"@id\":\"https:\/\/www.voustensports.com\/fr\/herno-cardigan-en-ardesia-et-fingal-bleu-fonce-39665\/#primaryimage\",\"url\":\"https:\/\/www.voustensports.com\/wp-content\/uploads\/2023\/06\/CARDIGAN-IN-ARDESIA-AND-FINGAL-DONKERBLAUW-396651.png\",\"contentUrl\":\"https:\/\/www.voustensports.com\/wp-content\/uploads\/2023\/06\/CARDIGAN-IN-ARDESIA-AND-FINGAL-DONKERBLAUW-396651.png\",\"width\":1571,\"height\":2000},{\"@type\":\"BreadcrumbList\",\"@id\":\"https:\/\/www.voustensports.com\/fr\/herno-cardigan-en-ardesia-et-fingal-bleu-fonce-39665\/#breadcrumb\",\"itemListElement\":[{\"@type\":\"ListItem\",\"position\":1,\"name\":\"Home\",\"item\":\"https:\/\/www.voustensports.com\/fr\/\"},{\"@type\":\"ListItem\",\"position\":2,\"name\":\"Boutique\",\"item\":\"https:\/\/www.voustensports.com\/fr\/shop\/\"},{\"@type\":\"ListItem\",\"position\":3,\"name\":\"HERNO &#8211; CARDIGAN EN ARDESIA ET FINGAL BLEU FONC\u00c9 (39665)\"}]},{\"@type\":\"WebSite\",\"@id\":\"https:\/\/www.voustensports.com\/nl\/#website\",\"url\":\"https:\/\/www.voustensports.com\/nl\/\",\"name\":\"Vousten Sports\",\"description\":\"\",\"potentialAction\":[{\"@type\":\"SearchAction\",\"target\":{\"@type\":\"EntryPoint\",\"urlTemplate\":\"https:\/\/www.voustensports.com\/nl\/?s={search_term_string}\"},\"query-input\":{\"@type\":\"PropertyValueSpecification\",\"valueRequired\":true,\"valueName\":\"search_term_string\"}}],\"inLanguage\":\"fr-FR\"}]}<\/script>\n<!-- \/ Yoast SEO plugin. -->","yoast_head_json":{"title":"HERNO - CARDIGAN EN ARDESIA ET FINGAL BLEU FONC\u00c9 (39665) - Vousten Sports","robots":{"index":"index","follow":"follow","max-snippet":"max-snippet:-1","max-image-preview":"max-image-preview:large","max-video-preview":"max-video-preview:-1"},"canonical":"https:\/\/www.voustensports.com\/fr\/herno-cardigan-en-ardesia-et-fingal-bleu-fonce-39665\/","og_locale":"fr_FR","og_type":"article","og_title":"HERNO - CARDIGAN EN ARDESIA ET FINGAL BLEU FONC\u00c9 (39665) - Vousten Sports","og_description":"Cardigan en pure laine bross\u00e9e avec d\u00e9tails en \u00e9pis de ma\u00efs. Le devant rembourr\u00e9 et fini en nylon hydrofuge le rend pratique \u00e0 porter comme v\u00eatement d&rsquo;ext\u00e9rieur l\u00e9ger pendant la mi-saison. Coupe r\u00e9guli\u00e8re Couture d&rsquo;\u00e9pis de ma\u00efs Jauge 5 Col montant Devant en nylon hydrofuge Rembourrage en plumes Fermeture zipp\u00e9e \u00e0 double curseur Poches passepoil\u00e9es [...]","og_url":"https:\/\/www.voustensports.com\/fr\/herno-cardigan-en-ardesia-et-fingal-bleu-fonce-39665\/","og_site_name":"Vousten Sports","article_modified_time":"2026-02-05T11:21:14+00:00","og_image":[{"width":1571,"height":2000,"url":"https:\/\/www.voustensports.com\/wp-content\/uploads\/2023\/06\/CARDIGAN-IN-ARDESIA-AND-FINGAL-DONKERBLAUW-396651.png","type":"image\/png"}],"twitter_card":"summary_large_image","schema":{"@context":"https:\/\/schema.org","@graph":[{"@type":"WebPage","@id":"https:\/\/www.voustensports.com\/fr\/herno-cardigan-en-ardesia-et-fingal-bleu-fonce-39665\/","url":"https:\/\/www.voustensports.com\/fr\/herno-cardigan-en-ardesia-et-fingal-bleu-fonce-39665\/","name":"HERNO - CARDIGAN EN ARDESIA ET FINGAL BLEU FONC\u00c9 (39665) - Vousten Sports","isPartOf":{"@id":"https:\/\/www.voustensports.com\/nl\/#website"},"primaryImageOfPage":{"@id":"https:\/\/www.voustensports.com\/fr\/herno-cardigan-en-ardesia-et-fingal-bleu-fonce-39665\/#primaryimage"},"image":{"@id":"https:\/\/www.voustensports.com\/fr\/herno-cardigan-en-ardesia-et-fingal-bleu-fonce-39665\/#primaryimage"},"thumbnailUrl":"https:\/\/www.voustensports.com\/wp-content\/uploads\/2023\/06\/CARDIGAN-IN-ARDESIA-AND-FINGAL-DONKERBLAUW-396651.png","datePublished":"2024-09-21T09:46:15+00:00","dateModified":"2026-02-05T11:21:14+00:00","breadcrumb":{"@id":"https:\/\/www.voustensports.com\/fr\/herno-cardigan-en-ardesia-et-fingal-bleu-fonce-39665\/#breadcrumb"},"inLanguage":"fr-FR","potentialAction":[{"@type":"ReadAction","target":["https:\/\/www.voustensports.com\/fr\/herno-cardigan-en-ardesia-et-fingal-bleu-fonce-39665\/"]}]},{"@type":"ImageObject","inLanguage":"fr-FR","@id":"https:\/\/www.voustensports.com\/fr\/herno-cardigan-en-ardesia-et-fingal-bleu-fonce-39665\/#primaryimage","url":"https:\/\/www.voustensports.com\/wp-content\/uploads\/2023\/06\/CARDIGAN-IN-ARDESIA-AND-FINGAL-DONKERBLAUW-396651.png","contentUrl":"https:\/\/www.voustensports.com\/wp-content\/uploads\/2023\/06\/CARDIGAN-IN-ARDESIA-AND-FINGAL-DONKERBLAUW-396651.png","width":1571,"height":2000},{"@type":"BreadcrumbList","@id":"https:\/\/www.voustensports.com\/fr\/herno-cardigan-en-ardesia-et-fingal-bleu-fonce-39665\/#breadcrumb","itemListElement":[{"@type":"ListItem","position":1,"name":"Home","item":"https:\/\/www.voustensports.com\/fr\/"},{"@type":"ListItem","position":2,"name":"Boutique","item":"https:\/\/www.voustensports.com\/fr\/shop\/"},{"@type":"ListItem","position":3,"name":"HERNO &#8211; CARDIGAN EN ARDESIA ET FINGAL BLEU FONC\u00c9 (39665)"}]},{"@type":"WebSite","@id":"https:\/\/www.voustensports.com\/nl\/#website","url":"https:\/\/www.voustensports.com\/nl\/","name":"Vousten Sports","description":"","potentialAction":[{"@type":"SearchAction","target":{"@type":"EntryPoint","urlTemplate":"https:\/\/www.voustensports.com\/nl\/?s={search_term_string}"},"query-input":{"@type":"PropertyValueSpecification","valueRequired":true,"valueName":"search_term_string"}}],"inLanguage":"fr-FR"}]}},"_links":{"self":[{"href":"https:\/\/www.voustensports.com\/fr\/wp-json\/wp\/v2\/product\/185284","targetHints":{"allow":["GET"]}}],"collection":[{"href":"https:\/\/www.voustensports.com\/fr\/wp-json\/wp\/v2\/product"}],"about":[{"href":"https:\/\/www.voustensports.com\/fr\/wp-json\/wp\/v2\/types\/product"}],"replies":[{"embeddable":true,"href":"https:\/\/www.voustensports.com\/fr\/wp-json\/wp\/v2\/comments?post=185284"}],"wp:featuredmedia":[{"embeddable":true,"href":"https:\/\/www.voustensports.com\/fr\/wp-json\/wp\/v2\/media\/185264"}],"wp:attachment":[{"href":"https:\/\/www.voustensports.com\/fr\/wp-json\/wp\/v2\/media?parent=185284"}],"wp:term":[{"taxonomy":"product_cat","embeddable":true,"href":"https:\/\/www.voustensports.com\/fr\/wp-json\/wp\/v2\/product_cat?post=185284"},{"taxonomy":"product_tag","embeddable":true,"href":"https:\/\/www.voustensports.com\/fr\/wp-json\/wp\/v2\/product_tag?post=185284"}],"curies":[{"name":"wp","href":"https:\/\/api.w.org\/{rel}","templated":true}]}}