{"id":184904,"date":"2024-09-20T18:40:17","date_gmt":"2024-09-20T16:40:17","guid":{"rendered":"https:\/\/www.voustensports.com\/stone-island-pantalon-cargo-ghost-beige-39429\/"},"modified":"2026-02-05T12:17:53","modified_gmt":"2026-02-05T11:17:53","slug":"stone-island-pantalon-cargo-ghost-beige-39429","status":"publish","type":"product","link":"https:\/\/www.voustensports.com\/fr\/stone-island-pantalon-cargo-ghost-beige-39429\/","title":{"rendered":"STONE ISLAND &#8211; PANTALON CARGO GHOST BEIGE (39429)"},"content":{"rendered":"<div>D\u00c9TAILS DU PRODUIT<\/div>\n<div>Les pi\u00e8ces Ghost sont bas\u00e9es sur le concept du camouflage et sont totalement monochromes. M\u00eame leur badge Stone Island a \u00e9t\u00e9 cr\u00e9\u00e9 dans une version monochrome sp\u00e9ciale pour se fondre dans le v\u00eatement. Pantalon cargo en satin de coton et laine extensible. Teint en pi\u00e8ce<\/div>\n<div>STYLE<\/div>\n<div>Poches pour les mains debout. Une poche arri\u00e8re fendue, avec fermeture \u00e0 pression cach\u00e9e. Poche plaqu\u00e9e sur la jambe gauche, avec rabat et fermeture \u00e0 pression ; la poche pr\u00e9sente le badge Ghost de Stone Island. Cordon de serrage \u00e9lastique dans le bas des jambes. Ceinture \u00e9lastiqu\u00e9e. Fermeture \u00e9clair et bouton. Coupe r\u00e9guli\u00e8re.<\/div>\n<div>COMPOSITION<\/div>\n<div>93% Coton 5% Laine 2% \u00c9lasthanne \/ Spandex<\/div>\n<div>Num\u00e9ro Stone Island : 336F6<\/div>\n<div>Num\u00e9ro de couleur : V0090<\/div>\n<div>IDnr : 39429<\/div>\n","protected":false},"excerpt":{"rendered":"<p>D\u00c9TAILS DU PRODUIT Les pi\u00e8ces Ghost sont bas\u00e9es sur le concept du camouflage et sont totalement monochromes. M\u00eame leur badge Stone Island a \u00e9t\u00e9 cr\u00e9\u00e9 dans une version monochrome sp\u00e9ciale pour se fondre dans le v\u00eatement. Pantalon cargo en satin de coton et laine extensible. Teint en pi\u00e8ce STYLE Poches pour les mains debout. Une [&#8230;]\n","protected":false},"featured_media":184888,"comment_status":"open","ping_status":"closed","template":"","meta":{"rank_math_lock_modified_date":false},"product_cat":[466,482,786,446,450,462],"product_tag":[],"class_list":{"0":"post-184904","1":"product","2":"type-product","3":"status-publish","4":"has-post-thumbnail","6":"product_cat-broeken-fr","7":"product_cat-stone-island-fr-2","8":"product_cat-broek-fr","9":"product_cat-kleding-fr","10":"product_cat-heren-fr","11":"product_cat-vousten-sports-fr-2","13":"first","14":"instock","15":"taxable","16":"shipping-taxable","17":"purchasable","18":"product-type-variable"},"acf":[],"yoast_head":"<!-- This site is optimized with the Yoast SEO plugin v23.9 - https:\/\/yoast.com\/wordpress\/plugins\/seo\/ -->\n<title>STONE ISLAND - PANTALON CARGO GHOST BEIGE (39429) - Vousten Sports<\/title>\n<meta name=\"robots\" content=\"index, follow, max-snippet:-1, max-image-preview:large, max-video-preview:-1\" \/>\n<link rel=\"canonical\" href=\"https:\/\/www.voustensports.com\/fr\/stone-island-pantalon-cargo-ghost-beige-39429\/\" \/>\n<meta property=\"og:locale\" content=\"fr_FR\" \/>\n<meta property=\"og:type\" content=\"article\" \/>\n<meta property=\"og:title\" content=\"STONE ISLAND - PANTALON CARGO GHOST BEIGE (39429) - Vousten Sports\" \/>\n<meta property=\"og:description\" content=\"D\u00c9TAILS DU PRODUIT Les pi\u00e8ces Ghost sont bas\u00e9es sur le concept du camouflage et sont totalement monochromes. M\u00eame leur badge Stone Island a \u00e9t\u00e9 cr\u00e9\u00e9 dans une version monochrome sp\u00e9ciale pour se fondre dans le v\u00eatement. Pantalon cargo en satin de coton et laine extensible. Teint en pi\u00e8ce STYLE Poches pour les mains debout. Une [...]\" \/>\n<meta property=\"og:url\" content=\"https:\/\/www.voustensports.com\/fr\/stone-island-pantalon-cargo-ghost-beige-39429\/\" \/>\n<meta property=\"og:site_name\" content=\"Vousten Sports\" \/>\n<meta property=\"article:modified_time\" content=\"2026-02-05T11:17:53+00:00\" \/>\n<meta property=\"og:image\" content=\"https:\/\/www.voustensports.com\/wp-content\/uploads\/2023\/06\/GHOST-CARGO-TROUSERS-BEIGE-394291.png\" \/>\n\t<meta property=\"og:image:width\" content=\"1365\" \/>\n\t<meta property=\"og:image:height\" content=\"2048\" \/>\n\t<meta property=\"og:image:type\" content=\"image\/png\" \/>\n<meta name=\"twitter:card\" content=\"summary_large_image\" \/>\n<meta name=\"twitter:label1\" content=\"Est. reading time\" \/>\n\t<meta name=\"twitter:data1\" content=\"1 minute\" \/>\n<script type=\"application\/ld+json\" class=\"yoast-schema-graph\">{\"@context\":\"https:\/\/schema.org\",\"@graph\":[{\"@type\":\"WebPage\",\"@id\":\"https:\/\/www.voustensports.com\/fr\/stone-island-pantalon-cargo-ghost-beige-39429\/\",\"url\":\"https:\/\/www.voustensports.com\/fr\/stone-island-pantalon-cargo-ghost-beige-39429\/\",\"name\":\"STONE ISLAND - PANTALON CARGO GHOST BEIGE (39429) - Vousten Sports\",\"isPartOf\":{\"@id\":\"https:\/\/www.voustensports.com\/nl\/#website\"},\"primaryImageOfPage\":{\"@id\":\"https:\/\/www.voustensports.com\/fr\/stone-island-pantalon-cargo-ghost-beige-39429\/#primaryimage\"},\"image\":{\"@id\":\"https:\/\/www.voustensports.com\/fr\/stone-island-pantalon-cargo-ghost-beige-39429\/#primaryimage\"},\"thumbnailUrl\":\"https:\/\/www.voustensports.com\/wp-content\/uploads\/2023\/06\/GHOST-CARGO-TROUSERS-BEIGE-394291.png\",\"datePublished\":\"2024-09-20T16:40:17+00:00\",\"dateModified\":\"2026-02-05T11:17:53+00:00\",\"breadcrumb\":{\"@id\":\"https:\/\/www.voustensports.com\/fr\/stone-island-pantalon-cargo-ghost-beige-39429\/#breadcrumb\"},\"inLanguage\":\"fr-FR\",\"potentialAction\":[{\"@type\":\"ReadAction\",\"target\":[\"https:\/\/www.voustensports.com\/fr\/stone-island-pantalon-cargo-ghost-beige-39429\/\"]}]},{\"@type\":\"ImageObject\",\"inLanguage\":\"fr-FR\",\"@id\":\"https:\/\/www.voustensports.com\/fr\/stone-island-pantalon-cargo-ghost-beige-39429\/#primaryimage\",\"url\":\"https:\/\/www.voustensports.com\/wp-content\/uploads\/2023\/06\/GHOST-CARGO-TROUSERS-BEIGE-394291.png\",\"contentUrl\":\"https:\/\/www.voustensports.com\/wp-content\/uploads\/2023\/06\/GHOST-CARGO-TROUSERS-BEIGE-394291.png\",\"width\":1365,\"height\":2048},{\"@type\":\"BreadcrumbList\",\"@id\":\"https:\/\/www.voustensports.com\/fr\/stone-island-pantalon-cargo-ghost-beige-39429\/#breadcrumb\",\"itemListElement\":[{\"@type\":\"ListItem\",\"position\":1,\"name\":\"Home\",\"item\":\"https:\/\/www.voustensports.com\/fr\/\"},{\"@type\":\"ListItem\",\"position\":2,\"name\":\"Boutique\",\"item\":\"https:\/\/www.voustensports.com\/fr\/shop\/\"},{\"@type\":\"ListItem\",\"position\":3,\"name\":\"STONE ISLAND &#8211; PANTALON CARGO GHOST BEIGE (39429)\"}]},{\"@type\":\"WebSite\",\"@id\":\"https:\/\/www.voustensports.com\/nl\/#website\",\"url\":\"https:\/\/www.voustensports.com\/nl\/\",\"name\":\"Vousten Sports\",\"description\":\"\",\"potentialAction\":[{\"@type\":\"SearchAction\",\"target\":{\"@type\":\"EntryPoint\",\"urlTemplate\":\"https:\/\/www.voustensports.com\/nl\/?s={search_term_string}\"},\"query-input\":{\"@type\":\"PropertyValueSpecification\",\"valueRequired\":true,\"valueName\":\"search_term_string\"}}],\"inLanguage\":\"fr-FR\"}]}<\/script>\n<!-- \/ Yoast SEO plugin. -->","yoast_head_json":{"title":"STONE ISLAND - PANTALON CARGO GHOST BEIGE (39429) - Vousten Sports","robots":{"index":"index","follow":"follow","max-snippet":"max-snippet:-1","max-image-preview":"max-image-preview:large","max-video-preview":"max-video-preview:-1"},"canonical":"https:\/\/www.voustensports.com\/fr\/stone-island-pantalon-cargo-ghost-beige-39429\/","og_locale":"fr_FR","og_type":"article","og_title":"STONE ISLAND - PANTALON CARGO GHOST BEIGE (39429) - Vousten Sports","og_description":"D\u00c9TAILS DU PRODUIT Les pi\u00e8ces Ghost sont bas\u00e9es sur le concept du camouflage et sont totalement monochromes. M\u00eame leur badge Stone Island a \u00e9t\u00e9 cr\u00e9\u00e9 dans une version monochrome sp\u00e9ciale pour se fondre dans le v\u00eatement. Pantalon cargo en satin de coton et laine extensible. Teint en pi\u00e8ce STYLE Poches pour les mains debout. Une [...]","og_url":"https:\/\/www.voustensports.com\/fr\/stone-island-pantalon-cargo-ghost-beige-39429\/","og_site_name":"Vousten Sports","article_modified_time":"2026-02-05T11:17:53+00:00","og_image":[{"width":1365,"height":2048,"url":"https:\/\/www.voustensports.com\/wp-content\/uploads\/2023\/06\/GHOST-CARGO-TROUSERS-BEIGE-394291.png","type":"image\/png"}],"twitter_card":"summary_large_image","twitter_misc":{"Est. reading time":"1 minute"},"schema":{"@context":"https:\/\/schema.org","@graph":[{"@type":"WebPage","@id":"https:\/\/www.voustensports.com\/fr\/stone-island-pantalon-cargo-ghost-beige-39429\/","url":"https:\/\/www.voustensports.com\/fr\/stone-island-pantalon-cargo-ghost-beige-39429\/","name":"STONE ISLAND - PANTALON CARGO GHOST BEIGE (39429) - Vousten Sports","isPartOf":{"@id":"https:\/\/www.voustensports.com\/nl\/#website"},"primaryImageOfPage":{"@id":"https:\/\/www.voustensports.com\/fr\/stone-island-pantalon-cargo-ghost-beige-39429\/#primaryimage"},"image":{"@id":"https:\/\/www.voustensports.com\/fr\/stone-island-pantalon-cargo-ghost-beige-39429\/#primaryimage"},"thumbnailUrl":"https:\/\/www.voustensports.com\/wp-content\/uploads\/2023\/06\/GHOST-CARGO-TROUSERS-BEIGE-394291.png","datePublished":"2024-09-20T16:40:17+00:00","dateModified":"2026-02-05T11:17:53+00:00","breadcrumb":{"@id":"https:\/\/www.voustensports.com\/fr\/stone-island-pantalon-cargo-ghost-beige-39429\/#breadcrumb"},"inLanguage":"fr-FR","potentialAction":[{"@type":"ReadAction","target":["https:\/\/www.voustensports.com\/fr\/stone-island-pantalon-cargo-ghost-beige-39429\/"]}]},{"@type":"ImageObject","inLanguage":"fr-FR","@id":"https:\/\/www.voustensports.com\/fr\/stone-island-pantalon-cargo-ghost-beige-39429\/#primaryimage","url":"https:\/\/www.voustensports.com\/wp-content\/uploads\/2023\/06\/GHOST-CARGO-TROUSERS-BEIGE-394291.png","contentUrl":"https:\/\/www.voustensports.com\/wp-content\/uploads\/2023\/06\/GHOST-CARGO-TROUSERS-BEIGE-394291.png","width":1365,"height":2048},{"@type":"BreadcrumbList","@id":"https:\/\/www.voustensports.com\/fr\/stone-island-pantalon-cargo-ghost-beige-39429\/#breadcrumb","itemListElement":[{"@type":"ListItem","position":1,"name":"Home","item":"https:\/\/www.voustensports.com\/fr\/"},{"@type":"ListItem","position":2,"name":"Boutique","item":"https:\/\/www.voustensports.com\/fr\/shop\/"},{"@type":"ListItem","position":3,"name":"STONE ISLAND &#8211; PANTALON CARGO GHOST BEIGE (39429)"}]},{"@type":"WebSite","@id":"https:\/\/www.voustensports.com\/nl\/#website","url":"https:\/\/www.voustensports.com\/nl\/","name":"Vousten Sports","description":"","potentialAction":[{"@type":"SearchAction","target":{"@type":"EntryPoint","urlTemplate":"https:\/\/www.voustensports.com\/nl\/?s={search_term_string}"},"query-input":{"@type":"PropertyValueSpecification","valueRequired":true,"valueName":"search_term_string"}}],"inLanguage":"fr-FR"}]}},"_links":{"self":[{"href":"https:\/\/www.voustensports.com\/fr\/wp-json\/wp\/v2\/product\/184904","targetHints":{"allow":["GET"]}}],"collection":[{"href":"https:\/\/www.voustensports.com\/fr\/wp-json\/wp\/v2\/product"}],"about":[{"href":"https:\/\/www.voustensports.com\/fr\/wp-json\/wp\/v2\/types\/product"}],"replies":[{"embeddable":true,"href":"https:\/\/www.voustensports.com\/fr\/wp-json\/wp\/v2\/comments?post=184904"}],"wp:featuredmedia":[{"embeddable":true,"href":"https:\/\/www.voustensports.com\/fr\/wp-json\/wp\/v2\/media\/184888"}],"wp:attachment":[{"href":"https:\/\/www.voustensports.com\/fr\/wp-json\/wp\/v2\/media?parent=184904"}],"wp:term":[{"taxonomy":"product_cat","embeddable":true,"href":"https:\/\/www.voustensports.com\/fr\/wp-json\/wp\/v2\/product_cat?post=184904"},{"taxonomy":"product_tag","embeddable":true,"href":"https:\/\/www.voustensports.com\/fr\/wp-json\/wp\/v2\/product_tag?post=184904"}],"curies":[{"name":"wp","href":"https:\/\/api.w.org\/{rel}","templated":true}]}}